{"id":9798,"date":"2021-10-04T15:31:55","date_gmt":"2021-10-04T13:31:55","guid":{"rendered":"https:\/\/clinicanasser.es\/?post_type=product&#038;p=9798"},"modified":"2023-09-22T13:09:48","modified_gmt":"2023-09-22T11:09:48","slug":"tratamiento-de-fisioterapia-a-domicilio","status":"publish","type":"product","link":"https:\/\/clinicanasser.es\/it\/producto\/tratamiento-de-fisioterapia-a-domicilio\/","title":{"rendered":"Tratamiento de fisioterapia a domicilio"},"content":{"rendered":"","protected":false},"excerpt":{"rendered":"<p><span style=\"font-weight: 400;\">Con el objetivo de ofrecer un servicio de alta calidad, personalizado y adaptado a cada cliente, nuestra cl\u00ednica dispone de un servicio de fisioterapia a domicilio en Zaragoza.<\/span><\/p>\n<p>Nuestros profesionales sanitarios se desplazan a su domicilio para tratar su patolog\u00eda o dolencia y aliviar su dolor.<\/p>\n<p><span style=\"font-weight: 400;\">Desde su propia casa nuestros profesionales realizan una historia cl\u00ednica, una evaluaci\u00f3n, un diagn\u00f3stico y programan un plan de tratamiento individualizado para mejorar su estado f\u00edsico y rehabilitar su lesi\u00f3n.\u00a0<\/span><\/p>\n","protected":false},"featured_media":9832,"template":"","meta":[],"translation":{"provider":"WPGlobus","version":"2.7.3","language":"it","enabled_languages":["es","en","ar","it"],"languages":{"es":{"title":true,"content":false,"excerpt":true},"en":{"title":false,"content":false,"excerpt":false},"ar":{"title":false,"content":false,"excerpt":false},"it":{"title":false,"content":false,"excerpt":false}}},"yoast_head":"<!-- This site is optimized with the Yoast SEO Premium plugin v16.2 - https:\/\/yoast.com\/wordpress\/plugins\/seo\/ -->\n<title>Tratamiento de fisioterapia a domicilio - Clinica nasser. Tratamiento del dolor y rehabilitaci\u00f3n Zaragoza<\/title>\n<meta name=\"robots\" content=\"index, follow, max-snippet:-1, max-image-preview:large, max-video-preview:-1\" \/>\n<link rel=\"canonical\" href=\"https:\/\/clinicanasser.es\/producto\/tratamiento-de-fisioterapia-a-domicilio\/\" \/>\n<meta property=\"og:locale\" content=\"it_IT\" \/>\n<meta property=\"og:type\" content=\"article\" \/>\n<meta property=\"og:title\" content=\"Tratamiento de fisioterapia a domicilio - Clinica nasser. Tratamiento del dolor y rehabilitaci\u00f3n Zaragoza\" \/>\n<meta property=\"og:url\" content=\"https:\/\/clinicanasser.es\/producto\/tratamiento-de-fisioterapia-a-domicilio\/\" \/>\n<meta property=\"og:site_name\" content=\"Clinica nasser. Tratamiento del dolor y rehabilitaci\u00f3n Zaragoza\" \/>\n<meta property=\"article:publisher\" content=\"https:\/\/www.facebook.com\/clinicanasserspain\/\" \/>\n<meta property=\"article:modified_time\" content=\"2023-09-22T11:09:48+00:00\" \/>\n<meta property=\"og:image\" content=\"https:\/\/clinicanasser.es\/wp-content\/uploads\/2021\/10\/Sin-titulo-2.jpg\" \/>\n\t<meta property=\"og:image:width\" content=\"1024\" \/>\n\t<meta property=\"og:image:height\" content=\"1024\" \/>\n<meta name=\"twitter:card\" content=\"summary_large_image\" \/>\n<script type=\"application\/ld+json\" class=\"yoast-schema-graph\">{\"@context\":\"https:\/\/schema.org\",\"@graph\":[{\"@type\":\"Organization\",\"@id\":\"https:\/\/clinicanasser.es\/#organization\",\"name\":\"Cl\\u00ednica Nasser\",\"url\":\"https:\/\/clinicanasser.es\/\",\"sameAs\":[\"https:\/\/www.facebook.com\/clinicanasserspain\/\",\"https:\/\/www.instagram.com\/clinica_nasser\/\",\"https:\/\/www.youtube.com\/channel\/UCjOFF9Kh4GHV2vhZkZx4yog\"],\"logo\":{\"@type\":\"ImageObject\",\"@id\":\"https:\/\/clinicanasser.es\/#logo\",\"inLanguage\":\"it-IT\",\"url\":\"https:\/\/clinicanasser.es\/wp-content\/uploads\/2019\/01\/Favicon-Clinica-Nasser.png\",\"contentUrl\":\"https:\/\/clinicanasser.es\/wp-content\/uploads\/2019\/01\/Favicon-Clinica-Nasser.png\",\"width\":512,\"height\":512,\"caption\":\"Cl\\u00ednica Nasser\"},\"image\":{\"@id\":\"https:\/\/clinicanasser.es\/#logo\"}},{\"@type\":\"WebSite\",\"@id\":\"https:\/\/clinicanasser.es\/#website\",\"url\":\"https:\/\/clinicanasser.es\/\",\"name\":\"Clinica nasser. Tratamiento del dolor y rehabilitaci\\u00f3n Zaragoza\",\"description\":\"Cl\\u00ednica especializada en tratamiento del dolor, rehabilitaci\\u00f3n fisico - deportiva y preparaciones f\\u00edsicas. Cl\\u00ednica en Zaragoza\",\"publisher\":{\"@id\":\"https:\/\/clinicanasser.es\/#organization\"},\"potentialAction\":[{\"@type\":\"SearchAction\",\"target\":\"https:\/\/clinicanasser.es\/?s={search_term_string}\",\"query-input\":\"required name=search_term_string\"}],\"inLanguage\":\"it-IT\"},{\"@type\":\"ImageObject\",\"@id\":\"https:\/\/clinicanasser.es\/producto\/tratamiento-de-fisioterapia-a-domicilio\/#primaryimage\",\"inLanguage\":\"it-IT\",\"url\":\"https:\/\/clinicanasser.es\/wp-content\/uploads\/2021\/10\/Sin-titulo-2.jpg\",\"contentUrl\":\"https:\/\/clinicanasser.es\/wp-content\/uploads\/2021\/10\/Sin-titulo-2.jpg\",\"width\":1024,\"height\":1024,\"caption\":\"Persona rehabilitando su rodilla\"},{\"@type\":\"WebPage\",\"@id\":\"https:\/\/clinicanasser.es\/producto\/tratamiento-de-fisioterapia-a-domicilio\/#webpage\",\"url\":\"https:\/\/clinicanasser.es\/producto\/tratamiento-de-fisioterapia-a-domicilio\/\",\"name\":\"Tratamiento de fisioterapia a domicilio - Clinica nasser. Tratamiento del dolor y rehabilitaci\\u00f3n Zaragoza\",\"isPartOf\":{\"@id\":\"https:\/\/clinicanasser.es\/#website\"},\"primaryImageOfPage\":{\"@id\":\"https:\/\/clinicanasser.es\/producto\/tratamiento-de-fisioterapia-a-domicilio\/#primaryimage\"},\"datePublished\":\"2021-10-04T13:31:55+00:00\",\"dateModified\":\"2023-09-22T11:09:48+00:00\",\"description\":\"Cl\\u00ednica Nasser ofrece la posibilidad de contratar el tratamiento de fisioterapia a domicilio y que el profesional sanitario se desplace a tus dependencias para tratar tu patolog\\u00eda o dolencia.\",\"breadcrumb\":{\"@id\":\"https:\/\/clinicanasser.es\/producto\/tratamiento-de-fisioterapia-a-domicilio\/#breadcrumb\"},\"inLanguage\":\"it-IT\",\"potentialAction\":[{\"@type\":\"ReadAction\",\"target\":[\"https:\/\/clinicanasser.es\/producto\/tratamiento-de-fisioterapia-a-domicilio\/\"]}]},{\"@type\":\"BreadcrumbList\",\"@id\":\"https:\/\/clinicanasser.es\/producto\/tratamiento-de-fisioterapia-a-domicilio\/#breadcrumb\",\"itemListElement\":[{\"@type\":\"ListItem\",\"position\":1,\"item\":{\"@type\":\"WebPage\",\"@id\":\"https:\/\/clinicanasser.es\/\",\"url\":\"https:\/\/clinicanasser.es\/\",\"name\":\"Inicio\"}},{\"@type\":\"ListItem\",\"position\":2,\"item\":{\"@type\":\"WebPage\",\"@id\":\"https:\/\/clinicanasser.es\/en\/tienda\/\",\"url\":\"https:\/\/clinicanasser.es\/en\/tienda\/\",\"name\":\"Tienda\"}},{\"@type\":\"ListItem\",\"position\":3,\"item\":{\"@id\":\"https:\/\/clinicanasser.es\/producto\/tratamiento-de-fisioterapia-a-domicilio\/#webpage\"}}]}]}<\/script>\n<!-- \/ Yoast SEO Premium plugin. -->","_links":{"self":[{"href":"https:\/\/clinicanasser.es\/it\/wp-json\/wp\/v2\/product\/9798"}],"collection":[{"href":"https:\/\/clinicanasser.es\/it\/wp-json\/wp\/v2\/product"}],"about":[{"href":"https:\/\/clinicanasser.es\/it\/wp-json\/wp\/v2\/types\/product"}],"wp:featuredmedia":[{"embeddable":true,"href":"https:\/\/clinicanasser.es\/it\/wp-json\/wp\/v2\/media\/9832"}],"wp:attachment":[{"href":"https:\/\/clinicanasser.es\/it\/wp-json\/wp\/v2\/media?parent=9798"}],"curies":[{"name":"wp","href":"https:\/\/api.w.org\/{rel}","templated":true}]}}