{"id":7951,"date":"2021-03-10T13:17:15","date_gmt":"2021-03-10T11:17:15","guid":{"rendered":"https:\/\/clinicanasser.es\/?post_type=product&#038;p=7951"},"modified":"2025-08-08T12:13:33","modified_gmt":"2025-08-08T10:13:33","slug":"contacto-telefonico-dr-camerino","status":"publish","type":"product","link":"https:\/\/clinicanasser.es\/it\/producto\/contacto-telefonico-dr-camerino\/","title":{"rendered":"Contacto telef\u00f3nico con el Dr. Camerino"},"content":{"rendered":"","protected":false},"excerpt":{"rendered":"<p>Reserve un <strong>contacto telef\u00f3nico con el Dr. Camerino<\/strong>\u00a0para exponer su caso y evaluar un tratamiento integrativo sin compromiso. A continuaci\u00f3n el departamento de atenci\u00f3n al paciente se pondr\u00e1 en contacto con usted para indicarle cu\u00e1l es el procedimiento a seguir para mantener ese primer contacto con el Doctor.<\/p>\n","protected":false},"featured_media":7835,"template":"","meta":[],"translation":{"provider":"WPGlobus","version":"2.7.3","language":"it","enabled_languages":["es","en","ar","it"],"languages":{"es":{"title":true,"content":false,"excerpt":true},"en":{"title":false,"content":false,"excerpt":false},"ar":{"title":false,"content":false,"excerpt":false},"it":{"title":false,"content":false,"excerpt":false}}},"yoast_head":"<!-- This site is optimized with the Yoast SEO Premium plugin v16.2 - https:\/\/yoast.com\/wordpress\/plugins\/seo\/ -->\n<title>Contacto telef\u00f3nico con el Doctor Camerino | Cl\u00ednica Nasser<\/title>\n<meta name=\"robots\" content=\"index, follow, max-snippet:-1, max-image-preview:large, max-video-preview:-1\" \/>\n<link rel=\"canonical\" href=\"https:\/\/clinicanasser.es\/producto\/contacto-telefonico-dr-camerino\/\" \/>\n<meta property=\"og:locale\" content=\"it_IT\" \/>\n<meta property=\"og:type\" content=\"article\" \/>\n<meta property=\"og:title\" content=\"Contacto telef\u00f3nico con el Doctor Camerino | Cl\u00ednica Nasser\" \/>\n<meta property=\"og:url\" content=\"https:\/\/clinicanasser.es\/producto\/contacto-telefonico-dr-camerino\/\" \/>\n<meta property=\"og:site_name\" content=\"Clinica nasser. Tratamiento del dolor y rehabilitaci\u00f3n Zaragoza\" \/>\n<meta property=\"article:publisher\" content=\"https:\/\/www.facebook.com\/clinicanasserspain\/\" \/>\n<meta property=\"article:modified_time\" content=\"2025-08-08T10:13:33+00:00\" \/>\n<meta property=\"og:image\" content=\"https:\/\/clinicanasser.es\/wp-content\/uploads\/2021\/02\/Foto-1-ok.jpg\" \/>\n\t<meta property=\"og:image:width\" content=\"520\" \/>\n\t<meta property=\"og:image:height\" content=\"520\" \/>\n<meta name=\"twitter:card\" content=\"summary_large_image\" \/>\n<script type=\"application\/ld+json\" class=\"yoast-schema-graph\">{\"@context\":\"https:\/\/schema.org\",\"@graph\":[{\"@type\":\"Organization\",\"@id\":\"https:\/\/clinicanasser.es\/#organization\",\"name\":\"Cl\\u00ednica Nasser\",\"url\":\"https:\/\/clinicanasser.es\/\",\"sameAs\":[\"https:\/\/www.facebook.com\/clinicanasserspain\/\",\"https:\/\/www.instagram.com\/clinica_nasser\/\",\"https:\/\/www.youtube.com\/channel\/UCjOFF9Kh4GHV2vhZkZx4yog\"],\"logo\":{\"@type\":\"ImageObject\",\"@id\":\"https:\/\/clinicanasser.es\/#logo\",\"inLanguage\":\"it-IT\",\"url\":\"https:\/\/clinicanasser.es\/wp-content\/uploads\/2019\/01\/Favicon-Clinica-Nasser.png\",\"contentUrl\":\"https:\/\/clinicanasser.es\/wp-content\/uploads\/2019\/01\/Favicon-Clinica-Nasser.png\",\"width\":512,\"height\":512,\"caption\":\"Cl\\u00ednica Nasser\"},\"image\":{\"@id\":\"https:\/\/clinicanasser.es\/#logo\"}},{\"@type\":\"WebSite\",\"@id\":\"https:\/\/clinicanasser.es\/#website\",\"url\":\"https:\/\/clinicanasser.es\/\",\"name\":\"Clinica nasser. Tratamiento del dolor y rehabilitaci\\u00f3n Zaragoza\",\"description\":\"Cl\\u00ednica especializada en tratamiento del dolor, rehabilitaci\\u00f3n fisico - deportiva y preparaciones f\\u00edsicas. Cl\\u00ednica en Zaragoza\",\"publisher\":{\"@id\":\"https:\/\/clinicanasser.es\/#organization\"},\"potentialAction\":[{\"@type\":\"SearchAction\",\"target\":\"https:\/\/clinicanasser.es\/?s={search_term_string}\",\"query-input\":\"required name=search_term_string\"}],\"inLanguage\":\"it-IT\"},{\"@type\":\"ImageObject\",\"@id\":\"https:\/\/clinicanasser.es\/producto\/contacto-telefonico-dr-camerino\/#primaryimage\",\"inLanguage\":\"it-IT\",\"url\":\"https:\/\/clinicanasser.es\/wp-content\/uploads\/2021\/02\/Foto-1-ok.jpg\",\"contentUrl\":\"https:\/\/clinicanasser.es\/wp-content\/uploads\/2021\/02\/Foto-1-ok.jpg\",\"width\":520,\"height\":520,\"caption\":\"medicina integrativa\"},{\"@type\":\"WebPage\",\"@id\":\"https:\/\/clinicanasser.es\/producto\/contacto-telefonico-dr-camerino\/#webpage\",\"url\":\"https:\/\/clinicanasser.es\/producto\/contacto-telefonico-dr-camerino\/\",\"name\":\"Contacto telef\\u00f3nico con el Doctor Camerino | Cl\\u00ednica Nasser\",\"isPartOf\":{\"@id\":\"https:\/\/clinicanasser.es\/#website\"},\"primaryImageOfPage\":{\"@id\":\"https:\/\/clinicanasser.es\/producto\/contacto-telefonico-dr-camerino\/#primaryimage\"},\"datePublished\":\"2021-03-10T11:17:15+00:00\",\"dateModified\":\"2025-08-08T10:13:33+00:00\",\"description\":\"Reserve un contacto telef\\u00f3nico con el Dr. Camerino\\u00a0para exponer su caso y evaluar un tratamiento integrativo sin compromiso.\",\"breadcrumb\":{\"@id\":\"https:\/\/clinicanasser.es\/producto\/contacto-telefonico-dr-camerino\/#breadcrumb\"},\"inLanguage\":\"it-IT\",\"potentialAction\":[{\"@type\":\"ReadAction\",\"target\":[\"https:\/\/clinicanasser.es\/producto\/contacto-telefonico-dr-camerino\/\"]}]},{\"@type\":\"BreadcrumbList\",\"@id\":\"https:\/\/clinicanasser.es\/producto\/contacto-telefonico-dr-camerino\/#breadcrumb\",\"itemListElement\":[{\"@type\":\"ListItem\",\"position\":1,\"item\":{\"@type\":\"WebPage\",\"@id\":\"https:\/\/clinicanasser.es\/\",\"url\":\"https:\/\/clinicanasser.es\/\",\"name\":\"Inicio\"}},{\"@type\":\"ListItem\",\"position\":2,\"item\":{\"@type\":\"WebPage\",\"@id\":\"https:\/\/clinicanasser.es\/en\/tienda\/\",\"url\":\"https:\/\/clinicanasser.es\/en\/tienda\/\",\"name\":\"Tienda\"}},{\"@type\":\"ListItem\",\"position\":3,\"item\":{\"@id\":\"https:\/\/clinicanasser.es\/producto\/contacto-telefonico-dr-camerino\/#webpage\"}}]}]}<\/script>\n<!-- \/ Yoast SEO Premium plugin. -->","_links":{"self":[{"href":"https:\/\/clinicanasser.es\/it\/wp-json\/wp\/v2\/product\/7951"}],"collection":[{"href":"https:\/\/clinicanasser.es\/it\/wp-json\/wp\/v2\/product"}],"about":[{"href":"https:\/\/clinicanasser.es\/it\/wp-json\/wp\/v2\/types\/product"}],"wp:featuredmedia":[{"embeddable":true,"href":"https:\/\/clinicanasser.es\/it\/wp-json\/wp\/v2\/media\/7835"}],"wp:attachment":[{"href":"https:\/\/clinicanasser.es\/it\/wp-json\/wp\/v2\/media?parent=7951"}],"curies":[{"name":"wp","href":"https:\/\/api.w.org\/{rel}","templated":true}]}}