{"id":6656,"date":"2020-12-15T14:43:12","date_gmt":"2020-12-15T12:43:12","guid":{"rendered":"https:\/\/clinicanasser.es\/?post_type=product&#038;p=6656"},"modified":"2020-12-15T18:03:13","modified_gmt":"2020-12-15T16:03:13","slug":"consulta-medica","status":"publish","type":"product","link":"https:\/\/clinicanasser.es\/it\/producto\/consulta-medica\/","title":{"rendered":"Reserva tu cita m\u00e9dica con el Doctor"},"content":{"rendered":"","protected":false},"excerpt":{"rendered":"<p>Reserva tu cita con el Doctor Nasser.<\/p>\n<p>El equipo m\u00e9dico de Cl\u00ednica Nasser est\u00e1 formado por el director m\u00e9dico, el Dr. M. Nasser, es<strong>\u00a0licenciado en medicina general y cirug\u00eda, especialista en anestesiolog\u00eda y reanimaci\u00f3n y en cl\u00ednica del dolor<\/strong>; y el equipo de\u00a0<strong>fisioterapeutas especialistas en fisioterapia traumatol\u00f3gica, del dolor, neurol\u00f3gica y del deporte.\u00a0<\/strong>Todo el equipo trabajamos de forma intensa para solucionar y manejar con \u00e9xito los cuadros dolorosos de corta, media y larga duraci\u00f3n.<\/p>\n<p>Esto permite un trato personalizado a cada uno de los problemas relacionados con su dolor.<\/p>\n<p>En el \u00c1rea M\u00e9dica hacemos un trabajo de diagn\u00f3stico, exploraci\u00f3n y tratamiento para optimizar las acciones a llevar acabo y conseguir el \u00e9xito de eliminar y reducir el dolor. Realizamos una\u00a0<strong>planificaci\u00f3n del tratamiento<\/strong>\u00a0seg\u00fan el diagnostico estableciendo plazos y objetivos realistas de mejor\u00eda.<br \/>\nLa coordinaci\u00f3n con los diferentes servicios m\u00e9dicos para llevar a cabo un\u00a0<strong>plan de tratamiento multidisciplinar<\/strong>.<\/p>\n","protected":false},"featured_media":6662,"template":"","meta":[],"translation":{"provider":"WPGlobus","version":"2.7.3","language":"it","enabled_languages":["es","en","ar","it"],"languages":{"es":{"title":true,"content":false,"excerpt":true},"en":{"title":false,"content":false,"excerpt":false},"ar":{"title":false,"content":false,"excerpt":false},"it":{"title":false,"content":false,"excerpt":false}}},"yoast_head":"<!-- This site is optimized with the Yoast SEO Premium plugin v16.2 - https:\/\/yoast.com\/wordpress\/plugins\/seo\/ -->\n<title>Reserva tu consulta m\u00e9dica con el Dr. Nasser | Cl\u00ednica Nasser<\/title>\n<meta name=\"robots\" content=\"index, follow, max-snippet:-1, max-image-preview:large, max-video-preview:-1\" \/>\n<link rel=\"canonical\" href=\"https:\/\/clinicanasser.es\/producto\/consulta-medica\/\" \/>\n<meta property=\"og:locale\" content=\"it_IT\" \/>\n<meta property=\"og:type\" content=\"article\" \/>\n<meta property=\"og:title\" content=\"{:es}Reserva tu consulta m\u00e9dica con el Dr. Nasser | Cl\u00ednica Nasser\" \/>\n<meta property=\"og:url\" content=\"https:\/\/clinicanasser.es\/producto\/consulta-medica\/\" \/>\n<meta property=\"og:site_name\" content=\"Clinica nasser. Tratamiento del dolor y rehabilitaci\u00f3n Zaragoza\" \/>\n<meta property=\"article:publisher\" content=\"https:\/\/www.facebook.com\/clinicanasserspain\/\" \/>\n<meta property=\"article:modified_time\" content=\"2020-12-15T16:03:13+00:00\" \/>\n<meta property=\"og:image\" content=\"https:\/\/clinicanasser.es\/wp-content\/uploads\/2020\/12\/doctor-holding-stethoscope-min2.jpg\" \/>\n\t<meta property=\"og:image:width\" content=\"3839\" \/>\n\t<meta property=\"og:image:height\" content=\"3840\" \/>\n<meta name=\"twitter:card\" content=\"summary_large_image\" \/>\n<script type=\"application\/ld+json\" class=\"yoast-schema-graph\">{\"@context\":\"https:\/\/schema.org\",\"@graph\":[{\"@type\":\"Organization\",\"@id\":\"https:\/\/clinicanasser.es\/#organization\",\"name\":\"Cl\\u00ednica Nasser\",\"url\":\"https:\/\/clinicanasser.es\/\",\"sameAs\":[\"https:\/\/www.facebook.com\/clinicanasserspain\/\",\"https:\/\/www.instagram.com\/clinica_nasser\/\",\"https:\/\/www.youtube.com\/channel\/UCjOFF9Kh4GHV2vhZkZx4yog\"],\"logo\":{\"@type\":\"ImageObject\",\"@id\":\"https:\/\/clinicanasser.es\/#logo\",\"inLanguage\":\"it-IT\",\"url\":\"https:\/\/clinicanasser.es\/wp-content\/uploads\/2019\/01\/Favicon-Clinica-Nasser.png\",\"contentUrl\":\"https:\/\/clinicanasser.es\/wp-content\/uploads\/2019\/01\/Favicon-Clinica-Nasser.png\",\"width\":512,\"height\":512,\"caption\":\"Cl\\u00ednica Nasser\"},\"image\":{\"@id\":\"https:\/\/clinicanasser.es\/#logo\"}},{\"@type\":\"WebSite\",\"@id\":\"https:\/\/clinicanasser.es\/#website\",\"url\":\"https:\/\/clinicanasser.es\/\",\"name\":\"Clinica nasser. Tratamiento del dolor y rehabilitaci\\u00f3n Zaragoza\",\"description\":\"Cl\\u00ednica especializada en tratamiento del dolor, rehabilitaci\\u00f3n fisico - deportiva y preparaciones f\\u00edsicas. Cl\\u00ednica en Zaragoza\",\"publisher\":{\"@id\":\"https:\/\/clinicanasser.es\/#organization\"},\"potentialAction\":[{\"@type\":\"SearchAction\",\"target\":\"https:\/\/clinicanasser.es\/?s={search_term_string}\",\"query-input\":\"required name=search_term_string\"}],\"inLanguage\":\"it-IT\"},{\"@type\":\"ImageObject\",\"@id\":\"https:\/\/clinicanasser.es\/producto\/consulta-medica\/#primaryimage\",\"inLanguage\":\"it-IT\",\"url\":\"https:\/\/clinicanasser.es\/wp-content\/uploads\/2020\/12\/doctor-holding-stethoscope-min2-scaled.jpg\",\"contentUrl\":\"https:\/\/clinicanasser.es\/wp-content\/uploads\/2020\/12\/doctor-holding-stethoscope-min2-scaled.jpg\",\"width\":2560,\"height\":2560},{\"@type\":\"WebPage\",\"@id\":\"https:\/\/clinicanasser.es\/producto\/consulta-medica\/#webpage\",\"url\":\"https:\/\/clinicanasser.es\/producto\/consulta-medica\/\",\"name\":\"{:es}Reserva tu consulta m\\u00e9dica con el Dr. Nasser | Cl\\u00ednica Nasser\",\"isPartOf\":{\"@id\":\"https:\/\/clinicanasser.es\/#website\"},\"primaryImageOfPage\":{\"@id\":\"https:\/\/clinicanasser.es\/producto\/consulta-medica\/#primaryimage\"},\"datePublished\":\"2020-12-15T12:43:12+00:00\",\"dateModified\":\"2020-12-15T16:03:13+00:00\",\"description\":\"{:es}Reserva tu consulta m\\u00e9dica con el Dr. Nasser | Cl\\u00ednica Nasser\",\"breadcrumb\":{\"@id\":\"https:\/\/clinicanasser.es\/producto\/consulta-medica\/#breadcrumb\"},\"inLanguage\":\"it-IT\",\"potentialAction\":[{\"@type\":\"ReadAction\",\"target\":[\"https:\/\/clinicanasser.es\/producto\/consulta-medica\/\"]}]},{\"@type\":\"BreadcrumbList\",\"@id\":\"https:\/\/clinicanasser.es\/producto\/consulta-medica\/#breadcrumb\",\"itemListElement\":[{\"@type\":\"ListItem\",\"position\":1,\"item\":{\"@type\":\"WebPage\",\"@id\":\"https:\/\/clinicanasser.es\/\",\"url\":\"https:\/\/clinicanasser.es\/\",\"name\":\"Inicio\"}},{\"@type\":\"ListItem\",\"position\":2,\"item\":{\"@type\":\"WebPage\",\"@id\":\"https:\/\/clinicanasser.es\/en\/tienda\/\",\"url\":\"https:\/\/clinicanasser.es\/en\/tienda\/\",\"name\":\"Tienda\"}},{\"@type\":\"ListItem\",\"position\":3,\"item\":{\"@id\":\"https:\/\/clinicanasser.es\/producto\/consulta-medica\/#webpage\"}}]}]}<\/script>\n<!-- \/ Yoast SEO Premium plugin. -->","_links":{"self":[{"href":"https:\/\/clinicanasser.es\/it\/wp-json\/wp\/v2\/product\/6656"}],"collection":[{"href":"https:\/\/clinicanasser.es\/it\/wp-json\/wp\/v2\/product"}],"about":[{"href":"https:\/\/clinicanasser.es\/it\/wp-json\/wp\/v2\/types\/product"}],"wp:featuredmedia":[{"embeddable":true,"href":"https:\/\/clinicanasser.es\/it\/wp-json\/wp\/v2\/media\/6662"}],"wp:attachment":[{"href":"https:\/\/clinicanasser.es\/it\/wp-json\/wp\/v2\/media?parent=6656"}],"curies":[{"name":"wp","href":"https:\/\/api.w.org\/{rel}","templated":true}]}}