{"id":11757,"date":"2025-08-08T12:14:09","date_gmt":"2025-08-08T10:14:09","guid":{"rendered":"https:\/\/clinicanasser.es\/producto\/certificado-medico-oficial-para-actividades-subacuaticas-copy\/"},"modified":"2026-01-31T11:20:22","modified_gmt":"2026-01-31T09:20:22","slug":"reconocimiento-medico-deportivo-valoracion-biomecanica","status":"publish","type":"product","link":"https:\/\/clinicanasser.es\/it\/producto\/reconocimiento-medico-deportivo-valoracion-biomecanica\/","title":{"rendered":"Reconocimiento m\u00e9dico deportivo oficial con valoraci\u00f3n biomec\u00e1nica"},"content":{"rendered":"<p>[vc_row][vc_column][vc_text_separator title=&#8221;Qu\u00e9 incluye el reconocimiento m\u00e9dico deportivo de Cl\u00ednica Nasser&#8221; title_align=&#8221;separator_align_left&#8221;][vc_empty_space height=&#8221;10px&#8221;][vc_column_text]<\/p>\n<ul>\n<li data-start=\"1128\" data-end=\"1246\">\n<p data-start=\"1130\" data-end=\"1246\"><strong data-start=\"1130\" data-end=\"1161\">Exploraci\u00f3n f\u00edsica completa<\/strong>, revisando tu estado general y condici\u00f3n espec\u00edfica para el deporte que practicas.<\/p>\n<\/li>\n<li data-start=\"1247\" data-end=\"1362\">\n<p data-start=\"1249\" data-end=\"1362\"><strong data-start=\"1249\" data-end=\"1283\">Historia cl\u00ednica personalizada<\/strong>, teniendo en cuenta tu actividad, lesiones previas y nivel de entrenamiento.<\/p>\n<\/li>\n<li data-start=\"1363\" data-end=\"1514\">\n<p data-start=\"1365\" data-end=\"1514\"><strong data-start=\"1365\" data-end=\"1400\">Pruebas funcionales espec\u00edficas<\/strong>: <strong>espirometr\u00eda<\/strong> para medir la capacidad pulmonar y electrocardiograma (<strong>ECG<\/strong>) para evaluar tu salud cardiovascular.<\/p>\n<\/li>\n<li data-start=\"1515\" data-end=\"1686\">\n<p data-start=\"1517\" data-end=\"1686\"><strong data-start=\"1517\" data-end=\"1610\">Evaluaci\u00f3n antropom\u00e9trica y valoraci\u00f3n biomec\u00e1nica cineantropom\u00e9trica exclusiva en Espa\u00f1a<\/strong>, para identificar y prevenir lesiones derivadas de dismetr\u00edas corporales.<\/p>\n<\/li>\n<li data-start=\"1687\" data-end=\"1843\">\n<p data-start=\"1689\" data-end=\"1843\"><strong data-start=\"1689\" data-end=\"1715\">Informe m\u00e9dico oficial<\/strong> con tu aptitud para la pr\u00e1ctica deportiva y <strong data-start=\"1760\" data-end=\"1794\">recomendaciones personalizadas<\/strong> para mejorar tu rendimiento y cuidar tu salud.<\/p>\n<\/li>\n<\/ul>\n<p>El d\u00eda de la realizaci\u00f3n del reconocimiento deber\u00e1s llevar ropa y zapato c\u00f3modo.<\/p>\n<p>Si lo deseas, puedes llevar tu el impreso que se venden en los establecimientos autorizados o puedes comprarlo directamente aqu\u00ed. Tiene un coste oficial de 3,63 \u20ac.[\/vc_column_text][\/vc_column][\/vc_row][vc_row][vc_column][vc_empty_space height=&#8221;20px&#8221;][vc_text_separator title=&#8221;A qui\u00e9n va dirigido&#8221; title_align=&#8221;separator_align_left&#8221;][vc_empty_space height=&#8221;20px&#8221;][vc_column_text]<\/p>\n<ul>\n<li data-start=\"1884\" data-end=\"1925\">Deportistas federados e independientes.<\/li>\n<li data-start=\"1884\" data-end=\"1925\">Opositores a cuerpos de seguridad (polic\u00eda, bombero, ej\u00e9rcito\u2026).<\/li>\n<li data-start=\"1884\" data-end=\"1925\">Atletas profesionales o amateurs (running, ciclismo, nataci\u00f3n, triatl\u00f3n, f\u00fatbol, etc.).<\/li>\n<li data-start=\"1884\" data-end=\"1925\">Personas que desean prevenir lesiones y optimizar su forma f\u00edsica.<\/li>\n<li style=\"list-style-type: none;\"><\/li>\n<\/ul>\n<p>[\/vc_column_text][vc_empty_space height=&#8221;20px&#8221;][vc_text_separator title=&#8221;Por qu\u00e9 elegir Cl\u00ednica Nasser&#8221; title_align=&#8221;separator_align_left&#8221;][vc_empty_space height=&#8221;20px&#8221;][vc_column_text]<\/p>\n<ul>\n<li data-start=\"2423\" data-end=\"2547\">\n<p data-start=\"2425\" data-end=\"2547\"><strong data-start=\"2425\" data-end=\"2447\">Pioneros en Espa\u00f1a<\/strong> en incorporar la valoraci\u00f3n biomec\u00e1nica cineantropom\u00e9trica en reconocimientos m\u00e9dicos deportivos.<\/p>\n<\/li>\n<li data-start=\"2548\" data-end=\"2630\">\n<p data-start=\"2550\" data-end=\"2630\">M\u00e1s de <strong data-start=\"2557\" data-end=\"2583\">45 a\u00f1os de trayectoria<\/strong> en medicina deportiva y diagn\u00f3stico cl\u00ednico.<\/p>\n<\/li>\n<li data-start=\"2631\" data-end=\"2699\">\n<p data-start=\"2633\" data-end=\"2699\">Resultados precisos y recomendaciones adaptadas a cada paciente.<\/p>\n<\/li>\n<li data-start=\"2700\" data-end=\"2773\">\n<p data-start=\"2702\" data-end=\"2773\">Ubicaci\u00f3n en Zaragoza con <strong data-start=\"2728\" data-end=\"2770\">citas r\u00e1pidas y atenci\u00f3n personalizada<\/strong>.<\/p>\n<\/li>\n<\/ul>\n<p>[\/vc_column_text][vc_empty_space height=&#8221;20px&#8221;][vc_text_separator title=&#8221;Beneficios de este certificado m\u00e9dico deportivo&#8221; title_align=&#8221;separator_align_left&#8221;][vc_empty_space height=&#8221;20px&#8221;][vc_column_text]<\/p>\n<ul>\n<li><strong data-start=\"2840\" data-end=\"2876\">Cumplir con la normativa oficial<\/strong> para tu deporte o competici\u00f3n.<\/li>\n<li data-start=\"2840\" data-end=\"2909\"><strong data-start=\"2912\" data-end=\"2964\">Identificar y corregir desequilibrios corporales<\/strong> antes de que causen lesiones.<\/li>\n<li data-start=\"2840\" data-end=\"2909\"><strong data-start=\"2999\" data-end=\"3029\">Optimizar tu entrenamiento<\/strong> y mejorar tu rendimiento deportivo.<\/li>\n<li data-start=\"2840\" data-end=\"2909\">Tener la tranquilidad de practicar deporte <strong data-start=\"3113\" data-end=\"3144\">de forma segura y saludable<\/strong>.<\/li>\n<\/ul>\n<p>[\/vc_column_text][vc_empty_space height=&#8221;10px&#8221;][\/vc_column][\/vc_row]<\/p>\n","protected":false},"excerpt":{"rendered":"<p data-start=\"335\" data-end=\"410\"><strong data-start=\"335\" data-end=\"408\">Incluye valoraci\u00f3n biomec\u00e1nica cineantropom\u00e9trica exclusiva en Espa\u00f1a<\/strong><\/p>\n<p data-start=\"412\" data-end=\"632\">En Cl\u00ednica Nasser llevamos m\u00e1s de <strong data-start=\"450\" data-end=\"499\">45 a\u00f1os cuidando de la salud y el rendimiento<\/strong> de nuestros pacientes. Ahora, hemos dado un paso m\u00e1s para que tu pr\u00e1ctica deportiva sea<strong> segura, eficiente y libre de lesiones.<\/strong><\/p>\n<p data-start=\"634\" data-end=\"899\">Nuestro reconocimiento m\u00e9dico oficial para actividades deportivas no solo cumple con todos los requisitos legales para federaciones, clubes y competiciones, sino que incorpora un <strong data-start=\"814\" data-end=\"844\">servicio pionero en Espa\u00f1a<\/strong>: <strong data-start=\"848\" data-end=\"896\">la valoraci\u00f3n biomec\u00e1nica cineantropom\u00e9trica<\/strong>.<\/p>\n<p data-start=\"901\" data-end=\"1260\">Esta prueba avanzada nos permite <strong data-start=\"934\" data-end=\"968\">detectar dismetr\u00edas corporales<\/strong> (descompensaciones o diferencias en la estructura del cuerpo) que pueden provocar lesiones a medio o largo plazo. Gracias a esta informaci\u00f3n, podemos ofrecerte un <strong data-start=\"1132\" data-end=\"1167\">diagn\u00f3stico m\u00e9dico m\u00e1s completo<\/strong> y recomendaciones personalizadas para mejorar tu rendimiento y prevenir problemas futuros.<\/p>\n<p>El reconocimiento m\u00e9dico deportivo es un <strong>documento oficial validado<\/strong> por el <strong>Ilustre Colegio Oficial de M\u00e9dicos de Zaragoza<\/strong> y por la <strong>Organizaci\u00f3n M\u00e9dica Colegial de Espa\u00f1a<\/strong> que acredita que una persona se encuentra en buen estado de salud para realizar la pr\u00e1ctica deportiva.<\/p>\n","protected":false},"featured_media":11761,"template":"","meta":[],"translation":{"provider":"WPGlobus","version":"2.7.3","language":"it","enabled_languages":["es","en","ar","it"],"languages":{"es":{"title":true,"content":true,"excerpt":true},"en":{"title":false,"content":false,"excerpt":false},"ar":{"title":false,"content":false,"excerpt":false},"it":{"title":false,"content":false,"excerpt":false}}},"yoast_head":"<!-- This site is optimized with the Yoast SEO Premium plugin v16.2 - https:\/\/yoast.com\/wordpress\/plugins\/seo\/ -->\n<title>Reconocimiento m\u00e9dico deportivo con valoraci\u00f3n biomec\u00e1nica<\/title>\n<meta name=\"robots\" content=\"index, follow, max-snippet:-1, max-image-preview:large, max-video-preview:-1\" \/>\n<link rel=\"canonical\" href=\"https:\/\/clinicanasser.es\/producto\/reconocimiento-medico-deportivo-valoracion-biomecanica\/\" \/>\n<meta property=\"og:locale\" content=\"it_IT\" \/>\n<meta property=\"og:type\" content=\"article\" \/>\n<meta property=\"og:title\" content=\"Reconocimiento m\u00e9dico deportivo con valoraci\u00f3n biomec\u00e1nica\" \/>\n<meta property=\"og:url\" content=\"https:\/\/clinicanasser.es\/producto\/reconocimiento-medico-deportivo-valoracion-biomecanica\/\" \/>\n<meta property=\"og:site_name\" content=\"Clinica nasser. Tratamiento del dolor y rehabilitaci\u00f3n Zaragoza\" \/>\n<meta property=\"article:publisher\" content=\"https:\/\/www.facebook.com\/clinicanasserspain\/\" \/>\n<meta property=\"article:modified_time\" content=\"2026-01-31T09:20:22+00:00\" \/>\n<meta property=\"og:image\" content=\"https:\/\/clinicanasser.es\/wp-content\/uploads\/2025\/08\/reconocimiento-medico-deportivo-clinica-nasser.png\" \/>\n\t<meta property=\"og:image:width\" content=\"1024\" \/>\n\t<meta property=\"og:image:height\" content=\"1024\" \/>\n<meta name=\"twitter:card\" content=\"summary_large_image\" \/>\n<meta name=\"twitter:label1\" content=\"Est. reading time\">\n\t<meta name=\"twitter:data1\" content=\"1 minute\">\n<script type=\"application\/ld+json\" class=\"yoast-schema-graph\">{\"@context\":\"https:\/\/schema.org\",\"@graph\":[{\"@type\":\"Organization\",\"@id\":\"https:\/\/clinicanasser.es\/#organization\",\"name\":\"Cl\\u00ednica Nasser\",\"url\":\"https:\/\/clinicanasser.es\/\",\"sameAs\":[\"https:\/\/www.facebook.com\/clinicanasserspain\/\",\"https:\/\/www.instagram.com\/clinica_nasser\/\",\"https:\/\/www.youtube.com\/channel\/UCjOFF9Kh4GHV2vhZkZx4yog\"],\"logo\":{\"@type\":\"ImageObject\",\"@id\":\"https:\/\/clinicanasser.es\/#logo\",\"inLanguage\":\"it-IT\",\"url\":\"https:\/\/clinicanasser.es\/wp-content\/uploads\/2019\/01\/Favicon-Clinica-Nasser.png\",\"contentUrl\":\"https:\/\/clinicanasser.es\/wp-content\/uploads\/2019\/01\/Favicon-Clinica-Nasser.png\",\"width\":512,\"height\":512,\"caption\":\"Cl\\u00ednica Nasser\"},\"image\":{\"@id\":\"https:\/\/clinicanasser.es\/#logo\"}},{\"@type\":\"WebSite\",\"@id\":\"https:\/\/clinicanasser.es\/#website\",\"url\":\"https:\/\/clinicanasser.es\/\",\"name\":\"Clinica nasser. Tratamiento del dolor y rehabilitaci\\u00f3n Zaragoza\",\"description\":\"Cl\\u00ednica especializada en tratamiento del dolor, rehabilitaci\\u00f3n fisico - deportiva y preparaciones f\\u00edsicas. Cl\\u00ednica en Zaragoza\",\"publisher\":{\"@id\":\"https:\/\/clinicanasser.es\/#organization\"},\"potentialAction\":[{\"@type\":\"SearchAction\",\"target\":\"https:\/\/clinicanasser.es\/?s={search_term_string}\",\"query-input\":\"required name=search_term_string\"}],\"inLanguage\":\"it-IT\"},{\"@type\":\"ImageObject\",\"@id\":\"https:\/\/clinicanasser.es\/producto\/reconocimiento-medico-deportivo-valoracion-biomecanica\/#primaryimage\",\"inLanguage\":\"it-IT\",\"url\":\"https:\/\/clinicanasser.es\/wp-content\/uploads\/2025\/08\/reconocimiento-medico-deportivo-clinica-nasser.png\",\"contentUrl\":\"https:\/\/clinicanasser.es\/wp-content\/uploads\/2025\/08\/reconocimiento-medico-deportivo-clinica-nasser.png\",\"width\":1024,\"height\":1024},{\"@type\":\"WebPage\",\"@id\":\"https:\/\/clinicanasser.es\/producto\/reconocimiento-medico-deportivo-valoracion-biomecanica\/#webpage\",\"url\":\"https:\/\/clinicanasser.es\/producto\/reconocimiento-medico-deportivo-valoracion-biomecanica\/\",\"name\":\"Reconocimiento m\\u00e9dico deportivo con valoraci\\u00f3n biomec\\u00e1nica\",\"isPartOf\":{\"@id\":\"https:\/\/clinicanasser.es\/#website\"},\"primaryImageOfPage\":{\"@id\":\"https:\/\/clinicanasser.es\/producto\/reconocimiento-medico-deportivo-valoracion-biomecanica\/#primaryimage\"},\"datePublished\":\"2025-08-08T10:14:09+00:00\",\"dateModified\":\"2026-01-31T09:20:22+00:00\",\"description\":\"Obt\\u00e9n tu reconocimiento m\\u00e9dico deportivo oficial en Cl\\u00ednica Nasser, Zaragoza. \\u00danicos en Espa\\u00f1a con valoraci\\u00f3n biomec\\u00e1nica cineantropom\\u00e9trica\",\"breadcrumb\":{\"@id\":\"https:\/\/clinicanasser.es\/producto\/reconocimiento-medico-deportivo-valoracion-biomecanica\/#breadcrumb\"},\"inLanguage\":\"it-IT\",\"potentialAction\":[{\"@type\":\"ReadAction\",\"target\":[\"https:\/\/clinicanasser.es\/producto\/reconocimiento-medico-deportivo-valoracion-biomecanica\/\"]}]},{\"@type\":\"BreadcrumbList\",\"@id\":\"https:\/\/clinicanasser.es\/producto\/reconocimiento-medico-deportivo-valoracion-biomecanica\/#breadcrumb\",\"itemListElement\":[{\"@type\":\"ListItem\",\"position\":1,\"item\":{\"@type\":\"WebPage\",\"@id\":\"https:\/\/clinicanasser.es\/\",\"url\":\"https:\/\/clinicanasser.es\/\",\"name\":\"Inicio\"}},{\"@type\":\"ListItem\",\"position\":2,\"item\":{\"@type\":\"WebPage\",\"@id\":\"https:\/\/clinicanasser.es\/en\/tienda\/\",\"url\":\"https:\/\/clinicanasser.es\/en\/tienda\/\",\"name\":\"Tienda\"}},{\"@type\":\"ListItem\",\"position\":3,\"item\":{\"@id\":\"https:\/\/clinicanasser.es\/producto\/reconocimiento-medico-deportivo-valoracion-biomecanica\/#webpage\"}}]}]}<\/script>\n<!-- \/ Yoast SEO Premium plugin. -->","_links":{"self":[{"href":"https:\/\/clinicanasser.es\/it\/wp-json\/wp\/v2\/product\/11757"}],"collection":[{"href":"https:\/\/clinicanasser.es\/it\/wp-json\/wp\/v2\/product"}],"about":[{"href":"https:\/\/clinicanasser.es\/it\/wp-json\/wp\/v2\/types\/product"}],"wp:featuredmedia":[{"embeddable":true,"href":"https:\/\/clinicanasser.es\/it\/wp-json\/wp\/v2\/media\/11761"}],"wp:attachment":[{"href":"https:\/\/clinicanasser.es\/it\/wp-json\/wp\/v2\/media?parent=11757"}],"curies":[{"name":"wp","href":"https:\/\/api.w.org\/{rel}","templated":true}]}}