{"id":11564,"date":"2024-01-05T12:09:58","date_gmt":"2024-01-05T10:09:58","guid":{"rendered":"https:\/\/clinicanasser.es\/producto\/servicio-medico-integral-para-pacientes-de-fuera-de-zaragoza-copy\/"},"modified":"2024-01-21T18:42:10","modified_gmt":"2024-01-21T16:42:10","slug":"reconocimiento-medico-biomecanico-funcional-para-ninos","status":"publish","type":"product","link":"https:\/\/clinicanasser.es\/it\/producto\/reconocimiento-medico-biomecanico-funcional-para-ninos\/","title":{"rendered":"Reconocimiento m\u00e9dico biomec\u00e1nico funcional para ni\u00f1os"},"content":{"rendered":"<p>[vc_row disable_element=&#8221;yes&#8221;][vc_column][vc_column_text]<style>\n    .bookly-btn-default {\n        padding: 9px 18px!important;\n        border: 1px solid #b1bbc4 !important;\n        min-width: 118px;\n        display: block;\n        text-align: center;\n        border-radius: 4px!important;\n        background-color: #fff;\n        cursor: pointer!important;\n        height: auto!important;\n        outline: none!important;\n        float: left;\n        width: auto;\n    }\n\n    .bookly-btn-default.bookly-btn-active {\n        border: 1px solid #217daa !important;\n        background-color: #217daa!important;\n    }\n\n    .bookly-btn-default:hover {\n        text-decoration: unset!important;\n    }\n\n    .bookly-btn-default, .bookly-btn-default > span {\n        color: #212529 !important;\n        font-size: 18px!important;\n        line-height: 17px!important;\n        font-weight: bold!important;\n        text-transform: uppercase!important;\n    }\n    .bookly-btn-default.bookly-btn-active > span {\n        color: #fff!important;\n    }\n<\/style>\n<div id=\"bookly-tbs\" class=\"bookly-js-cancellation-confirmation\">\n    <div class=\"bookly-js-cancellation-confirmation-buttons\">\n        <a href=\"https:\/\/clinicanasser.es\/wp-admin\/admin-ajax.php?action=bookly_cancel_appointment&token=\" class=\"bookly-btn-default\" style=\"margin-right: 12px\">\n            <span>Cancella prenotazione<\/span>\n        <\/a>\n        <a href=\"#\" class=\"bookly-js-cancellation-confirmation-no bookly-btn-default bookly-btn-active\">\n            <span>Mantieni prenotazione<\/span>\n        <\/a>\n    <\/div>\n    <div class=\"bookly-js-cancellation-confirmation-message bookly-row\" style=\"display: none\">\n        <p class=\"bookly-bold\">\n            Thank you for being with us        <\/p>\n    <\/div>\n<\/div>\n<script type=\"text\/javascript\">\n    var links = document.getElementsByClassName('bookly-js-cancellation-confirmation-no');\n    for (var i = 0; i < links.length; i++) {\n        if (links[i].onclick == undefined) {\n            links[i].onclick = function (e) {\n                e.preventDefault();\n                var container = this.closest('.bookly-js-cancellation-confirmation'),\n                    buttons = container.getElementsByClassName('bookly-js-cancellation-confirmation-buttons')[0],\n                    message = container.getElementsByClassName('bookly-js-cancellation-confirmation-message')[0];\n                buttons.style.display = 'none';\n                message.style.display = 'inline';\n            };\n        }\n    }\n<\/script>edi[\/vc_column_text][\/vc_column][\/vc_row][vc_row][vc_column][vc_empty_space][vc_row_inner][vc_column_inner width=&#8221;1\/2&#8243;][vc_column_text css=&#8221;.vc_custom_1689154739253{padding-top: 12px !important;padding-bottom: 12px !important;background-color: #0f72b5 !important;}&#8221;]<\/p>\n<h5 style=\"text-align: center;\"><span style=\"color: #ffffff;\">\u00bfQU\u00c9 INCLUYE EL SERVICIO?<\/span><\/h5>\n<p>[\/vc_column_text][vc_empty_space height=&#8221;22px&#8221;][vc_column_text]<\/p>\n<ul>\n<li><span class=\"OYPEnA text-decoration-none text-strikethrough-none\">Anamnesis<\/span><\/li>\n<li><span class=\"OYPEnA text-decoration-none text-strikethrough-none\">Exploraci\u00f3n f\u00edsica.<\/span><\/li>\n<li><span class=\"OYPEnA text-decoration-none text-strikethrough-none\">Peso y altura<\/span><\/li>\n<li><span class=\"OYPEnA text-decoration-none text-strikethrough-none\">IMC (\u00cdndice Masa Corporal)<\/span><\/li>\n<li><span class=\"OYPEnA text-decoration-none text-strikethrough-none\">Tensi\u00f3n arterial sist\u00f3lica y diast\u00f3lica<\/span><\/li>\n<li><span class=\"OYPEnA text-decoration-none text-strikethrough-none\">Exploraci\u00f3n del aparato locomotor (columna vertebral y extremidades)<\/span><\/li>\n<li><span class=\"OYPEnA text-decoration-none text-strikethrough-none\">Para detectar posibles asimetr\u00edas, desviaciones, alteraciones de la movilidad o<\/span> <span class=\"OYPEnA text-decoration-none text-strikethrough-none\">puntos dolorosos.<\/span><\/li>\n<li><span class=\"OYPEnA text-decoration-none text-strikethrough-none\">Valoraci\u00f3n neurol\u00f3gica<\/span><\/li>\n<li><span class=\"OYPEnA text-decoration-none text-strikethrough-none\">Estudio Cineantropom\u00e9trico. Incluye: Estudio diferencia antropom\u00e9trica de piernas y estudio diferencia fuerza dinamom\u00e9trica de brazos.<\/span><\/li>\n<li><span class=\"OYPEnA text-decoration-none text-strikethrough-none\">Estudio Cineantropom\u00e9trico y rendimiento. Incluye: Estudio diferencia antropom\u00e9trica de piernas y estudio diferencia fuerza dinamom\u00e9trica de brazos.<\/span><\/li>\n<li><span class=\"OYPEnA text-decoration-none text-strikethrough-none\">Evaluaci\u00f3n de la fuerza y la potencia del tren inferior (Saltos SJ, CMJ y ABK).<\/span><\/li>\n<\/ul>\n<p>[\/vc_column_text][\/vc_column_inner][vc_column_inner width=&#8221;1\/2&#8243;][vc_column_text css=&#8221;.vc_custom_1621944801121{padding-top: 12px !important;padding-bottom: 12px !important;background-color: #0f72b5 !important;}&#8221;]<\/p>\n<h5 style=\"text-align: center;\"><span style=\"color: #ffffff;\">PROFESIONAL QUE REALIZA LA SESI\u00d3N<\/span><\/h5>\n<p>[\/vc_column_text][vc_empty_space height=&#8221;22px&#8221;][vc_column_text]<\/p>\n<p style=\"text-align: center;\">Todos nuestros protocolos son liderados por nuestro equipo m\u00e9dico multidisciplinar especializado en<strong> medicina del dolor, ciencias de la salud y la actividad f\u00edsica, rehabilitaci\u00f3n, salud y deporte, fisioterapia traumatol\u00f3gica, del dolor, neurol\u00f3gica y del deporte.<\/strong><\/p>\n<p style=\"text-align: center;\"><strong>Lidera este programa:\u00a0<\/strong><\/p>\n<p class=\"cvGsUA direction-ltr align-start para-style-body\" style=\"text-align: center;\"><strong><span class=\"OYPEnA text-decoration-none text-strikethrough-none\">Dr. Carlos Castellar<\/span><\/strong><span class=\"OYPEnA text-decoration-none text-strikethrough-none\">, director del \u00e1rea Deporte y Salud de cl\u00ednica Nasser, especialista en <strong>Ciencias de la Salud y la Actividad f\u00edsica<\/strong>, miembro del grupo de investigaci\u00f3n ENFYRED de la<strong> Universidad de Zaragoza<\/strong>.<\/span><\/p>\n<p class=\"cvGsUA direction-ltr align-start para-style-body\" style=\"text-align: center;\"><strong><span class=\"OYPEnA text-decoration-none text-strikethrough-none\">Dr. Nasser<\/span><\/strong><span class=\"OYPEnA text-decoration-none text-strikethrough-none\">,<strong> director m\u00e9dico<\/strong> de cl\u00ednica Nasser, m\u00e9dico especialista en cirug\u00eda y anestesiolog\u00eda y medicina del dolor.<\/span><\/p>\n<p class=\"cvGsUA direction-ltr align-start para-style-body\" style=\"text-align: center;\"><strong><span class=\"OYPEnA text-decoration-none text-strikethrough-none\">ENTIDAD COLABORADORA:\u00a0<\/span><\/strong><\/p>\n<p class=\"cvGsUA direction-ltr align-start para-style-body\" style=\"text-align: center;\"><span class=\"OYPEnA text-decoration-none text-strikethrough-none\">Grupo de investigaci\u00f3n ENFYRED de la Universidad de Zaragoza<\/span><\/p>\n<p>[\/vc_column_text][\/vc_column_inner][\/vc_row_inner][vc_empty_space][vc_video link=&#8221;https:\/\/youtu.be\/r5g6hcuXQHo&#8221; align=&#8221;center&#8221;][vc_empty_space][vc_column_text]<\/p>\n<h5 style=\"text-align: center;\">C\u00d3MO FUNCIONA<\/h5>\n<p>[\/vc_column_text][vc_row_inner][vc_column_inner width=&#8221;1\/3&#8243;][vc_single_image image=&#8221;7301&#8243; img_size=&#8221;150&#215;150&#8243; alignment=&#8221;center&#8221;][vc_column_text]<\/p>\n<h5 style=\"text-align: center;\">Adquiere tu sesi\u00f3n y reserva cita<\/h5>\n<p>[\/vc_column_text][vc_empty_space][vc_column_text]En la reserva, deber\u00e1s indicar la fecha y el lugar en el que desees realizar la sesi\u00f3n.<\/p>\n<p>Para formalizar la reserva, ser\u00e1 necesario que se abone el coste de la primera consulta m\u00e9dica y posteriormente nuestro equipo te indicar\u00e1 cu\u00e1l es el servicio m\u00e9dico m\u00e1s \u00f3ptimo para rehabilitar tu lesi\u00f3n.[\/vc_column_text][\/vc_column_inner][vc_column_inner width=&#8221;1\/3&#8243;][vc_single_image image=&#8221;7300&#8243; img_size=&#8221;150&#215;150&#8243; alignment=&#8221;center&#8221;][vc_column_text]<\/p>\n<h5 style=\"text-align: center;\">Validez<\/h5>\n<p>[\/vc_column_text][vc_empty_space][vc_column_text]La validez del servicio es de 1 semana durante la cual deber\u00e1s canjear la cita.<\/p>\n<p>Te llamaremos para confirmar la cita.[\/vc_column_text][\/vc_column_inner][vc_column_inner width=&#8221;1\/3&#8243;][vc_single_image image=&#8221;7326&#8243; img_size=&#8221;150&#215;150&#8243; alignment=&#8221;center&#8221;][vc_column_text]<\/p>\n<h5 style=\"text-align: center;\">Consultas<\/h5>\n<p>[\/vc_column_text][vc_empty_space][vc_column_text]Puedes resolver cualquier duda escribi\u00e9ndonos a <a href=\"mailto:nasser@clinicanasser.es\">nasser@clinicanasser.es<\/a> o llam\u00e1ndonos al <a href=\"tel:976216995\">976 216 995<\/a>[\/vc_column_text][\/vc_column_inner][\/vc_row_inner][vc_empty_space][vc_empty_space][\/vc_column][\/vc_row][vc_row gap=&#8221;30&#8243; equal_height=&#8221;yes&#8221; content_placement=&#8221;middle&#8221; rc_space=&#8221;space30&#8243;][vc_column width=&#8221;1\/4&#8243;][vc_raw_html el_class=&#8221;short-embed&#8221;]JTNDaWZyYW1lJTIwd2lkdGglM0QlMjI0MzUlMjIlMjBoZWlnaHQlM0QlMjI3NzQlMjIlMjBzcmMlM0QlMjJodHRwcyUzQSUyRiUyRnd3dy55b3V0dWJlLmNvbSUyRmVtYmVkJTJGeUVtUHExUmhMaWslMjIlMjB0aXRsZSUzRCUyMk9iamV0aXZvJTIwZGUlMjBlc3RvcyUyMHJlY29ub2NpbWllbnRvcyUyMG1lZGljb3MlMjBiaW9tZWNhbmljb3MlMjBmdW5jaW9uYWxlcyUyMGluZmFudGlsZXMlMjIlMjBmcmFtZWJvcmRlciUzRCUyMjAlMjIlMjBhbGxvdyUzRCUyMmFjY2VsZXJvbWV0ZXIlM0IlMjBhdXRvcGxheSUzQiUyMGNsaXBib2FyZC13cml0ZSUzQiUyMGVuY3J5cHRlZC1tZWRpYSUzQiUyMGd5cm9zY29wZSUzQiUyMHBpY3R1cmUtaW4tcGljdHVyZSUzQiUyMHdlYi1zaGFyZSUyMiUyMGFsbG93ZnVsbHNjcmVlbiUzRSUzQyUyRmlmcmFtZSUzRQ==[\/vc_raw_html][\/vc_column][vc_column width=&#8221;1\/4&#8243;][vc_raw_html el_class=&#8221;short-embed&#8221;]JTNDaWZyYW1lJTIwd2lkdGglM0QlMjI0NDUlMjIlMjBoZWlnaHQlM0QlMjI3OTElMjIlMjBzcmMlM0QlMjJodHRwcyUzQSUyRiUyRnd3dy55b3V0dWJlLmNvbSUyRmVtYmVkJTJGaVlpM2FySzVTdmMlMjIlMjB0aXRsZSUzRCUyMlBhcmElMjBxdWllbiUyMGVzJTIwZWwlMjBzZXJ2aWNpbyUyMGRlJTIwbG9zJTIwcmVjb25vY2ltaWVudG9zJTIwbSVDMyVBOWRpY29zJTIwYmlvbWVjJUMzJUExbmljb3MlMjBmdW5jaW9uYWxlcyUyMGluZmFudGlsZXMlMjIlMjBmcmFtZWJvcmRlciUzRCUyMjAlMjIlMjBhbGxvdyUzRCUyMmFjY2VsZXJvbWV0ZXIlM0IlMjBhdXRvcGxheSUzQiUyMGNsaXBib2FyZC13cml0ZSUzQiUyMGVuY3J5cHRlZC1tZWRpYSUzQiUyMGd5cm9zY29wZSUzQiUyMHBpY3R1cmUtaW4tcGljdHVyZSUzQiUyMHdlYi1zaGFyZSUyMiUyMGFsbG93ZnVsbHNjcmVlbiUzRSUzQyUyRmlmcmFtZSUzRQ==[\/vc_raw_html][\/vc_column][vc_column width=&#8221;1\/4&#8243;][vc_raw_html el_class=&#8221;short-embed&#8221;]JTNDaWZyYW1lJTIwd2lkdGglM0QlMjI0NDUlMjIlMjBoZWlnaHQlM0QlMjI3OTElMjIlMjBzcmMlM0QlMjJodHRwcyUzQSUyRiUyRnd3dy55b3V0dWJlLmNvbSUyRmVtYmVkJTJGYkhIU3dpYU5DbTglMjIlMjB0aXRsZSUzRCUyMkltcG9ydGFuY2lhJTIwZGUlMjBlc3RvcyUyMHJlY29ub2NpbWllbnRvcyUyMG1lZGljb3MlMjBiaW9tZWNhbmljb3MlMjBmdW5jaW9uYWxlcyUyMGluZmFudGlsZXMlMjIlMjBmcmFtZWJvcmRlciUzRCUyMjAlMjIlMjBhbGxvdyUzRCUyMmFjY2VsZXJvbWV0ZXIlM0IlMjBhdXRvcGxheSUzQiUyMGNsaXBib2FyZC13cml0ZSUzQiUyMGVuY3J5cHRlZC1tZWRpYSUzQiUyMGd5cm9zY29wZSUzQiUyMHBpY3R1cmUtaW4tcGljdHVyZSUzQiUyMHdlYi1zaGFyZSUyMiUyMGFsbG93ZnVsbHNjcmVlbiUzRSUzQyUyRmlmcmFtZSUzRQ==[\/vc_raw_html][\/vc_column][vc_column width=&#8221;1\/4&#8243;][vc_raw_html el_class=&#8221;short-embed&#8221;]JTNDaWZyYW1lJTIwd2lkdGglM0QlMjI0NDUlMjIlMjBoZWlnaHQlM0QlMjI3OTElMjIlMjBzcmMlM0QlMjJodHRwcyUzQSUyRiUyRnd3dy55b3V0dWJlLmNvbSUyRmVtYmVkJTJGLTVfTkRvOHgwN3clMjIlMjB0aXRsZSUzRCUyMlNlZ3VpbWllbnRvJTIwZGUlMjBlc3RvcyUyMHJlY29ub2NpbWllbnRvcyUyMG0lQzMlQTlkaWNvcyUyMGJpb21lYyVDMyVBMW5pY29zJTIwZnVuY2lvbmFsZXMlMjBpbmZhbnRpbGVzJTIyJTIwZnJhbWVib3JkZXIlM0QlMjIwJTIyJTIwYWxsb3clM0QlMjJhY2NlbGVyb21ldGVyJTNCJTIwYXV0b3BsYXklM0IlMjBjbGlwYm9hcmQtd3JpdGUlM0IlMjBlbmNyeXB0ZWQtbWVkaWElM0IlMjBneXJvc2NvcGUlM0IlMjBwaWN0dXJlLWluLXBpY3R1cmUlM0IlMjB3ZWItc2hhcmUlMjIlMjBhbGxvd2Z1bGxzY3JlZW4lM0UlM0MlMkZpZnJhbWUlM0U=[\/vc_raw_html][\/vc_column][\/vc_row]<\/p>\n","protected":false},"excerpt":{"rendered":"<div class=\"ChatMessage_messageRow__7yIr2\" data-complete=\"true\">\n<div class=\"ChatMessage_messageWrapper__Zf87D\">\n<div class=\"Message_row___ur0Y\">\n<div class=\"Message_botMessageBubble__CPGMI \">\n<div class=\"Markdown_markdownContainer__UyYrv\">\n<p>Es un reconocimiento <strong>m\u00e9dico-biomec\u00e1nico y f\u00edsico-funcional adaptado a la edad<\/strong>.<\/p>\n<p>Se llevar\u00e1 a cabo una <strong>evaluaci\u00f3n exhaustiva de la salud f\u00edsica y biomec\u00e1nica<\/strong> del ni\u00f1o\/ni\u00f1a.<\/p>\n<p>Se emitir\u00e1 un informe personalizado de seguimiento individual y protocolos a seguir.<\/p>\n<p>Pilares fundamentales del servicio:<\/p>\n<p><strong>OPTIMIZACI\u00d3N DE LA SALUD BIOMEC\u00c1NICA INFANTIL<\/strong>: garantizamos una evaluaci\u00f3n detallada para mejorar postura y desarrollo f\u00edsico.<\/p>\n<p><strong>POTENCIA Y COORDINACI\u00d3N MEJORADAS:<\/strong> desarrollamos habilidades esenciales para patrones de movimiento esenciales y adaptados al sujeto.<\/p>\n<p><strong>PREVENCI\u00d3N Y DETECCI\u00d3N PRECOZ DE LESIONES:<\/strong> cuida el bienestar a largo plazo de tu hijo.<\/p>\n<\/div>\n<\/div>\n<\/div>\n<\/div>\n<\/div>\n<section class=\"ChatMessageFeedbackButtons_feedbackButtonsContainer__0Xd3I\"><\/section>\n","protected":false},"featured_media":11566,"template":"","meta":[],"translation":{"provider":"WPGlobus","version":"2.7.3","language":"it","enabled_languages":["es","en","ar","it"],"languages":{"es":{"title":true,"content":true,"excerpt":true},"en":{"title":false,"content":false,"excerpt":false},"ar":{"title":false,"content":false,"excerpt":false},"it":{"title":false,"content":false,"excerpt":false}}},"yoast_head":"<!-- This site is optimized with the Yoast SEO Premium plugin v16.2 - https:\/\/yoast.com\/wordpress\/plugins\/seo\/ -->\n<title>Reconocimiento m\u00e9dico biomec\u00e1nico funcional para ni\u00f1os - Clinica nasser. Tratamiento del dolor y rehabilitaci\u00f3n Zaragoza<\/title>\n<meta name=\"robots\" content=\"index, follow, max-snippet:-1, max-image-preview:large, max-video-preview:-1\" \/>\n<link rel=\"canonical\" href=\"https:\/\/clinicanasser.es\/producto\/reconocimiento-medico-biomecanico-funcional-para-ninos\/\" \/>\n<meta property=\"og:locale\" content=\"it_IT\" \/>\n<meta property=\"og:type\" content=\"article\" \/>\n<meta property=\"og:title\" content=\"Reconocimiento m\u00e9dico biomec\u00e1nico funcional para ni\u00f1os - Clinica nasser. Tratamiento del dolor y rehabilitaci\u00f3n Zaragoza\" \/>\n<meta property=\"og:url\" content=\"https:\/\/clinicanasser.es\/producto\/reconocimiento-medico-biomecanico-funcional-para-ninos\/\" \/>\n<meta property=\"og:site_name\" content=\"Clinica nasser. Tratamiento del dolor y rehabilitaci\u00f3n Zaragoza\" \/>\n<meta property=\"article:publisher\" content=\"https:\/\/www.facebook.com\/clinicanasserspain\/\" \/>\n<meta property=\"article:modified_time\" content=\"2024-01-21T16:42:10+00:00\" \/>\n<meta property=\"og:image\" content=\"https:\/\/clinicanasser.es\/wp-content\/uploads\/2024\/01\/sliider-reconocimientos-Feed-Ad.png\" \/>\n\t<meta property=\"og:image:width\" content=\"1080\" \/>\n\t<meta property=\"og:image:height\" content=\"1080\" \/>\n<meta name=\"twitter:card\" content=\"summary_large_image\" \/>\n<meta name=\"twitter:label1\" content=\"Est. reading time\">\n\t<meta name=\"twitter:data1\" content=\"2 minutes\">\n<script type=\"application\/ld+json\" class=\"yoast-schema-graph\">{\"@context\":\"https:\/\/schema.org\",\"@graph\":[{\"@type\":\"Organization\",\"@id\":\"https:\/\/clinicanasser.es\/#organization\",\"name\":\"Cl\\u00ednica Nasser\",\"url\":\"https:\/\/clinicanasser.es\/\",\"sameAs\":[\"https:\/\/www.facebook.com\/clinicanasserspain\/\",\"https:\/\/www.instagram.com\/clinica_nasser\/\",\"https:\/\/www.youtube.com\/channel\/UCjOFF9Kh4GHV2vhZkZx4yog\"],\"logo\":{\"@type\":\"ImageObject\",\"@id\":\"https:\/\/clinicanasser.es\/#logo\",\"inLanguage\":\"it-IT\",\"url\":\"https:\/\/clinicanasser.es\/wp-content\/uploads\/2019\/01\/Favicon-Clinica-Nasser.png\",\"contentUrl\":\"https:\/\/clinicanasser.es\/wp-content\/uploads\/2019\/01\/Favicon-Clinica-Nasser.png\",\"width\":512,\"height\":512,\"caption\":\"Cl\\u00ednica Nasser\"},\"image\":{\"@id\":\"https:\/\/clinicanasser.es\/#logo\"}},{\"@type\":\"WebSite\",\"@id\":\"https:\/\/clinicanasser.es\/#website\",\"url\":\"https:\/\/clinicanasser.es\/\",\"name\":\"Clinica nasser. Tratamiento del dolor y rehabilitaci\\u00f3n Zaragoza\",\"description\":\"Cl\\u00ednica especializada en tratamiento del dolor, rehabilitaci\\u00f3n fisico - deportiva y preparaciones f\\u00edsicas. Cl\\u00ednica en Zaragoza\",\"publisher\":{\"@id\":\"https:\/\/clinicanasser.es\/#organization\"},\"potentialAction\":[{\"@type\":\"SearchAction\",\"target\":\"https:\/\/clinicanasser.es\/?s={search_term_string}\",\"query-input\":\"required name=search_term_string\"}],\"inLanguage\":\"it-IT\"},{\"@type\":\"ImageObject\",\"@id\":\"https:\/\/clinicanasser.es\/producto\/reconocimiento-medico-biomecanico-funcional-para-ninos\/#primaryimage\",\"inLanguage\":\"it-IT\",\"url\":\"https:\/\/clinicanasser.es\/wp-content\/uploads\/2024\/01\/sliider-reconocimientos-Feed-Ad.png\",\"contentUrl\":\"https:\/\/clinicanasser.es\/wp-content\/uploads\/2024\/01\/sliider-reconocimientos-Feed-Ad.png\",\"width\":1080,\"height\":1080},{\"@type\":\"WebPage\",\"@id\":\"https:\/\/clinicanasser.es\/producto\/reconocimiento-medico-biomecanico-funcional-para-ninos\/#webpage\",\"url\":\"https:\/\/clinicanasser.es\/producto\/reconocimiento-medico-biomecanico-funcional-para-ninos\/\",\"name\":\"Reconocimiento m\\u00e9dico biomec\\u00e1nico funcional para ni\\u00f1os - Clinica nasser. Tratamiento del dolor y rehabilitaci\\u00f3n Zaragoza\",\"isPartOf\":{\"@id\":\"https:\/\/clinicanasser.es\/#website\"},\"primaryImageOfPage\":{\"@id\":\"https:\/\/clinicanasser.es\/producto\/reconocimiento-medico-biomecanico-funcional-para-ninos\/#primaryimage\"},\"datePublished\":\"2024-01-05T10:09:58+00:00\",\"dateModified\":\"2024-01-21T16:42:10+00:00\",\"description\":\"Es un reconocimiento m\\u00e9dico-biomec\\u00e1nico y f\\u00edsico-funcional adaptado a la edad. Se llevar\\u00e1 a cabo una evaluaci\\u00f3n exhaustiva de la salud f\\u00edsica y biomec\\u00e1nica del ni\\u00f1os\/ni\\u00f1a a lo largo de toda la etapa educativa. Se emitir\\u00e1 Informe personalizado de seguimiento individual y protocolos a seguir.\",\"breadcrumb\":{\"@id\":\"https:\/\/clinicanasser.es\/producto\/reconocimiento-medico-biomecanico-funcional-para-ninos\/#breadcrumb\"},\"inLanguage\":\"it-IT\",\"potentialAction\":[{\"@type\":\"ReadAction\",\"target\":[\"https:\/\/clinicanasser.es\/producto\/reconocimiento-medico-biomecanico-funcional-para-ninos\/\"]}]},{\"@type\":\"BreadcrumbList\",\"@id\":\"https:\/\/clinicanasser.es\/producto\/reconocimiento-medico-biomecanico-funcional-para-ninos\/#breadcrumb\",\"itemListElement\":[{\"@type\":\"ListItem\",\"position\":1,\"item\":{\"@type\":\"WebPage\",\"@id\":\"https:\/\/clinicanasser.es\/\",\"url\":\"https:\/\/clinicanasser.es\/\",\"name\":\"Inicio\"}},{\"@type\":\"ListItem\",\"position\":2,\"item\":{\"@type\":\"WebPage\",\"@id\":\"https:\/\/clinicanasser.es\/en\/tienda\/\",\"url\":\"https:\/\/clinicanasser.es\/en\/tienda\/\",\"name\":\"Tienda\"}},{\"@type\":\"ListItem\",\"position\":3,\"item\":{\"@id\":\"https:\/\/clinicanasser.es\/producto\/reconocimiento-medico-biomecanico-funcional-para-ninos\/#webpage\"}}]}]}<\/script>\n<!-- \/ Yoast SEO Premium plugin. -->","_links":{"self":[{"href":"https:\/\/clinicanasser.es\/it\/wp-json\/wp\/v2\/product\/11564"}],"collection":[{"href":"https:\/\/clinicanasser.es\/it\/wp-json\/wp\/v2\/product"}],"about":[{"href":"https:\/\/clinicanasser.es\/it\/wp-json\/wp\/v2\/types\/product"}],"wp:featuredmedia":[{"embeddable":true,"href":"https:\/\/clinicanasser.es\/it\/wp-json\/wp\/v2\/media\/11566"}],"wp:attachment":[{"href":"https:\/\/clinicanasser.es\/it\/wp-json\/wp\/v2\/media?parent=11564"}],"curies":[{"name":"wp","href":"https:\/\/api.w.org\/{rel}","templated":true}]}}