{"id":10478,"date":"2022-02-18T13:53:02","date_gmt":"2022-02-18T11:53:02","guid":{"rendered":"https:\/\/clinicanasser.es\/?post_type=product&#038;p=10478"},"modified":"2023-09-22T13:29:58","modified_gmt":"2023-09-22T11:29:58","slug":"paquete-premium","status":"publish","type":"product","link":"https:\/\/clinicanasser.es\/it\/producto\/paquete-premium\/","title":{"rendered":"Servicio de Training Pack Premium"},"content":{"rendered":"<p>[vc_row][vc_column][vc_tta_tabs][vc_tta_section title=&#8221;Qu\u00e9 vas a recibir&#8221; tab_id=&#8221;1645187705388-8f034e28-da14&#8243;][vc_video link=&#8221;https:\/\/vimeo.com\/561686721&#8243;][\/vc_tta_section][vc_tta_section title=&#8221;C\u00f3mo nos vamos a comunicar&#8221; tab_id=&#8221;1645187724954-016cfb2d-9fcf&#8221;][vc_video link=&#8221;https:\/\/vimeo.com\/561687250&#8243;][\/vc_tta_section][vc_tta_section title=&#8221;Descripci\u00f3n&#8221; tab_id=&#8221;1645433095777-4083cd12-2cc0&#8243;][vc_column_text]<\/p>\n<ul>\n<li>Mensualmente obtendr\u00e1s una planificaci\u00f3n deportiva, personalizada con tus datos fisiol\u00f3gicos, enfocada a tu objetivo final.<\/li>\n<li>Videoconferencia inicial con tu entrenador para reconocimiento y pautas.<\/li>\n<li>Podr\u00e1s enviar tus dudas y comentarios semanalmente a tu entrenador.<\/li>\n<li>En nuestra plataforma, Training Peaks, estar\u00e1n incluidos los datos de tus entrenamientos. A trav\u00e9s de ella nos comunicaremos siempre. As\u00ed sabr\u00e1s permanentemente c\u00f3mo y cu\u00e1ndo debes entrenar.<\/li>\n<li>Contacto quincenal por videoconferencia con tu entrenador.<\/li>\n<li>Acceso completo a v\u00eddeos y recursos de nuestra plataforma.<\/li>\n<li>Informe final detallado por segmentos. A diferencia del informe global, obtendr\u00e1s valiosa informaci\u00f3n, orientada a incrementar tu condici\u00f3n f\u00edsica de cara a tus futuros retos deportivos.<\/li>\n<\/ul>\n<p>[\/vc_column_text][\/vc_tta_section][\/vc_tta_tabs][\/vc_column][\/vc_row][vc_row][vc_column][vc_empty_space][vc_column_text]Suscribi\u00e9ndote al paquete premium estar\u00e1s asesorado por profesionales con amplio conocimiento y trayectoria<\/p>\n<h5><a href=\"https:\/\/www.trainingpack.es\/carlos-castellar\/\">Carlos Castellar<\/a><\/h5>\n<p class=\"vc_custom_heading\">Doctor en Ciencias de la Actividad F\u00edsica y del Deporte y Entrenador nacional de nataci\u00f3n y triatl\u00f3n. En la actualidad es profesor de la Universidad de Zaragoza en la Facultad de Salud y del Deporte y en la Facultad de Ciencias Humanas y de la Educaci\u00f3n de Huesca.<\/p>\n<p>Fue ciclista amateur en el Club Ciclista Oscense y en el Club Ciclista Aragon\u00e9s. Posteriormente comenz\u00f3 una larga trayectoria como triatleta. Participando en numerosas pruebas del circuito nacional en distancia sprint, ol\u00edmpica, Half Ironman y Ironman (Ironman de Roth (Alemania) y Ironman de Zurich.<\/p>\n<h5><a href=\"https:\/\/www.trainingpack.es\/sergio-perez\/\">Sergio P\u00e9rez<\/a><\/h5>\n<p>Con m\u00e1s de 20 a\u00f1os de experiencia pedaleando, es colaborador en el Grupo de Investigaci\u00f3n ENFYRED. Ha trabajado cuatro a\u00f1os como t\u00e9cnico en la Vuelta Espa\u00f1a viviendo la carrera desde dentro del pelot\u00f3n y como coordinador de las selecciones auton\u00f3micas en la Federaci\u00f3n Aragonesa de Ciclismo<\/p>\n<p>Es entrenador nacional de ciclismo nivel III con una experiencia de\u00a0<strong>m\u00e1s de 1500 d\u00edas de competici\u00f3n<\/strong>, mayoritariamente en carretera con pruebas a nivel internacional UCI (Copa del Mundo, La Vuelta) d\u00f3nde corri\u00f3 cinco a\u00f1os. Tambi\u00e9n ha participado del Mountain Bike, Ciclocross y Duatl\u00f3n.<\/p>\n<p>Gracias a que contamos con muchos a\u00f1os de experiencia y de formaci\u00f3n, en <a href=\"https:\/\/clinicanasser.es\/preparacion-fisica-de-alto-rendimiento\/\">Cl\u00ednica Nasser<\/a> ayudamos a los deportistas profesionales y amateur a aumentar su rendimiento deportivo con tratamientos especializados.<\/p>\n<p>El paquete premium de Training Pack <strong>ofrece una serie de ventajas a\u00f1adidas respecto al b\u00e1sico<\/strong>.\u00a0 Objetivos intermedios adem\u00e1s de la prueba principal.[\/vc_column_text][\/vc_column][\/vc_row]<\/p>\n","protected":false},"excerpt":{"rendered":"<p>El paquete premium de <a href=\"http:\/\/trainingpack.es\">Training Pack<\/a> ofrece una serie de ventajas a\u00f1adidas respecto al b\u00e1sico. La planificaci\u00f3n deportiva puede personalizarse con objetivos intermedios, que te ayudar\u00e1n a medir tus mejoras progresivamente, adem\u00e1s de la prueba principal. No solo tendr\u00e1s la videoconferencia inicial, adem\u00e1s podr\u00e1s contactar con tu entrenador semanalmente. El costo para este servicio inicia desde los 107 \u20ac\/mes.<\/p>\n","protected":false},"featured_media":10492,"template":"","meta":[],"translation":{"provider":"WPGlobus","version":"2.7.3","language":"it","enabled_languages":["es","en","ar","it"],"languages":{"es":{"title":true,"content":true,"excerpt":true},"en":{"title":false,"content":false,"excerpt":false},"ar":{"title":false,"content":false,"excerpt":false},"it":{"title":false,"content":false,"excerpt":false}}},"yoast_head":"<!-- This site is optimized with the Yoast SEO Premium plugin v16.2 - https:\/\/yoast.com\/wordpress\/plugins\/seo\/ -->\n<title>Paquete premium de Training Pack | Cl\u00ednica Nasser<\/title>\n<meta name=\"robots\" content=\"index, follow, max-snippet:-1, max-image-preview:large, max-video-preview:-1\" \/>\n<link rel=\"canonical\" href=\"https:\/\/clinicanasser.es\/producto\/paquete-premium\/\" \/>\n<meta property=\"og:locale\" content=\"it_IT\" \/>\n<meta property=\"og:type\" content=\"article\" \/>\n<meta property=\"og:title\" content=\"Paquete premium de Training Pack | Cl\u00ednica Nasser\" \/>\n<meta property=\"og:url\" content=\"https:\/\/clinicanasser.es\/producto\/paquete-premium\/\" \/>\n<meta property=\"og:site_name\" content=\"Clinica nasser. Tratamiento del dolor y rehabilitaci\u00f3n Zaragoza\" \/>\n<meta property=\"article:publisher\" content=\"https:\/\/www.facebook.com\/clinicanasserspain\/\" \/>\n<meta property=\"article:modified_time\" content=\"2023-09-22T11:29:58+00:00\" \/>\n<meta property=\"og:image\" content=\"https:\/\/clinicanasser.es\/wp-content\/uploads\/2022\/02\/Running10.jpg\" \/>\n\t<meta property=\"og:image:width\" content=\"1200\" \/>\n\t<meta property=\"og:image:height\" content=\"675\" \/>\n<meta name=\"twitter:card\" content=\"summary_large_image\" \/>\n<meta name=\"twitter:label1\" content=\"Est. reading time\">\n\t<meta name=\"twitter:data1\" content=\"2 minutes\">\n<script type=\"application\/ld+json\" class=\"yoast-schema-graph\">{\"@context\":\"https:\/\/schema.org\",\"@graph\":[{\"@type\":\"Organization\",\"@id\":\"https:\/\/clinicanasser.es\/#organization\",\"name\":\"Cl\\u00ednica Nasser\",\"url\":\"https:\/\/clinicanasser.es\/\",\"sameAs\":[\"https:\/\/www.facebook.com\/clinicanasserspain\/\",\"https:\/\/www.instagram.com\/clinica_nasser\/\",\"https:\/\/www.youtube.com\/channel\/UCjOFF9Kh4GHV2vhZkZx4yog\"],\"logo\":{\"@type\":\"ImageObject\",\"@id\":\"https:\/\/clinicanasser.es\/#logo\",\"inLanguage\":\"it-IT\",\"url\":\"https:\/\/clinicanasser.es\/wp-content\/uploads\/2019\/01\/Favicon-Clinica-Nasser.png\",\"contentUrl\":\"https:\/\/clinicanasser.es\/wp-content\/uploads\/2019\/01\/Favicon-Clinica-Nasser.png\",\"width\":512,\"height\":512,\"caption\":\"Cl\\u00ednica Nasser\"},\"image\":{\"@id\":\"https:\/\/clinicanasser.es\/#logo\"}},{\"@type\":\"WebSite\",\"@id\":\"https:\/\/clinicanasser.es\/#website\",\"url\":\"https:\/\/clinicanasser.es\/\",\"name\":\"Clinica nasser. Tratamiento del dolor y rehabilitaci\\u00f3n Zaragoza\",\"description\":\"Cl\\u00ednica especializada en tratamiento del dolor, rehabilitaci\\u00f3n fisico - deportiva y preparaciones f\\u00edsicas. Cl\\u00ednica en Zaragoza\",\"publisher\":{\"@id\":\"https:\/\/clinicanasser.es\/#organization\"},\"potentialAction\":[{\"@type\":\"SearchAction\",\"target\":\"https:\/\/clinicanasser.es\/?s={search_term_string}\",\"query-input\":\"required name=search_term_string\"}],\"inLanguage\":\"it-IT\"},{\"@type\":\"ImageObject\",\"@id\":\"https:\/\/clinicanasser.es\/producto\/paquete-premium\/#primaryimage\",\"inLanguage\":\"it-IT\",\"url\":\"https:\/\/clinicanasser.es\/wp-content\/uploads\/2022\/02\/Running10.jpg\",\"contentUrl\":\"https:\/\/clinicanasser.es\/wp-content\/uploads\/2022\/02\/Running10.jpg\",\"width\":1200,\"height\":675},{\"@type\":\"WebPage\",\"@id\":\"https:\/\/clinicanasser.es\/producto\/paquete-premium\/#webpage\",\"url\":\"https:\/\/clinicanasser.es\/producto\/paquete-premium\/\",\"name\":\"Paquete premium de Training Pack | Cl\\u00ednica Nasser\",\"isPartOf\":{\"@id\":\"https:\/\/clinicanasser.es\/#website\"},\"primaryImageOfPage\":{\"@id\":\"https:\/\/clinicanasser.es\/producto\/paquete-premium\/#primaryimage\"},\"datePublished\":\"2022-02-18T11:53:02+00:00\",\"dateModified\":\"2023-09-22T11:29:58+00:00\",\"description\":\"El paquete premium de Training Pack ofrece una serie de ventajas a\\u00f1adidas respecto al b\\u00e1sico. Objetivos intermedios adem\\u00e1s de la prueba principal.\",\"breadcrumb\":{\"@id\":\"https:\/\/clinicanasser.es\/producto\/paquete-premium\/#breadcrumb\"},\"inLanguage\":\"it-IT\",\"potentialAction\":[{\"@type\":\"ReadAction\",\"target\":[\"https:\/\/clinicanasser.es\/producto\/paquete-premium\/\"]}]},{\"@type\":\"BreadcrumbList\",\"@id\":\"https:\/\/clinicanasser.es\/producto\/paquete-premium\/#breadcrumb\",\"itemListElement\":[{\"@type\":\"ListItem\",\"position\":1,\"item\":{\"@type\":\"WebPage\",\"@id\":\"https:\/\/clinicanasser.es\/\",\"url\":\"https:\/\/clinicanasser.es\/\",\"name\":\"Inicio\"}},{\"@type\":\"ListItem\",\"position\":2,\"item\":{\"@type\":\"WebPage\",\"@id\":\"https:\/\/clinicanasser.es\/en\/tienda\/\",\"url\":\"https:\/\/clinicanasser.es\/en\/tienda\/\",\"name\":\"Tienda\"}},{\"@type\":\"ListItem\",\"position\":3,\"item\":{\"@id\":\"https:\/\/clinicanasser.es\/producto\/paquete-premium\/#webpage\"}}]}]}<\/script>\n<!-- \/ Yoast SEO Premium plugin. -->","_links":{"self":[{"href":"https:\/\/clinicanasser.es\/it\/wp-json\/wp\/v2\/product\/10478"}],"collection":[{"href":"https:\/\/clinicanasser.es\/it\/wp-json\/wp\/v2\/product"}],"about":[{"href":"https:\/\/clinicanasser.es\/it\/wp-json\/wp\/v2\/types\/product"}],"wp:featuredmedia":[{"embeddable":true,"href":"https:\/\/clinicanasser.es\/it\/wp-json\/wp\/v2\/media\/10492"}],"wp:attachment":[{"href":"https:\/\/clinicanasser.es\/it\/wp-json\/wp\/v2\/media?parent=10478"}],"curies":[{"name":"wp","href":"https:\/\/api.w.org\/{rel}","templated":true}]}}