{"id":9893,"date":"2021-10-07T14:06:42","date_gmt":"2021-10-07T12:06:42","guid":{"rendered":"https:\/\/clinicanasser.es\/?page_id=9893"},"modified":"2021-11-15T11:10:19","modified_gmt":"2021-11-15T09:10:19","slug":"infiltracion-de-toxina-botulinica-en-cintura-escapular","status":"publish","type":"page","link":"https:\/\/clinicanasser.es\/it\/infiltracion-de-toxina-botulinica-en-cintura-escapular\/","title":{"rendered":"Infiltraci\u00f3n de toxina botul\u00ednica en cintura escapular"},"content":{"rendered":"<p>[vc_row][vc_column][vc_column_text]<\/p>\n<h2 style=\"text-align: left;\" align=\"center\">Infiltraci\u00f3n de toxina botul\u00ednica en cintura escapular<\/h2>\n<p>[\/vc_column_text][vc_empty_space][vc_column_text]<span style=\"color: #000000;\">Esta t\u00e9cnica consiste en el empleo de un medicamento especial conocido como toxina botul\u00ednica en el tratamiento del dolor del hombro, que se origina por contractura de los m\u00fasculos de la zona escapular, supraespinoso, infraespinoso y subescapular. Consiste en la infiltraci\u00f3n de peque\u00f1as cantidades de toxina en unos lugares cuya palpaci\u00f3n desencadena el cuadro de dolor muscular del paciente.<\/span>[\/vc_column_text][vc_empty_space][\/vc_column][\/vc_row][vc_row][vc_column][vc_tta_tabs][vc_tta_section title=&#8221;C\u00d3MO SE REALIZA&#8221; tab_id=&#8221;1633603973981-d8a038c1-c72c&#8221;][vc_column_text]<span style=\"color: #000000;\">Es una t\u00e9cnica poco dolorosa y muy sencilla. Se realiza en posici\u00f3n sentada, en unos 5-10 minutos dependiendo del n\u00famero de m\u00fasculos inyectados y siempre bajo control ecogr\u00e1fico.<\/span>[\/vc_column_text][\/vc_tta_section][vc_tta_section title=&#8221;BENEFICIO&#8221; tab_id=&#8221;1633603973990-72e21591-3d2b&#8221;][vc_column_text]<span style=\"color: #000000;\">Alivio del dolor y disminuci\u00f3n de la toma de analg\u00e9sicos.<\/span><\/p>\n<p><span style=\"color: #000000;\">La pretensi\u00f3n terap\u00e9utica es la de aliviar su dolor. Facilitar adem\u00e1s una relajaci\u00f3n muscular, para poder realizar un tratamiento \u00f3ptimo de fisioterapia basado en estiramientos progresivos, con una mejora de su funcionalidad, para en un par de meses poder empezar a fortalecer la zona de una forma controlada. Buscamos procurar una mayor percepci\u00f3n de su calidad de vida. Sin embargo, debe saber que el grado de alivio es muy variable de un paciente a otro.<\/span><\/p>\n<p><span style=\"color: #000000;\">La toxina botul\u00ednica tiene una duraci\u00f3n entre 3 y 6 meses, por lo que dependiendo de su patolog\u00eda, puede precisar de\u00a0 otras\u00a0 infiltraciones\u00a0 una\u00a0 vez\u00a0 pasados\u00a0 los\u00a0 efectos\u00a0 de\u00a0 la\u00a0 toxina. Es importante advertirle que la repetici\u00f3n de las infiltraciones puede provocar resistencias a futuras inyecciones y disminuci\u00f3n de su efecto.<\/span>[\/vc_column_text][\/vc_tta_section][vc_tta_section title=&#8221;EFICACIA&#8221; tab_id=&#8221;1633603975979-5fafb2d1-5cdf&#8221;][vc_column_text]<span style=\"color: #000000;\">Efectividad muy elevada, siempre que se corrijan las causas que la provocan: malas posturas de trabajo, trabajos en mala posici\u00f3n, exposici\u00f3n al frio (aire acondicionado), etc.<\/span><br \/>\n[\/vc_column_text][\/vc_tta_section][\/vc_tta_tabs][\/vc_column][\/vc_row][vc_row][vc_column width=&#8221;1\/2&#8243;][vc_empty_space][vc_empty_space][vc_column_text css=&#8221;.vc_custom_1633605560528{background-color: #0f72b5 !important;}&#8221;]<\/p>\n<h5 style=\"text-align: center;\"><span style=\"color: #ffffff;\">PARA QUI\u00c9N EST\u00c1 INDICADO<\/span><\/h5>\n<p>[\/vc_column_text][vc_column_text]<\/p>\n<p style=\"text-align: center;\"><span style=\"color: #000000;\">Dolores escapulares irradiados al cuello con bloqueo de la movilidad cervical, disminuci\u00f3n del riego cerebral (dolores de cabeza frecuentes, mareos, etc.), y casi siempre dolor irradiado al hombro, brazo y mano (s\u00edndrome cuelo, hombro, brazo, mano, etc.). <\/span><\/p>\n<p>[\/vc_column_text][vc_empty_space][vc_empty_space][\/vc_column][vc_column width=&#8221;1\/2&#8243;][vc_empty_space][vc_empty_space][vc_column_text css=&#8221;.vc_custom_1633605626062{background-color: #0f72b5 !important;}&#8221;]<\/p>\n<h5 style=\"text-align: center;\"><span style=\"color: #ffffff;\">PROFESIONAL QUE REALIZA LA SESI\u00d3N<\/span><\/h5>\n<p>[\/vc_column_text][vc_column_text]<\/p>\n<p style=\"text-align: center;\"><span style=\"color: #000000;\">Todas las sesiones de infiltraci\u00f3n son realizadas por nuestro cuerpo m\u00e9dico especializado en anestesiolog\u00eda. <\/span><\/p>\n<p>[\/vc_column_text][vc_empty_space][vc_empty_space][\/vc_column][\/vc_row]<\/p>\n","protected":false},"excerpt":{"rendered":"<p>[vc_row][vc_column][vc_column_text] Infiltraci\u00f3n de toxina botul\u00ednica en cintura escapular [\/vc_column_text][vc_empty_space][vc_column_text]Esta t\u00e9cnica consiste en el empleo de un medicamento especial conocido como toxina botul\u00ednica en el tratamiento del dolor del hombro, que se origina por contractura de los m\u00fasculos de la zona escapular, supraespinoso, infraespinoso y subescapular. Consiste en la infiltraci\u00f3n de<\/p>\n","protected":false},"author":1,"featured_media":0,"parent":0,"menu_order":0,"comment_status":"closed","ping_status":"closed","template":"","meta":[],"translation":{"provider":"WPGlobus","version":"2.7.3","language":"it","enabled_languages":["es","en","ar","it"],"languages":{"es":{"title":true,"content":true,"excerpt":false},"en":{"title":false,"content":false,"excerpt":false},"ar":{"title":false,"content":false,"excerpt":false},"it":{"title":false,"content":false,"excerpt":false}}},"yoast_head":"<!-- This site is optimized with the Yoast SEO Premium plugin v16.2 - https:\/\/yoast.com\/wordpress\/plugins\/seo\/ -->\n<title>Infiltraci\u00f3n de toxina botul\u00ednica en cintura escapular - Clinica nasser. Tratamiento del dolor y rehabilitaci\u00f3n Zaragoza<\/title>\n<meta name=\"robots\" content=\"index, follow, max-snippet:-1, max-image-preview:large, max-video-preview:-1\" \/>\n<link rel=\"canonical\" href=\"https:\/\/clinicanasser.es\/en\/infiltracion-de-toxina-botulinica-en-cintura-escapular\/\" \/>\n<meta property=\"og:locale\" content=\"it_IT\" \/>\n<meta property=\"og:type\" content=\"article\" \/>\n<meta property=\"og:title\" content=\"Infiltraci\u00f3n de toxina botul\u00ednica en cintura escapular - Clinica nasser. Tratamiento del dolor y rehabilitaci\u00f3n Zaragoza\" \/>\n<meta property=\"og:url\" content=\"https:\/\/clinicanasser.es\/en\/infiltracion-de-toxina-botulinica-en-cintura-escapular\/\" \/>\n<meta property=\"og:site_name\" content=\"Clinica nasser. Tratamiento del dolor y rehabilitaci\u00f3n Zaragoza\" \/>\n<meta property=\"article:publisher\" content=\"https:\/\/www.facebook.com\/clinicanasserspain\/\" \/>\n<meta property=\"article:modified_time\" content=\"2021-11-15T09:10:19+00:00\" \/>\n<meta name=\"twitter:card\" content=\"summary_large_image\" \/>\n<meta name=\"twitter:label1\" content=\"Est. reading time\">\n\t<meta name=\"twitter:data1\" content=\"2 minutes\">\n<script type=\"application\/ld+json\" class=\"yoast-schema-graph\">{\"@context\":\"https:\/\/schema.org\",\"@graph\":[{\"@type\":\"Organization\",\"@id\":\"https:\/\/clinicanasser.es\/#organization\",\"name\":\"Cl\\u00ednica Nasser\",\"url\":\"https:\/\/clinicanasser.es\/\",\"sameAs\":[\"https:\/\/www.facebook.com\/clinicanasserspain\/\",\"https:\/\/www.instagram.com\/clinica_nasser\/\",\"https:\/\/www.youtube.com\/channel\/UCjOFF9Kh4GHV2vhZkZx4yog\"],\"logo\":{\"@type\":\"ImageObject\",\"@id\":\"https:\/\/clinicanasser.es\/#logo\",\"inLanguage\":\"it-IT\",\"url\":\"https:\/\/clinicanasser.es\/wp-content\/uploads\/2019\/01\/Favicon-Clinica-Nasser.png\",\"contentUrl\":\"https:\/\/clinicanasser.es\/wp-content\/uploads\/2019\/01\/Favicon-Clinica-Nasser.png\",\"width\":512,\"height\":512,\"caption\":\"Cl\\u00ednica Nasser\"},\"image\":{\"@id\":\"https:\/\/clinicanasser.es\/#logo\"}},{\"@type\":\"WebSite\",\"@id\":\"https:\/\/clinicanasser.es\/#website\",\"url\":\"https:\/\/clinicanasser.es\/\",\"name\":\"Clinica nasser. Tratamiento del dolor y rehabilitaci\\u00f3n Zaragoza\",\"description\":\"Cl\\u00ednica especializada en tratamiento del dolor, rehabilitaci\\u00f3n fisico - deportiva y preparaciones f\\u00edsicas. Cl\\u00ednica en Zaragoza\",\"publisher\":{\"@id\":\"https:\/\/clinicanasser.es\/#organization\"},\"potentialAction\":[{\"@type\":\"SearchAction\",\"target\":\"https:\/\/clinicanasser.es\/?s={search_term_string}\",\"query-input\":\"required name=search_term_string\"}],\"inLanguage\":\"it-IT\"},{\"@type\":\"WebPage\",\"@id\":\"https:\/\/clinicanasser.es\/en\/infiltracion-de-toxina-botulinica-en-cintura-escapular\/#webpage\",\"url\":\"https:\/\/clinicanasser.es\/en\/infiltracion-de-toxina-botulinica-en-cintura-escapular\/\",\"name\":\"Infiltraci\\u00f3n de toxina botul\\u00ednica en cintura escapular - Clinica nasser. Tratamiento del dolor y rehabilitaci\\u00f3n Zaragoza\",\"isPartOf\":{\"@id\":\"https:\/\/clinicanasser.es\/#website\"},\"datePublished\":\"2021-10-07T12:06:42+00:00\",\"dateModified\":\"2021-11-15T09:10:19+00:00\",\"description\":\"La infiltraci\\u00f3n de toxina botul\\u00ednica se emplea en el tratamiento del dolor del hombro. Alivia el dolor y disminuye los analg\\u00e9sicos.\",\"breadcrumb\":{\"@id\":\"https:\/\/clinicanasser.es\/en\/infiltracion-de-toxina-botulinica-en-cintura-escapular\/#breadcrumb\"},\"inLanguage\":\"it-IT\",\"potentialAction\":[{\"@type\":\"ReadAction\",\"target\":[\"https:\/\/clinicanasser.es\/en\/infiltracion-de-toxina-botulinica-en-cintura-escapular\/\"]}]},{\"@type\":\"BreadcrumbList\",\"@id\":\"https:\/\/clinicanasser.es\/en\/infiltracion-de-toxina-botulinica-en-cintura-escapular\/#breadcrumb\",\"itemListElement\":[{\"@type\":\"ListItem\",\"position\":1,\"item\":{\"@type\":\"WebPage\",\"@id\":\"https:\/\/clinicanasser.es\/\",\"url\":\"https:\/\/clinicanasser.es\/\",\"name\":\"Inicio\"}},{\"@type\":\"ListItem\",\"position\":2,\"item\":{\"@id\":\"https:\/\/clinicanasser.es\/en\/infiltracion-de-toxina-botulinica-en-cintura-escapular\/#webpage\"}}]}]}<\/script>\n<!-- \/ Yoast SEO Premium plugin. -->","_links":{"self":[{"href":"https:\/\/clinicanasser.es\/it\/wp-json\/wp\/v2\/pages\/9893"}],"collection":[{"href":"https:\/\/clinicanasser.es\/it\/wp-json\/wp\/v2\/pages"}],"about":[{"href":"https:\/\/clinicanasser.es\/it\/wp-json\/wp\/v2\/types\/page"}],"author":[{"embeddable":true,"href":"https:\/\/clinicanasser.es\/it\/wp-json\/wp\/v2\/users\/1"}],"replies":[{"embeddable":true,"href":"https:\/\/clinicanasser.es\/it\/wp-json\/wp\/v2\/comments?post=9893"}],"version-history":[{"count":6,"href":"https:\/\/clinicanasser.es\/it\/wp-json\/wp\/v2\/pages\/9893\/revisions"}],"predecessor-version":[{"id":9977,"href":"https:\/\/clinicanasser.es\/it\/wp-json\/wp\/v2\/pages\/9893\/revisions\/9977"}],"wp:attachment":[{"href":"https:\/\/clinicanasser.es\/it\/wp-json\/wp\/v2\/media?parent=9893"}],"curies":[{"name":"wp","href":"https:\/\/api.w.org\/{rel}","templated":true}]}}