{"id":9599,"date":"2021-09-10T14:30:11","date_gmt":"2021-09-10T12:30:11","guid":{"rendered":"https:\/\/clinicanasser.es\/?page_id=9599"},"modified":"2021-09-14T08:12:09","modified_gmt":"2021-09-14T06:12:09","slug":"conoce-a-carlos-castellar","status":"publish","type":"page","link":"https:\/\/clinicanasser.es\/it\/conoce-a-carlos-castellar\/","title":{"rendered":"CONOCE A CARLOS CASTELLAR"},"content":{"rendered":"<p>[vc_row][vc_column][cms_title_header style=&#8221;style-0&#8243; is_center=&#8221;&#8221; title1=&#8221;Doctor en Ciencias de la Actividad F\u00edsica y del Deporte&#8221;][\/vc_column][\/vc_row][vc_row][vc_column width=&#8221;1\/2&#8243;][vc_empty_space][vc_single_image image=&#8221;6455&#8243;][\/vc_column][vc_column width=&#8221;1\/2&#8243;][vc_empty_space][vc_empty_space][vc_empty_space][vc_column_text]Ha trabajado como profesor de Educaci\u00f3n F\u00edsica en ense\u00f1anzas medias y como Coordinador de las Ense\u00f1anzas de T\u00e9cnico Deportivo en Deportes de Invierno del Gobierno de Arag\u00f3n. En la actualidad es <strong>profesor de la <a href=\"https:\/\/www.unizar.es\/\">Universidad de Zaragoza<\/a> en la <a href=\"https:\/\/fccsyd.unizar.es\/\">Facultad de Ciencias de la Salud y del Deporte<\/a>. Director t\u00e9cnico de la federaci\u00f3n aragonesa de triatl\u00f3n durante dos temporadas.<\/strong><\/p>\n<p>Pertenece al grupo de investigaci\u00f3n <strong>ENFYRED<\/strong> (Entrenamiento, actividad f\u00edsica y rendimiento deportivo) reconocido por el Gobierno de Arag\u00f3n. <strong>Est\u00e1 investigando el impacto que tiene sobre el organismo del deportista las carreras de Ultra-trail por monta\u00f1a.<\/strong>[\/vc_column_text][\/vc_column][\/vc_row][vc_row][vc_column][vc_empty_space][vc_column_text]<span style=\"font-weight: 400;\">Fue ciclista amateur en el Club Ciclista Oscense y en el Club Ciclista Aragon\u00e9s. Posteriormente comenz\u00f3 una larga trayectoria como triatleta, siendo el <\/span><b>pionero del triatl\u00f3n en Huesca<\/b><span style=\"font-weight: 400;\">. Ha participado en numerosas pruebas del circuito nacional en distancia sprint, ol\u00edmpica, Half Ironman y Ironman: Ironman de Roth (Alemania) y Ironman de Zurich (Suiza).<\/span><\/p>\n<p><b>Asesor f\u00edsico de deportistas<\/b><span style=\"font-weight: 400;\"> en <\/span><b>modalidades de resistencia<\/b><span style=\"font-weight: 400;\"> (ciclismo, carrera, carrera por monta\u00f1a, triatl\u00f3n, esqu\u00ed de fondo, \u2026)<\/span><b> y en pruebas de ultra resistencia por etapas<\/b><span style=\"font-weight: 400;\"> (Pierra Menta de esqu\u00ed de traves\u00eda o carrera de monta\u00f1a, Titan-Desert, Par\u00eds-Brest-Par\u00eds, Alps Epic, \u2026) en deportistas de medio y alto nivel.<\/span><\/p>\n<p><span style=\"font-weight: 400;\">Ha realizado investigaciones con deportistas campeones de Espa\u00f1a o de circuitos nacionales en disciplinas como: ciclismo de carretera, ciclismo de monta\u00f1a, carreras por monta\u00f1a, triatl\u00f3n de invierno, esqu\u00ed n\u00f3rdico, esqu\u00ed de monta\u00f1a, duatl\u00f3n y triatl\u00f3n.<\/span><\/p>\n<p><b>Asesora igualmente a personas con objetivos f\u00edsico-deportivos orientados hacia la salud<\/b><span style=\"font-weight: 400;\"> (carreras urbanas, p\u00e9rdida de peso, mejora del tono muscular, etc.).<\/span>[\/vc_column_text][\/vc_column][\/vc_row]<\/p>\n","protected":false},"excerpt":{"rendered":"<p>[vc_row][vc_column][cms_title_header style=&#8221;style-0&#8243; is_center=&#8221;&#8221; title1=&#8221;Doctor en Ciencias de la Actividad F\u00edsica y del Deporte&#8221;][\/vc_column][\/vc_row][vc_row][vc_column width=&#8221;1\/2&#8243;][vc_empty_space][vc_single_image image=&#8221;6455&#8243;][\/vc_column][vc_column width=&#8221;1\/2&#8243;][vc_empty_space][vc_empty_space][vc_empty_space][vc_column_text]Ha trabajado como profesor de Educaci\u00f3n F\u00edsica en ense\u00f1anzas medias y como Coordinador de las Ense\u00f1anzas de T\u00e9cnico Deportivo en Deportes de Invierno del Gobierno de Arag\u00f3n. En la actualidad es profesor de la Universidad<\/p>\n","protected":false},"author":1,"featured_media":0,"parent":0,"menu_order":0,"comment_status":"closed","ping_status":"closed","template":"","meta":[],"translation":{"provider":"WPGlobus","version":"2.7.3","language":"it","enabled_languages":["es","en","ar","it"],"languages":{"es":{"title":true,"content":true,"excerpt":false},"en":{"title":false,"content":false,"excerpt":false},"ar":{"title":false,"content":false,"excerpt":false},"it":{"title":false,"content":false,"excerpt":false}}},"yoast_head":"<!-- This site is optimized with the Yoast SEO Premium plugin v16.2 - https:\/\/yoast.com\/wordpress\/plugins\/seo\/ -->\n<title>CONOCE A CARLOS CASTELLAR - Clinica nasser. Tratamiento del dolor y rehabilitaci\u00f3n Zaragoza<\/title>\n<meta name=\"robots\" content=\"index, follow, max-snippet:-1, max-image-preview:large, max-video-preview:-1\" \/>\n<link rel=\"canonical\" href=\"https:\/\/clinicanasser.es\/en\/conoce-a-carlos-castellar\/\" \/>\n<meta property=\"og:locale\" content=\"it_IT\" \/>\n<meta property=\"og:type\" content=\"article\" \/>\n<meta property=\"og:title\" content=\"CONOCE A CARLOS CASTELLAR - Clinica nasser. Tratamiento del dolor y rehabilitaci\u00f3n Zaragoza\" \/>\n<meta property=\"og:url\" content=\"https:\/\/clinicanasser.es\/en\/conoce-a-carlos-castellar\/\" \/>\n<meta property=\"og:site_name\" content=\"Clinica nasser. Tratamiento del dolor y rehabilitaci\u00f3n Zaragoza\" \/>\n<meta property=\"article:publisher\" content=\"https:\/\/www.facebook.com\/clinicanasserspain\/\" \/>\n<meta property=\"article:modified_time\" content=\"2021-09-14T06:12:09+00:00\" \/>\n<meta name=\"twitter:card\" content=\"summary_large_image\" \/>\n<meta name=\"twitter:label1\" content=\"Est. reading time\">\n\t<meta name=\"twitter:data1\" content=\"2 minutes\">\n<script type=\"application\/ld+json\" class=\"yoast-schema-graph\">{\"@context\":\"https:\/\/schema.org\",\"@graph\":[{\"@type\":\"Organization\",\"@id\":\"https:\/\/clinicanasser.es\/#organization\",\"name\":\"Cl\\u00ednica Nasser\",\"url\":\"https:\/\/clinicanasser.es\/\",\"sameAs\":[\"https:\/\/www.facebook.com\/clinicanasserspain\/\",\"https:\/\/www.instagram.com\/clinica_nasser\/\",\"https:\/\/www.youtube.com\/channel\/UCjOFF9Kh4GHV2vhZkZx4yog\"],\"logo\":{\"@type\":\"ImageObject\",\"@id\":\"https:\/\/clinicanasser.es\/#logo\",\"inLanguage\":\"it-IT\",\"url\":\"https:\/\/clinicanasser.es\/wp-content\/uploads\/2019\/01\/Favicon-Clinica-Nasser.png\",\"contentUrl\":\"https:\/\/clinicanasser.es\/wp-content\/uploads\/2019\/01\/Favicon-Clinica-Nasser.png\",\"width\":512,\"height\":512,\"caption\":\"Cl\\u00ednica Nasser\"},\"image\":{\"@id\":\"https:\/\/clinicanasser.es\/#logo\"}},{\"@type\":\"WebSite\",\"@id\":\"https:\/\/clinicanasser.es\/#website\",\"url\":\"https:\/\/clinicanasser.es\/\",\"name\":\"Clinica nasser. Tratamiento del dolor y rehabilitaci\\u00f3n Zaragoza\",\"description\":\"Cl\\u00ednica especializada en tratamiento del dolor, rehabilitaci\\u00f3n fisico - deportiva y preparaciones f\\u00edsicas. Cl\\u00ednica en Zaragoza\",\"publisher\":{\"@id\":\"https:\/\/clinicanasser.es\/#organization\"},\"potentialAction\":[{\"@type\":\"SearchAction\",\"target\":\"https:\/\/clinicanasser.es\/?s={search_term_string}\",\"query-input\":\"required name=search_term_string\"}],\"inLanguage\":\"it-IT\"},{\"@type\":\"WebPage\",\"@id\":\"https:\/\/clinicanasser.es\/en\/conoce-a-carlos-castellar\/#webpage\",\"url\":\"https:\/\/clinicanasser.es\/en\/conoce-a-carlos-castellar\/\",\"name\":\"CONOCE A CARLOS CASTELLAR - Clinica nasser. Tratamiento del dolor y rehabilitaci\\u00f3n Zaragoza\",\"isPartOf\":{\"@id\":\"https:\/\/clinicanasser.es\/#website\"},\"datePublished\":\"2021-09-10T12:30:11+00:00\",\"dateModified\":\"2021-09-14T06:12:09+00:00\",\"description\":\"Actualmente es profesor de la Universidad de Zaragoza en la Facultad de Ciencias de la Salud y del Deporte.\",\"breadcrumb\":{\"@id\":\"https:\/\/clinicanasser.es\/en\/conoce-a-carlos-castellar\/#breadcrumb\"},\"inLanguage\":\"it-IT\",\"potentialAction\":[{\"@type\":\"ReadAction\",\"target\":[\"https:\/\/clinicanasser.es\/en\/conoce-a-carlos-castellar\/\"]}]},{\"@type\":\"BreadcrumbList\",\"@id\":\"https:\/\/clinicanasser.es\/en\/conoce-a-carlos-castellar\/#breadcrumb\",\"itemListElement\":[{\"@type\":\"ListItem\",\"position\":1,\"item\":{\"@type\":\"WebPage\",\"@id\":\"https:\/\/clinicanasser.es\/\",\"url\":\"https:\/\/clinicanasser.es\/\",\"name\":\"Inicio\"}},{\"@type\":\"ListItem\",\"position\":2,\"item\":{\"@id\":\"https:\/\/clinicanasser.es\/en\/conoce-a-carlos-castellar\/#webpage\"}}]}]}<\/script>\n<!-- \/ Yoast SEO Premium plugin. -->","_links":{"self":[{"href":"https:\/\/clinicanasser.es\/it\/wp-json\/wp\/v2\/pages\/9599"}],"collection":[{"href":"https:\/\/clinicanasser.es\/it\/wp-json\/wp\/v2\/pages"}],"about":[{"href":"https:\/\/clinicanasser.es\/it\/wp-json\/wp\/v2\/types\/page"}],"author":[{"embeddable":true,"href":"https:\/\/clinicanasser.es\/it\/wp-json\/wp\/v2\/users\/1"}],"replies":[{"embeddable":true,"href":"https:\/\/clinicanasser.es\/it\/wp-json\/wp\/v2\/comments?post=9599"}],"version-history":[{"count":20,"href":"https:\/\/clinicanasser.es\/it\/wp-json\/wp\/v2\/pages\/9599\/revisions"}],"predecessor-version":[{"id":9628,"href":"https:\/\/clinicanasser.es\/it\/wp-json\/wp\/v2\/pages\/9599\/revisions\/9628"}],"wp:attachment":[{"href":"https:\/\/clinicanasser.es\/it\/wp-json\/wp\/v2\/media?parent=9599"}],"curies":[{"name":"wp","href":"https:\/\/api.w.org\/{rel}","templated":true}]}}