{"id":5607,"date":"2019-09-16T16:35:43","date_gmt":"2019-09-16T14:35:43","guid":{"rendered":"https:\/\/clinicanasser.es\/pediatrics-copy\/"},"modified":"2022-09-16T11:23:34","modified_gmt":"2022-09-16T09:23:34","slug":"area-infantil-fisioterapia-pediatrica-deportiva","status":"publish","type":"page","link":"https:\/\/clinicanasser.es\/it\/area-infantil-fisioterapia-pediatrica-deportiva\/","title":{"rendered":"Area pediatrica"},"content":{"rendered":"<p>[vc_row][vc_column][rev_slider_vc alias=&#8221;home7_it&#8221;][\/vc_column][\/vc_row][vc_row css=&#8221;.vc_custom_1602845009473{padding-right: 0px !important;padding-left: 0px !important;}&#8221;][vc_column width=&#8221;1\/3&#8243; css=&#8221;.vc_custom_1501817776324{padding-right: 0px !important;padding-left: 0px !important;}&#8221;][cms_fancybox_single fancy_style=&#8221;style-2&#8243; background_color=&#8221;#46b9e3&#8243; top_overlap=&#8221;1&#8243; top_background_color=&#8221;rgba(16,32,53,0.1)&#8221; title_item=&#8221;L&#8217;EQUILIBRIO E L&#8217;AGILIT\u00c0&#8221; cms_template=&#8221;cms_fancybox_single.php&#8221; title_thin=&#8221;POTENZIAMO&#8221; description_item=&#8221;Facciamo in modo che i bambini migliorino l&#8217;equilibrio e sfruttino la loro agilit\u00e0 per renderli pi\u00f9 dinamici nei loro esercizi fisici&#8221; link=&#8221;url:https%3A%2F%2Fclinicanasser.es%2Fcontacto%2F|title:Consulta%20uno%20specialista||&#8221;][\/vc_column][vc_column width=&#8221;1\/3&#8243; css=&#8221;.vc_custom_1501817783987{padding-right: 0px !important;padding-left: 0px !important;}&#8221;][cms_fancybox_single fancy_style=&#8221;style-2&#8243; background_color=&#8221;#249cd2&#8243; top_overlap=&#8221;1&#8243; top_background_color=&#8221;rgba(16,32,53,0.1)&#8221; title_item=&#8221;LA SUA CORDINAZIONE, POTENZA E FORZA&#8221; cms_template=&#8221;cms_fancybox_single.php&#8221; title_thin=&#8221;MIGLIORIAMO&#8221; description_item=&#8221;Operiamo dinamiche che permetteranno ai bambini di ottenere una migliore coordinazione, di guadagnare pi\u00f9 potenza e forza nei muscoli&#8221; link=&#8221;url:https%3A%2F%2Fclinicanasser.es%2Fcontacto%2F|title:Consulta%20uno%20specialista||&#8221;][\/vc_column][vc_column width=&#8221;1\/3&#8243; css=&#8221;.vc_custom_1501817799725{padding-right: 0px !important;padding-left: 0px !important;}&#8221;][cms_fancybox_single fancy_style=&#8221;style-2&#8243; background_color=&#8221;#027fc2&#8243; top_overlap=&#8221;1&#8243; top_background_color=&#8221;rgba(16,32,53,0.1)&#8221; title_item=&#8221;SULLA LORO CONCENTRAZIONEY E DISCIPLINA&#8221; cms_template=&#8221;cms_fancybox_single.php&#8221; title_thin=&#8221;LAVORIAMO&#8221; description_item=&#8221;\u00c8 importante che il bambino esplori altre aree come quelle sportive per potenziare la sua concentrazione, la sua disciplina e il suo sviluppo personale&#8221; link=&#8221;url:https%3A%2F%2Fclinicanasser.es%2Fcontacto%2F|title:Consulta%20un%20professionista||&#8221;][\/vc_column][\/vc_row][vc_row css=&#8221;.vc_custom_1592562258826{margin-top: 10px !important;margin-bottom: 10px !important;}&#8221; el_id=&#8221;plan-postcovid&#8221;][vc_column width=&#8221;1\/12&#8243; data_delay=&#8221;&#8221;][\/vc_column][vc_column width=&#8221;10\/12&#8243;][vc_empty_space height=&#8221;60px&#8221;][vc_custom_heading text=&#8221;Piano speciale post-COVID&#8221; font_container=&#8221;tag:h4|text_align:center|line_height:1&#8243; use_theme_fonts=&#8221;yes&#8221; uppercase=&#8221;1&#8243; thin=&#8221;1&#8243; css=&#8221;.vc_custom_1626084126886{margin-bottom: 10px !important;}&#8221;][vc_custom_heading text=&#8221;Di attivit\u00e0 fisica e fisioterapia sportiva infantile&#8221; font_container=&#8221;tag:h2|text_align:center|line_height:0.8&#8243; use_theme_fonts=&#8221;yes&#8221; uppercase=&#8221;1&#8243; thin=&#8221;&#8221; css=&#8221;.vc_custom_1626084160831{margin-bottom: 40px !important;}&#8221;][vc_column_text font_size=&#8221;20px&#8221; line_height=&#8221;30px&#8221; color=&#8221;#102035&#8243;]<strong>Attiviamo i nostri figli<\/strong><\/p>\n<p><span id=\"s2_1\">Dopo il confinamento, i piccoli della casa hanno bisogno di tornare in azione, di lavorare quelle<strong> capacit\u00e0 fisiche<\/strong> che non hanno potuto sviluppare facilmente durante il confinamento come la forza, la resistenza, il coordinamento, la propiocostrizione, l&#8217;equilibrio, l&#8217;agilit\u00e0, il sacrificio, le sane abitudini alimentari&#8230; In conclusione, <strong>che lo sport e il gioco siano un meccanismo di disciplina sportiva in generale giorno per giorno.<\/strong><\/span><\/p>\n<p><span id=\"s2_2\">Per questo motivo, nel rispetto di tutti i parametri di sicurezza imposti dalla Sanit\u00e0, lavoriamo nel <strong>settore dello sport e della fisioterapia sportiva<\/strong> per aiutare i nostri giovani a tornare ad ottenere le prestazioni adeguate. Preparati al ritorno alla normalit\u00e0&#8230; piani individuali o di gruppo.<\/span>[\/vc_column_text][\/vc_column][vc_column width=&#8221;1\/12&#8243;][\/vc_column][\/vc_row][vc_row][vc_column][vc_empty_space height=&#8221;60px&#8221;][\/vc_column][\/vc_row][vc_row full_width=&#8221;stretch_row&#8221; css=&#8221;.vc_custom_1592562679576{padding-top: 32px !important;padding-bottom: 32px !important;background-color: rgba(2,127,194,0.9) !important;*background-color: rgb(2,127,194) !important;}&#8221;][vc_column width=&#8221;1\/12&#8243; data_delay=&#8221;&#8221;][\/vc_column][vc_column width=&#8221;10\/12&#8243;][vc_custom_heading text=&#8221;Benvenut@ all'&#8221; font_container=&#8221;tag:h4|text_align:center|color:%23ffffff|line_height:1&#8243; use_theme_fonts=&#8221;yes&#8221; uppercase=&#8221;1&#8243; thin=&#8221;1&#8243; css=&#8221;.vc_custom_1626084337408{margin-bottom: 10px !important;}&#8221;][vc_custom_heading text=&#8221;Area pediatrica&#8221; font_container=&#8221;tag:h2|text_align:center|color:%23ffffff|line_height:0.8&#8243; use_theme_fonts=&#8221;yes&#8221; uppercase=&#8221;1&#8243; thin=&#8221;&#8221; css=&#8221;.vc_custom_1626084351279{margin-bottom: 40px !important;}&#8221;][vc_column_text font_size=&#8221;20px&#8221; line_height=&#8221;30px&#8221; color=&#8221;#102035&#8243; el_class=&#8221;estilo_texto_blanco&#8221;]<span id=\"s2_1\">Tutti i nostri professionisti sono fisioterapisti specializzati in fisioterapia dello sport e prestazioni sportive e riescono a migliorare le abilit\u00e0 fisiche di una persona fin dalla pi\u00f9 tenera et\u00e0, le nostre tecniche sono sempre eseguite con la norma di NON AGGRESSIONE ARTICOLARE per ottenere il nostro slogan:<\/span><\/p>\n<p><strong><span id=\"s2_2\">Che il bambino abbia una lunga vita sportiva.<\/span><\/strong>[\/vc_column_text][\/vc_column][vc_column width=&#8221;1\/12&#8243;][\/vc_column][\/vc_row][vc_row full_width=&#8221;stretch_row&#8221; padding_top=&#8221;padding_top_100&#8243; padding_bottom=&#8221;padding_bottom_100&#8243; overlay_opacity=&#8221;true&#8221; bg_fixed=&#8221;true&#8221; space30=&#8221;&#8221; css=&#8221;.vc_custom_1592562564459{background: rgba(0,0,0,0.36) url(http:\/\/dev.joomexp.com\/wordpress\/wp-medix\/wp-content\/uploads\/2017\/06\/subscribe-pediatrical.jpg?id=1458) !important;background-position: center !important;background-repeat: no-repeat !important;background-size: cover !important;*background-color: rgb(0,0,0) !important;}&#8221;][vc_column css_animation=&#8221;fadeIn&#8221;][vc_custom_heading text=&#8221;Iscriviti&#8221; font_container=&#8221;tag:h4|text_align:center|color:%23ffffff|line_height:1&#8243; use_theme_fonts=&#8221;yes&#8221; uppercase=&#8221;1&#8243; thin=&#8221;1&#8243;][vc_custom_heading text=&#8221;E conosci i migliori consigli per i nostri bambini&#8221; font_container=&#8221;tag:h2|text_align:center|color:%23ffffff|line_height:0.8&#8243; use_theme_fonts=&#8221;yes&#8221; uppercase=&#8221;1&#8243; thin=&#8221;&#8221; css=&#8221;.vc_custom_1626084533207{margin-bottom: 30px !important;}&#8221;][vc_widget_sidebar sidebar_id=&#8221;newsletter&#8221;][\/vc_column][\/vc_row]<\/p>\n","protected":false},"excerpt":{"rendered":"<p>[vc_row][vc_column][rev_slider_vc alias=&#8221;home7_it&#8221;][\/vc_column][\/vc_row][vc_row css=&#8221;.vc_custom_1602845009473{padding-right: 0px !important;padding-left: 0px !important;}&#8221;][vc_column width=&#8221;1\/3&#8243; css=&#8221;.vc_custom_1501817776324{padding-right: 0px !important;padding-left: 0px !important;}&#8221;][cms_fancybox_single fancy_style=&#8221;style-2&#8243; background_color=&#8221;#46b9e3&#8243; top_overlap=&#8221;1&#8243; top_background_color=&#8221;rgba(16,32,53,0.1)&#8221; title_item=&#8221;L&#8217;EQUILIBRIO E L&#8217;AGILIT\u00c0&#8221; cms_template=&#8221;cms_fancybox_single.php&#8221; title_thin=&#8221;POTENZIAMO&#8221; description_item=&#8221;Facciamo in modo che i bambini migliorino l&#8217;equilibrio e sfruttino la loro agilit\u00e0 per renderli pi\u00f9 dinamici nei loro esercizi fisici&#8221; link=&#8221;url:https%3A%2F%2Fclinicanasser.es%2Fcontacto%2F|title:Consulta%20uno%20specialista||&#8221;][\/vc_column][vc_column width=&#8221;1\/3&#8243; css=&#8221;.vc_custom_1501817783987{padding-right: 0px !important;padding-left: 0px !important;}&#8221;][cms_fancybox_single<\/p>\n","protected":false},"author":1,"featured_media":0,"parent":0,"menu_order":0,"comment_status":"closed","ping_status":"closed","template":"","meta":[],"translation":{"provider":"WPGlobus","version":"2.7.3","language":"it","enabled_languages":["es","en","ar","it"],"languages":{"es":{"title":true,"content":true,"excerpt":false},"en":{"title":false,"content":false,"excerpt":false},"ar":{"title":false,"content":false,"excerpt":false},"it":{"title":true,"content":true,"excerpt":false}}},"yoast_head":"<!-- This site is optimized with the Yoast SEO Premium plugin v16.2 - https:\/\/yoast.com\/wordpress\/plugins\/seo\/ -->\n<title>Area pediatrica, lavoriamo nell&#039; area sportiva | Clinica Nasser<\/title>\n<meta name=\"description\" content=\"Operiamo dinamiche che permetteranno ai bambini di ottenere una migliore coordinazione, di guadagnare pi\u00f9 potenza e forza nei muscoli\" \/>\n<meta name=\"robots\" content=\"index, follow, max-snippet:-1, max-image-preview:large, max-video-preview:-1\" \/>\n<link rel=\"canonical\" href=\"https:\/\/clinicanasser.es\/area-infantil-fisioterapia-pediatrica-deportiva\/\" \/>\n<meta property=\"og:locale\" content=\"it_IT\" \/>\n<meta property=\"og:type\" content=\"article\" \/>\n<meta property=\"og:title\" content=\"Fisioterapia pedi\u00e1trica deportiva para los ni\u00f1os | Cl\u00ednica Nasser\" \/>\n<meta property=\"og:description\" content=\"Operiamo dinamiche che permetteranno ai bambini di ottenere una migliore coordinazione, di guadagnare pi\u00f9 potenza e forza nei muscoli\" \/>\n<meta property=\"og:url\" content=\"https:\/\/clinicanasser.es\/area-infantil-fisioterapia-pediatrica-deportiva\/\" \/>\n<meta property=\"og:site_name\" content=\"Clinica nasser. Tratamiento del dolor y rehabilitaci\u00f3n Zaragoza\" \/>\n<meta property=\"article:publisher\" content=\"https:\/\/www.facebook.com\/clinicanasserspain\/\" \/>\n<meta property=\"article:modified_time\" content=\"2022-09-16T09:23:34+00:00\" \/>\n<meta name=\"twitter:card\" content=\"summary_large_image\" \/>\n<meta name=\"twitter:label1\" content=\"Est. reading time\">\n\t<meta name=\"twitter:data1\" content=\"2 minutes\">\n<script type=\"application\/ld+json\" class=\"yoast-schema-graph\">{\"@context\":\"https:\/\/schema.org\",\"@graph\":[{\"@type\":\"Organization\",\"@id\":\"https:\/\/clinicanasser.es\/#organization\",\"name\":\"Cl\\u00ednica Nasser\",\"url\":\"https:\/\/clinicanasser.es\/\",\"sameAs\":[\"https:\/\/www.facebook.com\/clinicanasserspain\/\",\"https:\/\/www.instagram.com\/clinica_nasser\/\",\"https:\/\/www.youtube.com\/channel\/UCjOFF9Kh4GHV2vhZkZx4yog\"],\"logo\":{\"@type\":\"ImageObject\",\"@id\":\"https:\/\/clinicanasser.es\/#logo\",\"inLanguage\":\"it-IT\",\"url\":\"https:\/\/clinicanasser.es\/wp-content\/uploads\/2019\/01\/Favicon-Clinica-Nasser.png\",\"contentUrl\":\"https:\/\/clinicanasser.es\/wp-content\/uploads\/2019\/01\/Favicon-Clinica-Nasser.png\",\"width\":512,\"height\":512,\"caption\":\"Cl\\u00ednica Nasser\"},\"image\":{\"@id\":\"https:\/\/clinicanasser.es\/#logo\"}},{\"@type\":\"WebSite\",\"@id\":\"https:\/\/clinicanasser.es\/#website\",\"url\":\"https:\/\/clinicanasser.es\/\",\"name\":\"Clinica nasser. Tratamiento del dolor y rehabilitaci\\u00f3n Zaragoza\",\"description\":\"Cl\\u00ednica especializada en tratamiento del dolor, rehabilitaci\\u00f3n fisico - deportiva y preparaciones f\\u00edsicas. Cl\\u00ednica en Zaragoza\",\"publisher\":{\"@id\":\"https:\/\/clinicanasser.es\/#organization\"},\"potentialAction\":[{\"@type\":\"SearchAction\",\"target\":\"https:\/\/clinicanasser.es\/?s={search_term_string}\",\"query-input\":\"required name=search_term_string\"}],\"inLanguage\":\"it-IT\"},{\"@type\":\"WebPage\",\"@id\":\"https:\/\/clinicanasser.es\/area-infantil-fisioterapia-pediatrica-deportiva\/#webpage\",\"url\":\"https:\/\/clinicanasser.es\/area-infantil-fisioterapia-pediatrica-deportiva\/\",\"name\":\"Fisioterapia pedi\\u00e1trica deportiva para los ni\\u00f1os | Cl\\u00ednica Nasser\",\"isPartOf\":{\"@id\":\"https:\/\/clinicanasser.es\/#website\"},\"datePublished\":\"2019-09-16T14:35:43+00:00\",\"dateModified\":\"2022-09-16T09:23:34+00:00\",\"description\":\"Din\\u00e1micas de fisioterapia pedi\\u00e1trica deportiva para que los ni\\u00f1os tengan una mejor coordinaci\\u00f3n, ganen m\\u00e1s potencia y fuerza en sus m\\u00fasculos\",\"breadcrumb\":{\"@id\":\"https:\/\/clinicanasser.es\/area-infantil-fisioterapia-pediatrica-deportiva\/#breadcrumb\"},\"inLanguage\":\"it-IT\",\"potentialAction\":[{\"@type\":\"ReadAction\",\"target\":[\"https:\/\/clinicanasser.es\/area-infantil-fisioterapia-pediatrica-deportiva\/\"]}]},{\"@type\":\"BreadcrumbList\",\"@id\":\"https:\/\/clinicanasser.es\/area-infantil-fisioterapia-pediatrica-deportiva\/#breadcrumb\",\"itemListElement\":[{\"@type\":\"ListItem\",\"position\":1,\"item\":{\"@type\":\"WebPage\",\"@id\":\"https:\/\/clinicanasser.es\/\",\"url\":\"https:\/\/clinicanasser.es\/\",\"name\":\"Inicio\"}},{\"@type\":\"ListItem\",\"position\":2,\"item\":{\"@id\":\"https:\/\/clinicanasser.es\/area-infantil-fisioterapia-pediatrica-deportiva\/#webpage\"}}]}]}<\/script>\n<!-- \/ Yoast SEO Premium plugin. -->","_links":{"self":[{"href":"https:\/\/clinicanasser.es\/it\/wp-json\/wp\/v2\/pages\/5607"}],"collection":[{"href":"https:\/\/clinicanasser.es\/it\/wp-json\/wp\/v2\/pages"}],"about":[{"href":"https:\/\/clinicanasser.es\/it\/wp-json\/wp\/v2\/types\/page"}],"author":[{"embeddable":true,"href":"https:\/\/clinicanasser.es\/it\/wp-json\/wp\/v2\/users\/1"}],"replies":[{"embeddable":true,"href":"https:\/\/clinicanasser.es\/it\/wp-json\/wp\/v2\/comments?post=5607"}],"version-history":[{"count":24,"href":"https:\/\/clinicanasser.es\/it\/wp-json\/wp\/v2\/pages\/5607\/revisions"}],"predecessor-version":[{"id":10749,"href":"https:\/\/clinicanasser.es\/it\/wp-json\/wp\/v2\/pages\/5607\/revisions\/10749"}],"wp:attachment":[{"href":"https:\/\/clinicanasser.es\/it\/wp-json\/wp\/v2\/media?parent=5607"}],"curies":[{"name":"wp","href":"https:\/\/api.w.org\/{rel}","templated":true}]}}