{"id":4711,"date":"2018-11-08T12:38:18","date_gmt":"2018-11-08T10:38:18","guid":{"rendered":"https:\/\/clinicanasser.es\/?page_id=4711"},"modified":"2021-07-27T12:12:57","modified_gmt":"2021-07-27T10:12:57","slug":"preparacion-tecnica-como-metodo-de-prevencion-de-lesiones-en-el-esqui-alpino","status":"publish","type":"page","link":"https:\/\/clinicanasser.es\/it\/preparacion-tecnica-como-metodo-de-prevencion-de-lesiones-en-el-esqui-alpino\/","title":{"rendered":"Prevenzione Lesioni nello Sci Alpino"},"content":{"rendered":"<p>[vc_row][vc_column][vc_single_image image=&#8221;4725&#8243; img_size=&#8221;full&#8221;][vc_empty_space][vc_column_text]<span id=\"s2_1\">Al fine di evitare lesioni, realizziamo programmi di preparazione fisica specializzata in sci alpino focalizzati sull&#8217;ottimizzazione delle risorse tecniche e quindi avere una maggiore padronanza per prevenire le frequenti lesioni sportive in questa disciplina.<\/span><\/p>\n<p><span id=\"s2_2\">Quanto pi\u00f9 tecnico \u00e8 uno sciatore, tanto minori sono le probabilit\u00e0 di infortunio e tanto maggiori saranno le sue prestazioni e il controllo delle situazioni potenzialmente stressanti.<\/span><\/p>\n<p><span id=\"s2_1\">Nella Clinica Nasser offriamo un lavoro tecnico preventivo dove sviluppiamo le capacit\u00e0 fisiche come il condizionamento neuromuscolare, la resistenza alla fatica muscolare, la forza, l&#8217;agilit\u00e0, la propiozione, il fattore psicologico e la coordinazione.<\/span><br \/>\n<span id=\"s2_2\">Rivolto agli atleti di sci alpino di tutte le categorie esistenti, dai pi\u00f9 giovani alla categoria Masters, che hanno subito un infortunio e che necessitano di una riabilitazione fisica e psicologica specifica per riprendere la pratica dello sci alpino, o che vogliano preparare le loro condizioni fisiche per evitare lesioni future.<\/span><\/p>\n<p><strong>In cosa consiste<\/strong><\/p>\n<p>I nostri professionisti che oltre ad essere medici, fisioterapisti, osteopati e preparatori fisici sono tecnici superiori di livello III nella specialit\u00e0 di sci alpino, accompagnano lo sportivo in tutto il suo programma di preparazione fisica, che favorisce lo sport in modo controllato, misurato e professionale.[\/vc_column_text][vc_empty_space height=&#8221;40 px&#8221;][\/vc_column][\/vc_row][vc_row][vc_column width=&#8221;1\/4&#8243;][vc_video link=&#8221;https:\/\/vimeo.com\/559127747&#8243;][\/vc_column][vc_column width=&#8221;1\/4&#8243;][vc_video link=&#8221;https:\/\/vimeo.com\/559127697&#8243;][\/vc_column][vc_column width=&#8221;1\/4&#8243;][vc_video link=&#8221;https:\/\/vimeo.com\/559127850&#8243;][\/vc_column][vc_column width=&#8221;1\/4&#8243;][vc_video link=&#8221;https:\/\/vimeo.com\/561763753&#8243;][\/vc_column][vc_column][vc_empty_space height=&#8221;20 px&#8221;][vc_btn title=&#8221;Visualizza pi\u00f9 video&#8221; size=&#8221;lg&#8221; align=&#8221;center&#8221; i_icon_fontawesome=&#8221;fa fa-youtube-square&#8221; button_block=&#8221;true&#8221; add_icon=&#8221;true&#8221; link=&#8221;url:https%3A%2F%2Fwww.youtube.com%2Fuser%2Fclinicanasserzgz%2Fvideos|title:V%C3%ADdeos%20de%20Cl%C3%ADnica%20Nasser|target:%20_blank|&#8221;][\/vc_column][\/vc_row][vc_row][vc_column][vc_empty_space][vc_column_text]<strong>Prenota un appuntamento<\/strong> compilando questo formulario o tramite il nostro telefono <strong>976 216 995 e preparati alle tue migliori condizioni fisiche di questa stagione.<\/strong>[\/vc_column_text][vc_empty_space]<div role=\"form\" class=\"wpcf7\" id=\"wpcf7-f8878-o1\" lang=\"en-US\" dir=\"ltr\">\n<div class=\"screen-reader-response\"><p role=\"status\" aria-live=\"polite\" aria-atomic=\"true\"><\/p> <ul><\/ul><\/div>\n<form action=\"\/it\/wp-json\/wp\/v2\/pages\/4711#wpcf7-f8878-o1\" method=\"post\" class=\"wpcf7-form init\" novalidate=\"novalidate\" data-status=\"init\">\n<div style=\"display: none;\">\n<input type=\"hidden\" name=\"_wpcf7\" value=\"8878\" \/>\n<input type=\"hidden\" name=\"_wpcf7_version\" value=\"5.4.1\" \/>\n<input type=\"hidden\" name=\"_wpcf7_locale\" value=\"en_US\" \/>\n<input type=\"hidden\" name=\"_wpcf7_unit_tag\" value=\"wpcf7-f8878-o1\" \/>\n<input type=\"hidden\" name=\"_wpcf7_container_post\" value=\"0\" \/>\n<input type=\"hidden\" name=\"_wpcf7_posted_data_hash\" value=\"\" \/>\n<input type=\"hidden\" name=\"_wpcf7_recaptcha_response\" value=\"\" \/>\n<\/div>\n<div class=\"contact-form-style3\">\n<div class=\"row\">\n<div class=\"col-sm-6\">\n<p><span class=\"wpcf7-form-control-wrap nombre\"><input type=\"text\" name=\"nombre\" value=\"\" size=\"40\" class=\"wpcf7-form-control wpcf7-text wpcf7-validates-as-required\" aria-required=\"true\" aria-invalid=\"false\" placeholder=\"Nome e Cognome\" \/><\/span> <\/p>\n<p><span class=\"wpcf7-form-control-wrap email\"><input type=\"email\" name=\"email\" value=\"\" size=\"40\" class=\"wpcf7-form-control wpcf7-text wpcf7-email wpcf7-validates-as-required wpcf7-validates-as-email\" aria-required=\"true\" aria-invalid=\"false\" placeholder=\"email\" \/><\/span> <\/p>\n<p><span class=\"wpcf7-form-control-wrap patologia\"><input type=\"text\" name=\"patologia\" value=\"\" size=\"40\" class=\"wpcf7-form-control wpcf7-text wpcf7-validates-as-required\" aria-required=\"true\" aria-invalid=\"false\" placeholder=\"Indichi la sua patologia\" \/><\/span> <\/p>\n<\/div>\n<div class=\"col-sm-6\">\n<p><span class=\"wpcf7-form-control-wrap mensaje\"><textarea name=\"mensaje\" cols=\"40\" rows=\"10\" class=\"wpcf7-form-control wpcf7-textarea wpcf7-validates-as-required\" aria-required=\"true\" aria-invalid=\"false\" placeholder=\"Messaggio\"><\/textarea><\/span><\/p>\n<\/div>\n<\/div>\n<span class=\"wpcf7-form-control-wrap recaptcha\"><span data-sitekey=\"6LdPX20UAAAAAA6xDQWhxuxAJtAP9TnDi87WjrYk\" class=\"wpcf7-form-control g-recaptcha wpcf7-recaptcha\"><\/span>\r\n<noscript>\r\n\t<div class=\"grecaptcha-noscript\">\r\n\t\t<iframe src=\"https:\/\/www.google.com\/recaptcha\/api\/fallback?k=6LdPX20UAAAAAA6xDQWhxuxAJtAP9TnDi87WjrYk\" frameborder=\"0\" scrolling=\"no\" width=\"310\" height=\"430\">\r\n\t\t<\/iframe>\r\n\t\t<textarea name=\"g-recaptcha-response\" rows=\"3\" cols=\"40\" placeholder=\"reCaptcha Response Here\">\r\n\t\t<\/textarea>\r\n\t<\/div>\r\n<\/noscript>\r\n<\/span>\n<p class=\"text-center\"><input type=\"submit\" value=\"Fissa un appuntamento\" class=\"wpcf7-form-control wpcf7-submit btn btn-white\" \/><\/p>\n<\/div>\n<div class=\"wpcf7-response-output\" aria-hidden=\"true\"><\/div><\/form><\/div>[vc_empty_space][\/vc_column][\/vc_row]<\/p>\n","protected":false},"excerpt":{"rendered":"<p>[vc_row][vc_column][vc_single_image image=&#8221;4725&#8243; img_size=&#8221;full&#8221;][vc_empty_space][vc_column_text]Al fine di evitare lesioni, realizziamo programmi di preparazione fisica specializzata in sci alpino focalizzati sull&#8217;ottimizzazione delle risorse tecniche e quindi avere una maggiore padronanza per prevenire le frequenti lesioni sportive in questa disciplina. Quanto pi\u00f9 tecnico \u00e8 uno sciatore, tanto minori sono le probabilit\u00e0 di infortunio e<\/p>\n","protected":false},"author":94,"featured_media":0,"parent":0,"menu_order":0,"comment_status":"closed","ping_status":"closed","template":"","meta":[],"translation":{"provider":"WPGlobus","version":"2.7.3","language":"it","enabled_languages":["es","en","ar","it"],"languages":{"es":{"title":true,"content":true,"excerpt":false},"en":{"title":true,"content":true,"excerpt":false},"ar":{"title":true,"content":true,"excerpt":false},"it":{"title":true,"content":true,"excerpt":false}}},"yoast_head":"<!-- This site is optimized with the Yoast SEO Premium plugin v16.2 - https:\/\/yoast.com\/wordpress\/plugins\/seo\/ -->\n<title>Tecniche di Prevenzione degli infortuni nello sci alpino<\/title>\n<meta name=\"description\" content=\"Realizziamo programmi di preparazione fisica specializzata in sci alpino. Per avere una maggiore padronanza e quindi prevenire le lesioni.\" \/>\n<meta name=\"robots\" content=\"index, follow, max-snippet:-1, max-image-preview:large, max-video-preview:-1\" \/>\n<link rel=\"canonical\" href=\"https:\/\/clinicanasser.es\/preparacion-tecnica-como-metodo-de-prevencion-de-lesiones-en-el-esqui-alpino\/\" \/>\n<meta property=\"og:locale\" content=\"it_IT\" \/>\n<meta property=\"og:type\" content=\"article\" \/>\n<meta property=\"og:title\" content=\"Tecniche di Prevenzione degli infortuni nello sci alpino\" \/>\n<meta property=\"og:description\" content=\"Realizziamo programmi di preparazione fisica specializzata in sci alpino. Per avere una maggiore padronanza e quindi prevenire le lesioni.\" \/>\n<meta property=\"og:url\" content=\"https:\/\/clinicanasser.es\/preparacion-tecnica-como-metodo-de-prevencion-de-lesiones-en-el-esqui-alpino\/\" \/>\n<meta property=\"og:site_name\" content=\"Clinica nasser. Tratamiento del dolor y rehabilitaci\u00f3n Zaragoza\" \/>\n<meta property=\"article:publisher\" content=\"https:\/\/www.facebook.com\/clinicanasserspain\/\" \/>\n<meta property=\"article:modified_time\" content=\"2021-07-27T10:12:57+00:00\" \/>\n<meta name=\"twitter:card\" content=\"summary_large_image\" \/>\n<meta name=\"twitter:label1\" content=\"Est. reading time\">\n\t<meta name=\"twitter:data1\" content=\"2 minutes\">\n<script type=\"application\/ld+json\" class=\"yoast-schema-graph\">{\"@context\":\"https:\/\/schema.org\",\"@graph\":[{\"@type\":\"Organization\",\"@id\":\"https:\/\/clinicanasser.es\/#organization\",\"name\":\"Cl\\u00ednica Nasser\",\"url\":\"https:\/\/clinicanasser.es\/\",\"sameAs\":[\"https:\/\/www.facebook.com\/clinicanasserspain\/\",\"https:\/\/www.instagram.com\/clinica_nasser\/\",\"https:\/\/www.youtube.com\/channel\/UCjOFF9Kh4GHV2vhZkZx4yog\"],\"logo\":{\"@type\":\"ImageObject\",\"@id\":\"https:\/\/clinicanasser.es\/#logo\",\"inLanguage\":\"it-IT\",\"url\":\"https:\/\/clinicanasser.es\/wp-content\/uploads\/2019\/01\/Favicon-Clinica-Nasser.png\",\"contentUrl\":\"https:\/\/clinicanasser.es\/wp-content\/uploads\/2019\/01\/Favicon-Clinica-Nasser.png\",\"width\":512,\"height\":512,\"caption\":\"Cl\\u00ednica Nasser\"},\"image\":{\"@id\":\"https:\/\/clinicanasser.es\/#logo\"}},{\"@type\":\"WebSite\",\"@id\":\"https:\/\/clinicanasser.es\/#website\",\"url\":\"https:\/\/clinicanasser.es\/\",\"name\":\"Clinica nasser. Tratamiento del dolor y rehabilitaci\\u00f3n Zaragoza\",\"description\":\"Cl\\u00ednica especializada en tratamiento del dolor, rehabilitaci\\u00f3n fisico - deportiva y preparaciones f\\u00edsicas. Cl\\u00ednica en Zaragoza\",\"publisher\":{\"@id\":\"https:\/\/clinicanasser.es\/#organization\"},\"potentialAction\":[{\"@type\":\"SearchAction\",\"target\":\"https:\/\/clinicanasser.es\/?s={search_term_string}\",\"query-input\":\"required name=search_term_string\"}],\"inLanguage\":\"it-IT\"},{\"@type\":\"WebPage\",\"@id\":\"https:\/\/clinicanasser.es\/preparacion-tecnica-como-metodo-de-prevencion-de-lesiones-en-el-esqui-alpino\/#webpage\",\"url\":\"https:\/\/clinicanasser.es\/preparacion-tecnica-como-metodo-de-prevencion-de-lesiones-en-el-esqui-alpino\/\",\"name\":\"Tecniche di Prevenzione degli infortuni nello sci alpino\",\"isPartOf\":{\"@id\":\"https:\/\/clinicanasser.es\/#website\"},\"datePublished\":\"2018-11-08T10:38:18+00:00\",\"dateModified\":\"2021-07-27T10:12:57+00:00\",\"description\":\"Realizziamo programmi di preparazione fisica specializzata in sci alpino. Per avere una maggiore padronanza e quindi prevenire le lesioni.\",\"breadcrumb\":{\"@id\":\"https:\/\/clinicanasser.es\/preparacion-tecnica-como-metodo-de-prevencion-de-lesiones-en-el-esqui-alpino\/#breadcrumb\"},\"inLanguage\":\"it-IT\",\"potentialAction\":[{\"@type\":\"ReadAction\",\"target\":[\"https:\/\/clinicanasser.es\/preparacion-tecnica-como-metodo-de-prevencion-de-lesiones-en-el-esqui-alpino\/\"]}]},{\"@type\":\"BreadcrumbList\",\"@id\":\"https:\/\/clinicanasser.es\/preparacion-tecnica-como-metodo-de-prevencion-de-lesiones-en-el-esqui-alpino\/#breadcrumb\",\"itemListElement\":[{\"@type\":\"ListItem\",\"position\":1,\"item\":{\"@type\":\"WebPage\",\"@id\":\"https:\/\/clinicanasser.es\/\",\"url\":\"https:\/\/clinicanasser.es\/\",\"name\":\"Inicio\"}},{\"@type\":\"ListItem\",\"position\":2,\"item\":{\"@id\":\"https:\/\/clinicanasser.es\/preparacion-tecnica-como-metodo-de-prevencion-de-lesiones-en-el-esqui-alpino\/#webpage\"}}]}]}<\/script>\n<!-- \/ Yoast SEO Premium plugin. -->","_links":{"self":[{"href":"https:\/\/clinicanasser.es\/it\/wp-json\/wp\/v2\/pages\/4711"}],"collection":[{"href":"https:\/\/clinicanasser.es\/it\/wp-json\/wp\/v2\/pages"}],"about":[{"href":"https:\/\/clinicanasser.es\/it\/wp-json\/wp\/v2\/types\/page"}],"author":[{"embeddable":true,"href":"https:\/\/clinicanasser.es\/it\/wp-json\/wp\/v2\/users\/94"}],"replies":[{"embeddable":true,"href":"https:\/\/clinicanasser.es\/it\/wp-json\/wp\/v2\/comments?post=4711"}],"version-history":[{"count":46,"href":"https:\/\/clinicanasser.es\/it\/wp-json\/wp\/v2\/pages\/4711\/revisions"}],"predecessor-version":[{"id":9223,"href":"https:\/\/clinicanasser.es\/it\/wp-json\/wp\/v2\/pages\/4711\/revisions\/9223"}],"wp:attachment":[{"href":"https:\/\/clinicanasser.es\/it\/wp-json\/wp\/v2\/media?parent=4711"}],"curies":[{"name":"wp","href":"https:\/\/api.w.org\/{rel}","templated":true}]}}