{"id":4496,"date":"2018-08-27T08:09:27","date_gmt":"2018-08-27T08:09:27","guid":{"rendered":"https:\/\/clinicanasser.es\/?page_id=4496"},"modified":"2021-10-04T11:55:35","modified_gmt":"2021-10-04T09:55:35","slug":"deporte","status":"publish","type":"page","link":"https:\/\/clinicanasser.es\/it\/deporte\/","title":{"rendered":"Riabilitazione sportiva"},"content":{"rendered":"<p>[vc_row][vc_column][vc_toggle title=&#8221;Riabilitazione fisico-sportiva&#8221; style=&#8221;arrow&#8221;]Questa zona persegue il<strong>\u00a0recupero e la riabilitazione principale delle lesioni di tutti i tipi di pazienti<\/strong>\u00a0indipendentemente dall\u2019et\u00e0 che hanno e soprattutto la nostra specialit\u00e0 sono gli sportivi, siano essi professionisti, amanti dello sport o dilettanti. Attraverso le nuove tecnologie avanzate negli ultimi anni, gli atleti possono riprendersi da lesioni sportive molto pi\u00f9 rapidamente rispetto a pochi anni fa e i pazienti non sportivi progrediscono in modo spettacolare aumentando in modo soddisfacente le soglie di resistenza al dolore e migliorando la loro condizione fisica.<\/p>\n<p><a href=\"https:\/\/clinicanasser.es\/it\/rehabilitacion-fisico-deportiva\/\" target=\"_blank\" rel=\"noopener\">VISUALIZZA DI PI\u00d9<\/a>[\/vc_toggle][vc_empty_space height=&#8221;16px&#8221;][vc_single_image image=&#8221;9739&#8243; img_size=&#8221;full&#8221; alignment=&#8221;center&#8221; onclick=&#8221;custom_link&#8221; img_link_target=&#8221;_blank&#8221; link=&#8221;https:\/\/clinicanasser.es\/rehabilitacion-fisico-deportiva\/&#8221;][vc_empty_space height=&#8221;64px&#8221;][\/vc_column][\/vc_row][vc_row][vc_column][vc_toggle title=&#8221;Preparazione fisica ad alto rendimento&#8221; style=&#8221;arrow&#8221;]Grazie ai molti anni di esperienza e di formazione, alla\u00a0<strong>Clinica Nasser<\/strong>\u00a0aiutiamo gli sportivi professionisti ad aumentare le prestazioni sportive con trattamenti specializzati. In quest\u2019area sportiva, insegniamo ed educhiamo gli\u00a0<strong>sportivi ad alte prestazioni<\/strong>\u00a0a svolgere determinati<strong>\u00a0esercizi fisici in modo controllato\u00a0<\/strong>e<strong>\u00a0individualizzato<\/strong>\u00a0per poter rendere di pi\u00f9 nello sport che praticano, sempre prendendosi cura della salute e supervisionati dal nostro team della Clinica Nasser.<\/p>\n<p><a href=\"https:\/\/clinicanasser.es\/it\/preparacion-fisica-de-alto-rendimiento\/\" target=\"_blank\" rel=\"noopener\">VISUALIZZA DI PI\u00d9<\/a>[\/vc_toggle][vc_empty_space height=&#8221;16px&#8221;][vc_single_image image=&#8221;9741&#8243; img_size=&#8221;full&#8221; alignment=&#8221;center&#8221; onclick=&#8221;custom_link&#8221; img_link_target=&#8221;_blank&#8221; link=&#8221;https:\/\/clinicanasser.es\/preparacion-fisica-de-alto-rendimiento\/&#8221;][vc_empty_space height=&#8221;64px&#8221;][\/vc_column][\/vc_row][vc_row][vc_column][vc_toggle title=&#8221;Allenamento Personale&#8221; style=&#8221;arrow&#8221;]Hai mai pensato di fare un allenamento dedicato solo a te stesso? Ti stanchi mai di andare in palestra e di essere ignorata da allenatori o istruttori? Ti piacerebbe avere un allenamento\u00a0<strong>solo per te<\/strong>\u00a0e anche sotto<strong>\u00a0linee guida di professionisti della salute<\/strong>?<\/p>\n<p><a href=\"https:\/\/clinicanasser.es\/it\/entrenamiento-personal\/\" target=\"_blank\" rel=\"noopener\">VISUALIZZA DI PI\u00d9<\/a>[\/vc_toggle][vc_empty_space height=&#8221;16px&#8221;][vc_single_image image=&#8221;9743&#8243; img_size=&#8221;full&#8221; alignment=&#8221;center&#8221; onclick=&#8221;custom_link&#8221; img_link_target=&#8221;_blank&#8221; link=&#8221;https:\/\/clinicanasser.es\/entrenamiento-personal\/&#8221;][vc_empty_space height=&#8221;64px&#8221;][\/vc_column][\/vc_row][vc_row][vc_column][vc_toggle title=&#8221;Body Design&#8221; style=&#8221;arrow&#8221;]Il Body Design \u00e8 uno degli\u00a0<strong>allenamenti pi\u00f9 alla moda di questi tempi<\/strong>. La cosa pi\u00f9 importante da sapere per\u00f2 \u00e8 che \u00e8 un metodo di\u00a0<strong>trattamento e di addestramento complementare<\/strong>, non l\u2019unica formula di lavoro, perch\u00e9 in questo modo non ha alcun rigore scientifico.<\/p>\n<p><a href=\"https:\/\/clinicanasser.es\/it\/body-design\/\" target=\"_blank\" rel=\"noopener\">VISUALIZZA DI PI\u00d9<\/a>[\/vc_toggle][vc_empty_space height=&#8221;16px&#8221;][vc_single_image image=&#8221;9745&#8243; img_size=&#8221;full&#8221; alignment=&#8221;center&#8221; onclick=&#8221;custom_link&#8221; img_link_target=&#8221;_blank&#8221; link=&#8221;https:\/\/clinicanasser.es\/body-design\/&#8221;][vc_empty_space height=&#8221;64px&#8221;][\/vc_column][\/vc_row]<\/p>\n","protected":false},"excerpt":{"rendered":"<p>[vc_row][vc_column][vc_toggle title=&#8221;Riabilitazione fisico-sportiva&#8221; style=&#8221;arrow&#8221;]Questa zona persegue il\u00a0recupero e la riabilitazione principale delle lesioni di tutti i tipi di pazienti\u00a0indipendentemente dall\u2019et\u00e0 che hanno e soprattutto la nostra specialit\u00e0 sono gli sportivi, siano essi professionisti, amanti dello sport o dilettanti. Attraverso le nuove tecnologie avanzate negli ultimi anni, gli atleti possono riprendersi<\/p>\n","protected":false},"author":1,"featured_media":0,"parent":0,"menu_order":0,"comment_status":"closed","ping_status":"closed","template":"","meta":[],"translation":{"provider":"WPGlobus","version":"2.7.3","language":"it","enabled_languages":["es","en","ar","it"],"languages":{"es":{"title":true,"content":true,"excerpt":false},"en":{"title":true,"content":true,"excerpt":false},"ar":{"title":false,"content":false,"excerpt":false},"it":{"title":true,"content":true,"excerpt":false}}},"yoast_head":"<!-- This site is optimized with the Yoast SEO Premium plugin v16.2 - https:\/\/yoast.com\/wordpress\/plugins\/seo\/ -->\n<title>Servizi compresi nella Riabilitazione Sportiva | Clinica Nasser<\/title>\n<meta name=\"robots\" content=\"index, follow, max-snippet:-1, max-image-preview:large, max-video-preview:-1\" \/>\n<link rel=\"canonical\" href=\"https:\/\/clinicanasser.es\/en\/deporte\/\" \/>\n<meta property=\"og:locale\" content=\"it_IT\" \/>\n<meta property=\"og:type\" content=\"article\" \/>\n<meta property=\"og:title\" content=\"Servizi compresi nella Riabilitazione Sportiva | Clinica Nasser\" \/>\n<meta property=\"og:url\" content=\"https:\/\/clinicanasser.es\/en\/deporte\/\" \/>\n<meta property=\"og:site_name\" content=\"Clinica nasser. Tratamiento del dolor y rehabilitaci\u00f3n Zaragoza\" \/>\n<meta property=\"article:publisher\" content=\"https:\/\/www.facebook.com\/clinicanasserspain\/\" \/>\n<meta property=\"article:modified_time\" content=\"2021-10-04T09:55:35+00:00\" \/>\n<meta name=\"twitter:card\" content=\"summary_large_image\" \/>\n<meta name=\"twitter:label1\" content=\"Est. reading time\">\n\t<meta name=\"twitter:data1\" content=\"2 minutes\">\n<script type=\"application\/ld+json\" class=\"yoast-schema-graph\">{\"@context\":\"https:\/\/schema.org\",\"@graph\":[{\"@type\":\"Organization\",\"@id\":\"https:\/\/clinicanasser.es\/#organization\",\"name\":\"Cl\\u00ednica Nasser\",\"url\":\"https:\/\/clinicanasser.es\/\",\"sameAs\":[\"https:\/\/www.facebook.com\/clinicanasserspain\/\",\"https:\/\/www.instagram.com\/clinica_nasser\/\",\"https:\/\/www.youtube.com\/channel\/UCjOFF9Kh4GHV2vhZkZx4yog\"],\"logo\":{\"@type\":\"ImageObject\",\"@id\":\"https:\/\/clinicanasser.es\/#logo\",\"inLanguage\":\"it-IT\",\"url\":\"https:\/\/clinicanasser.es\/wp-content\/uploads\/2019\/01\/Favicon-Clinica-Nasser.png\",\"contentUrl\":\"https:\/\/clinicanasser.es\/wp-content\/uploads\/2019\/01\/Favicon-Clinica-Nasser.png\",\"width\":512,\"height\":512,\"caption\":\"Cl\\u00ednica Nasser\"},\"image\":{\"@id\":\"https:\/\/clinicanasser.es\/#logo\"}},{\"@type\":\"WebSite\",\"@id\":\"https:\/\/clinicanasser.es\/#website\",\"url\":\"https:\/\/clinicanasser.es\/\",\"name\":\"Clinica nasser. Tratamiento del dolor y rehabilitaci\\u00f3n Zaragoza\",\"description\":\"Cl\\u00ednica especializada en tratamiento del dolor, rehabilitaci\\u00f3n fisico - deportiva y preparaciones f\\u00edsicas. Cl\\u00ednica en Zaragoza\",\"publisher\":{\"@id\":\"https:\/\/clinicanasser.es\/#organization\"},\"potentialAction\":[{\"@type\":\"SearchAction\",\"target\":\"https:\/\/clinicanasser.es\/?s={search_term_string}\",\"query-input\":\"required name=search_term_string\"}],\"inLanguage\":\"it-IT\"},{\"@type\":\"WebPage\",\"@id\":\"https:\/\/clinicanasser.es\/en\/deporte\/#webpage\",\"url\":\"https:\/\/clinicanasser.es\/en\/deporte\/\",\"name\":\"Servizi compresi nella Riabilitazione Sportiva | Clinica Nasser\",\"isPartOf\":{\"@id\":\"https:\/\/clinicanasser.es\/#website\"},\"datePublished\":\"2018-08-27T08:09:27+00:00\",\"dateModified\":\"2021-10-04T09:55:35+00:00\",\"description\":\"Cl\\u00ednica Nasser es una cl\\u00ednica m\\u00e9dica multidisciplinar compuesta por m\\u00e9dicos especialistas en tratamiento del dolor, medicina biol\\u00f3gica y fisioterapeutas preparadores f\\u00edsicos especializados en rehabilitaci\\u00f3n de lesiones, enfermer\\u00eda para la realizaci\\u00f3n de test COVID.\",\"breadcrumb\":{\"@id\":\"https:\/\/clinicanasser.es\/en\/deporte\/#breadcrumb\"},\"inLanguage\":\"it-IT\",\"potentialAction\":[{\"@type\":\"ReadAction\",\"target\":[\"https:\/\/clinicanasser.es\/en\/deporte\/\"]}]},{\"@type\":\"BreadcrumbList\",\"@id\":\"https:\/\/clinicanasser.es\/en\/deporte\/#breadcrumb\",\"itemListElement\":[{\"@type\":\"ListItem\",\"position\":1,\"item\":{\"@type\":\"WebPage\",\"@id\":\"https:\/\/clinicanasser.es\/\",\"url\":\"https:\/\/clinicanasser.es\/\",\"name\":\"Inicio\"}},{\"@type\":\"ListItem\",\"position\":2,\"item\":{\"@id\":\"https:\/\/clinicanasser.es\/en\/deporte\/#webpage\"}}]}]}<\/script>\n<!-- \/ Yoast SEO Premium plugin. -->","_links":{"self":[{"href":"https:\/\/clinicanasser.es\/it\/wp-json\/wp\/v2\/pages\/4496"}],"collection":[{"href":"https:\/\/clinicanasser.es\/it\/wp-json\/wp\/v2\/pages"}],"about":[{"href":"https:\/\/clinicanasser.es\/it\/wp-json\/wp\/v2\/types\/page"}],"author":[{"embeddable":true,"href":"https:\/\/clinicanasser.es\/it\/wp-json\/wp\/v2\/users\/1"}],"replies":[{"embeddable":true,"href":"https:\/\/clinicanasser.es\/it\/wp-json\/wp\/v2\/comments?post=4496"}],"version-history":[{"count":26,"href":"https:\/\/clinicanasser.es\/it\/wp-json\/wp\/v2\/pages\/4496\/revisions"}],"predecessor-version":[{"id":9770,"href":"https:\/\/clinicanasser.es\/it\/wp-json\/wp\/v2\/pages\/4496\/revisions\/9770"}],"wp:attachment":[{"href":"https:\/\/clinicanasser.es\/it\/wp-json\/wp\/v2\/media?parent=4496"}],"curies":[{"name":"wp","href":"https:\/\/api.w.org\/{rel}","templated":true}]}}