{"id":4480,"date":"2018-08-27T07:57:41","date_gmt":"2018-08-27T07:57:41","guid":{"rendered":"https:\/\/clinicanasser.es\/?page_id=4480"},"modified":"2021-10-04T11:50:31","modified_gmt":"2021-10-04T09:50:31","slug":"area-medica","status":"publish","type":"page","link":"https:\/\/clinicanasser.es\/it\/area-medica\/","title":{"rendered":"Area Medica"},"content":{"rendered":"<p>[vc_row][vc_column][vc_toggle title=&#8221;Trattamento del dolore&#8221; style=&#8221;arrow&#8221;]Alla\u00a0<strong>Clinica Nasser<\/strong>\u00a0offriamo un\u2019<strong>attenzione personalizzata del paziente<\/strong>, facciamo uno studio biomeccanico e facciamo una diagnosi delle diverse cause della lesione, colleghiamo le cause della patologia o della malattia con fattori fisici o psicologici.<\/p>\n<p><strong>Utilizziamo tecniche non aggressive per eliminare o attenuare il dolore osseo, articolare, muscolare, neurologico (sciatiche, ernie discali), lesioni sportive<\/strong>, ecc\u2026 sia sintomo che malattia.<\/p>\n<p><a href=\"https:\/\/clinicanasser.es\/it\/tratamiento-del-dolor\/\" target=\"_blank\" rel=\"noopener\">VISUALIZZA DI PI\u00d9<\/a>[\/vc_toggle][vc_empty_space height=&#8221;16px&#8221;][vc_single_image image=&#8221;9708&#8243; img_size=&#8221;full&#8221; alignment=&#8221;center&#8221; onclick=&#8221;custom_link&#8221; img_link_target=&#8221;_blank&#8221; link=&#8221;https:\/\/clinicanasser.es\/tratamiento-del-dolor\/&#8221;][vc_empty_space height=&#8221;64px&#8221;][\/vc_column][\/vc_row][vc_row][vc_column][vc_toggle title=&#8221;Ringiovanimento attivo&#8221; style=&#8221;arrow&#8221;]Alla\u00a0<strong>Clinica Nasser<\/strong>\u00a0vogliamo che i nostri anziani stiano bene, vivi, giovani e agili. Ecco perch\u00e9 il team di professionisti qualificati della Clinica Nasser ha progettato un programma di\u00a0<strong>ringiovanimento attivo<\/strong>\u00a0per i nostri anziani. Un programma in cui gli anziani a partire dai 60 anni si sentano\u00a0 giovani, si sentano vivi ed energici, per farli uscire dalla porta con un sorriso e con la voglia di correre.<\/p>\n<p><a href=\"https:\/\/clinicanasser.es\/it\/rejuvenecimiento-activo\/\" target=\"_blank\" rel=\"noopener\">VISUALIZZA DI PI\u00d9<\/a>[\/vc_toggle][vc_empty_space height=&#8221;16px&#8221;][vc_single_image image=&#8221;9709&#8243; img_size=&#8221;full&#8221; alignment=&#8221;center&#8221; onclick=&#8221;custom_link&#8221; img_link_target=&#8221;_blank&#8221; link=&#8221;https:\/\/clinicanasser.es\/rejuvenecimiento-activo\/&#8221;][vc_empty_space height=&#8221;64px&#8221;][\/vc_column][\/vc_row][vc_row][vc_column][vc_toggle title=&#8221;Fisioterapia&#8221; style=&#8221;arrow&#8221;]Nella Clinica Nasser offriamo ai nostri pazienti un trattamento di fisioterapia personalizzato in funzione delle necessit\u00e0 di ognuno, il cui obbiettivo \u00e8\u00a0<strong>realizzare untrattamento il pi\u00f9 efficace possibile<\/strong><strong>\u00a0per eliminare il dolore e recuperare l\u2019area che vogliamo trattare<\/strong>.<\/p>\n<p><a href=\"https:\/\/clinicanasser.es\/it\/fisioterapia\/\" target=\"_blank\" rel=\"noopener\">VISUALIZZA DI PI\u00d9<\/a>[\/vc_toggle][vc_empty_space height=&#8221;16px&#8221;][vc_single_image image=&#8221;9710&#8243; img_size=&#8221;full&#8221; alignment=&#8221;center&#8221; onclick=&#8221;custom_link&#8221; img_link_target=&#8221;_blank&#8221; link=&#8221;https:\/\/clinicanasser.es\/fisioterapia\/&#8221;][vc_empty_space height=&#8221;64px&#8221;][\/vc_column][\/vc_row][vc_row][vc_column][vc_toggle title=&#8221;Osteopatia&#8221; style=&#8221;arrow&#8221;]L\u2019osteopatia \u00e8 una disciplina terapeutica manuale, incentrata sulla struttura interna del corpo e utilizzata nel\u00a0<strong>trattamento dei tessuti molli e nelle correzioni articolari. <\/strong><\/p>\n<p>Nella Cinica Nasser abbiamo uno spazio per trattare le varie malattie con le quali pu\u00f2 venire ogni paziente.\u00a0\u00a0<strong>Il nostro obiettivo principale \u00e8 quello di eliminare il dolore con trattamenti attenti in modo che il paziente non possa pi\u00f9 soffrire.<\/strong><\/p>\n<p><a href=\"https:\/\/clinicanasser.es\/it\/osteopatia\/\" target=\"_blank\" rel=\"noopener\">VISUALIZZA DI PI\u00d9<\/a>[\/vc_toggle][vc_empty_space height=&#8221;16px&#8221;][vc_single_image image=&#8221;9765&#8243; img_size=&#8221;full&#8221; alignment=&#8221;center&#8221; onclick=&#8221;custom_link&#8221; img_link_target=&#8221;_blank&#8221; link=&#8221;https:\/\/clinicanasser.es\/osteopatia\/&#8221;][vc_empty_space height=&#8221;64px&#8221;][\/vc_column][\/vc_row][vc_row][vc_column][vc_toggle title=&#8221;Visite Mediche&#8221; style=&#8221;arrow&#8221;]L\u2019obiettivo principale di questa area sportiva della\u00a0<strong>Clinica Nasser<\/strong>\u00a0\u00e8 quello di proteggere e garantire la salute e ottenere il\u00a0<strong>massimo rendimento<\/strong>\u00a0dagli sportivi e dai pazienti in generale. Per questo motivo\u00a0<strong>effettuiamo regolarmente diversi controlli<\/strong>\u00a0per effettuare esami\u00a0<strong>medico-sportivi<\/strong>\u00a0ai pazienti che desiderano potenziare e accrescere il loro rendimento fisico.<\/p>\n<p><a href=\"https:\/\/clinicanasser.es\/it\/reconocimientos-medicos\/\" target=\"_blank\" rel=\"noopener\">VISUALIZZA DI PI\u00d9<\/a>[\/vc_toggle][vc_empty_space height=&#8221;16px&#8221;][vc_single_image image=&#8221;9712&#8243; img_size=&#8221;full&#8221; alignment=&#8221;center&#8221; onclick=&#8221;custom_link&#8221; img_link_target=&#8221;_blank&#8221; link=&#8221;https:\/\/clinicanasser.es\/reconocimientos-medicos\/&#8221;][vc_empty_space height=&#8221;64px&#8221;][\/vc_column][\/vc_row][vc_row][vc_column][vc_toggle title=&#8221;Salute sul posto di lavoro&#8221; style=&#8221;arrow&#8221;]Offriamo alle aziende un servizio sanitario completo per un ambiente di lavoro basato sul benessere. Eseguiamo trattamenti personalizzati e ci adattiamo al paziente, agendo sul focus di interesse:<\/p>\n<p><a href=\"https:\/\/clinicanasser.es\/it\/salud-en-la-empresa\/\" target=\"_blank\" rel=\"noopener\">VISUALIZZA DI PI\u00d9<\/a>[\/vc_toggle][vc_empty_space height=&#8221;16px&#8221;][vc_single_image image=&#8221;9726&#8243; img_size=&#8221;full&#8221; alignment=&#8221;center&#8221; onclick=&#8221;custom_link&#8221; img_link_target=&#8221;_blank&#8221; link=&#8221;https:\/\/clinicanasser.es\/salud-en-la-empresa\/&#8221;][vc_empty_space height=&#8221;64px&#8221;][\/vc_column][\/vc_row]<\/p>\n","protected":false},"excerpt":{"rendered":"<p>[vc_row][vc_column][vc_toggle title=&#8221;Trattamento del dolore&#8221; style=&#8221;arrow&#8221;]Alla\u00a0Clinica Nasser\u00a0offriamo un\u2019attenzione personalizzata del paziente, facciamo uno studio biomeccanico e facciamo una diagnosi delle diverse cause della lesione, colleghiamo le cause della patologia o della malattia con fattori fisici o psicologici. Utilizziamo tecniche non aggressive per eliminare o attenuare il dolore osseo, articolare, muscolare, neurologico<\/p>\n","protected":false},"author":1,"featured_media":0,"parent":0,"menu_order":0,"comment_status":"closed","ping_status":"closed","template":"","meta":[],"translation":{"provider":"WPGlobus","version":"2.7.3","language":"it","enabled_languages":["es","en","ar","it"],"languages":{"es":{"title":true,"content":true,"excerpt":false},"en":{"title":true,"content":true,"excerpt":false},"ar":{"title":false,"content":false,"excerpt":false},"it":{"title":true,"content":true,"excerpt":false}}},"yoast_head":"<!-- This site is optimized with the Yoast SEO Premium plugin v16.2 - https:\/\/yoast.com\/wordpress\/plugins\/seo\/ -->\n<title>Servizi compresi nell&#039;Area Medica della Clinica Nasser<\/title>\n<meta name=\"description\" content=\"Estamos especializados en el dolor, la rehabilitaci\u00f3n, la medicina deportiva, la preparaci\u00f3n f\u00edsica y la fisioterapia\" \/>\n<meta name=\"robots\" content=\"index, follow, max-snippet:-1, max-image-preview:large, max-video-preview:-1\" \/>\n<link rel=\"canonical\" href=\"https:\/\/clinicanasser.es\/it\/area-medica\/\" \/>\n<meta property=\"og:locale\" content=\"it_IT\" \/>\n<meta property=\"og:type\" content=\"article\" \/>\n<meta property=\"og:title\" content=\"Servizi compresi nell&#039;Area Medica della Clinica Nasser\" \/>\n<meta property=\"og:description\" content=\"Estamos especializados en el dolor, la rehabilitaci\u00f3n, la medicina deportiva, la preparaci\u00f3n f\u00edsica y la fisioterapia\" \/>\n<meta property=\"og:url\" content=\"https:\/\/clinicanasser.es\/it\/area-medica\/\" \/>\n<meta property=\"og:site_name\" content=\"Clinica nasser. Tratamiento del dolor y rehabilitaci\u00f3n Zaragoza\" \/>\n<meta property=\"article:publisher\" content=\"https:\/\/www.facebook.com\/clinicanasserspain\/\" \/>\n<meta property=\"article:modified_time\" content=\"2021-10-04T09:50:31+00:00\" \/>\n<meta name=\"twitter:card\" content=\"summary_large_image\" \/>\n<meta name=\"twitter:label1\" content=\"Est. reading time\">\n\t<meta name=\"twitter:data1\" content=\"2 minutes\">\n<script type=\"application\/ld+json\" class=\"yoast-schema-graph\">{\"@context\":\"https:\/\/schema.org\",\"@graph\":[{\"@type\":\"Organization\",\"@id\":\"https:\/\/clinicanasser.es\/#organization\",\"name\":\"Cl\\u00ednica Nasser\",\"url\":\"https:\/\/clinicanasser.es\/\",\"sameAs\":[\"https:\/\/www.facebook.com\/clinicanasserspain\/\",\"https:\/\/www.instagram.com\/clinica_nasser\/\",\"https:\/\/www.youtube.com\/channel\/UCjOFF9Kh4GHV2vhZkZx4yog\"],\"logo\":{\"@type\":\"ImageObject\",\"@id\":\"https:\/\/clinicanasser.es\/#logo\",\"inLanguage\":\"it-IT\",\"url\":\"https:\/\/clinicanasser.es\/wp-content\/uploads\/2019\/01\/Favicon-Clinica-Nasser.png\",\"contentUrl\":\"https:\/\/clinicanasser.es\/wp-content\/uploads\/2019\/01\/Favicon-Clinica-Nasser.png\",\"width\":512,\"height\":512,\"caption\":\"Cl\\u00ednica Nasser\"},\"image\":{\"@id\":\"https:\/\/clinicanasser.es\/#logo\"}},{\"@type\":\"WebSite\",\"@id\":\"https:\/\/clinicanasser.es\/#website\",\"url\":\"https:\/\/clinicanasser.es\/\",\"name\":\"Clinica nasser. Tratamiento del dolor y rehabilitaci\\u00f3n Zaragoza\",\"description\":\"Cl\\u00ednica especializada en tratamiento del dolor, rehabilitaci\\u00f3n fisico - deportiva y preparaciones f\\u00edsicas. Cl\\u00ednica en Zaragoza\",\"publisher\":{\"@id\":\"https:\/\/clinicanasser.es\/#organization\"},\"potentialAction\":[{\"@type\":\"SearchAction\",\"target\":\"https:\/\/clinicanasser.es\/?s={search_term_string}\",\"query-input\":\"required name=search_term_string\"}],\"inLanguage\":\"it-IT\"},{\"@type\":\"WebPage\",\"@id\":\"https:\/\/clinicanasser.es\/it\/area-medica\/#webpage\",\"url\":\"https:\/\/clinicanasser.es\/it\/area-medica\/\",\"name\":\"Servizi compresi nell'Area Medica della Clinica Nasser\",\"isPartOf\":{\"@id\":\"https:\/\/clinicanasser.es\/#website\"},\"datePublished\":\"2018-08-27T07:57:41+00:00\",\"dateModified\":\"2021-10-04T09:50:31+00:00\",\"description\":\"Estamos especializados en el dolor, la rehabilitaci\\u00f3n, la medicina deportiva, la preparaci\\u00f3n f\\u00edsica y la fisioterapia\",\"breadcrumb\":{\"@id\":\"https:\/\/clinicanasser.es\/it\/area-medica\/#breadcrumb\"},\"inLanguage\":\"it-IT\",\"potentialAction\":[{\"@type\":\"ReadAction\",\"target\":[\"https:\/\/clinicanasser.es\/it\/area-medica\/\"]}]},{\"@type\":\"BreadcrumbList\",\"@id\":\"https:\/\/clinicanasser.es\/it\/area-medica\/#breadcrumb\",\"itemListElement\":[{\"@type\":\"ListItem\",\"position\":1,\"item\":{\"@type\":\"WebPage\",\"@id\":\"https:\/\/clinicanasser.es\/\",\"url\":\"https:\/\/clinicanasser.es\/\",\"name\":\"Inicio\"}},{\"@type\":\"ListItem\",\"position\":2,\"item\":{\"@id\":\"https:\/\/clinicanasser.es\/it\/area-medica\/#webpage\"}}]}]}<\/script>\n<!-- \/ Yoast SEO Premium plugin. -->","_links":{"self":[{"href":"https:\/\/clinicanasser.es\/it\/wp-json\/wp\/v2\/pages\/4480"}],"collection":[{"href":"https:\/\/clinicanasser.es\/it\/wp-json\/wp\/v2\/pages"}],"about":[{"href":"https:\/\/clinicanasser.es\/it\/wp-json\/wp\/v2\/types\/page"}],"author":[{"embeddable":true,"href":"https:\/\/clinicanasser.es\/it\/wp-json\/wp\/v2\/users\/1"}],"replies":[{"embeddable":true,"href":"https:\/\/clinicanasser.es\/it\/wp-json\/wp\/v2\/comments?post=4480"}],"version-history":[{"count":54,"href":"https:\/\/clinicanasser.es\/it\/wp-json\/wp\/v2\/pages\/4480\/revisions"}],"predecessor-version":[{"id":9768,"href":"https:\/\/clinicanasser.es\/it\/wp-json\/wp\/v2\/pages\/4480\/revisions\/9768"}],"wp:attachment":[{"href":"https:\/\/clinicanasser.es\/it\/wp-json\/wp\/v2\/media?parent=4480"}],"curies":[{"name":"wp","href":"https:\/\/api.w.org\/{rel}","templated":true}]}}