{"id":3643,"date":"2018-06-22T08:39:05","date_gmt":"2018-06-22T08:39:05","guid":{"rendered":"https:\/\/clinicanasser.es\/?page_id=3643"},"modified":"2022-11-23T13:28:52","modified_gmt":"2022-11-23T11:28:52","slug":"obesidad-infantil","status":"publish","type":"page","link":"https:\/\/clinicanasser.es\/it\/obesidad-infantil\/","title":{"rendered":"Obesit\u00e0 infantile"},"content":{"rendered":"<p>[vc_row css=&#8221;.vc_custom_1529657695151{padding-bottom: 20px !important;}&#8221;][vc_column][vc_single_image image=&#8221;9751&#8243; img_size=&#8221;full&#8221; alignment=&#8221;center&#8221;][\/vc_column][\/vc_row][vc_row css=&#8221;.vc_custom_1529663426485{padding-top: 32px !important;}&#8221;][vc_column][vc_column_text]Abbiamo progettato quest&#8217;area di fronte alle necessit\u00e0 dei pap\u00e0 e delle mamme che venivano alla nostra clinica per curare <strong>l&#8217;obesit\u00e0 nei bambini e negli adolescenti<\/strong>.<\/p>\n<p><span id=\"s2_2\">La nostra filosofia scientifica \u00e8 che attraverso <strong>l&#8217;attivit\u00e0 fisica <\/strong>guidata da fisioterapisti preparatori fisici, una <strong>nutrizione<\/strong> <strong>progettata<\/strong> in modo specifico per ogni paziente dal nostro team medico e un buon apprendimento di <strong>routine<\/strong> <strong>sane<\/strong>,\u00a0 rendiamo ai nostri bambini una lunga vita piena di salute fisica e mentale.<\/span><\/p>\n<p><span id=\"s2_3\">Pi\u00f9 il bambino si vede migliorare, pi\u00f9 fiducia acquista in se stesso e <strong>pi\u00f9 felice sar\u00e0 di crescere<\/strong>.<\/span><\/p>\n<div class=\"search-main-wrap search-long\">\n<div class=\"translation-wrap clearfix\">\n<div class=\"right-side-wrap\">\n<div id=\"trtext\"><span id=\"s2_4\">Tutte le nostre tecniche sono sempre realizzate con la norma di <strong>NON AGGRESSIONE ARTICOLARE<\/strong> per ottenere il nostro slogan: <strong>CHE IL BAMBINO ABBIA UNA LUNGA VITA SPORTIVA<\/strong>.<\/span><\/div>\n<\/div>\n<\/div>\n<\/div>\n<div class=\"newsearch vertical dnone\">\n<div class=\"leftpart\"><\/div>\n<\/div>\n<p>[\/vc_column_text][\/vc_column][\/vc_row][vc_row css=&#8221;.vc_custom_1529916993118{padding-bottom: 10px !important;}&#8221;][vc_column width=&#8221;1\/2&#8243;][vc_video link=&#8221;https:\/\/vimeo.com\/557558736&#8243;][\/vc_column][vc_column width=&#8221;1\/2&#8243;][vc_column_text]L&#8217;area pediatrica comprende i servizi di trattamento medico delle lesioni infantili, il trattamento fisioterapico delle lesioni infantili, la fisioterapia infantile, l&#8217;obesit\u00e0 infantile, la preparazione fisica, i protocolli e l&#8217;ordine sportivo per i bambini dai 3 ai 18 anni.[\/vc_column_text][\/vc_column][\/vc_row][vc_row][vc_column][vc_empty_space][vc_column_text]<\/p>\n<p style=\"text-align: center;\"><strong>Prenota un appuntamento<\/strong> compilando questo formulario o tramite il nostro telefono <strong>976 216 995 e prenditi cura della salute dei pi\u00f9 piccoli.<\/strong><\/p>\n<p>[\/vc_column_text][vc_empty_space]<div role=\"form\" class=\"wpcf7\" id=\"wpcf7-f8878-o1\" lang=\"en-US\" dir=\"ltr\">\n<div class=\"screen-reader-response\"><p role=\"status\" aria-live=\"polite\" aria-atomic=\"true\"><\/p> <ul><\/ul><\/div>\n<form action=\"\/it\/wp-json\/wp\/v2\/pages\/3643#wpcf7-f8878-o1\" method=\"post\" class=\"wpcf7-form init\" novalidate=\"novalidate\" data-status=\"init\">\n<div style=\"display: none;\">\n<input type=\"hidden\" name=\"_wpcf7\" value=\"8878\" \/>\n<input type=\"hidden\" name=\"_wpcf7_version\" value=\"5.4.1\" \/>\n<input type=\"hidden\" name=\"_wpcf7_locale\" value=\"en_US\" \/>\n<input type=\"hidden\" name=\"_wpcf7_unit_tag\" value=\"wpcf7-f8878-o1\" \/>\n<input type=\"hidden\" name=\"_wpcf7_container_post\" value=\"0\" \/>\n<input type=\"hidden\" name=\"_wpcf7_posted_data_hash\" value=\"\" \/>\n<input type=\"hidden\" name=\"_wpcf7_recaptcha_response\" value=\"\" \/>\n<\/div>\n<div class=\"contact-form-style3\">\n<div class=\"row\">\n<div class=\"col-sm-6\">\n<p><span class=\"wpcf7-form-control-wrap nombre\"><input type=\"text\" name=\"nombre\" value=\"\" size=\"40\" class=\"wpcf7-form-control wpcf7-text wpcf7-validates-as-required\" aria-required=\"true\" aria-invalid=\"false\" placeholder=\"Nome e Cognome\" \/><\/span> <\/p>\n<p><span class=\"wpcf7-form-control-wrap email\"><input type=\"email\" name=\"email\" value=\"\" size=\"40\" class=\"wpcf7-form-control wpcf7-text wpcf7-email wpcf7-validates-as-required wpcf7-validates-as-email\" aria-required=\"true\" aria-invalid=\"false\" placeholder=\"email\" \/><\/span> <\/p>\n<p><span class=\"wpcf7-form-control-wrap patologia\"><input type=\"text\" name=\"patologia\" value=\"\" size=\"40\" class=\"wpcf7-form-control wpcf7-text wpcf7-validates-as-required\" aria-required=\"true\" aria-invalid=\"false\" placeholder=\"Indichi la sua patologia\" \/><\/span> <\/p>\n<\/div>\n<div class=\"col-sm-6\">\n<p><span class=\"wpcf7-form-control-wrap mensaje\"><textarea name=\"mensaje\" cols=\"40\" rows=\"10\" class=\"wpcf7-form-control wpcf7-textarea wpcf7-validates-as-required\" aria-required=\"true\" aria-invalid=\"false\" placeholder=\"Messaggio\"><\/textarea><\/span><\/p>\n<\/div>\n<\/div>\n<span class=\"wpcf7-form-control-wrap recaptcha\"><span data-sitekey=\"6LdPX20UAAAAAA6xDQWhxuxAJtAP9TnDi87WjrYk\" class=\"wpcf7-form-control g-recaptcha wpcf7-recaptcha\"><\/span>\r\n<noscript>\r\n\t<div class=\"grecaptcha-noscript\">\r\n\t\t<iframe src=\"https:\/\/www.google.com\/recaptcha\/api\/fallback?k=6LdPX20UAAAAAA6xDQWhxuxAJtAP9TnDi87WjrYk\" frameborder=\"0\" scrolling=\"no\" width=\"310\" height=\"430\">\r\n\t\t<\/iframe>\r\n\t\t<textarea name=\"g-recaptcha-response\" rows=\"3\" cols=\"40\" placeholder=\"reCaptcha Response Here\">\r\n\t\t<\/textarea>\r\n\t<\/div>\r\n<\/noscript>\r\n<\/span>\n<p class=\"text-center\"><input type=\"submit\" value=\"Fissa un appuntamento\" class=\"wpcf7-form-control wpcf7-submit btn btn-white\" \/><\/p>\n<\/div>\n<div class=\"wpcf7-response-output\" aria-hidden=\"true\"><\/div><\/form><\/div>[vc_empty_space height=&#8221;60 px&#8221;][\/vc_column][\/vc_row][vc_column][\/vc_column]<\/p>\n","protected":false},"excerpt":{"rendered":"<p>[vc_row css=&#8221;.vc_custom_1529657695151{padding-bottom: 20px !important;}&#8221;][vc_column][vc_single_image image=&#8221;9751&#8243; img_size=&#8221;full&#8221; alignment=&#8221;center&#8221;][\/vc_column][\/vc_row][vc_row css=&#8221;.vc_custom_1529663426485{padding-top: 32px !important;}&#8221;][vc_column][vc_column_text]Abbiamo progettato quest&#8217;area di fronte alle necessit\u00e0 dei pap\u00e0 e delle mamme che venivano alla nostra clinica per curare l&#8217;obesit\u00e0 nei bambini e negli adolescenti. La nostra filosofia scientifica \u00e8 che attraverso l&#8217;attivit\u00e0 fisica guidata da fisioterapisti preparatori fisici, una nutrizione<\/p>\n","protected":false},"author":1,"featured_media":0,"parent":0,"menu_order":0,"comment_status":"closed","ping_status":"closed","template":"","meta":[],"translation":{"provider":"WPGlobus","version":"2.7.3","language":"it","enabled_languages":["es","en","ar","it"],"languages":{"es":{"title":true,"content":true,"excerpt":false},"en":{"title":true,"content":true,"excerpt":false},"ar":{"title":true,"content":true,"excerpt":false},"it":{"title":true,"content":true,"excerpt":false}}},"yoast_head":"<!-- This site is optimized with the Yoast SEO Premium plugin v16.2 - https:\/\/yoast.com\/wordpress\/plugins\/seo\/ -->\n<title>Obesit\u00e0 Infantile dell&#039;Area Infantile della clinica | Clinica Nasser<\/title>\n<meta name=\"description\" content=\"Abbiamo progettato quest&#039;area di fronte alle necessit\u00e0 dei genitori che vengono per curare l&#039;obesit\u00e0 di bambini e adolescenti.\" \/>\n<meta name=\"robots\" content=\"index, follow, max-snippet:-1, max-image-preview:large, max-video-preview:-1\" \/>\n<link rel=\"canonical\" href=\"https:\/\/clinicanasser.es\/obesidad-infantil\/\" \/>\n<meta property=\"og:locale\" content=\"it_IT\" \/>\n<meta property=\"og:type\" content=\"article\" \/>\n<meta property=\"og:title\" content=\"Obesidad infantil de el \u00c1rea Infantil | Cl\u00ednica Nasser\" \/>\n<meta property=\"og:description\" content=\"Abbiamo progettato quest&#039;area di fronte alle necessit\u00e0 dei genitori che vengono per curare l&#039;obesit\u00e0 di bambini e adolescenti.\" \/>\n<meta property=\"og:url\" content=\"https:\/\/clinicanasser.es\/obesidad-infantil\/\" \/>\n<meta property=\"og:site_name\" content=\"Clinica nasser. Tratamiento del dolor y rehabilitaci\u00f3n Zaragoza\" \/>\n<meta property=\"article:publisher\" content=\"https:\/\/www.facebook.com\/clinicanasserspain\/\" \/>\n<meta property=\"article:modified_time\" content=\"2022-11-23T11:28:52+00:00\" \/>\n<meta name=\"twitter:card\" content=\"summary_large_image\" \/>\n<meta name=\"twitter:label1\" content=\"Est. reading time\">\n\t<meta name=\"twitter:data1\" content=\"1 minute\">\n<script type=\"application\/ld+json\" class=\"yoast-schema-graph\">{\"@context\":\"https:\/\/schema.org\",\"@graph\":[{\"@type\":\"Organization\",\"@id\":\"https:\/\/clinicanasser.es\/#organization\",\"name\":\"Cl\\u00ednica Nasser\",\"url\":\"https:\/\/clinicanasser.es\/\",\"sameAs\":[\"https:\/\/www.facebook.com\/clinicanasserspain\/\",\"https:\/\/www.instagram.com\/clinica_nasser\/\",\"https:\/\/www.youtube.com\/channel\/UCjOFF9Kh4GHV2vhZkZx4yog\"],\"logo\":{\"@type\":\"ImageObject\",\"@id\":\"https:\/\/clinicanasser.es\/#logo\",\"inLanguage\":\"it-IT\",\"url\":\"https:\/\/clinicanasser.es\/wp-content\/uploads\/2019\/01\/Favicon-Clinica-Nasser.png\",\"contentUrl\":\"https:\/\/clinicanasser.es\/wp-content\/uploads\/2019\/01\/Favicon-Clinica-Nasser.png\",\"width\":512,\"height\":512,\"caption\":\"Cl\\u00ednica Nasser\"},\"image\":{\"@id\":\"https:\/\/clinicanasser.es\/#logo\"}},{\"@type\":\"WebSite\",\"@id\":\"https:\/\/clinicanasser.es\/#website\",\"url\":\"https:\/\/clinicanasser.es\/\",\"name\":\"Clinica nasser. Tratamiento del dolor y rehabilitaci\\u00f3n Zaragoza\",\"description\":\"Cl\\u00ednica especializada en tratamiento del dolor, rehabilitaci\\u00f3n fisico - deportiva y preparaciones f\\u00edsicas. Cl\\u00ednica en Zaragoza\",\"publisher\":{\"@id\":\"https:\/\/clinicanasser.es\/#organization\"},\"potentialAction\":[{\"@type\":\"SearchAction\",\"target\":\"https:\/\/clinicanasser.es\/?s={search_term_string}\",\"query-input\":\"required name=search_term_string\"}],\"inLanguage\":\"it-IT\"},{\"@type\":\"WebPage\",\"@id\":\"https:\/\/clinicanasser.es\/obesidad-infantil\/#webpage\",\"url\":\"https:\/\/clinicanasser.es\/obesidad-infantil\/\",\"name\":\"Obesidad infantil de el \\u00c1rea Infantil | Cl\\u00ednica Nasser\",\"isPartOf\":{\"@id\":\"https:\/\/clinicanasser.es\/#website\"},\"datePublished\":\"2018-06-22T08:39:05+00:00\",\"dateModified\":\"2022-11-23T11:28:52+00:00\",\"description\":\"Hemos dise\\u00f1ado este \\u00e1rea ante la necesidad de los papas y mam\\u00e1s que ven\\u00edan a nuestra cl\\u00ednica para tratar\\u00a0la obesidad en ni\\u00f1os y adolescentes.\",\"breadcrumb\":{\"@id\":\"https:\/\/clinicanasser.es\/obesidad-infantil\/#breadcrumb\"},\"inLanguage\":\"it-IT\",\"potentialAction\":[{\"@type\":\"ReadAction\",\"target\":[\"https:\/\/clinicanasser.es\/obesidad-infantil\/\"]}]},{\"@type\":\"BreadcrumbList\",\"@id\":\"https:\/\/clinicanasser.es\/obesidad-infantil\/#breadcrumb\",\"itemListElement\":[{\"@type\":\"ListItem\",\"position\":1,\"item\":{\"@type\":\"WebPage\",\"@id\":\"https:\/\/clinicanasser.es\/\",\"url\":\"https:\/\/clinicanasser.es\/\",\"name\":\"Inicio\"}},{\"@type\":\"ListItem\",\"position\":2,\"item\":{\"@id\":\"https:\/\/clinicanasser.es\/obesidad-infantil\/#webpage\"}}]}]}<\/script>\n<!-- \/ Yoast SEO Premium plugin. -->","_links":{"self":[{"href":"https:\/\/clinicanasser.es\/it\/wp-json\/wp\/v2\/pages\/3643"}],"collection":[{"href":"https:\/\/clinicanasser.es\/it\/wp-json\/wp\/v2\/pages"}],"about":[{"href":"https:\/\/clinicanasser.es\/it\/wp-json\/wp\/v2\/types\/page"}],"author":[{"embeddable":true,"href":"https:\/\/clinicanasser.es\/it\/wp-json\/wp\/v2\/users\/1"}],"replies":[{"embeddable":true,"href":"https:\/\/clinicanasser.es\/it\/wp-json\/wp\/v2\/comments?post=3643"}],"version-history":[{"count":31,"href":"https:\/\/clinicanasser.es\/it\/wp-json\/wp\/v2\/pages\/3643\/revisions"}],"predecessor-version":[{"id":10920,"href":"https:\/\/clinicanasser.es\/it\/wp-json\/wp\/v2\/pages\/3643\/revisions\/10920"}],"wp:attachment":[{"href":"https:\/\/clinicanasser.es\/it\/wp-json\/wp\/v2\/media?parent=3643"}],"curies":[{"name":"wp","href":"https:\/\/api.w.org\/{rel}","templated":true}]}}