{"id":3585,"date":"2018-06-21T09:40:48","date_gmt":"2018-06-21T09:40:48","guid":{"rendered":"https:\/\/clinicanasser.es\/?page_id=3585"},"modified":"2021-10-05T09:01:21","modified_gmt":"2021-10-05T07:01:21","slug":"body-design","status":"publish","type":"page","link":"https:\/\/clinicanasser.es\/it\/body-design\/","title":{"rendered":"Body Design"},"content":{"rendered":"<p>[vc_row css=&#8221;.vc_custom_1529657695151{padding-bottom: 20px !important;}&#8221;][vc_column][vc_single_image image=&#8221;9745&#8243; img_size=&#8221;full&#8221; alignment=&#8221;center&#8221;][\/vc_column][\/vc_row][vc_row css=&#8221;.vc_custom_1529663426485{padding-top: 32px !important;}&#8221;][vc_column][vc_column_text]<\/p>\n<p style=\"font-weight: 300;\">Il Body Design \u00e8 uno degli <strong>allenamenti pi\u00f9 alla moda di questi tempi<\/strong>. La cosa pi\u00f9 importante da sapere per\u00f2 \u00e8 che \u00e8 un metodo di <strong>trattamento e di allenamento complementare<\/strong>, non l&#8217;unica formula di lavoro, perch\u00e9 in questo modo non ha alcun rigore scientifico.<\/p>\n<p style=\"font-weight: 300;\">Body Design \u00e8 realizzato con un <strong>gilet di elettrostimolazione<\/strong> che ci aiuta ad allenare il muscolo in modo pi\u00f9 profondo e ad accelerare la sua evoluzione.\u00a0 L&#8217;allenamento di forza aggiunto al lavoro aerobico \u00e8 considerato come la soluzione pi\u00f9 adatta per la <strong>riduzione costante del grasso corporeo<\/strong>.\u00a0 In un <strong>allenamento convenzionale, il muscolo lavora circa al 30%<\/strong>; tuttavia, con il gilet otteniamo un&#8217;attivazione<strong> tra il 90 e il 100% <\/strong>del muscolo.<\/p>\n<p>E &#8216;utile per trattare lesioni o per recuperare tono muscolare, perch\u00e9 \u00e8 un lavoro che<strong> non richiede impatto articolare.<\/strong><\/p>\n<p>L&#8217;allenamento di forza aggiunto al lavoro aerobico \u00e8 considerato come la soluzione pi\u00f9 adatta per la riduzione costante del grasso corporeo.<\/p>\n<p>IL SISTEMA BODY DESIGN \u00c8 SUPER FACILE<\/p>\n<p><span id=\"s2_1\">Basta venire una volta alla settimana, fare un allenamento e si garantiscono risultati in forza, tonificazione, riduzione del grasso e miglioramenti in elasticit\u00e0, postura e prestazioni.<\/span><\/p>\n<p><span id=\"s2_2\">Ogni persona ha il proprio tipo di corpo e i propri desideri di miglioramento. Bodydesign\u00ae permette di adattare un programma per ogni esigenza, per ogni et\u00e0 e livello fisico.<\/span><\/p>\n<p>UN CORPO SANO E FORTE \u00c8 UN CORPO FELICE<\/p>\n<p>I risultati?<\/p>\n<p>Funziona. Le persone che utilizzano BodyDesign\u00ae, perdono peso, ottengono metabolismi pi\u00f9 efficienti, riducono il grasso corporeo, guadagnano muscolo e godono di altri benefici.<\/p>\n<p>UNA SESSIONE A SETTIMANA \u00c8 TUTTO QUELLO CHE TI SERVE[\/vc_column_text][\/vc_column][\/vc_row][vc_row][vc_column][vc_empty_space][vc_column_text]<\/p>\n<p style=\"text-align: center;\"><b>Prenota un<\/b> <strong>appuntamento <\/strong>compilando questo formulario o tramite il nostro telefono\u00a0<strong>976 216 995 e comincia a vedere i risultati su di te.<\/strong><\/p>\n<p>[\/vc_column_text][vc_empty_space]<div role=\"form\" class=\"wpcf7\" id=\"wpcf7-f8878-o1\" lang=\"en-US\" dir=\"ltr\">\n<div class=\"screen-reader-response\"><p role=\"status\" aria-live=\"polite\" aria-atomic=\"true\"><\/p> <ul><\/ul><\/div>\n<form action=\"\/it\/wp-json\/wp\/v2\/pages\/3585#wpcf7-f8878-o1\" method=\"post\" class=\"wpcf7-form init\" novalidate=\"novalidate\" data-status=\"init\">\n<div style=\"display: none;\">\n<input type=\"hidden\" name=\"_wpcf7\" value=\"8878\" \/>\n<input type=\"hidden\" name=\"_wpcf7_version\" value=\"5.4.1\" \/>\n<input type=\"hidden\" name=\"_wpcf7_locale\" value=\"en_US\" \/>\n<input type=\"hidden\" name=\"_wpcf7_unit_tag\" value=\"wpcf7-f8878-o1\" \/>\n<input type=\"hidden\" name=\"_wpcf7_container_post\" value=\"0\" \/>\n<input type=\"hidden\" name=\"_wpcf7_posted_data_hash\" value=\"\" \/>\n<input type=\"hidden\" name=\"_wpcf7_recaptcha_response\" value=\"\" \/>\n<\/div>\n<div class=\"contact-form-style3\">\n<div class=\"row\">\n<div class=\"col-sm-6\">\n<p><span class=\"wpcf7-form-control-wrap nombre\"><input type=\"text\" name=\"nombre\" value=\"\" size=\"40\" class=\"wpcf7-form-control wpcf7-text wpcf7-validates-as-required\" aria-required=\"true\" aria-invalid=\"false\" placeholder=\"Nome e Cognome\" \/><\/span> <\/p>\n<p><span class=\"wpcf7-form-control-wrap email\"><input type=\"email\" name=\"email\" value=\"\" size=\"40\" class=\"wpcf7-form-control wpcf7-text wpcf7-email wpcf7-validates-as-required wpcf7-validates-as-email\" aria-required=\"true\" aria-invalid=\"false\" placeholder=\"email\" \/><\/span> <\/p>\n<p><span class=\"wpcf7-form-control-wrap patologia\"><input type=\"text\" name=\"patologia\" value=\"\" size=\"40\" class=\"wpcf7-form-control wpcf7-text wpcf7-validates-as-required\" aria-required=\"true\" aria-invalid=\"false\" placeholder=\"Indichi la sua patologia\" \/><\/span> <\/p>\n<\/div>\n<div class=\"col-sm-6\">\n<p><span class=\"wpcf7-form-control-wrap mensaje\"><textarea name=\"mensaje\" cols=\"40\" rows=\"10\" class=\"wpcf7-form-control wpcf7-textarea wpcf7-validates-as-required\" aria-required=\"true\" aria-invalid=\"false\" placeholder=\"Messaggio\"><\/textarea><\/span><\/p>\n<\/div>\n<\/div>\n<span class=\"wpcf7-form-control-wrap recaptcha\"><span data-sitekey=\"6LdPX20UAAAAAA6xDQWhxuxAJtAP9TnDi87WjrYk\" class=\"wpcf7-form-control g-recaptcha wpcf7-recaptcha\"><\/span>\r\n<noscript>\r\n\t<div class=\"grecaptcha-noscript\">\r\n\t\t<iframe src=\"https:\/\/www.google.com\/recaptcha\/api\/fallback?k=6LdPX20UAAAAAA6xDQWhxuxAJtAP9TnDi87WjrYk\" frameborder=\"0\" scrolling=\"no\" width=\"310\" height=\"430\">\r\n\t\t<\/iframe>\r\n\t\t<textarea name=\"g-recaptcha-response\" rows=\"3\" cols=\"40\" placeholder=\"reCaptcha Response Here\">\r\n\t\t<\/textarea>\r\n\t<\/div>\r\n<\/noscript>\r\n<\/span>\n<p class=\"text-center\"><input type=\"submit\" value=\"Fissa un appuntamento\" class=\"wpcf7-form-control wpcf7-submit btn btn-white\" \/><\/p>\n<\/div>\n<div class=\"wpcf7-response-output\" aria-hidden=\"true\"><\/div><\/form><\/div>[vc_empty_space height=&#8221;60 px&#8221;][\/vc_column][\/vc_row][vc_column][\/vc_column]<\/p>\n","protected":false},"excerpt":{"rendered":"<p>[vc_row css=&#8221;.vc_custom_1529657695151{padding-bottom: 20px !important;}&#8221;][vc_column][vc_single_image image=&#8221;9745&#8243; img_size=&#8221;full&#8221; alignment=&#8221;center&#8221;][\/vc_column][\/vc_row][vc_row css=&#8221;.vc_custom_1529663426485{padding-top: 32px !important;}&#8221;][vc_column][vc_column_text] Il Body Design \u00e8 uno degli allenamenti pi\u00f9 alla moda di questi tempi. La cosa pi\u00f9 importante da sapere per\u00f2 \u00e8 che \u00e8 un metodo di trattamento e di allenamento complementare, non l&#8217;unica formula di lavoro, perch\u00e9 in questo modo<\/p>\n","protected":false},"author":1,"featured_media":0,"parent":0,"menu_order":0,"comment_status":"closed","ping_status":"closed","template":"","meta":[],"translation":{"provider":"WPGlobus","version":"2.7.3","language":"it","enabled_languages":["es","en","ar","it"],"languages":{"es":{"title":true,"content":true,"excerpt":false},"en":{"title":true,"content":true,"excerpt":false},"ar":{"title":true,"content":true,"excerpt":false},"it":{"title":true,"content":true,"excerpt":false}}},"yoast_head":"<!-- This site is optimized with the Yoast SEO Premium plugin v16.2 - https:\/\/yoast.com\/wordpress\/plugins\/seo\/ -->\n<title>Body design per recuperare tono muscolare | Clinica Nasser<\/title>\n<meta name=\"description\" content=\"Il Body Design \u00e8 uno degli allenamenti pi\u00f9 alla moda di questi ultimi tempi. Questo \u00e8 un metodo di trattamento complementare.\" \/>\n<meta name=\"robots\" content=\"index, follow, max-snippet:-1, max-image-preview:large, max-video-preview:-1\" \/>\n<link rel=\"canonical\" href=\"https:\/\/clinicanasser.es\/en\/body-design\/\" \/>\n<meta property=\"og:locale\" content=\"it_IT\" \/>\n<meta property=\"og:type\" content=\"article\" \/>\n<meta property=\"og:title\" content=\"Body design para tratar lesiones y recuperar tono m\u00fasculo | Clinica Nasser\" \/>\n<meta property=\"og:description\" content=\"Il Body Design \u00e8 uno degli allenamenti pi\u00f9 alla moda di questi ultimi tempi. Questo \u00e8 un metodo di trattamento complementare.\" \/>\n<meta property=\"og:url\" content=\"https:\/\/clinicanasser.es\/en\/body-design\/\" \/>\n<meta property=\"og:site_name\" content=\"Clinica nasser. Tratamiento del dolor y rehabilitaci\u00f3n Zaragoza\" \/>\n<meta property=\"article:publisher\" content=\"https:\/\/www.facebook.com\/clinicanasserspain\/\" \/>\n<meta property=\"article:modified_time\" content=\"2021-10-05T07:01:21+00:00\" \/>\n<meta name=\"twitter:card\" content=\"summary_large_image\" \/>\n<meta name=\"twitter:label1\" content=\"Est. reading time\">\n\t<meta name=\"twitter:data1\" content=\"2 minutes\">\n<script type=\"application\/ld+json\" class=\"yoast-schema-graph\">{\"@context\":\"https:\/\/schema.org\",\"@graph\":[{\"@type\":\"Organization\",\"@id\":\"https:\/\/clinicanasser.es\/#organization\",\"name\":\"Cl\\u00ednica Nasser\",\"url\":\"https:\/\/clinicanasser.es\/\",\"sameAs\":[\"https:\/\/www.facebook.com\/clinicanasserspain\/\",\"https:\/\/www.instagram.com\/clinica_nasser\/\",\"https:\/\/www.youtube.com\/channel\/UCjOFF9Kh4GHV2vhZkZx4yog\"],\"logo\":{\"@type\":\"ImageObject\",\"@id\":\"https:\/\/clinicanasser.es\/#logo\",\"inLanguage\":\"it-IT\",\"url\":\"https:\/\/clinicanasser.es\/wp-content\/uploads\/2019\/01\/Favicon-Clinica-Nasser.png\",\"contentUrl\":\"https:\/\/clinicanasser.es\/wp-content\/uploads\/2019\/01\/Favicon-Clinica-Nasser.png\",\"width\":512,\"height\":512,\"caption\":\"Cl\\u00ednica Nasser\"},\"image\":{\"@id\":\"https:\/\/clinicanasser.es\/#logo\"}},{\"@type\":\"WebSite\",\"@id\":\"https:\/\/clinicanasser.es\/#website\",\"url\":\"https:\/\/clinicanasser.es\/\",\"name\":\"Clinica nasser. Tratamiento del dolor y rehabilitaci\\u00f3n Zaragoza\",\"description\":\"Cl\\u00ednica especializada en tratamiento del dolor, rehabilitaci\\u00f3n fisico - deportiva y preparaciones f\\u00edsicas. Cl\\u00ednica en Zaragoza\",\"publisher\":{\"@id\":\"https:\/\/clinicanasser.es\/#organization\"},\"potentialAction\":[{\"@type\":\"SearchAction\",\"target\":\"https:\/\/clinicanasser.es\/?s={search_term_string}\",\"query-input\":\"required name=search_term_string\"}],\"inLanguage\":\"it-IT\"},{\"@type\":\"WebPage\",\"@id\":\"https:\/\/clinicanasser.es\/en\/body-design\/#webpage\",\"url\":\"https:\/\/clinicanasser.es\/en\/body-design\/\",\"name\":\"Body design para tratar lesiones y recuperar tono m\\u00fasculo | Clinica Nasser\",\"isPartOf\":{\"@id\":\"https:\/\/clinicanasser.es\/#website\"},\"datePublished\":\"2018-06-21T09:40:48+00:00\",\"dateModified\":\"2021-10-05T07:01:21+00:00\",\"description\":\"El Body Design es uno de los\\u00a0entrenamientos m\\u00e1s de moda en estos \\u00faltimos tiempos. Esto es un m\\u00e9todo de\\u00a0tratamiento complementario.\",\"breadcrumb\":{\"@id\":\"https:\/\/clinicanasser.es\/en\/body-design\/#breadcrumb\"},\"inLanguage\":\"it-IT\",\"potentialAction\":[{\"@type\":\"ReadAction\",\"target\":[\"https:\/\/clinicanasser.es\/en\/body-design\/\"]}]},{\"@type\":\"BreadcrumbList\",\"@id\":\"https:\/\/clinicanasser.es\/en\/body-design\/#breadcrumb\",\"itemListElement\":[{\"@type\":\"ListItem\",\"position\":1,\"item\":{\"@type\":\"WebPage\",\"@id\":\"https:\/\/clinicanasser.es\/\",\"url\":\"https:\/\/clinicanasser.es\/\",\"name\":\"Inicio\"}},{\"@type\":\"ListItem\",\"position\":2,\"item\":{\"@id\":\"https:\/\/clinicanasser.es\/en\/body-design\/#webpage\"}}]}]}<\/script>\n<!-- \/ Yoast SEO Premium plugin. -->","_links":{"self":[{"href":"https:\/\/clinicanasser.es\/it\/wp-json\/wp\/v2\/pages\/3585"}],"collection":[{"href":"https:\/\/clinicanasser.es\/it\/wp-json\/wp\/v2\/pages"}],"about":[{"href":"https:\/\/clinicanasser.es\/it\/wp-json\/wp\/v2\/types\/page"}],"author":[{"embeddable":true,"href":"https:\/\/clinicanasser.es\/it\/wp-json\/wp\/v2\/users\/1"}],"replies":[{"embeddable":true,"href":"https:\/\/clinicanasser.es\/it\/wp-json\/wp\/v2\/comments?post=3585"}],"version-history":[{"count":20,"href":"https:\/\/clinicanasser.es\/it\/wp-json\/wp\/v2\/pages\/3585\/revisions"}],"predecessor-version":[{"id":9822,"href":"https:\/\/clinicanasser.es\/it\/wp-json\/wp\/v2\/pages\/3585\/revisions\/9822"}],"wp:attachment":[{"href":"https:\/\/clinicanasser.es\/it\/wp-json\/wp\/v2\/media?parent=3585"}],"curies":[{"name":"wp","href":"https:\/\/api.w.org\/{rel}","templated":true}]}}