{"id":3573,"date":"2018-06-21T09:38:18","date_gmt":"2018-06-21T09:38:18","guid":{"rendered":"https:\/\/clinicanasser.es\/?page_id=3573"},"modified":"2021-07-21T14:56:15","modified_gmt":"2021-07-21T12:56:15","slug":"tratamiento-del-dolor","status":"publish","type":"page","link":"https:\/\/clinicanasser.es\/it\/tratamiento-del-dolor\/","title":{"rendered":"Trattamento del dolore"},"content":{"rendered":"<p>[vc_row css=&#8221;.vc_custom_1529657695151{padding-bottom: 20px !important;}&#8221;][vc_column][vc_single_image image=&#8221;3651&#8243; img_size=&#8221;full&#8221; alignment=&#8221;center&#8221;][\/vc_column][\/vc_row][vc_row css=&#8221;.vc_custom_1621936235408{padding-top: 32px !important;}&#8221;][vc_column][vc_column_text]Alla <strong>Clinica Nasser<\/strong> offriamo un&#8217;<strong>attenzione personalizzata del paziente<\/strong>, facciamo uno studio biomeccanico e facciamo una diagnosi delle diverse cause della lesione, colleghiamo le cause della patologia o della malattia con fattori fisici o psicologici.<\/p>\n<p><strong>Utilizziamo tecniche non aggressive per eliminare o attenuare il dolore osseo, articolare, muscolare, neurologico (sciatiche, ernie discali), lesioni sportive<\/strong>, ecc&#8230; sia sintomo che malattia.<\/p>\n<p>Siamo conformi a tutti i requisiti funzionali e strutturali che garantiscono la qualit\u00e0 e l&#8217;efficienza del nostro servizio.<\/p>\n<p>L&#8217;obiettivo principale \u00e8<strong> migliorare la qualit\u00e0 della vita<\/strong> delle persone che entrano nella nostra clinica e che recuperino il loro <strong>benessere fisico ed emotivo<\/strong>.<\/p>\n<p>Nella nostra Clinica, con pi\u00f9 di 40 anni di esperienza, utilizziamo metodi all&#8217;avanguardia e abbiamo un gruppo professionale vicino, umile, motivante e soprattutto onesto, che utilizza le ultime tecniche pi\u00f9 innovative, non invasive, al fine di eliminare o attenuare un&#8217;ampia gamma di lesioni e dolori, che compromettono la nostra condizione fisica e mentale, da cui il nostro motto personale : &#8220;<strong>CLINICA NASSER, QUALIT\u00c0 DI VITA E LUNGA VITA SPORTIVA<\/strong>&#8221;<\/p>\n<p>La nostra sfida professionale \u00e8 ottenere il <strong>completo<\/strong> <strong>sollievo da quel dolore <\/strong>in modo che la persona possa condurre una vita normale. Con la nostra valutazione e una buona guida pratica alle raccomandazioni che i nostri professionisti della Clinica Nasser vi offriranno, otterrete giorno per giorno un giorno senza dolore.[\/vc_column_text][vc_empty_space][vc_row_inner css=&#8221;.vc_custom_1621936069783{margin-bottom: 32px !important;}&#8221;][vc_column_inner width=&#8221;1\/2&#8243;][vc_video link=&#8221;https:\/\/vimeo.com\/561754296&#8243;][\/vc_column_inner][vc_column_inner width=&#8221;1\/2&#8243;][vc_column_text]Jos\u00e9 soffriva di una paralisi facciale derivata dalla rimozione di un tumore nel collo e, grazie ai professionisti della Clinica Nasser, \u00e8 riuscito ad ottenere quasi la totalit\u00e0 dei movimenti facciali, ora pu\u00f2 pure chiudere gli occhi, cosa che fino ad ora non poteva fare.[\/vc_column_text][\/vc_column_inner][\/vc_row_inner][vc_row_inner css=&#8221;.vc_custom_1621936069783{margin-bottom: 32px !important;}&#8221;][vc_column_inner width=&#8221;1\/2&#8243;][vc_column_text]Alex Puente, sciatore della Real Federaci\u00f3n Espa\u00f1ola degli Sport Invernali si riprende dalla sua lesione alla spalla nella Clinica Nasser per rimettersi in forma per le prossime Olimpiadi[\/vc_column_text][\/vc_column_inner][vc_column_inner width=&#8221;1\/2&#8243;][vc_video link=&#8221;https:\/\/vimeo.com\/561754328&#8243;][\/vc_column_inner][\/vc_row_inner][vc_row_inner css=&#8221;.vc_custom_1621936069783{margin-bottom: 32px !important;}&#8221;][vc_column_inner width=&#8221;1\/2&#8243;][vc_video link=&#8221;https:\/\/vimeo.com\/561753550&#8243;][\/vc_column_inner][vc_column_inner width=&#8221;1\/2&#8243;][vc_column_text]Lorenzo va alla Clinica Nasser con l\u2019obbiettivo di migliorare la sua salute e di mettersi in forma. Racconta quale procedura viene utilizzata con lui e quanto \u00e8 felice per la sua perdita di peso.[\/vc_column_text][\/vc_column_inner][\/vc_row_inner][vc_video link=&#8221;https:\/\/vimeo.com\/557522184&#8243; align=&#8221;center&#8221;][vc_empty_space][vc_column_text]<\/p>\n<div class=\"wpb_text_column wpb_content_element \">\n<div class=\"wpb_wrapper\">\n<p><strong>Richiedi un appuntamento\u00a0<\/strong>compilando questo modulo o tarmite il nostro numero di telefono\u00a0<strong>976 216 995 e fai in modo che la tua giornata sia senza dolore.\u00a0<\/strong><\/p>\n<\/div>\n<\/div>\n<p>[\/vc_column_text][vc_empty_space]<div role=\"form\" class=\"wpcf7\" id=\"wpcf7-f8878-o1\" lang=\"en-US\" dir=\"ltr\">\n<div class=\"screen-reader-response\"><p role=\"status\" aria-live=\"polite\" aria-atomic=\"true\"><\/p> <ul><\/ul><\/div>\n<form action=\"\/it\/wp-json\/wp\/v2\/pages\/3573#wpcf7-f8878-o1\" method=\"post\" class=\"wpcf7-form init\" novalidate=\"novalidate\" data-status=\"init\">\n<div style=\"display: none;\">\n<input type=\"hidden\" name=\"_wpcf7\" value=\"8878\" \/>\n<input type=\"hidden\" name=\"_wpcf7_version\" value=\"5.4.1\" \/>\n<input type=\"hidden\" name=\"_wpcf7_locale\" value=\"en_US\" \/>\n<input type=\"hidden\" name=\"_wpcf7_unit_tag\" value=\"wpcf7-f8878-o1\" \/>\n<input type=\"hidden\" name=\"_wpcf7_container_post\" value=\"0\" \/>\n<input type=\"hidden\" name=\"_wpcf7_posted_data_hash\" value=\"\" \/>\n<input type=\"hidden\" name=\"_wpcf7_recaptcha_response\" value=\"\" \/>\n<\/div>\n<div class=\"contact-form-style3\">\n<div class=\"row\">\n<div class=\"col-sm-6\">\n<p><span class=\"wpcf7-form-control-wrap nombre\"><input type=\"text\" name=\"nombre\" value=\"\" size=\"40\" class=\"wpcf7-form-control wpcf7-text wpcf7-validates-as-required\" aria-required=\"true\" aria-invalid=\"false\" placeholder=\"Nome e Cognome\" \/><\/span> <\/p>\n<p><span class=\"wpcf7-form-control-wrap email\"><input type=\"email\" name=\"email\" value=\"\" size=\"40\" class=\"wpcf7-form-control wpcf7-text wpcf7-email wpcf7-validates-as-required wpcf7-validates-as-email\" aria-required=\"true\" aria-invalid=\"false\" placeholder=\"email\" \/><\/span> <\/p>\n<p><span class=\"wpcf7-form-control-wrap patologia\"><input type=\"text\" name=\"patologia\" value=\"\" size=\"40\" class=\"wpcf7-form-control wpcf7-text wpcf7-validates-as-required\" aria-required=\"true\" aria-invalid=\"false\" placeholder=\"Indichi la sua patologia\" \/><\/span> <\/p>\n<\/div>\n<div class=\"col-sm-6\">\n<p><span class=\"wpcf7-form-control-wrap mensaje\"><textarea name=\"mensaje\" cols=\"40\" rows=\"10\" class=\"wpcf7-form-control wpcf7-textarea wpcf7-validates-as-required\" aria-required=\"true\" aria-invalid=\"false\" placeholder=\"Messaggio\"><\/textarea><\/span><\/p>\n<\/div>\n<\/div>\n<span class=\"wpcf7-form-control-wrap recaptcha\"><span data-sitekey=\"6LdPX20UAAAAAA6xDQWhxuxAJtAP9TnDi87WjrYk\" class=\"wpcf7-form-control g-recaptcha wpcf7-recaptcha\"><\/span>\r\n<noscript>\r\n\t<div class=\"grecaptcha-noscript\">\r\n\t\t<iframe src=\"https:\/\/www.google.com\/recaptcha\/api\/fallback?k=6LdPX20UAAAAAA6xDQWhxuxAJtAP9TnDi87WjrYk\" frameborder=\"0\" scrolling=\"no\" width=\"310\" height=\"430\">\r\n\t\t<\/iframe>\r\n\t\t<textarea name=\"g-recaptcha-response\" rows=\"3\" cols=\"40\" placeholder=\"reCaptcha Response Here\">\r\n\t\t<\/textarea>\r\n\t<\/div>\r\n<\/noscript>\r\n<\/span>\n<p class=\"text-center\"><input type=\"submit\" value=\"Fissa un appuntamento\" class=\"wpcf7-form-control wpcf7-submit btn btn-white\" \/><\/p>\n<\/div>\n<div class=\"wpcf7-response-output\" aria-hidden=\"true\"><\/div><\/form><\/div>[vc_empty_space][\/vc_column][\/vc_row][vc_column][\/vc_column]<\/p>\n","protected":false},"excerpt":{"rendered":"<p>[vc_row css=&#8221;.vc_custom_1529657695151{padding-bottom: 20px !important;}&#8221;][vc_column][vc_single_image image=&#8221;3651&#8243; img_size=&#8221;full&#8221; alignment=&#8221;center&#8221;][\/vc_column][\/vc_row][vc_row css=&#8221;.vc_custom_1621936235408{padding-top: 32px !important;}&#8221;][vc_column][vc_column_text]Alla Clinica Nasser offriamo un&#8217;attenzione personalizzata del paziente, facciamo uno studio biomeccanico e facciamo una diagnosi delle diverse cause della lesione, colleghiamo le cause della patologia o della malattia con fattori fisici o psicologici. Utilizziamo tecniche non aggressive per eliminare o<\/p>\n","protected":false},"author":1,"featured_media":3651,"parent":0,"menu_order":0,"comment_status":"closed","ping_status":"closed","template":"","meta":[],"translation":{"provider":"WPGlobus","version":"2.7.3","language":"it","enabled_languages":["es","en","ar","it"],"languages":{"es":{"title":true,"content":true,"excerpt":false},"en":{"title":true,"content":true,"excerpt":false},"ar":{"title":true,"content":true,"excerpt":false},"it":{"title":true,"content":true,"excerpt":false}}},"yoast_head":"<!-- This site is optimized with the Yoast SEO Premium plugin v16.2 - https:\/\/yoast.com\/wordpress\/plugins\/seo\/ -->\n<title>Trattamento del dolore basato su uno studio biomeccanico | Clinica Nasser<\/title>\n<meta name=\"description\" content=\"Utilizziamo tecniche non aggressive per eliminare o alleviare il dolore osseo, articolare, muscolare, neurologico e lesioni sportive\" \/>\n<meta name=\"robots\" content=\"index, follow, max-snippet:-1, max-image-preview:large, max-video-preview:-1\" \/>\n<link rel=\"canonical\" href=\"https:\/\/clinicanasser.es\/tratamiento-del-dolor\/\" \/>\n<meta property=\"og:locale\" content=\"it_IT\" \/>\n<meta property=\"og:type\" content=\"article\" \/>\n<meta property=\"og:title\" content=\"Trattamento del dolore basato su uno studio biomeccanico | Clinica Nasser\" \/>\n<meta property=\"og:description\" content=\"Utilizziamo tecniche non aggressive per eliminare o alleviare il dolore osseo, articolare, muscolare, neurologico e lesioni sportive\" \/>\n<meta property=\"og:url\" content=\"https:\/\/clinicanasser.es\/tratamiento-del-dolor\/\" \/>\n<meta property=\"og:site_name\" content=\"Clinica nasser. Tratamiento del dolor y rehabilitaci\u00f3n Zaragoza\" \/>\n<meta property=\"article:publisher\" content=\"https:\/\/www.facebook.com\/clinicanasserspain\/\" \/>\n<meta property=\"article:modified_time\" content=\"2021-07-21T12:56:15+00:00\" \/>\n<meta property=\"og:image\" content=\"https:\/\/clinicanasser.es\/wp-content\/uploads\/2018\/06\/tratamiento-del-dolor-cab_clinica-nasser.png\" \/>\n\t<meta property=\"og:image:width\" content=\"1366\" \/>\n\t<meta property=\"og:image:height\" content=\"354\" \/>\n<meta name=\"twitter:card\" content=\"summary_large_image\" \/>\n<meta name=\"twitter:label1\" content=\"Est. reading time\">\n\t<meta name=\"twitter:data1\" content=\"2 minutes\">\n<script type=\"application\/ld+json\" class=\"yoast-schema-graph\">{\"@context\":\"https:\/\/schema.org\",\"@graph\":[{\"@type\":\"Organization\",\"@id\":\"https:\/\/clinicanasser.es\/#organization\",\"name\":\"Cl\\u00ednica Nasser\",\"url\":\"https:\/\/clinicanasser.es\/\",\"sameAs\":[\"https:\/\/www.facebook.com\/clinicanasserspain\/\",\"https:\/\/www.instagram.com\/clinica_nasser\/\",\"https:\/\/www.youtube.com\/channel\/UCjOFF9Kh4GHV2vhZkZx4yog\"],\"logo\":{\"@type\":\"ImageObject\",\"@id\":\"https:\/\/clinicanasser.es\/#logo\",\"inLanguage\":\"it-IT\",\"url\":\"https:\/\/clinicanasser.es\/wp-content\/uploads\/2019\/01\/Favicon-Clinica-Nasser.png\",\"contentUrl\":\"https:\/\/clinicanasser.es\/wp-content\/uploads\/2019\/01\/Favicon-Clinica-Nasser.png\",\"width\":512,\"height\":512,\"caption\":\"Cl\\u00ednica Nasser\"},\"image\":{\"@id\":\"https:\/\/clinicanasser.es\/#logo\"}},{\"@type\":\"WebSite\",\"@id\":\"https:\/\/clinicanasser.es\/#website\",\"url\":\"https:\/\/clinicanasser.es\/\",\"name\":\"Clinica nasser. Tratamiento del dolor y rehabilitaci\\u00f3n Zaragoza\",\"description\":\"Cl\\u00ednica especializada en tratamiento del dolor, rehabilitaci\\u00f3n fisico - deportiva y preparaciones f\\u00edsicas. Cl\\u00ednica en Zaragoza\",\"publisher\":{\"@id\":\"https:\/\/clinicanasser.es\/#organization\"},\"potentialAction\":[{\"@type\":\"SearchAction\",\"target\":\"https:\/\/clinicanasser.es\/?s={search_term_string}\",\"query-input\":\"required name=search_term_string\"}],\"inLanguage\":\"it-IT\"},{\"@type\":\"ImageObject\",\"@id\":\"https:\/\/clinicanasser.es\/tratamiento-del-dolor\/#primaryimage\",\"inLanguage\":\"it-IT\",\"url\":\"https:\/\/clinicanasser.es\/wp-content\/uploads\/2018\/06\/tratamiento-del-dolor-cab_clinica-nasser.png\",\"contentUrl\":\"https:\/\/clinicanasser.es\/wp-content\/uploads\/2018\/06\/tratamiento-del-dolor-cab_clinica-nasser.png\",\"width\":1366,\"height\":354,\"caption\":\"tratamiento del dolor clinica nasser\"},{\"@type\":\"WebPage\",\"@id\":\"https:\/\/clinicanasser.es\/tratamiento-del-dolor\/#webpage\",\"url\":\"https:\/\/clinicanasser.es\/tratamiento-del-dolor\/\",\"name\":\"Trattamento del dolore basato su uno studio biomeccanico | Clinica Nasser\",\"isPartOf\":{\"@id\":\"https:\/\/clinicanasser.es\/#website\"},\"primaryImageOfPage\":{\"@id\":\"https:\/\/clinicanasser.es\/tratamiento-del-dolor\/#primaryimage\"},\"datePublished\":\"2018-06-21T09:38:18+00:00\",\"dateModified\":\"2021-07-21T12:56:15+00:00\",\"description\":\"Utilizziamo tecniche non aggressive per eliminare o alleviare il dolore osseo, articolare, muscolare, neurologico e lesioni sportive\",\"breadcrumb\":{\"@id\":\"https:\/\/clinicanasser.es\/tratamiento-del-dolor\/#breadcrumb\"},\"inLanguage\":\"it-IT\",\"potentialAction\":[{\"@type\":\"ReadAction\",\"target\":[\"https:\/\/clinicanasser.es\/tratamiento-del-dolor\/\"]}]},{\"@type\":\"BreadcrumbList\",\"@id\":\"https:\/\/clinicanasser.es\/tratamiento-del-dolor\/#breadcrumb\",\"itemListElement\":[{\"@type\":\"ListItem\",\"position\":1,\"item\":{\"@type\":\"WebPage\",\"@id\":\"https:\/\/clinicanasser.es\/\",\"url\":\"https:\/\/clinicanasser.es\/\",\"name\":\"Inicio\"}},{\"@type\":\"ListItem\",\"position\":2,\"item\":{\"@id\":\"https:\/\/clinicanasser.es\/tratamiento-del-dolor\/#webpage\"}}]}]}<\/script>\n<!-- \/ Yoast SEO Premium plugin. -->","_links":{"self":[{"href":"https:\/\/clinicanasser.es\/it\/wp-json\/wp\/v2\/pages\/3573"}],"collection":[{"href":"https:\/\/clinicanasser.es\/it\/wp-json\/wp\/v2\/pages"}],"about":[{"href":"https:\/\/clinicanasser.es\/it\/wp-json\/wp\/v2\/types\/page"}],"author":[{"embeddable":true,"href":"https:\/\/clinicanasser.es\/it\/wp-json\/wp\/v2\/users\/1"}],"replies":[{"embeddable":true,"href":"https:\/\/clinicanasser.es\/it\/wp-json\/wp\/v2\/comments?post=3573"}],"version-history":[{"count":66,"href":"https:\/\/clinicanasser.es\/it\/wp-json\/wp\/v2\/pages\/3573\/revisions"}],"predecessor-version":[{"id":9236,"href":"https:\/\/clinicanasser.es\/it\/wp-json\/wp\/v2\/pages\/3573\/revisions\/9236"}],"wp:featuredmedia":[{"embeddable":true,"href":"https:\/\/clinicanasser.es\/it\/wp-json\/wp\/v2\/media\/3651"}],"wp:attachment":[{"href":"https:\/\/clinicanasser.es\/it\/wp-json\/wp\/v2\/media?parent=3573"}],"curies":[{"name":"wp","href":"https:\/\/api.w.org\/{rel}","templated":true}]}}