{"id":3569,"date":"2018-06-21T09:37:27","date_gmt":"2018-06-21T09:37:27","guid":{"rendered":"https:\/\/clinicanasser.es\/?page_id=3569"},"modified":"2022-01-13T16:22:41","modified_gmt":"2022-01-13T14:22:41","slug":"fisioterapia","status":"publish","type":"page","link":"https:\/\/clinicanasser.es\/it\/fisioterapia\/","title":{"rendered":"Fisioterapia"},"content":{"rendered":"<p>[vc_row css=&#8221;.vc_custom_1529657695151{padding-bottom: 20px !important;}&#8221;][vc_column][vc_single_image image=&#8221;3676&#8243; img_size=&#8221;full&#8221; alignment=&#8221;center&#8221;][\/vc_column][\/vc_row][vc_row css=&#8221;.vc_custom_1529664968514{padding-top: 32px !important;}&#8221;][vc_column][vc_column_text]<\/p>\n<p style=\"font-weight: 300;\">Nella Clinica Nasser offriamo ai nostri pazienti un trattamento di fisioterapia personalizzato in funzione delle necessit\u00e0 di ognuno, il cui obbiettivo \u00e8 <strong>realizzare untrattamento il pi\u00f9 efficace possibile<\/strong><strong style=\"font-weight: 400;\"> per eliminare il dolore e recuperare l&#8217;area che vogliamo trattare<\/strong>.<\/p>\n<p style=\"font-weight: 300;\">Grazie a tutte le persone altamente qualificate che lavorano nella nostra clinica, offriamo ad ogni paziente una combinazione delle tecniche pi\u00f9 efficaci con <strong style=\"font-weight: 400;\">tecnologia all&#8217;avanguardia ed affidabile, ottenendo risultati soddisfacenti<\/strong>.<\/p>\n<p style=\"font-weight: 300;\">La\u00a0<strong style=\"font-weight: 400;\">fisioterapia non \u00e8 solo un massaggio<\/strong>, <span id=\"s2_1\">ma comporta alcune conoscenze professionali che, se non sono quelle giuste, possono portare il paziente al dolore critico e al non recupero di quest&#8217;ultimo.<\/span>\u00a0<span id=\"s2_2\">Alla Clinica Nasser lavoriamo per essere professionisti eccellenti con una buona conoscenza, oltre all&#8217;esperienza di molti anni nel settore della fisioterapia<\/span><\/p>\n<p style=\"font-weight: 300;\">Sono molti i settori in cui lavoriamo come specialisti, ma i principali sono i seguenti: il <strong>drenaggio linfatico, il massaggio, la riflessologia podale, il rilassamento, cinesiterapia, l&#8217; osteopatia, l&#8217;agopuntura , la puntura a secco, il trattamento del dolore, la fisioterapia sportiva, il riadattamento fisico, l&#8217;elettro-stimolazione controllata, ultrasuoni, parafangoterapia, pressoterapia<\/strong>, e altri.<\/p>\n<div class=\"textarea-wrapper textarea-wrapper-2\">\n<div id=\"trpar\"><span id=\"s2_1\">Nella Clinica Nasser, la nostra sfida professionale \u00e8 eliminare o alleviare la patologia del paziente.<\/span> <span id=\"s2_2\">Per questo ci mettiamo a tua disposizione e potremo consigliarti con qualsiasi dubbio tu abbia a riguardo.<\/span><\/div>\n<\/div>\n<div class=\"message-wrap\">\n<div class=\"clearfix line-row\">\n<div class=\"left-side-wrap\"><\/div>\n<\/div>\n<\/div>\n<p>[\/vc_column_text][vc_empty_space][vc_column_text]<\/p>\n<h4 style=\"text-align: center;\">FISIOTERAPIA A DOMICILIO<\/h4>\n<p>[\/vc_column_text][vc_row_inner gap=&#8221;15&#8243; css=&#8221;.vc_custom_1610715465592{margin-right: 20px !important;margin-left: 20px !important;}&#8221;][vc_column_inner width=&#8221;1\/3&#8243;][vc_single_image image=&#8221;7326&#8243; img_size=&#8221;full&#8221; alignment=&#8221;center&#8221;][vc_column_text]<\/p>\n<p style=\"text-align: center;\"><strong>Chiamaci e prenota un appuntamento<\/strong><\/p>\n<p>[\/vc_column_text][\/vc_column_inner][vc_column_inner width=&#8221;1\/3&#8243;][vc_single_image image=&#8221;7299&#8243; img_size=&#8221;full&#8221; alignment=&#8221;center&#8221;][vc_column_text]<\/p>\n<p style=\"text-align: center;\"><strong>Un professionista della nostra equip\u00e9 si sposter\u00e0 dove ci indicherai<\/strong><\/p>\n<p>[\/vc_column_text][\/vc_column_inner][vc_column_inner width=&#8221;1\/3&#8243;][vc_single_image image=&#8221;7327&#8243; img_size=&#8221;full&#8221; alignment=&#8221;center&#8221;][vc_column_text]<\/p>\n<p style=\"text-align: center;\"><strong>D\u00ec addio alla tua lesione o patologia.<\/strong><\/p>\n<p>[\/vc_column_text][\/vc_column_inner][\/vc_row_inner][vc_empty_space height=&#8221;20px&#8221;][vc_column_text]<\/p>\n<p style=\"text-align: left;\">Alla Clinica Nasser abbiamo un servizio di fisioterapia a domicilio a Saragozza per i pazienti che lo desiderano. Garantiamo la massima qualit\u00e0 del trattamento, effettuato allo stesso modo che in clinica, ma con la comodit\u00e0 che sia il professionista sanitario a spostarsi dove vuoi. Chiamateci e riferiteci senza impegno su questa opzione.<\/p>\n<p>[\/vc_column_text][vc_empty_space height=&#8221;20px&#8221;][vc_btn title=&#8221;CHIAMACI PER MAGGIORI INFORMAZIONI&#8221; style=&#8221;custom&#8221; custom_background=&#8221;#0f72b5&#8243; custom_text=&#8221;#ffffff&#8221; shape=&#8221;square&#8221; align=&#8221;center&#8221; button_block=&#8221;true&#8221; link=&#8221;url:tel%3A976216995|||&#8221;][vc_empty_space][\/vc_column][\/vc_row][vc_row css=&#8221;.vc_custom_1529912647535{padding-right: 10px !important;padding-bottom: 10px !important;}&#8221;][vc_column width=&#8221;1\/2&#8243;][vc_video link=&#8221;https:\/\/vimeo.com\/575766771&#8243;][\/vc_column][vc_column width=&#8221;1\/2&#8243; css=&#8221;.vc_custom_1529912657817{padding-top: 80px !important;}&#8221;][vc_column_text]<\/p>\n<h5><\/h5>\n<p>Dopo la lussazione acromioclavicolare recidivante subita, Alex Puente, sportivo della Real Federaci\u00f3n Espa\u00f1ola de Deportes de Invierno torna alla carica per altri grandi successi sportivi.[\/vc_column_text][\/vc_column][\/vc_row][vc_row][vc_column width=&#8221;1\/3&#8243;][vc_video link=&#8221;https:\/\/vimeo.com\/557560455&#8243;][\/vc_column][vc_column width=&#8221;1\/3&#8243;][vc_video link=&#8221;https:\/\/vimeo.com\/557559941&#8243;][\/vc_column][vc_column width=&#8221;1\/3&#8243;][vc_video link=&#8221;https:\/\/vimeo.com\/557559294&#8243;][\/vc_column][\/vc_row][vc_row][vc_column][vc_empty_space][vc_column_text]<\/p>\n<p style=\"text-align: center;\"><strong>Prenota un appuntamento<\/strong> compilando compilando questo formulario o tramite il nostro telefono <strong>976 216 995 ed elimina il d<\/strong><strong>o<\/strong><strong>lore.\u00a0<\/strong><\/p>\n<p>[\/vc_column_text][vc_empty_space]<div role=\"form\" class=\"wpcf7\" id=\"wpcf7-f8878-o1\" lang=\"en-US\" dir=\"ltr\">\n<div class=\"screen-reader-response\"><p role=\"status\" aria-live=\"polite\" aria-atomic=\"true\"><\/p> <ul><\/ul><\/div>\n<form action=\"\/it\/wp-json\/wp\/v2\/pages\/3569#wpcf7-f8878-o1\" method=\"post\" class=\"wpcf7-form init\" novalidate=\"novalidate\" data-status=\"init\">\n<div style=\"display: none;\">\n<input type=\"hidden\" name=\"_wpcf7\" value=\"8878\" \/>\n<input type=\"hidden\" name=\"_wpcf7_version\" value=\"5.4.1\" \/>\n<input type=\"hidden\" name=\"_wpcf7_locale\" value=\"en_US\" \/>\n<input type=\"hidden\" name=\"_wpcf7_unit_tag\" value=\"wpcf7-f8878-o1\" \/>\n<input type=\"hidden\" name=\"_wpcf7_container_post\" value=\"0\" \/>\n<input type=\"hidden\" name=\"_wpcf7_posted_data_hash\" value=\"\" \/>\n<input type=\"hidden\" name=\"_wpcf7_recaptcha_response\" value=\"\" \/>\n<\/div>\n<div class=\"contact-form-style3\">\n<div class=\"row\">\n<div class=\"col-sm-6\">\n<p><span class=\"wpcf7-form-control-wrap nombre\"><input type=\"text\" name=\"nombre\" value=\"\" size=\"40\" class=\"wpcf7-form-control wpcf7-text wpcf7-validates-as-required\" aria-required=\"true\" aria-invalid=\"false\" placeholder=\"Nome e Cognome\" \/><\/span> <\/p>\n<p><span class=\"wpcf7-form-control-wrap email\"><input type=\"email\" name=\"email\" value=\"\" size=\"40\" class=\"wpcf7-form-control wpcf7-text wpcf7-email wpcf7-validates-as-required wpcf7-validates-as-email\" aria-required=\"true\" aria-invalid=\"false\" placeholder=\"email\" \/><\/span> <\/p>\n<p><span class=\"wpcf7-form-control-wrap patologia\"><input type=\"text\" name=\"patologia\" value=\"\" size=\"40\" class=\"wpcf7-form-control wpcf7-text wpcf7-validates-as-required\" aria-required=\"true\" aria-invalid=\"false\" placeholder=\"Indichi la sua patologia\" \/><\/span> <\/p>\n<\/div>\n<div class=\"col-sm-6\">\n<p><span class=\"wpcf7-form-control-wrap mensaje\"><textarea name=\"mensaje\" cols=\"40\" rows=\"10\" class=\"wpcf7-form-control wpcf7-textarea wpcf7-validates-as-required\" aria-required=\"true\" aria-invalid=\"false\" placeholder=\"Messaggio\"><\/textarea><\/span><\/p>\n<\/div>\n<\/div>\n<span class=\"wpcf7-form-control-wrap recaptcha\"><span data-sitekey=\"6LdPX20UAAAAAA6xDQWhxuxAJtAP9TnDi87WjrYk\" class=\"wpcf7-form-control g-recaptcha wpcf7-recaptcha\"><\/span>\r\n<noscript>\r\n\t<div class=\"grecaptcha-noscript\">\r\n\t\t<iframe src=\"https:\/\/www.google.com\/recaptcha\/api\/fallback?k=6LdPX20UAAAAAA6xDQWhxuxAJtAP9TnDi87WjrYk\" frameborder=\"0\" scrolling=\"no\" width=\"310\" height=\"430\">\r\n\t\t<\/iframe>\r\n\t\t<textarea name=\"g-recaptcha-response\" rows=\"3\" cols=\"40\" placeholder=\"reCaptcha Response Here\">\r\n\t\t<\/textarea>\r\n\t<\/div>\r\n<\/noscript>\r\n<\/span>\n<p class=\"text-center\"><input type=\"submit\" value=\"Fissa un appuntamento\" class=\"wpcf7-form-control wpcf7-submit btn btn-white\" \/><\/p>\n<\/div>\n<div class=\"wpcf7-response-output\" aria-hidden=\"true\"><\/div><\/form><\/div>[vc_empty_space height=&#8221;60 px&#8221;][\/vc_column][\/vc_row][vc_column][\/vc_column]<\/p>\n","protected":false},"excerpt":{"rendered":"<p>[vc_row css=&#8221;.vc_custom_1529657695151{padding-bottom: 20px !important;}&#8221;][vc_column][vc_single_image image=&#8221;3676&#8243; img_size=&#8221;full&#8221; alignment=&#8221;center&#8221;][\/vc_column][\/vc_row][vc_row css=&#8221;.vc_custom_1529664968514{padding-top: 32px !important;}&#8221;][vc_column][vc_column_text] Nella Clinica Nasser offriamo ai nostri pazienti un trattamento di fisioterapia personalizzato in funzione delle necessit\u00e0 di ognuno, il cui obbiettivo \u00e8 realizzare untrattamento il pi\u00f9 efficace possibile per eliminare il dolore e recuperare l&#8217;area che vogliamo trattare. Grazie a<\/p>\n","protected":false},"author":1,"featured_media":0,"parent":0,"menu_order":0,"comment_status":"closed","ping_status":"closed","template":"","meta":[],"translation":{"provider":"WPGlobus","version":"2.7.3","language":"it","enabled_languages":["es","en","ar","it"],"languages":{"es":{"title":true,"content":true,"excerpt":false},"en":{"title":true,"content":true,"excerpt":false},"ar":{"title":true,"content":true,"excerpt":false},"it":{"title":true,"content":true,"excerpt":false}}},"yoast_head":"<!-- This site is optimized with the Yoast SEO Premium plugin v16.2 - https:\/\/yoast.com\/wordpress\/plugins\/seo\/ -->\n<title>Fisioterapia Personalizzata per il dolore | Clinica Nasser<\/title>\n<meta name=\"description\" content=\"Fisioterapia. A seconda delle esigenze di ogni paziente, offriamo un trattamento personalizzato efficace per eliminare il dolore\" \/>\n<meta name=\"robots\" content=\"index, follow, max-snippet:-1, max-image-preview:large, max-video-preview:-1\" \/>\n<link rel=\"canonical\" href=\"https:\/\/clinicanasser.es\/fisioterapia\/\" \/>\n<meta property=\"og:locale\" content=\"it_IT\" \/>\n<meta property=\"og:type\" content=\"article\" \/>\n<meta property=\"og:title\" content=\"Personalizaci\u00f3n de la fisioterapia para el dolor | Cl\u00ednica Nasser\" \/>\n<meta property=\"og:description\" content=\"Fisioterapia. A seconda delle esigenze di ogni paziente, offriamo un trattamento personalizzato efficace per eliminare il dolore\" \/>\n<meta property=\"og:url\" content=\"https:\/\/clinicanasser.es\/fisioterapia\/\" \/>\n<meta property=\"og:site_name\" content=\"Clinica nasser. Tratamiento del dolor y rehabilitaci\u00f3n Zaragoza\" \/>\n<meta property=\"article:publisher\" content=\"https:\/\/www.facebook.com\/clinicanasserspain\/\" \/>\n<meta property=\"article:modified_time\" content=\"2022-01-13T14:22:41+00:00\" \/>\n<meta name=\"twitter:card\" content=\"summary_large_image\" \/>\n<meta name=\"twitter:label1\" content=\"Est. reading time\">\n\t<meta name=\"twitter:data1\" content=\"2 minutes\">\n<script type=\"application\/ld+json\" class=\"yoast-schema-graph\">{\"@context\":\"https:\/\/schema.org\",\"@graph\":[{\"@type\":\"Organization\",\"@id\":\"https:\/\/clinicanasser.es\/#organization\",\"name\":\"Cl\\u00ednica Nasser\",\"url\":\"https:\/\/clinicanasser.es\/\",\"sameAs\":[\"https:\/\/www.facebook.com\/clinicanasserspain\/\",\"https:\/\/www.instagram.com\/clinica_nasser\/\",\"https:\/\/www.youtube.com\/channel\/UCjOFF9Kh4GHV2vhZkZx4yog\"],\"logo\":{\"@type\":\"ImageObject\",\"@id\":\"https:\/\/clinicanasser.es\/#logo\",\"inLanguage\":\"it-IT\",\"url\":\"https:\/\/clinicanasser.es\/wp-content\/uploads\/2019\/01\/Favicon-Clinica-Nasser.png\",\"contentUrl\":\"https:\/\/clinicanasser.es\/wp-content\/uploads\/2019\/01\/Favicon-Clinica-Nasser.png\",\"width\":512,\"height\":512,\"caption\":\"Cl\\u00ednica Nasser\"},\"image\":{\"@id\":\"https:\/\/clinicanasser.es\/#logo\"}},{\"@type\":\"WebSite\",\"@id\":\"https:\/\/clinicanasser.es\/#website\",\"url\":\"https:\/\/clinicanasser.es\/\",\"name\":\"Clinica nasser. Tratamiento del dolor y rehabilitaci\\u00f3n Zaragoza\",\"description\":\"Cl\\u00ednica especializada en tratamiento del dolor, rehabilitaci\\u00f3n fisico - deportiva y preparaciones f\\u00edsicas. Cl\\u00ednica en Zaragoza\",\"publisher\":{\"@id\":\"https:\/\/clinicanasser.es\/#organization\"},\"potentialAction\":[{\"@type\":\"SearchAction\",\"target\":\"https:\/\/clinicanasser.es\/?s={search_term_string}\",\"query-input\":\"required name=search_term_string\"}],\"inLanguage\":\"it-IT\"},{\"@type\":\"WebPage\",\"@id\":\"https:\/\/clinicanasser.es\/fisioterapia\/#webpage\",\"url\":\"https:\/\/clinicanasser.es\/fisioterapia\/\",\"name\":\"Personalizaci\\u00f3n de la fisioterapia para el dolor | Cl\\u00ednica Nasser\",\"isPartOf\":{\"@id\":\"https:\/\/clinicanasser.es\/#website\"},\"datePublished\":\"2018-06-21T09:37:27+00:00\",\"dateModified\":\"2022-01-13T14:22:41+00:00\",\"description\":\"Fisioterapia. En funci\\u00f3n de las necesidades de cada paciente, le ofrecemos un tratamiento personalizado eficaz para eliminar el dolor\",\"breadcrumb\":{\"@id\":\"https:\/\/clinicanasser.es\/fisioterapia\/#breadcrumb\"},\"inLanguage\":\"it-IT\",\"potentialAction\":[{\"@type\":\"ReadAction\",\"target\":[\"https:\/\/clinicanasser.es\/fisioterapia\/\"]}]},{\"@type\":\"BreadcrumbList\",\"@id\":\"https:\/\/clinicanasser.es\/fisioterapia\/#breadcrumb\",\"itemListElement\":[{\"@type\":\"ListItem\",\"position\":1,\"item\":{\"@type\":\"WebPage\",\"@id\":\"https:\/\/clinicanasser.es\/\",\"url\":\"https:\/\/clinicanasser.es\/\",\"name\":\"Inicio\"}},{\"@type\":\"ListItem\",\"position\":2,\"item\":{\"@id\":\"https:\/\/clinicanasser.es\/fisioterapia\/#webpage\"}}]}]}<\/script>\n<!-- \/ Yoast SEO Premium plugin. -->","_links":{"self":[{"href":"https:\/\/clinicanasser.es\/it\/wp-json\/wp\/v2\/pages\/3569"}],"collection":[{"href":"https:\/\/clinicanasser.es\/it\/wp-json\/wp\/v2\/pages"}],"about":[{"href":"https:\/\/clinicanasser.es\/it\/wp-json\/wp\/v2\/types\/page"}],"author":[{"embeddable":true,"href":"https:\/\/clinicanasser.es\/it\/wp-json\/wp\/v2\/users\/1"}],"replies":[{"embeddable":true,"href":"https:\/\/clinicanasser.es\/it\/wp-json\/wp\/v2\/comments?post=3569"}],"version-history":[{"count":63,"href":"https:\/\/clinicanasser.es\/it\/wp-json\/wp\/v2\/pages\/3569\/revisions"}],"predecessor-version":[{"id":10299,"href":"https:\/\/clinicanasser.es\/it\/wp-json\/wp\/v2\/pages\/3569\/revisions\/10299"}],"wp:attachment":[{"href":"https:\/\/clinicanasser.es\/it\/wp-json\/wp\/v2\/media?parent=3569"}],"curies":[{"name":"wp","href":"https:\/\/api.w.org\/{rel}","templated":true}]}}