{"id":11679,"date":"2025-02-16T12:51:18","date_gmt":"2025-02-16T10:51:18","guid":{"rendered":"https:\/\/clinicanasser.es\/?page_id=11679"},"modified":"2025-02-16T13:41:56","modified_gmt":"2025-02-16T11:41:56","slug":"reconocimientos-medicos-biomecanicos-funcionales-2","status":"publish","type":"page","link":"https:\/\/clinicanasser.es\/it\/reconocimientos-medicos-biomecanicos-funcionales-2\/","title":{"rendered":"RMBC"},"content":{"rendered":"<p>[vc_row][vc_column]<link href=\"https:\/\/fonts.googleapis.com\/css?family=Roboto:900%2C300\" rel=\"stylesheet\" property=\"stylesheet\" type=\"text\/css\" media=\"all\">\n<div id=\"rev_slider_46_1_wrapper\" class=\"rev_slider_wrapper fullscreen-container\" data-source=\"gallery\" style=\"background:transparent;padding:0px;\">\n<!-- START REVOLUTION SLIDER 5.4.7.4 fullscreen mode -->\n\t<div id=\"rev_slider_46_1\" class=\"rev_slider fullscreenbanner\" style=\"display:none;\" data-version=\"5.4.7.4\">\n<ul>\t<!-- SLIDE  -->\n\t<li data-index=\"rs-118\" data-transition=\"fade\" data-slotamount=\"default\" data-hideafterloop=\"0\" data-hideslideonmobile=\"off\"  data-easein=\"default\" data-easeout=\"default\" data-masterspeed=\"300\"  data-thumb=\"https:\/\/dev.joomexp.com\/wordpress\/wp-medix\/wp-content\/\"  data-rotate=\"0\"  data-saveperformance=\"off\"  data-title=\"Slide\" data-param1=\"\" data-param2=\"\" data-param3=\"\" data-param4=\"\" data-param5=\"\" data-param6=\"\" data-param7=\"\" data-param8=\"\" data-param9=\"\" data-param10=\"\" data-description=\"\">\n\t\t<!-- MAIN IMAGE -->\n\t\t<img src=\"https:\/\/clinicanasser.es\/wp-content\/plugins\/revslider\/admin\/assets\/images\/transparent.png\" data-bgcolor='#0c72b0' style='background:#0c72b0' alt=\"\" title=\"futbol base clinica nasser\"  width=\"887\" height=\"497\" data-bgposition=\"center center\" data-bgfit=\"cover\" data-bgrepeat=\"no-repeat\" class=\"rev-slidebg\" data-no-retina>\n\t\t<!-- LAYERS -->\n\n\t\t<!-- LAYER NR. 1 -->\n\t\t<div class=\"tp-caption   tp-resizeme\" \n\t\t\t id=\"slide-118-layer-5\" \n\t\t\t data-x=\"32\" \n\t\t\t data-y=\"center\" data-voffset=\"-133\" \n\t\t\t\t\t\tdata-width=\"['auto']\"\n\t\t\tdata-height=\"['auto']\"\n \n\t\t\tdata-type=\"text\" \n\t\t\tdata-responsive_offset=\"on\" \n\n\t\t\tdata-frames='[{\"delay\":550,\"speed\":920,\"frame\":\"0\",\"from\":\"y:50px;opacity:0;\",\"to\":\"o:1;\",\"ease\":\"Linear.easeNone\"},{\"delay\":\"wait\",\"speed\":300,\"frame\":\"999\",\"to\":\"opacity:0;\",\"ease\":\"nothing\"}]'\n\t\t\tdata-textAlign=\"['inherit','inherit','inherit','inherit']\"\n\t\t\tdata-paddingtop=\"[5,5,5,5]\"\n\t\t\tdata-paddingright=\"[10,10,10,10]\"\n\t\t\tdata-paddingbottom=\"[5,5,5,5]\"\n\t\t\tdata-paddingleft=\"[10,10,10,10]\"\n\n\t\t\tstyle=\"z-index: 5; white-space: nowrap; font-size: 30px; line-height: 30px; font-weight: 900; color: #ffffff; letter-spacing: 0px;font-family:Roboto;text-transform:uppercase;background-color:rgb(0,0,135);cursor:pointer;\">\u00c1REA INFANTIL <\/div>\n\n\t\t<!-- LAYER NR. 2 -->\n\t\t<div class=\"tp-caption   tp-resizeme\" \n\t\t\t id=\"slide-118-layer-2\" \n\t\t\t data-x=\"32\" \n\t\t\t data-y=\"center\" data-voffset=\"-55\" \n\t\t\t\t\t\tdata-width=\"['auto']\"\n\t\t\tdata-height=\"['auto']\"\n \n\t\t\tdata-type=\"text\" \n\t\t\tdata-responsive_offset=\"on\" \n\n\t\t\tdata-frames='[{\"delay\":860,\"speed\":800,\"frame\":\"0\",\"from\":\"y:50px;opacity:0;\",\"to\":\"o:1;\",\"ease\":\"Linear.easeNone\"},{\"delay\":\"wait\",\"speed\":300,\"frame\":\"999\",\"to\":\"opacity:0;\",\"ease\":\"nothing\"}]'\n\t\t\tdata-textAlign=\"['inherit','inherit','inherit','inherit']\"\n\t\t\tdata-paddingtop=\"[0,0,0,0]\"\n\t\t\tdata-paddingright=\"[0,0,0,0]\"\n\t\t\tdata-paddingbottom=\"[0,0,0,0]\"\n\t\t\tdata-paddingleft=\"[0,0,0,0]\"\n\n\t\t\tstyle=\"z-index: 6; white-space: nowrap; font-size: 53px; line-height: 62px; font-weight: 300; color: #ffffff; letter-spacing: 0px;font-family:Roboto;text-transform:uppercase;background-color:rgba(0,0,135,0);cursor:pointer;\">Reconocimientos m\u00e9dicos biomec\u00e1nicos <\/div>\n\n\t\t<!-- LAYER NR. 3 -->\n\t\t<div class=\"tp-caption   tp-resizeme\" \n\t\t\t id=\"slide-118-layer-3\" \n\t\t\t data-x=\"32\" \n\t\t\t data-y=\"center\" data-voffset=\"32\" \n\t\t\t\t\t\tdata-width=\"['auto']\"\n\t\t\tdata-height=\"['auto']\"\n \n\t\t\tdata-type=\"text\" \n\t\t\tdata-responsive_offset=\"on\" \n\n\t\t\tdata-frames='[{\"delay\":1150,\"speed\":800,\"frame\":\"0\",\"from\":\"y:50px;opacity:0;\",\"to\":\"o:1;\",\"ease\":\"Linear.easeNone\"},{\"delay\":\"wait\",\"speed\":300,\"frame\":\"999\",\"to\":\"opacity:0;\",\"ease\":\"nothing\"}]'\n\t\t\tdata-textAlign=\"['inherit','inherit','inherit','inherit']\"\n\t\t\tdata-paddingtop=\"[0,0,0,0]\"\n\t\t\tdata-paddingright=\"[0,0,0,0]\"\n\t\t\tdata-paddingbottom=\"[0,0,0,0]\"\n\t\t\tdata-paddingleft=\"[0,0,0,0]\"\n\n\t\t\tstyle=\"z-index: 7; white-space: nowrap; font-size: 80px; line-height: 62px; font-weight: 900; color: #ffffff; letter-spacing: 0px;font-family:Roboto;text-transform:uppercase;cursor:pointer;\">para un rendimiento \u00f3ptimo <\/div>\n\n\t\t<!-- LAYER NR. 4 -->\n\t\t<div class=\"tp-caption   tp-resizeme\" \n\t\t\t id=\"slide-118-layer-7\" \n\t\t\t data-x=\"32\" \n\t\t\t data-y=\"center\" data-voffset=\"107\" \n\t\t\t\t\t\tdata-width=\"['auto']\"\n\t\t\tdata-height=\"['auto']\"\n \n\t\t\tdata-type=\"text\" \n\t\t\tdata-responsive_offset=\"on\" \n\n\t\t\tdata-frames='[{\"delay\":1150,\"speed\":800,\"frame\":\"0\",\"from\":\"y:50px;opacity:0;\",\"to\":\"o:1;\",\"ease\":\"Linear.easeNone\"},{\"delay\":\"wait\",\"speed\":300,\"frame\":\"999\",\"to\":\"opacity:0;\",\"ease\":\"nothing\"}]'\n\t\t\tdata-textAlign=\"['inherit','inherit','inherit','inherit']\"\n\t\t\tdata-paddingtop=\"[0,0,0,0]\"\n\t\t\tdata-paddingright=\"[0,0,0,0]\"\n\t\t\tdata-paddingbottom=\"[0,0,0,0]\"\n\t\t\tdata-paddingleft=\"[0,0,0,0]\"\n\n\t\t\tstyle=\"z-index: 8; white-space: nowrap; font-size: 80px; line-height: 62px; font-weight: 900; color: #ffffff; letter-spacing: 0px;font-family:Roboto;text-transform:uppercase;cursor:pointer;\">en deportes base <\/div>\n\t<\/li>\n<\/ul>\n<script>var htmlDiv = document.getElementById(\"rs-plugin-settings-inline-css\"); var htmlDivCss=\"\";\r\n\t\t\t\t\t\tif(htmlDiv) {\r\n\t\t\t\t\t\t\thtmlDiv.innerHTML = htmlDiv.innerHTML + htmlDivCss;\r\n\t\t\t\t\t\t}else{\r\n\t\t\t\t\t\t\tvar htmlDiv = document.createElement(\"div\");\r\n\t\t\t\t\t\t\thtmlDiv.innerHTML = \"<style>\" + htmlDivCss + \"<\/style>\";\r\n\t\t\t\t\t\t\tdocument.getElementsByTagName(\"head\")[0].appendChild(htmlDiv.childNodes[0]);\r\n\t\t\t\t\t\t}\r\n\t\t\t\t\t<\/script>\n<div class=\"tp-bannertimer tp-bottom\" style=\"visibility: hidden !important;\"><\/div>\t<\/div>\n<script>var htmlDiv = document.getElementById(\"rs-plugin-settings-inline-css\"); var htmlDivCss=\"\";\r\n\t\t\t\tif(htmlDiv) {\r\n\t\t\t\t\thtmlDiv.innerHTML = htmlDiv.innerHTML + htmlDivCss;\r\n\t\t\t\t}else{\r\n\t\t\t\t\tvar htmlDiv = document.createElement(\"div\");\r\n\t\t\t\t\thtmlDiv.innerHTML = \"<style>\" + htmlDivCss + \"<\/style>\";\r\n\t\t\t\t\tdocument.getElementsByTagName(\"head\")[0].appendChild(htmlDiv.childNodes[0]);\r\n\t\t\t\t}\r\n\t\t\t<\/script>\n\t\t<script type=\"text\/javascript\">\r\nif (setREVStartSize!==undefined) setREVStartSize(\r\n\t{c: '#rev_slider_46_1', gridwidth: [1200], gridheight: [868], sliderLayout: 'fullscreen', fullScreenAutoWidth:'off', fullScreenAlignForce:'off', fullScreenOffsetContainer:'', fullScreenOffset:''});\r\n\t\t\t\r\nvar revapi46,\r\n\ttpj;\t\r\n(function() {\t\t\t\r\n\tif (!\/loaded|interactive|complete\/.test(document.readyState)) document.addEventListener(\"DOMContentLoaded\",onLoad); else onLoad();\t\r\n\tfunction onLoad() {\t\t\t\t\r\n\t\tif (tpj===undefined) { tpj = jQuery; if(\"off\" == \"on\") tpj.noConflict();}\r\n\tif(tpj(\"#rev_slider_46_1\").revolution == undefined){\n\t\trevslider_showDoubleJqueryError(\"#rev_slider_46_1\");\n\t}else{\n\t\trevapi46 = tpj(\"#rev_slider_46_1\").show().revolution({\n\t\t\tsliderType:\"standard\",\n\t\t\tjsFileLocation:\"\/\/clinicanasser.es\/wp-content\/plugins\/revslider\/public\/assets\/js\/\",\n\t\t\tsliderLayout:\"fullscreen\",\n\t\t\tdottedOverlay:\"none\",\n\t\t\tdelay:9000,\n\t\t\tnavigation: {\n\t\t\t\tkeyboardNavigation:\"off\",\n\t\t\t\tkeyboard_direction: \"horizontal\",\n\t\t\t\tmouseScrollNavigation:\"off\",\n \t\t\t\t\t\t\tmouseScrollReverse:\"default\",\n\t\t\t\tonHoverStop:\"off\",\n\t\t\t\ttouch:{\n\t\t\t\t\ttouchenabled:\"on\",\n\t\t\t\t\ttouchOnDesktop:\"on\",\n\t\t\t\t\tswipe_threshold: 75,\n\t\t\t\t\tswipe_min_touches: 1,\n\t\t\t\t\tswipe_direction: \"horizontal\",\n\t\t\t\t\tdrag_block_vertical: false\n\t\t\t\t}\n\t\t\t\t,\n\t\t\t\tbullets: {\n\t\t\t\t\tenable:true,\n\t\t\t\t\thide_onmobile:true,\n\t\t\t\t\thide_under:992,\n\t\t\t\t\tstyle:\"custom\",\n\t\t\t\t\thide_onleave:false,\n\t\t\t\t\tdirection:\"vertical\",\n\t\t\t\t\th_align:\"left\",\n\t\t\t\t\tv_align:\"center\",\n\t\t\t\t\th_offset:60,\n\t\t\t\t\tv_offset:0,\n\t\t\t\t\tspace:20,\n\t\t\t\t\ttmp:''\n\t\t\t\t}\n\t\t\t},\n\t\t\tvisibilityLevels:[1240,1024,778,480],\n\t\t\tgridwidth:1200,\n\t\t\tgridheight:868,\n\t\t\tlazyType:\"none\",\n\t\t\tshadow:0,\n\t\t\tspinner:\"spinner0\",\n\t\t\tstopLoop:\"off\",\n\t\t\tstopAfterLoops:-1,\n\t\t\tstopAtSlide:-1,\n\t\t\tshuffle:\"off\",\n\t\t\tautoHeight:\"off\",\n\t\t\tfullScreenAutoWidth:\"off\",\n\t\t\tfullScreenAlignForce:\"off\",\n\t\t\tfullScreenOffsetContainer: \"\",\n\t\t\tfullScreenOffset: \"\",\n\t\t\tdisableProgressBar:\"on\",\n\t\t\thideThumbsOnMobile:\"off\",\n\t\t\thideSliderAtLimit:0,\n\t\t\thideCaptionAtLimit:0,\n\t\t\thideAllCaptionAtLilmit:0,\n\t\t\tdebugMode:false,\n\t\t\tfallbacks: {\n\t\t\t\tsimplifyAll:\"off\",\n\t\t\t\tnextSlideOnWindowFocus:\"off\",\n\t\t\t\tdisableFocusListener:false,\n\t\t\t}\n\t\t});\n\t}; \/* END OF revapi call *\/\n\t\n }; \/* END OF ON LOAD FUNCTION *\/\r\n}()); \/* END OF WRAPPING FUNCTION *\/\r\n<\/script>\r\n\t\t<script>\r\n\t\t\t\t\tvar htmlDivCss = unescape(\".custom.tp-bullets%20%7B%0A%7D%0A.custom.tp-bullets%3Abefore%20%7B%0A%09content%3A%22%20%22%3B%0A%09position%3Aabsolute%3B%0A%09width%3A100%25%3B%0A%09height%3A100%25%3B%0A%09background%3Atransparent%3B%0A%09padding%3A10px%3B%0A%09margin-left%3A-10px%3Bmargin-top%3A-10px%3B%0A%09box-sizing%3Acontent-box%3B%0A%7D%0A.custom%20.tp-bullet%20%7B%0A%09width%3A12px%3B%0A%09height%3A12px%3B%0A%09position%3Aabsolute%3B%0A%09background%3A%23aaa%3B%0A%20%20%20%20background%3Argba%28125%2C125%2C125%2C0.5%29%3B%0A%09cursor%3A%20pointer%3B%0A%09box-sizing%3Acontent-box%3B%0A%7D%0A.custom%20.tp-bullet%3Ahover%2C%0A.custom%20.tp-bullet.selected%20%7B%0A%09background%3Argb%28125%2C125%2C125%29%3B%0A%7D%0A.custom%20.tp-bullet-image%20%7B%0A%7D%0A.custom%20.tp-bullet-title%20%7B%0A%7D%0A%0A\");\r\n\t\t\t\t\tvar htmlDiv = document.getElementById('rs-plugin-settings-inline-css');\r\n\t\t\t\t\tif(htmlDiv) {\r\n\t\t\t\t\t\thtmlDiv.innerHTML = htmlDiv.innerHTML + htmlDivCss;\r\n\t\t\t\t\t}\r\n\t\t\t\t\telse{\r\n\t\t\t\t\t\tvar htmlDiv = document.createElement('div');\r\n\t\t\t\t\t\thtmlDiv.innerHTML = '<style>' + htmlDivCss + '<\/style>';\r\n\t\t\t\t\t\tdocument.getElementsByTagName('head')[0].appendChild(htmlDiv.childNodes[0]);\r\n\t\t\t\t\t}\r\n\t\t\t\t  <\/script>\r\n\t\t\t\t<\/div><!-- END REVOLUTION SLIDER -->[vc_empty_space][cms_title_header style=&#8221;style-1&#8243; is_center=&#8221;1&#8243; title1_line_height=&#8221;3&#8243; title1=&#8221;Servicio realizado en colaboraci\u00f3n con&#8221;][\/vc_column][\/vc_row][vc_row][vc_column][vc_single_image image=&#8221;11701&#8243; img_size=&#8221;medium&#8221; alignment=&#8221;center&#8221;][\/vc_column][\/vc_row][vc_row][vc_column][vc_column_text]Sabemos que como padre o madre de un\/una joven deportista, la salud y el rendimiento de tu hijo\/a en el campo son prioritarios. Por eso, en Cl\u00ednica Nasser hemos dise\u00f1ado un <strong data-start=\"202\" data-end=\"266\">programa de reconocimientos m\u00e9dicos biomec\u00e1nicos funcionales<\/strong> especialmente para deportes base, con el objetivo de garantizar que cada ni\u00f1o disfrute del deporte de manera segura y eficiente.[\/vc_column_text][cms_title_header style=&#8221;style-1&#8243; is_center=&#8221;1&#8243; title1_line_height=&#8221;3&#8243; title1=&#8221;\u00bfEn qu\u00e9 consiste nuestro programa?&#8221;][\/vc_column][\/vc_row][vc_row][vc_column width=&#8221;1\/3&#8243;][vc_cta h2=&#8221;&#8221; h4=&#8221;Evaluaci\u00f3n personalizada&#8221; color=&#8221;turquoise&#8221;]Identificamos posibles alteraciones asintom\u00e1ticas que podr\u00edan afectar el rendimiento deportivo, asegurando una pr\u00e1ctica del deporte sin riesgos.[\/vc_cta][\/vc_column][vc_column width=&#8221;1\/3&#8243;][vc_cta h2=&#8221;&#8221; h4=&#8221;Prevenci\u00f3n y detecci\u00f3n precoz de lesiones&#8221; color=&#8221;turquoise&#8221;]Nos enfocamos en prevenir lesiones comunes en los deportes base, como desviaciones de la columna y problemas en las extremidades inferiores, promoviendo un desarrollo f\u00edsico equilibrado.[\/vc_cta][\/vc_column][vc_column width=&#8221;1\/3&#8243;][vc_cta h2=&#8221;&#8221; h4=&#8221;Mejora de potencia y coordinaci\u00f3n&#8221; color=&#8221;turquoise&#8221;]A trav\u00e9s de ejercicios y recomendaciones personalizadas, potenciamos la coordinaci\u00f3n, fuerza y agilidad, habilidades clave para destacar en el terreno deportivo.[\/vc_cta][\/vc_column][\/vc_row][vc_row][vc_column][cms_title_header style=&#8221;style-1&#8243; is_center=&#8221;1&#8243; title1_line_height=&#8221;3&#8243; title1=&#8221;Beneficios para tu hijo\/a&#8221;][\/vc_column][\/vc_row][vc_row][vc_column width=&#8221;1\/3&#8243;][vc_cta h2=&#8221;Crecimiento saludable&#8221; color=&#8221;turquoise&#8221;]Detectamos a tiempo cualquier desequilibrio f\u00edsico que pueda interferir con su desarrollo deportivo.[\/vc_cta][\/vc_column][vc_column width=&#8221;1\/3&#8243;][vc_cta h2=&#8221;Larga vida deportiva&#8221; color=&#8221;turquoise&#8221;]Nuestro objetivo es que los j\u00f3venes disfruten del deporte durante muchos a\u00f1os sin complicaciones f\u00edsicas.[\/vc_cta][\/vc_column][vc_column width=&#8221;1\/3&#8243;][vc_cta h2=&#8221;Tranquilidad para los padres&#8221; color=&#8221;turquoise&#8221;]Ofrecemos un an\u00e1lisis exhaustivo, proporcionando la confianza de que tu hijo\/a est\u00e1 en las mejores manos.[\/vc_cta][\/vc_column][\/vc_row][vc_row][vc_column][cms_title_header style=&#8221;style-1&#8243; is_center=&#8221;1&#8243; title1_line_height=&#8221;3&#8243; title1=&#8221;\u00bfCu\u00e1ndo es necesario realizar este reconocimiento?&#8221;][\/vc_column][\/vc_row][vc_row][vc_column width=&#8221;1\/4&#8243;][cms_teaser icon_size=&#8221;size_normal&#8221; title=&#8221;Uso excesivo de dispositivos m\u00f3viles que afecta la postura del cuello&#8221; image=&#8221;11518&#8243;][\/cms_teaser][\/vc_column][vc_column width=&#8221;1\/4&#8243;][cms_teaser title=&#8221;Problemas de pisada: pies hacia adentro o hacia afuera&#8221; image=&#8221;11194&#8243;][\/cms_teaser][\/vc_column][vc_column width=&#8221;1\/4&#8243;][cms_teaser title=&#8221;Desviaciones en la espalda o asimetr\u00edas corporales&#8221; image=&#8221;11332&#8243;][\/cms_teaser][\/vc_column][vc_column width=&#8221;1\/4&#8243;][cms_teaser title=&#8221;Dolores inexplicables, cojeras o lesiones recurrentes&#8221; image=&#8221;11194&#8243;][\/cms_teaser][\/vc_column][\/vc_row][vc_row][vc_column][cms_title_header style=&#8221;style-1&#8243; is_center=&#8221;1&#8243; title1_line_height=&#8221;3&#8243; title1=&#8221;Conf\u00eda en nuestro equipo&#8221;][vc_column_text]<\/p>\n<p class=\"cvGsUA direction-ltr align-start para-style-body\"><strong><span class=\"OYPEnA text-decoration-none text-strikethrough-none\">Dr. Carlos Castellar<\/span><\/strong><span class=\"OYPEnA text-decoration-none text-strikethrough-none\">, director del \u00e1rea Deporte y Salud de cl\u00ednica Nasser, especialista en\u00a0<strong>Ciencias de la Salud y la Actividad f\u00edsica<\/strong>, miembro del grupo de investigaci\u00f3n ENFYRED de la<strong>\u00a0Universidad de Zaragoza<\/strong>.<\/span><\/p>\n<p class=\"cvGsUA direction-ltr align-start para-style-body\"><strong><span class=\"OYPEnA text-decoration-none text-strikethrough-none\">Dr. Nasser<\/span><\/strong><span class=\"OYPEnA text-decoration-none text-strikethrough-none\">,<strong>\u00a0director m\u00e9dico<\/strong>\u00a0de cl\u00ednica Nasser, m\u00e9dico especialista en cirug\u00eda y anestesiolog\u00eda y medicina del dolor.<\/span><\/p>\n<p>[\/vc_column_text][\/vc_column][\/vc_row][vc_row][vc_column][vc_btn title=&#8221;Ponte en contacto con nosotros&#8221; color=&#8221;primary&#8221; size=&#8221;lg&#8221; align=&#8221;center&#8221; button_block=&#8221;true&#8221; link=&#8221;url:https%3A%2F%2Fclinicanasser.es%2Fcontacto%2F|||&#8221;][\/vc_column][\/vc_row][vc_row][vc_column][vc_video link=&#8221;https:\/\/youtu.be\/r5g6hcuXQHo&#8221;][\/vc_column][\/vc_row]<\/p>\n","protected":false},"excerpt":{"rendered":"<p>[vc_row][vc_column][vc_empty_space][cms_title_header style=&#8221;style-1&#8243; is_center=&#8221;1&#8243; title1_line_height=&#8221;3&#8243; title1=&#8221;Servicio realizado en colaboraci\u00f3n con&#8221;][\/vc_column][\/vc_row][vc_row][vc_column][vc_single_image image=&#8221;11701&#8243; img_size=&#8221;medium&#8221; alignment=&#8221;center&#8221;][\/vc_column][\/vc_row][vc_row][vc_column][vc_column_text]Sabemos que como padre o madre de un\/una joven deportista, la salud y el rendimiento de tu hijo\/a en el campo son prioritarios. Por eso, en Cl\u00ednica Nasser hemos dise\u00f1ado un programa de reconocimientos m\u00e9dicos biomec\u00e1nicos funcionales especialmente para<\/p>\n","protected":false},"author":1,"featured_media":0,"parent":0,"menu_order":0,"comment_status":"closed","ping_status":"closed","template":"","meta":[],"translation":{"provider":"WPGlobus","version":"2.7.3","language":"it","enabled_languages":["es","en","ar","it"],"languages":{"es":{"title":true,"content":true,"excerpt":false},"en":{"title":false,"content":false,"excerpt":false},"ar":{"title":false,"content":false,"excerpt":false},"it":{"title":false,"content":false,"excerpt":false}}},"yoast_head":"<!-- This site is optimized with the Yoast SEO Premium plugin v16.2 - https:\/\/yoast.com\/wordpress\/plugins\/seo\/ -->\n<title>RMBC - Clinica nasser. Tratamiento del dolor y rehabilitaci\u00f3n Zaragoza<\/title>\n<meta name=\"robots\" content=\"index, follow, max-snippet:-1, max-image-preview:large, max-video-preview:-1\" \/>\n<link rel=\"canonical\" href=\"https:\/\/clinicanasser.es\/reconocimientos-medicos-biomecanicos-funcionales-2\/\" \/>\n<meta property=\"og:locale\" content=\"it_IT\" \/>\n<meta property=\"og:type\" content=\"article\" \/>\n<meta property=\"og:title\" content=\"RMBC - Clinica nasser. Tratamiento del dolor y rehabilitaci\u00f3n Zaragoza\" \/>\n<meta property=\"og:url\" content=\"https:\/\/clinicanasser.es\/reconocimientos-medicos-biomecanicos-funcionales-2\/\" \/>\n<meta property=\"og:site_name\" content=\"Clinica nasser. Tratamiento del dolor y rehabilitaci\u00f3n Zaragoza\" \/>\n<meta property=\"article:publisher\" content=\"https:\/\/www.facebook.com\/clinicanasserspain\/\" \/>\n<meta property=\"article:modified_time\" content=\"2025-02-16T11:41:56+00:00\" \/>\n<meta name=\"twitter:card\" content=\"summary_large_image\" \/>\n<meta name=\"twitter:label1\" content=\"Est. reading time\">\n\t<meta name=\"twitter:data1\" content=\"2 minutes\">\n<script type=\"application\/ld+json\" class=\"yoast-schema-graph\">{\"@context\":\"https:\/\/schema.org\",\"@graph\":[{\"@type\":\"Organization\",\"@id\":\"https:\/\/clinicanasser.es\/#organization\",\"name\":\"Cl\\u00ednica Nasser\",\"url\":\"https:\/\/clinicanasser.es\/\",\"sameAs\":[\"https:\/\/www.facebook.com\/clinicanasserspain\/\",\"https:\/\/www.instagram.com\/clinica_nasser\/\",\"https:\/\/www.youtube.com\/channel\/UCjOFF9Kh4GHV2vhZkZx4yog\"],\"logo\":{\"@type\":\"ImageObject\",\"@id\":\"https:\/\/clinicanasser.es\/#logo\",\"inLanguage\":\"it-IT\",\"url\":\"https:\/\/clinicanasser.es\/wp-content\/uploads\/2019\/01\/Favicon-Clinica-Nasser.png\",\"contentUrl\":\"https:\/\/clinicanasser.es\/wp-content\/uploads\/2019\/01\/Favicon-Clinica-Nasser.png\",\"width\":512,\"height\":512,\"caption\":\"Cl\\u00ednica Nasser\"},\"image\":{\"@id\":\"https:\/\/clinicanasser.es\/#logo\"}},{\"@type\":\"WebSite\",\"@id\":\"https:\/\/clinicanasser.es\/#website\",\"url\":\"https:\/\/clinicanasser.es\/\",\"name\":\"Clinica nasser. Tratamiento del dolor y rehabilitaci\\u00f3n Zaragoza\",\"description\":\"Cl\\u00ednica especializada en tratamiento del dolor, rehabilitaci\\u00f3n fisico - deportiva y preparaciones f\\u00edsicas. Cl\\u00ednica en Zaragoza\",\"publisher\":{\"@id\":\"https:\/\/clinicanasser.es\/#organization\"},\"potentialAction\":[{\"@type\":\"SearchAction\",\"target\":\"https:\/\/clinicanasser.es\/?s={search_term_string}\",\"query-input\":\"required name=search_term_string\"}],\"inLanguage\":\"it-IT\"},{\"@type\":\"WebPage\",\"@id\":\"https:\/\/clinicanasser.es\/reconocimientos-medicos-biomecanicos-funcionales-2\/#webpage\",\"url\":\"https:\/\/clinicanasser.es\/reconocimientos-medicos-biomecanicos-funcionales-2\/\",\"name\":\"RMBC - Clinica nasser. Tratamiento del dolor y rehabilitaci\\u00f3n Zaragoza\",\"isPartOf\":{\"@id\":\"https:\/\/clinicanasser.es\/#website\"},\"datePublished\":\"2025-02-16T10:51:18+00:00\",\"dateModified\":\"2025-02-16T11:41:56+00:00\",\"description\":\"Cl\\u00ednica Nasser es una cl\\u00ednica m\\u00e9dica multidisciplinar compuesta por m\\u00e9dicos especialistas en tratamiento del dolor, medicina biol\\u00f3gica y fisioterapeutas preparadores f\\u00edsicos especializados en rehabilitaci\\u00f3n de lesiones, enfermer\\u00eda para la realizaci\\u00f3n de test COVID.\",\"breadcrumb\":{\"@id\":\"https:\/\/clinicanasser.es\/reconocimientos-medicos-biomecanicos-funcionales-2\/#breadcrumb\"},\"inLanguage\":\"it-IT\",\"potentialAction\":[{\"@type\":\"ReadAction\",\"target\":[\"https:\/\/clinicanasser.es\/reconocimientos-medicos-biomecanicos-funcionales-2\/\"]}]},{\"@type\":\"BreadcrumbList\",\"@id\":\"https:\/\/clinicanasser.es\/reconocimientos-medicos-biomecanicos-funcionales-2\/#breadcrumb\",\"itemListElement\":[{\"@type\":\"ListItem\",\"position\":1,\"item\":{\"@type\":\"WebPage\",\"@id\":\"https:\/\/clinicanasser.es\/\",\"url\":\"https:\/\/clinicanasser.es\/\",\"name\":\"Inicio\"}},{\"@type\":\"ListItem\",\"position\":2,\"item\":{\"@id\":\"https:\/\/clinicanasser.es\/reconocimientos-medicos-biomecanicos-funcionales-2\/#webpage\"}}]}]}<\/script>\n<!-- \/ Yoast SEO Premium plugin. -->","_links":{"self":[{"href":"https:\/\/clinicanasser.es\/it\/wp-json\/wp\/v2\/pages\/11679"}],"collection":[{"href":"https:\/\/clinicanasser.es\/it\/wp-json\/wp\/v2\/pages"}],"about":[{"href":"https:\/\/clinicanasser.es\/it\/wp-json\/wp\/v2\/types\/page"}],"author":[{"embeddable":true,"href":"https:\/\/clinicanasser.es\/it\/wp-json\/wp\/v2\/users\/1"}],"replies":[{"embeddable":true,"href":"https:\/\/clinicanasser.es\/it\/wp-json\/wp\/v2\/comments?post=11679"}],"version-history":[{"count":25,"href":"https:\/\/clinicanasser.es\/it\/wp-json\/wp\/v2\/pages\/11679\/revisions"}],"predecessor-version":[{"id":11709,"href":"https:\/\/clinicanasser.es\/it\/wp-json\/wp\/v2\/pages\/11679\/revisions\/11709"}],"wp:attachment":[{"href":"https:\/\/clinicanasser.es\/it\/wp-json\/wp\/v2\/media?parent=11679"}],"curies":[{"name":"wp","href":"https:\/\/api.w.org\/{rel}","templated":true}]}}