{"id":9590,"date":"2021-09-08T15:16:28","date_gmt":"2021-09-08T13:16:28","guid":{"rendered":"https:\/\/clinicanasser.es\/producto\/medicina-integrativa-online-dr-camerino-copy-2\/"},"modified":"2023-09-22T13:33:35","modified_gmt":"2023-09-22T11:33:35","slug":"consulta-online-con-el-dr-carlos-castellar-salud-y-deporte","status":"publish","type":"product","link":"https:\/\/clinicanasser.es\/en\/producto\/consulta-online-con-el-dr-carlos-castellar-salud-y-deporte\/","title":{"rendered":"Consulta online de Salud y Deporte con el Dr. Carlos Castellar"},"content":{"rendered":"<p>[vc_row][vc_column][vc_video link=&#8221;https:\/\/vimeo.com\/697341876&#8243; align=&#8221;center&#8221; title=&#8221;Presentaci\u00f3n Carlos Castellar&#8221;][\/vc_column][\/vc_row][vc_row][vc_column][vc_column_text]<strong><span style=\"vertical-align: inherit;\"><span style=\"vertical-align: inherit;\">Informaci\u00f3n complementaria para consultas posteriores<\/span><\/span><\/strong><\/p>\n<p><span style=\"vertical-align: inherit;\"><span style=\"vertical-align: inherit;\">En funci\u00f3n de las necesidades del cliente, es posible solicitar consultas para asesorar e interpretar: <\/span><\/span><br \/>\n<span style=\"vertical-align: inherit;\"><span style=\"vertical-align: inherit;\">&#8211; Pruebas de esfuerzo deportivo realizadas en laboratorios biom\u00e9dicos especializados. <\/span><\/span><br \/>\n<span style=\"vertical-align: inherit;\"><span style=\"vertical-align: inherit;\">&#8211; Par\u00e1metros vinculados a la pr\u00e1ctica f\u00edsico-deportiva de anal\u00edticas de sangre y orina. <\/span><\/span><br \/>\n<span style=\"vertical-align: inherit;\"><span style=\"vertical-align: inherit;\">&#8211; An\u00e1lisis e interpretaci\u00f3n de competiciones deportivas en las que participan. <\/span><\/span><br \/>\n<span style=\"vertical-align: inherit;\"><span style=\"vertical-align: inherit;\">&#8211; An\u00e1lisis de test subm\u00e1ximos f\u00edsico-deportivos.<\/span><\/span><\/p>\n<p><strong><span style=\"vertical-align: inherit;\"><span style=\"vertical-align: inherit;\">Conoce al Dr. Carlos Castellar<\/span><\/span><\/strong><\/p>\n<p><span style=\"vertical-align: inherit;\"><span style=\"vertical-align: inherit;\">Doctor en Ciencias de la Actividad F\u00edsica y el Deporte ( <\/span><\/span><a href=\"http:\/\/www.unizar.es\"><span style=\"vertical-align: inherit;\"><span style=\"vertical-align: inherit;\">Universidad de Zaragoza<\/span><\/span><\/a><span style=\"vertical-align: inherit;\"><span style=\"vertical-align: inherit;\"> ). <\/span><span style=\"vertical-align: inherit;\">M\u00e1ster en Actividad f\u00edsica y salud ( <\/span><\/span><a href=\"https:\/\/www.udc.es\/\"><span style=\"vertical-align: inherit;\"><span style=\"vertical-align: inherit;\">Universidad de La Coru\u00f1a<\/span><\/span><\/a><span style=\"vertical-align: inherit;\"><span style=\"vertical-align: inherit;\"> ). <\/span><\/span><br \/>\n<span style=\"vertical-align: inherit;\"><span style=\"vertical-align: inherit;\">Ha trabajado como profesor de Educaci\u00f3n F\u00edsica en ense\u00f1anzas medias y como Coordinador de las Ense\u00f1anzas de T\u00e9cnico Deportivo en Deportes de Invierno del Gobierno de Arag\u00f3n. <\/span><span style=\"vertical-align: inherit;\">En la actualidad es profesor de la Universidad de Zaragoza en la <\/span><\/span><a href=\"https:\/\/fccsyd.unizar.es\/\"><span style=\"vertical-align: inherit;\"><span style=\"vertical-align: inherit;\">Facultad de Ciencias de la Salud y del Deporte<\/span><\/span><\/a><span style=\"vertical-align: inherit;\"><span style=\"vertical-align: inherit;\"> . <\/span><span style=\"vertical-align: inherit;\">Director t\u00e9cnico de la federaci\u00f3n aragonesa de triatl\u00f3n durante dos temporadas.<\/span><\/span><br \/>\n<span style=\"vertical-align: inherit;\"><span style=\"vertical-align: inherit;\">Pertenece al grupo de investigaci\u00f3n ENFYRED (Entrenamiento, actividad f\u00edsica y rendimiento deportivo) reconocido por el Gobierno de Arag\u00f3n. <\/span><span style=\"vertical-align: inherit;\">En la actualidad est\u00e1 investigando el impacto que tiene sobre el organismo del deportista las carreras de Ultra-trail por monta\u00f1a. <\/span><\/span><br \/>\n<span style=\"vertical-align: inherit;\"><span style=\"vertical-align: inherit;\">Fue ciclista amateur en el Club Ciclista Oscense y en el Club Ciclista Aragon\u00e9s. <\/span><span style=\"vertical-align: inherit;\">Posteriormente comenz\u00f3 una larga trayectoria como triatleta, siendo el pionero del triatl\u00f3n en Huesca. <\/span><span style=\"vertical-align: inherit;\">Ha obtenido numerosas pruebas del circuito nacional en distancia sprint, ol\u00edmpica, Half Ironman y Ironman: Ironman de Roth (Alemania) y Ironman de Zurich (Suiza).<\/span><\/span><br \/>\n<span style=\"vertical-align: inherit;\"><span style=\"vertical-align: inherit;\">Asesor f\u00edsico de deportistas en modalidades de resistencia (ciclismo, carrera, carrera por monta\u00f1a, triatl\u00f3n, esqu\u00ed de fondo, \u2026) y en pruebas de ultra resistencia por etapas (Pierra Menta de esqu\u00ed de traves\u00eda o carrera de monta\u00f1a, Titan-Desert, Paris -Brest-Par\u00eds, Alps Epic, \u2026) en deportistas de medio y alto nivel. <\/span><\/span><br \/>\n<span style=\"vertical-align: inherit;\"><span style=\"vertical-align: inherit;\">Ha realizado investigaciones con deportistas campeones de Espa\u00f1a o de circuitos nacionales en disciplinas como: ciclismo de carretera, ciclismo de monta\u00f1a, carreras por monta\u00f1a, triatl\u00f3n de invierno, esqu\u00ed n\u00f3rdico, esqu\u00ed de monta\u00f1a, duatl\u00f3n y triatl\u00f3n. <\/span><\/span><br \/>\n<span style=\"vertical-align: inherit;\"><span style=\"vertical-align: inherit;\">Asesora tambi\u00e9n a personas con objetivos f\u00edsico-deportivos orientados hacia la salud (carreras urbanas, p\u00e9rdida de peso, mejora del tono muscular, etc.).<\/span><\/span><\/p>\n<p><span style=\"vertical-align: inherit;\"><span style=\"vertical-align: inherit;\">Reserva ya tu consulta online de salud y deporte con el Dr. Carlos Castellar y cuida de tu salud.<\/span><\/span>[\/vc_column_text][\/vc_column][\/vc_row]<\/p>\n","protected":false},"excerpt":{"rendered":"<p>Toda persona necesita una actividad f\u00edsica adaptada a sus necesidades, tiempo y motivaciones. Es de igual importancia que el ejercicio f\u00edsico que se realice sea ajustado a las caracter\u00edsticas del individuo como la propia realizaci\u00f3n de este. La pr\u00e1ctica f\u00edsico-deportiva realizada sin control ni vigilancia puede ser perjudicial para la salud o la integridad f\u00edsica del practicante.<\/p>\n<p><span style=\"vertical-align: inherit;\"><span style=\"vertical-align: inherit;\"><span style=\"vertical-align: inherit;\"><span style=\"vertical-align: inherit;\">Esta consulta est\u00e1 dise\u00f1ada para asesorar y dirigir todo este proceso y facilitar la consecuci\u00f3n de los objetivos personales de personas que: <\/span><\/span><\/span><\/span><br \/>\n<span style=\"vertical-align: inherit;\"><span style=\"vertical-align: inherit;\"><span style=\"vertical-align: inherit;\"><span style=\"vertical-align: inherit;\">&#8211; Busquen una mejora de su condici\u00f3n f\u00edsica y estado de salud general. <\/span><\/span><\/span><\/span><br \/>\n<span style=\"vertical-align: inherit;\"><span style=\"vertical-align: inherit;\"><span style=\"vertical-align: inherit;\"><span style=\"vertical-align: inherit;\">&#8211; Necesiten preparar una prueba deportiva de forma segura. <\/span><\/span><\/span><\/span><br \/>\n<span style=\"vertical-align: inherit;\"><span style=\"vertical-align: inherit;\"><span style=\"vertical-align: inherit;\"><span style=\"vertical-align: inherit;\">&#8211; Quieran finalizar un proceso de recuperaci\u00f3n de una lesi\u00f3n musculoesquel\u00e9tica. <\/span><\/span><\/span><\/span><br \/>\n<span style=\"vertical-align: inherit;\"><span style=\"vertical-align: inherit;\"><span style=\"vertical-align: inherit;\"><span style=\"vertical-align: inherit;\">&#8211; Deseen perder peso de forma saludable a trav\u00e9s de la actividad f\u00edsico-deportiva.<\/span><\/span><\/span><\/span><\/p>\n","protected":false},"featured_media":6455,"template":"","meta":[],"translation":{"provider":"WPGlobus","version":"2.7.3","language":"en","enabled_languages":["es","en","ar","it"],"languages":{"es":{"title":true,"content":true,"excerpt":true},"en":{"title":false,"content":false,"excerpt":false},"ar":{"title":false,"content":false,"excerpt":false},"it":{"title":false,"content":false,"excerpt":false}}},"yoast_head":"<!-- This site is optimized with the Yoast SEO Premium plugin v16.2 - https:\/\/yoast.com\/wordpress\/plugins\/seo\/ -->\n<title>Consulta online de salud y deporte | Cl\u00ednica Nasser<\/title>\n<meta name=\"robots\" content=\"index, follow, max-snippet:-1, max-image-preview:large, max-video-preview:-1\" \/>\n<link rel=\"canonical\" href=\"https:\/\/clinicanasser.es\/producto\/consulta-online-con-el-dr-carlos-castellar-salud-y-deporte\/\" \/>\n<meta property=\"og:locale\" content=\"en_US\" \/>\n<meta property=\"og:type\" content=\"article\" \/>\n<meta property=\"og:title\" content=\"Consulta online de salud y deporte | Cl\u00ednica Nasser\" \/>\n<meta property=\"og:url\" content=\"https:\/\/clinicanasser.es\/producto\/consulta-online-con-el-dr-carlos-castellar-salud-y-deporte\/\" \/>\n<meta property=\"og:site_name\" content=\"Clinica nasser. Tratamiento del dolor y rehabilitaci\u00f3n Zaragoza\" \/>\n<meta property=\"article:publisher\" content=\"https:\/\/www.facebook.com\/clinicanasserspain\/\" \/>\n<meta property=\"article:modified_time\" content=\"2023-09-22T11:33:35+00:00\" \/>\n<meta property=\"og:image\" content=\"https:\/\/clinicanasser.es\/wp-content\/uploads\/2020\/12\/1-1.jpg\" \/>\n\t<meta property=\"og:image:width\" content=\"900\" \/>\n\t<meta property=\"og:image:height\" content=\"900\" \/>\n<meta name=\"twitter:card\" content=\"summary_large_image\" \/>\n<meta name=\"twitter:label1\" content=\"Est. reading time\">\n\t<meta name=\"twitter:data1\" content=\"2 minutes\">\n<script type=\"application\/ld+json\" class=\"yoast-schema-graph\">{\"@context\":\"https:\/\/schema.org\",\"@graph\":[{\"@type\":\"Organization\",\"@id\":\"https:\/\/clinicanasser.es\/#organization\",\"name\":\"Cl\\u00ednica Nasser\",\"url\":\"https:\/\/clinicanasser.es\/\",\"sameAs\":[\"https:\/\/www.facebook.com\/clinicanasserspain\/\",\"https:\/\/www.instagram.com\/clinica_nasser\/\",\"https:\/\/www.youtube.com\/channel\/UCjOFF9Kh4GHV2vhZkZx4yog\"],\"logo\":{\"@type\":\"ImageObject\",\"@id\":\"https:\/\/clinicanasser.es\/#logo\",\"inLanguage\":\"en-US\",\"url\":\"https:\/\/clinicanasser.es\/wp-content\/uploads\/2019\/01\/Favicon-Clinica-Nasser.png\",\"contentUrl\":\"https:\/\/clinicanasser.es\/wp-content\/uploads\/2019\/01\/Favicon-Clinica-Nasser.png\",\"width\":512,\"height\":512,\"caption\":\"Cl\\u00ednica Nasser\"},\"image\":{\"@id\":\"https:\/\/clinicanasser.es\/#logo\"}},{\"@type\":\"WebSite\",\"@id\":\"https:\/\/clinicanasser.es\/#website\",\"url\":\"https:\/\/clinicanasser.es\/\",\"name\":\"Clinica nasser. Tratamiento del dolor y rehabilitaci\\u00f3n Zaragoza\",\"description\":\"Cl\\u00ednica especializada en tratamiento del dolor, rehabilitaci\\u00f3n fisico - deportiva y preparaciones f\\u00edsicas. Cl\\u00ednica en Zaragoza\",\"publisher\":{\"@id\":\"https:\/\/clinicanasser.es\/#organization\"},\"potentialAction\":[{\"@type\":\"SearchAction\",\"target\":\"https:\/\/clinicanasser.es\/?s={search_term_string}\",\"query-input\":\"required name=search_term_string\"}],\"inLanguage\":\"en-US\"},{\"@type\":\"ImageObject\",\"@id\":\"https:\/\/clinicanasser.es\/producto\/consulta-online-con-el-dr-carlos-castellar-salud-y-deporte\/#primaryimage\",\"inLanguage\":\"en-US\",\"url\":\"https:\/\/clinicanasser.es\/wp-content\/uploads\/2020\/12\/1-1.jpg\",\"contentUrl\":\"https:\/\/clinicanasser.es\/wp-content\/uploads\/2020\/12\/1-1.jpg\",\"width\":900,\"height\":900,\"caption\":\"carlos castellar\"},{\"@type\":\"WebPage\",\"@id\":\"https:\/\/clinicanasser.es\/producto\/consulta-online-con-el-dr-carlos-castellar-salud-y-deporte\/#webpage\",\"url\":\"https:\/\/clinicanasser.es\/producto\/consulta-online-con-el-dr-carlos-castellar-salud-y-deporte\/\",\"name\":\"Consulta online de salud y deporte | Cl\\u00ednica Nasser\",\"isPartOf\":{\"@id\":\"https:\/\/clinicanasser.es\/#website\"},\"primaryImageOfPage\":{\"@id\":\"https:\/\/clinicanasser.es\/producto\/consulta-online-con-el-dr-carlos-castellar-salud-y-deporte\/#primaryimage\"},\"datePublished\":\"2021-09-08T13:16:28+00:00\",\"dateModified\":\"2023-09-22T11:33:35+00:00\",\"description\":\"Consulta online de salud y deporte con el Dr. Carlos Castellar. Reserva tu cita y cuida de tu salud o mejoa tu entrenamiento. | Cl\\u00ednica Nasser\",\"breadcrumb\":{\"@id\":\"https:\/\/clinicanasser.es\/producto\/consulta-online-con-el-dr-carlos-castellar-salud-y-deporte\/#breadcrumb\"},\"inLanguage\":\"en-US\",\"potentialAction\":[{\"@type\":\"ReadAction\",\"target\":[\"https:\/\/clinicanasser.es\/producto\/consulta-online-con-el-dr-carlos-castellar-salud-y-deporte\/\"]}]},{\"@type\":\"BreadcrumbList\",\"@id\":\"https:\/\/clinicanasser.es\/producto\/consulta-online-con-el-dr-carlos-castellar-salud-y-deporte\/#breadcrumb\",\"itemListElement\":[{\"@type\":\"ListItem\",\"position\":1,\"item\":{\"@type\":\"WebPage\",\"@id\":\"https:\/\/clinicanasser.es\/\",\"url\":\"https:\/\/clinicanasser.es\/\",\"name\":\"Inicio\"}},{\"@type\":\"ListItem\",\"position\":2,\"item\":{\"@type\":\"WebPage\",\"@id\":\"https:\/\/clinicanasser.es\/en\/tienda\/\",\"url\":\"https:\/\/clinicanasser.es\/en\/tienda\/\",\"name\":\"Tienda\"}},{\"@type\":\"ListItem\",\"position\":3,\"item\":{\"@id\":\"https:\/\/clinicanasser.es\/producto\/consulta-online-con-el-dr-carlos-castellar-salud-y-deporte\/#webpage\"}}]}]}<\/script>\n<!-- \/ Yoast SEO Premium plugin. -->","_links":{"self":[{"href":"https:\/\/clinicanasser.es\/en\/wp-json\/wp\/v2\/product\/9590"}],"collection":[{"href":"https:\/\/clinicanasser.es\/en\/wp-json\/wp\/v2\/product"}],"about":[{"href":"https:\/\/clinicanasser.es\/en\/wp-json\/wp\/v2\/types\/product"}],"wp:featuredmedia":[{"embeddable":true,"href":"https:\/\/clinicanasser.es\/en\/wp-json\/wp\/v2\/media\/6455"}],"wp:attachment":[{"href":"https:\/\/clinicanasser.es\/en\/wp-json\/wp\/v2\/media?parent=9590"}],"curies":[{"name":"wp","href":"https:\/\/api.w.org\/{rel}","templated":true}]}}