{"id":7868,"date":"2021-02-16T12:31:48","date_gmt":"2021-02-16T10:31:48","guid":{"rendered":"https:\/\/clinicanasser.es\/?post_type=product&#038;p=7868"},"modified":"2023-09-22T13:30:40","modified_gmt":"2023-09-22T11:30:40","slug":"coaching-control-mental-sofrologia","status":"publish","type":"product","link":"https:\/\/clinicanasser.es\/en\/producto\/coaching-control-mental-sofrologia\/","title":{"rendered":"Curso online de coaching, control mental y sofrolog\u00eda"},"content":{"rendered":"<p>[vc_row][vc_column][vc_column_text]<\/p>\n<h4>Conoce a Sagrario Saiz C\u00eda, responsable de\u00a0coaching, control mental y sofrolog\u00eda<\/h4>\n<p><a href=\"https:\/\/clinicanasser.es\/conoce-al-equipo\/\" target=\"_blank\" rel=\"noopener\">Licenciada<\/a> en Ciencias de la Informaci\u00f3n, Periodismo por la Universidad de Navarra<\/p>\n<p>Diplomada en Psicolog\u00eda de la Autoestima por la Facultad de Estudios para la Excelencia de la Open University of Advances Sciencies de Florida.<\/p>\n<p>Diplomada en Hipnosis Cl\u00ednica por la Facultad de Estudios para la Excelencia de la Open University of Advances Sciencies de Florida y M\u00e1ster en Naturopat\u00eda.<\/p>\n<p>Desde hace m\u00e1s de 10 a\u00f1os imparte cursos de control mental en Pamplona, Zaragoza, Sabadell y Madrid.[\/vc_column_text][\/vc_column][\/vc_row]<\/p>\n","protected":false},"excerpt":{"rendered":"<p>La mente es una potente m\u00e1quina que interviene en todas las actividades del ser humano, pero no sabemos c\u00f3mo sacarle el m\u00e1ximo rendimiento y en ocasiones la utilizamos, sin saberlo, en contra nuestra.<\/p>\n<p>El estr\u00e9s, tan presente en la sociedad actual, la ansiedad, la depresi\u00f3n, los problemas, la tristeza\u2026 provocan angustia, insomnio, dolores de cabeza\u2026..Adem\u00e1s influyen directamente en la salud porque provocan\u00a0 una intensa depresi\u00f3n del sistema inmunol\u00f3gico que lo incapacita para hacer su trabajo cotidiano: mantenernos sanos.<\/p>\n<p>El control mental te ofrece una serie de herramientas que te ayudar\u00e1n a superar esas emociones t\u00f3xicas que provocan malestar\u00a0 y enfermedad mejorando as\u00ed la calidad de vida.<\/p>\n<p>Trabajando la parte emocional y mental de la persona se mejora el bienestar f\u00edsico.<\/p>\n","protected":false},"featured_media":7869,"template":"","meta":[],"translation":{"provider":"WPGlobus","version":"2.7.3","language":"en","enabled_languages":["es","en","ar","it"],"languages":{"es":{"title":true,"content":true,"excerpt":true},"en":{"title":false,"content":false,"excerpt":false},"ar":{"title":false,"content":false,"excerpt":false},"it":{"title":false,"content":false,"excerpt":false}}},"yoast_head":"<!-- This site is optimized with the Yoast SEO Premium plugin v16.2 - https:\/\/yoast.com\/wordpress\/plugins\/seo\/ -->\n<title>Consulta online de coaching, control mental y sofrolog\u00eda | Cl\u00ednica Nasser<\/title>\n<meta name=\"robots\" content=\"index, follow, max-snippet:-1, max-image-preview:large, max-video-preview:-1\" \/>\n<link rel=\"canonical\" href=\"https:\/\/clinicanasser.es\/producto\/coaching-control-mental-sofrologia\/\" \/>\n<meta property=\"og:locale\" content=\"en_US\" \/>\n<meta property=\"og:type\" content=\"article\" \/>\n<meta property=\"og:title\" content=\"Consulta online de coaching, control mental y sofrolog\u00eda | Cl\u00ednica Nasser\" \/>\n<meta property=\"og:url\" content=\"https:\/\/clinicanasser.es\/producto\/coaching-control-mental-sofrologia\/\" \/>\n<meta property=\"og:site_name\" content=\"Clinica nasser. Tratamiento del dolor y rehabilitaci\u00f3n Zaragoza\" \/>\n<meta property=\"article:publisher\" content=\"https:\/\/www.facebook.com\/clinicanasserspain\/\" \/>\n<meta property=\"article:modified_time\" content=\"2023-09-22T11:30:40+00:00\" \/>\n<meta property=\"og:image\" content=\"https:\/\/clinicanasser.es\/wp-content\/uploads\/2021\/02\/sagrario-saiz2.jpg\" \/>\n\t<meta property=\"og:image:width\" content=\"974\" \/>\n\t<meta property=\"og:image:height\" content=\"974\" \/>\n<meta name=\"twitter:card\" content=\"summary_large_image\" \/>\n<meta name=\"twitter:label1\" content=\"Est. reading time\">\n\t<meta name=\"twitter:data1\" content=\"1 minute\">\n<script type=\"application\/ld+json\" class=\"yoast-schema-graph\">{\"@context\":\"https:\/\/schema.org\",\"@graph\":[{\"@type\":\"Organization\",\"@id\":\"https:\/\/clinicanasser.es\/#organization\",\"name\":\"Cl\\u00ednica Nasser\",\"url\":\"https:\/\/clinicanasser.es\/\",\"sameAs\":[\"https:\/\/www.facebook.com\/clinicanasserspain\/\",\"https:\/\/www.instagram.com\/clinica_nasser\/\",\"https:\/\/www.youtube.com\/channel\/UCjOFF9Kh4GHV2vhZkZx4yog\"],\"logo\":{\"@type\":\"ImageObject\",\"@id\":\"https:\/\/clinicanasser.es\/#logo\",\"inLanguage\":\"en-US\",\"url\":\"https:\/\/clinicanasser.es\/wp-content\/uploads\/2019\/01\/Favicon-Clinica-Nasser.png\",\"contentUrl\":\"https:\/\/clinicanasser.es\/wp-content\/uploads\/2019\/01\/Favicon-Clinica-Nasser.png\",\"width\":512,\"height\":512,\"caption\":\"Cl\\u00ednica Nasser\"},\"image\":{\"@id\":\"https:\/\/clinicanasser.es\/#logo\"}},{\"@type\":\"WebSite\",\"@id\":\"https:\/\/clinicanasser.es\/#website\",\"url\":\"https:\/\/clinicanasser.es\/\",\"name\":\"Clinica nasser. Tratamiento del dolor y rehabilitaci\\u00f3n Zaragoza\",\"description\":\"Cl\\u00ednica especializada en tratamiento del dolor, rehabilitaci\\u00f3n fisico - deportiva y preparaciones f\\u00edsicas. Cl\\u00ednica en Zaragoza\",\"publisher\":{\"@id\":\"https:\/\/clinicanasser.es\/#organization\"},\"potentialAction\":[{\"@type\":\"SearchAction\",\"target\":\"https:\/\/clinicanasser.es\/?s={search_term_string}\",\"query-input\":\"required name=search_term_string\"}],\"inLanguage\":\"en-US\"},{\"@type\":\"ImageObject\",\"@id\":\"https:\/\/clinicanasser.es\/producto\/coaching-control-mental-sofrologia\/#primaryimage\",\"inLanguage\":\"en-US\",\"url\":\"https:\/\/clinicanasser.es\/wp-content\/uploads\/2021\/02\/sagrario-saiz2.jpg\",\"contentUrl\":\"https:\/\/clinicanasser.es\/wp-content\/uploads\/2021\/02\/sagrario-saiz2.jpg\",\"width\":974,\"height\":974},{\"@type\":\"WebPage\",\"@id\":\"https:\/\/clinicanasser.es\/producto\/coaching-control-mental-sofrologia\/#webpage\",\"url\":\"https:\/\/clinicanasser.es\/producto\/coaching-control-mental-sofrologia\/\",\"name\":\"Consulta online de coaching, control mental y sofrolog\\u00eda | Cl\\u00ednica Nasser\",\"isPartOf\":{\"@id\":\"https:\/\/clinicanasser.es\/#website\"},\"primaryImageOfPage\":{\"@id\":\"https:\/\/clinicanasser.es\/producto\/coaching-control-mental-sofrologia\/#primaryimage\"},\"datePublished\":\"2021-02-16T10:31:48+00:00\",\"dateModified\":\"2023-09-22T11:30:40+00:00\",\"description\":\"El coaching, control mental y sofrolog\\u00eda te ofrecen una serie de herramientas que te ayudar\\u00e1n con las emociones t\\u00f3xicas que provocan malestar y enfermedad.\",\"breadcrumb\":{\"@id\":\"https:\/\/clinicanasser.es\/producto\/coaching-control-mental-sofrologia\/#breadcrumb\"},\"inLanguage\":\"en-US\",\"potentialAction\":[{\"@type\":\"ReadAction\",\"target\":[\"https:\/\/clinicanasser.es\/producto\/coaching-control-mental-sofrologia\/\"]}]},{\"@type\":\"BreadcrumbList\",\"@id\":\"https:\/\/clinicanasser.es\/producto\/coaching-control-mental-sofrologia\/#breadcrumb\",\"itemListElement\":[{\"@type\":\"ListItem\",\"position\":1,\"item\":{\"@type\":\"WebPage\",\"@id\":\"https:\/\/clinicanasser.es\/\",\"url\":\"https:\/\/clinicanasser.es\/\",\"name\":\"Inicio\"}},{\"@type\":\"ListItem\",\"position\":2,\"item\":{\"@type\":\"WebPage\",\"@id\":\"https:\/\/clinicanasser.es\/en\/tienda\/\",\"url\":\"https:\/\/clinicanasser.es\/en\/tienda\/\",\"name\":\"Tienda\"}},{\"@type\":\"ListItem\",\"position\":3,\"item\":{\"@id\":\"https:\/\/clinicanasser.es\/producto\/coaching-control-mental-sofrologia\/#webpage\"}}]}]}<\/script>\n<!-- \/ Yoast SEO Premium plugin. -->","_links":{"self":[{"href":"https:\/\/clinicanasser.es\/en\/wp-json\/wp\/v2\/product\/7868"}],"collection":[{"href":"https:\/\/clinicanasser.es\/en\/wp-json\/wp\/v2\/product"}],"about":[{"href":"https:\/\/clinicanasser.es\/en\/wp-json\/wp\/v2\/types\/product"}],"wp:featuredmedia":[{"embeddable":true,"href":"https:\/\/clinicanasser.es\/en\/wp-json\/wp\/v2\/media\/7869"}],"wp:attachment":[{"href":"https:\/\/clinicanasser.es\/en\/wp-json\/wp\/v2\/media?parent=7868"}],"curies":[{"name":"wp","href":"https:\/\/api.w.org\/{rel}","templated":true}]}}