{"id":7792,"date":"2021-02-08T14:09:32","date_gmt":"2021-02-08T12:09:32","guid":{"rendered":"https:\/\/clinicanasser.es\/producto\/consulta-medica-copy\/"},"modified":"2023-09-22T13:36:16","modified_gmt":"2023-09-22T11:36:16","slug":"medicina-integrativa-online-dr-camerino","status":"publish","type":"product","link":"https:\/\/clinicanasser.es\/en\/producto\/medicina-integrativa-online-dr-camerino\/","title":{"rendered":"Consulta online de medicina integrativa \/ biol\u00f3gica con el Dr. Camerino"},"content":{"rendered":"<p><strong>Conoce al Dr. Oriol Camerino Foguet<\/strong><\/p>\n<p>Licenciado en Medicina por la Universidad de Barcelona y con formaci\u00f3n acreditada en diversas t\u00e9cnicas complementarias como Acupuntura, Fitoterapia, Homeopat\u00eda o Medicina Ortomolecular. En su <a href=\"https:\/\/clinicanasser.es\/conoce-al-equipo\/\" target=\"_blank\" rel=\"noopener\">ejercicio profesional<\/a> ha dirigido varios centros dedicados a la Medicina Integrativa y ha desarrollado su labor asistencial tanto en consulta privada como en Unidades hospitalarias de Medicina Complementaria.<\/p>\n<p><strong>\u00bfCu\u00e1les son las enfermedades que trata?<u><\/u><\/strong><\/p>\n<p>Debido a que la Medicina Integrativa act\u00faa sobre la totalidad del organismo optimizando su capacidad de respuesta, en principio <strong>cualquier enfermedad puede ser tratada<\/strong> o mejorada con su intervenci\u00f3n. Tambi\u00e9n resulta \u00fatil en el campo de la <strong>prevenci\u00f3n<\/strong> para personas sanas, como medicina antienvejecimiento y en deportistas que quieran mejorar su rendimiento; y es donde radica la importancia de esta consulta online de medicina integrativa. Algunas de las patolog\u00edas que vemos m\u00e1s frecuentemente son:<\/p>\n<ul>\n<li>Fatiga cr\u00f3nica, fibromialgia y s\u00edndrome qu\u00edmico m\u00faltiple.<\/li>\n<li>Insomnio, stress, ansiedad y depresi\u00f3n.<\/li>\n<li>Patolog\u00edas artr\u00f3sicas degenerativas y trastornos musculoesquel\u00e9ticos inflamatorios.<\/li>\n<li>Patolog\u00edas digestivas con dispepsia, colon irritable, diverticulitis o estre\u00f1imiento.<\/li>\n<li>Enfermedades cr\u00f3nicas de larga evoluci\u00f3n que no mejoran con los f\u00e1rmacos habituales.<\/li>\n<li>Procesos oncol\u00f3gicos que buscan un tratamiento de apoyo coadyuvante.<\/li>\n<li>Enfermedades al\u00e9rgicas, rinitis, sinusitis y bronquitis de repetici\u00f3n.<\/li>\n<li>Mejora del rendimiento deportivo mediante t\u00e9cnicas biol\u00f3gicas.<\/li>\n<li>Infecciones cr\u00f3nicas, candidiasis de repetici\u00f3n y cistitis.<\/li>\n<li>Enfermedades metab\u00f3licas y obesidad.<\/li>\n<\/ul>\n<p>Reserva ya tu\u00a0consulta online de medicina integrativa con el Dr. Camerino y cuida de tu salud.<\/p>\n","protected":false},"excerpt":{"rendered":"<p>En la consulta online de medicina integrativa del Dr. Camerino se combinan los tratamientos de la Medicina Cl\u00e1sica y los tratamientos de la Medicina Biol\u00f3gica o Complementaria para los cuales hay pruebas de seguridad y eficacia. Su principio fundamental es la visi\u00f3n del ser humano como <strong>un<\/strong> <strong>todo indivisible<\/strong> entre su parte f\u00edsica, mental y emocional, principio hipocr\u00e1tico heredado de las antiguas medicinas, y ahora llevado a la luz de los conocimientos cient\u00edficos actuales. Estos nos han demostrado que, efectivamente, todos los \u00f3rganos y sistemas est\u00e1n unidos por el eje <strong>psico-neuro-inmuno-endocrino<\/strong>, el cu\u00e1l es la base del equilibrio saludable o de la enfermedad ,cuando este se pierde.<\/p>\n<p>En los seguimientos vamos observado la evoluci\u00f3n de cada paciente y pautando los cambios necesarios para conseguir un resultado \u00f3ptimo. As\u00ed mismo podemos pedir alg\u00fan tipo de prueba que nos oriente a definir mejor los factores de base que contribuyen a mantener el estado patol\u00f3gico.<\/p>\n<p>Selecciona un tipo de visita para ver qu\u00e9 incluye el servicio.<\/p>\n","protected":false},"featured_media":7835,"template":"","meta":[],"translation":{"provider":"WPGlobus","version":"2.7.3","language":"en","enabled_languages":["es","en","ar","it"],"languages":{"es":{"title":true,"content":true,"excerpt":true},"en":{"title":false,"content":false,"excerpt":false},"ar":{"title":false,"content":false,"excerpt":false},"it":{"title":false,"content":false,"excerpt":false}}},"yoast_head":"<!-- This site is optimized with the Yoast SEO Premium plugin v16.2 - https:\/\/yoast.com\/wordpress\/plugins\/seo\/ -->\n<title>Consulta online de medicina integrativa | Cl\u00ednica Nasser<\/title>\n<meta name=\"robots\" content=\"index, follow, max-snippet:-1, max-image-preview:large, max-video-preview:-1\" \/>\n<link rel=\"canonical\" href=\"https:\/\/clinicanasser.es\/producto\/medicina-integrativa-online-dr-camerino\/\" \/>\n<meta property=\"og:locale\" content=\"en_US\" \/>\n<meta property=\"og:type\" content=\"article\" \/>\n<meta property=\"og:title\" content=\"Consulta online de medicina integrativa | Cl\u00ednica Nasser\" \/>\n<meta property=\"og:url\" content=\"https:\/\/clinicanasser.es\/producto\/medicina-integrativa-online-dr-camerino\/\" \/>\n<meta property=\"og:site_name\" content=\"Clinica nasser. Tratamiento del dolor y rehabilitaci\u00f3n Zaragoza\" \/>\n<meta property=\"article:publisher\" content=\"https:\/\/www.facebook.com\/clinicanasserspain\/\" \/>\n<meta property=\"article:modified_time\" content=\"2023-09-22T11:36:16+00:00\" \/>\n<meta property=\"og:image\" content=\"https:\/\/clinicanasser.es\/wp-content\/uploads\/2021\/02\/Foto-1-ok.jpg\" \/>\n\t<meta property=\"og:image:width\" content=\"520\" \/>\n\t<meta property=\"og:image:height\" content=\"520\" \/>\n<meta name=\"twitter:card\" content=\"summary_large_image\" \/>\n<meta name=\"twitter:label1\" content=\"Est. reading time\">\n\t<meta name=\"twitter:data1\" content=\"2 minutes\">\n<script type=\"application\/ld+json\" class=\"yoast-schema-graph\">{\"@context\":\"https:\/\/schema.org\",\"@graph\":[{\"@type\":\"Organization\",\"@id\":\"https:\/\/clinicanasser.es\/#organization\",\"name\":\"Cl\\u00ednica Nasser\",\"url\":\"https:\/\/clinicanasser.es\/\",\"sameAs\":[\"https:\/\/www.facebook.com\/clinicanasserspain\/\",\"https:\/\/www.instagram.com\/clinica_nasser\/\",\"https:\/\/www.youtube.com\/channel\/UCjOFF9Kh4GHV2vhZkZx4yog\"],\"logo\":{\"@type\":\"ImageObject\",\"@id\":\"https:\/\/clinicanasser.es\/#logo\",\"inLanguage\":\"en-US\",\"url\":\"https:\/\/clinicanasser.es\/wp-content\/uploads\/2019\/01\/Favicon-Clinica-Nasser.png\",\"contentUrl\":\"https:\/\/clinicanasser.es\/wp-content\/uploads\/2019\/01\/Favicon-Clinica-Nasser.png\",\"width\":512,\"height\":512,\"caption\":\"Cl\\u00ednica Nasser\"},\"image\":{\"@id\":\"https:\/\/clinicanasser.es\/#logo\"}},{\"@type\":\"WebSite\",\"@id\":\"https:\/\/clinicanasser.es\/#website\",\"url\":\"https:\/\/clinicanasser.es\/\",\"name\":\"Clinica nasser. Tratamiento del dolor y rehabilitaci\\u00f3n Zaragoza\",\"description\":\"Cl\\u00ednica especializada en tratamiento del dolor, rehabilitaci\\u00f3n fisico - deportiva y preparaciones f\\u00edsicas. Cl\\u00ednica en Zaragoza\",\"publisher\":{\"@id\":\"https:\/\/clinicanasser.es\/#organization\"},\"potentialAction\":[{\"@type\":\"SearchAction\",\"target\":\"https:\/\/clinicanasser.es\/?s={search_term_string}\",\"query-input\":\"required name=search_term_string\"}],\"inLanguage\":\"en-US\"},{\"@type\":\"ImageObject\",\"@id\":\"https:\/\/clinicanasser.es\/producto\/medicina-integrativa-online-dr-camerino\/#primaryimage\",\"inLanguage\":\"en-US\",\"url\":\"https:\/\/clinicanasser.es\/wp-content\/uploads\/2021\/02\/Foto-1-ok.jpg\",\"contentUrl\":\"https:\/\/clinicanasser.es\/wp-content\/uploads\/2021\/02\/Foto-1-ok.jpg\",\"width\":520,\"height\":520,\"caption\":\"medicina integrativa\"},{\"@type\":\"WebPage\",\"@id\":\"https:\/\/clinicanasser.es\/producto\/medicina-integrativa-online-dr-camerino\/#webpage\",\"url\":\"https:\/\/clinicanasser.es\/producto\/medicina-integrativa-online-dr-camerino\/\",\"name\":\"Consulta online de medicina integrativa | Cl\\u00ednica Nasser\",\"isPartOf\":{\"@id\":\"https:\/\/clinicanasser.es\/#website\"},\"primaryImageOfPage\":{\"@id\":\"https:\/\/clinicanasser.es\/producto\/medicina-integrativa-online-dr-camerino\/#primaryimage\"},\"datePublished\":\"2021-02-08T12:09:32+00:00\",\"dateModified\":\"2023-09-22T11:36:16+00:00\",\"description\":\"Consulta online de medicina integrativa con el Dr. Camerino. Reserva tu cita y cuida de tu salud o mejoa tu enfermedad. | Cl\\u00ednica Nasser\",\"breadcrumb\":{\"@id\":\"https:\/\/clinicanasser.es\/producto\/medicina-integrativa-online-dr-camerino\/#breadcrumb\"},\"inLanguage\":\"en-US\",\"potentialAction\":[{\"@type\":\"ReadAction\",\"target\":[\"https:\/\/clinicanasser.es\/producto\/medicina-integrativa-online-dr-camerino\/\"]}]},{\"@type\":\"BreadcrumbList\",\"@id\":\"https:\/\/clinicanasser.es\/producto\/medicina-integrativa-online-dr-camerino\/#breadcrumb\",\"itemListElement\":[{\"@type\":\"ListItem\",\"position\":1,\"item\":{\"@type\":\"WebPage\",\"@id\":\"https:\/\/clinicanasser.es\/\",\"url\":\"https:\/\/clinicanasser.es\/\",\"name\":\"Inicio\"}},{\"@type\":\"ListItem\",\"position\":2,\"item\":{\"@type\":\"WebPage\",\"@id\":\"https:\/\/clinicanasser.es\/en\/tienda\/\",\"url\":\"https:\/\/clinicanasser.es\/en\/tienda\/\",\"name\":\"Tienda\"}},{\"@type\":\"ListItem\",\"position\":3,\"item\":{\"@id\":\"https:\/\/clinicanasser.es\/producto\/medicina-integrativa-online-dr-camerino\/#webpage\"}}]}]}<\/script>\n<!-- \/ Yoast SEO Premium plugin. -->","_links":{"self":[{"href":"https:\/\/clinicanasser.es\/en\/wp-json\/wp\/v2\/product\/7792"}],"collection":[{"href":"https:\/\/clinicanasser.es\/en\/wp-json\/wp\/v2\/product"}],"about":[{"href":"https:\/\/clinicanasser.es\/en\/wp-json\/wp\/v2\/types\/product"}],"wp:featuredmedia":[{"embeddable":true,"href":"https:\/\/clinicanasser.es\/en\/wp-json\/wp\/v2\/media\/7835"}],"wp:attachment":[{"href":"https:\/\/clinicanasser.es\/en\/wp-json\/wp\/v2\/media?parent=7792"}],"curies":[{"name":"wp","href":"https:\/\/api.w.org\/{rel}","templated":true}]}}