{"id":11187,"date":"2023-07-20T15:34:07","date_gmt":"2023-07-20T13:34:07","guid":{"rendered":"https:\/\/clinicanasser.es\/producto\/servicio-medico-integral-para-pacientes-de-fuera-de-zaragoza-copy\/"},"modified":"2023-07-21T12:57:50","modified_gmt":"2023-07-21T10:57:50","slug":"plan-de-tratamiento-intensivo-para-pacientes-de-fuera-de-zaragoza","status":"publish","type":"product","link":"https:\/\/clinicanasser.es\/en\/producto\/plan-de-tratamiento-intensivo-para-pacientes-de-fuera-de-zaragoza\/","title":{"rendered":"Plan de tratamiento intensivo para pacientes de fuera de Zaragoza"},"content":{"rendered":"<p>[vc_row disable_element=&#8221;yes&#8221;][vc_column][vc_column_text]<style>\n    .bookly-btn-default {\n        padding: 9px 18px!important;\n        border: 1px solid #b1bbc4 !important;\n        min-width: 118px;\n        display: block;\n        text-align: center;\n        border-radius: 4px!important;\n        background-color: #fff;\n        cursor: pointer!important;\n        height: auto!important;\n        outline: none!important;\n        float: left;\n        width: auto;\n    }\n\n    .bookly-btn-default.bookly-btn-active {\n        border: 1px solid #217daa !important;\n        background-color: #217daa!important;\n    }\n\n    .bookly-btn-default:hover {\n        text-decoration: unset!important;\n    }\n\n    .bookly-btn-default, .bookly-btn-default > span {\n        color: #212529 !important;\n        font-size: 18px!important;\n        line-height: 17px!important;\n        font-weight: bold!important;\n        text-transform: uppercase!important;\n    }\n    .bookly-btn-default.bookly-btn-active > span {\n        color: #fff!important;\n    }\n<\/style>\n<div id=\"bookly-tbs\" class=\"bookly-js-cancellation-confirmation\">\n    <div class=\"bookly-js-cancellation-confirmation-buttons\">\n        <a href=\"https:\/\/clinicanasser.es\/wp-admin\/admin-ajax.php?action=bookly_cancel_appointment&token=\" class=\"bookly-btn-default\" style=\"margin-right: 12px\">\n            <span>Confirm cancellation<\/span>\n        <\/a>\n        <a href=\"#\" class=\"bookly-js-cancellation-confirmation-no bookly-btn-default bookly-btn-active\">\n            <span>Do not cancel<\/span>\n        <\/a>\n    <\/div>\n    <div class=\"bookly-js-cancellation-confirmation-message bookly-row\" style=\"display: none\">\n        <p class=\"bookly-bold\">\n            Thank you for being with us        <\/p>\n    <\/div>\n<\/div>\n<script type=\"text\/javascript\">\n    var links = document.getElementsByClassName('bookly-js-cancellation-confirmation-no');\n    for (var i = 0; i < links.length; i++) {\n        if (links[i].onclick == undefined) {\n            links[i].onclick = function (e) {\n                e.preventDefault();\n                var container = this.closest('.bookly-js-cancellation-confirmation'),\n                    buttons = container.getElementsByClassName('bookly-js-cancellation-confirmation-buttons')[0],\n                    message = container.getElementsByClassName('bookly-js-cancellation-confirmation-message')[0];\n                buttons.style.display = 'none';\n                message.style.display = 'inline';\n            };\n        }\n    }\n<\/script>edi[\/vc_column_text][\/vc_column][\/vc_row][vc_row][vc_column][vc_empty_space][vc_row_inner][vc_column_inner width=&#8221;1\/2&#8243;][vc_column_text css=&#8221;.vc_custom_1689154739253{padding-top: 12px !important;padding-bottom: 12px !important;background-color: #0f72b5 !important;}&#8221;]<\/p>\n<h5 style=\"text-align: center;\"><span style=\"color: #ffffff;\">\u00bfQU\u00c9 INCLUYE EL SERVICIO?<\/span><\/h5>\n<p>[\/vc_column_text][vc_empty_space height=&#8221;22px&#8221;][vc_column_text]<i class=\"fa fa-check\" aria-hidden=\"true\"><\/i>Consulta m\u00e9dica presencial con el Dr. Nasser, experto en medicina del dolor y rehabilitaci\u00f3n.<br \/>\n<i class=\"fa fa-check\" aria-hidden=\"true\"><\/i> Acceso a nuestro equipo de profesionales en el \u00e1rea deportiva y rehabilitaci\u00f3n f\u00edsica.<br \/>\n<i class=\"fa fa-check\" aria-hidden=\"true\"><\/i> Tratamiento m\u00e9dico y terapia manual, adaptado a tus necesidades espec\u00edficas.<br \/>\n<i class=\"fa fa-check\" aria-hidden=\"true\"><\/i> 3 horas de tratamiento al d\u00eda, para garantizar una atenci\u00f3n integral y efectiva.<br \/>\n<i class=\"fa fa-check\" aria-hidden=\"true\"><\/i> Seguimiento y control de alimentaci\u00f3n y h\u00e1bitos saludables.<br \/>\n<i class=\"fa fa-check\" aria-hidden=\"true\"><\/i> Opci\u00f3n de incluir un paquete de alojamiento, para ofrecer un servicio integral al paciente que desee visitarnos.[\/vc_column_text][\/vc_column_inner][vc_column_inner width=&#8221;1\/2&#8243;][vc_column_text css=&#8221;.vc_custom_1621944801121{padding-top: 12px !important;padding-bottom: 12px !important;background-color: #0f72b5 !important;}&#8221;]<\/p>\n<h5 style=\"text-align: center;\"><span style=\"color: #ffffff;\">PROFESIONAL QUE REALIZA LA SESI\u00d3N<\/span><\/h5>\n<p>[\/vc_column_text][vc_empty_space height=&#8221;22px&#8221;][vc_column_text]<\/p>\n<p style=\"text-align: center;\">Todas las sesiones son lideradas por nuestro equipo m\u00e9dico multidisciplinar especializado en<strong> medicina del dolor, rehabilitaci\u00f3n, salud y deporte,\u00a0fisioterapia traumatol\u00f3gica, del dolor, neurol\u00f3gica y del deporte.<\/strong><\/p>\n<p style=\"text-align: center;\">Dia a d\u00eda te acompa\u00f1ar\u00e1 nuestro equipo especializados en rehabilitaci\u00f3n f\u00edsica y rehabilitaci\u00f3n de lesiones<\/p>\n<p>[\/vc_column_text][\/vc_column_inner][\/vc_row_inner][vc_empty_space][vc_column_text]<\/p>\n<h5 style=\"text-align: center;\">C\u00d3MO FUNCIONA<\/h5>\n<p>[\/vc_column_text][vc_row_inner][vc_column_inner width=&#8221;1\/3&#8243;][vc_single_image image=&#8221;7301&#8243; img_size=&#8221;150&#215;150&#8243; alignment=&#8221;center&#8221;][vc_column_text]<\/p>\n<h5 style=\"text-align: center;\">Adquiere tu sesi\u00f3n y reserva cita<\/h5>\n<p>[\/vc_column_text][vc_empty_space][vc_column_text]En la reserva, deber\u00e1s indicar la fecha y el lugar en el que desees realizar la sesi\u00f3n.<\/p>\n<p>Para formalizar la reserva, ser\u00e1 necesario que se abone el coste de la primera consulta m\u00e9dica y posteriormente nuestro equipo te indicar\u00e1 cu\u00e1l es el servicio m\u00e9dico m\u00e1s \u00f3ptimo para rehabilitar tu lesi\u00f3n.[\/vc_column_text][\/vc_column_inner][vc_column_inner width=&#8221;1\/3&#8243;][vc_single_image image=&#8221;7300&#8243; img_size=&#8221;150&#215;150&#8243; alignment=&#8221;center&#8221;][vc_column_text]<\/p>\n<h5 style=\"text-align: center;\">Validez<\/h5>\n<p>[\/vc_column_text][vc_empty_space][vc_column_text]La validez del servicio es de 1 semana durante la cual deber\u00e1s canjear la cita.<\/p>\n<p>Te llamaremos para confirmar la cita.[\/vc_column_text][\/vc_column_inner][vc_column_inner width=&#8221;1\/3&#8243;][vc_single_image image=&#8221;7326&#8243; img_size=&#8221;150&#215;150&#8243; alignment=&#8221;center&#8221;][vc_column_text]<\/p>\n<h5 style=\"text-align: center;\">Consultas<\/h5>\n<p>[\/vc_column_text][vc_empty_space][vc_column_text]Puedes resolver cualquier duda escribi\u00e9ndonos a <a href=\"mailto:nasser@clinicanasser.es\">nasser@clinicanasser.es<\/a> o llam\u00e1ndonos al <a href=\"tel:976216995\">976 216 995<\/a>[\/vc_column_text][\/vc_column_inner][\/vc_row_inner][vc_empty_space][vc_empty_space][vc_column_text]<\/p>\n<h5 style=\"text-align: center;\">TRATAMIENTOS COMPLEMENTARIOS<\/h5>\n<p>[\/vc_column_text][vc_empty_space]<div class=\"woocommerce columns-4 \"><div class=\"row shop-products-list clearfix\">\r\n<div class=\"post-11157 product type-product status-publish has-post-thumbnail hentry product_cat-servicios-online product_cat-unidad-del-dolor-especializada\">\r\n\t<div class=\"shop-media entry\" onclick=\"\"><img width=\"300\" height=\"300\" src=\"https:\/\/clinicanasser.es\/wp-content\/uploads\/2020\/12\/IMG_4220_editada-300x300.jpg\" class=\"attachment-woocommerce_thumbnail size-woocommerce_thumbnail\" alt=\"dr nasser\" loading=\"lazy\" srcset=\"https:\/\/clinicanasser.es\/wp-content\/uploads\/2020\/12\/IMG_4220_editada-300x300.jpg 300w, https:\/\/clinicanasser.es\/wp-content\/uploads\/2020\/12\/IMG_4220_editada-440x440.jpg 440w, https:\/\/clinicanasser.es\/wp-content\/uploads\/2020\/12\/IMG_4220_editada-768x768.jpg 768w, https:\/\/clinicanasser.es\/wp-content\/uploads\/2020\/12\/IMG_4220_editada-600x600.jpg 600w, https:\/\/clinicanasser.es\/wp-content\/uploads\/2020\/12\/IMG_4220_editada-100x100.jpg 100w, https:\/\/clinicanasser.es\/wp-content\/uploads\/2020\/12\/IMG_4220_editada.jpg 900w\" sizes=\"(max-width: 300px) 100vw, 300px\" \/><div class=\"icons-list\"><a class=\"icon-link\" href=\"https:\/\/clinicanasser.es\/en\/producto\/consulta-medica-online-dr-nasser\/\" title=\"Consulta online con el Dr. Nasser\"><i class=\"fa fa-link\"><\/i><\/a><a class=\"magic-popup\" href=\"https:\/\/clinicanasser.es\/wp-content\/uploads\/2020\/12\/IMG_4220_editada.jpg\"><i class=\"fa fa-search\"><\/i><\/a><\/div> <div class=\"bg-overlay\"><\/div><\/div><h3 class=\"product-title\"><a href=\"https:\/\/clinicanasser.es\/en\/producto\/consulta-medica-online-dr-nasser\/\" class=\"p-title\">Consulta online con el Dr. Nasser<\/a><\/h3>\n<div class=\"add-to-cart-wrap\"><\/div><\/div>\r\n<div class=\"post-7792 product type-product status-publish has-post-thumbnail hentry product_cat-area-medica product_cat-medicina-integrativa\">\r\n\t<div class=\"shop-media entry\" onclick=\"\"><img width=\"300\" height=\"300\" src=\"https:\/\/clinicanasser.es\/wp-content\/uploads\/2021\/02\/Foto-1-ok-300x300.jpg\" class=\"attachment-woocommerce_thumbnail size-woocommerce_thumbnail\" alt=\"medicina integrativa\" loading=\"lazy\" srcset=\"https:\/\/clinicanasser.es\/wp-content\/uploads\/2021\/02\/Foto-1-ok-300x300.jpg 300w, https:\/\/clinicanasser.es\/wp-content\/uploads\/2021\/02\/Foto-1-ok-440x440.jpg 440w, https:\/\/clinicanasser.es\/wp-content\/uploads\/2021\/02\/Foto-1-ok-100x100.jpg 100w, https:\/\/clinicanasser.es\/wp-content\/uploads\/2021\/02\/Foto-1-ok.jpg 520w\" sizes=\"(max-width: 300px) 100vw, 300px\" \/><div class=\"icons-list\"><a class=\"icon-link\" href=\"https:\/\/clinicanasser.es\/en\/producto\/medicina-integrativa-online-dr-camerino\/\" title=\"Consulta online de medicina integrativa \/ biol\u00f3gica con el Dr. Camerino\"><i class=\"fa fa-link\"><\/i><\/a><a class=\"magic-popup\" href=\"https:\/\/clinicanasser.es\/wp-content\/uploads\/2021\/02\/Foto-1-ok.jpg\"><i class=\"fa fa-search\"><\/i><\/a><\/div> <div class=\"bg-overlay\"><\/div><\/div><h3 class=\"product-title\"><a href=\"https:\/\/clinicanasser.es\/en\/producto\/medicina-integrativa-online-dr-camerino\/\" class=\"p-title\">Consulta online de medicina integrativa \/ biol\u00f3gica con el Dr. Camerino<\/a><\/h3>\n\t<span class=\"price\"><span class=\"woocommerce-Price-amount amount\"><bdi>105,00<span class=\"woocommerce-Price-currencySymbol\">&euro;<\/span><\/bdi><\/span> &ndash; <span class=\"woocommerce-Price-amount amount\"><bdi>150,00<span class=\"woocommerce-Price-currencySymbol\">&euro;<\/span><\/bdi><\/span><\/span>\n<div class=\"add-to-cart-wrap\"><\/div><\/div>\r\n<div class=\"post-7951 product type-product status-publish has-post-thumbnail hentry product_cat-area-medica product_cat-medicina-integrativa\">\r\n\t<div class=\"shop-media entry\" onclick=\"\"><img width=\"300\" height=\"300\" src=\"https:\/\/clinicanasser.es\/wp-content\/uploads\/2021\/02\/Foto-1-ok-300x300.jpg\" class=\"attachment-woocommerce_thumbnail size-woocommerce_thumbnail\" alt=\"medicina integrativa\" loading=\"lazy\" srcset=\"https:\/\/clinicanasser.es\/wp-content\/uploads\/2021\/02\/Foto-1-ok-300x300.jpg 300w, https:\/\/clinicanasser.es\/wp-content\/uploads\/2021\/02\/Foto-1-ok-440x440.jpg 440w, https:\/\/clinicanasser.es\/wp-content\/uploads\/2021\/02\/Foto-1-ok-100x100.jpg 100w, https:\/\/clinicanasser.es\/wp-content\/uploads\/2021\/02\/Foto-1-ok.jpg 520w\" sizes=\"(max-width: 300px) 100vw, 300px\" \/><div class=\"icons-list\"><a class=\"icon-link\" href=\"https:\/\/clinicanasser.es\/en\/producto\/contacto-telefonico-dr-camerino\/\" title=\"Contacto telef\u00f3nico con el Dr. Camerino\"><i class=\"fa fa-link\"><\/i><\/a><a class=\"magic-popup\" href=\"https:\/\/clinicanasser.es\/wp-content\/uploads\/2021\/02\/Foto-1-ok.jpg\"><i class=\"fa fa-search\"><\/i><\/a><\/div> <div class=\"bg-overlay\"><\/div><\/div><h3 class=\"product-title\"><a href=\"https:\/\/clinicanasser.es\/en\/producto\/contacto-telefonico-dr-camerino\/\" class=\"p-title\">Contacto telef\u00f3nico con el Dr. Camerino<\/a><\/h3>\n\t<span class=\"price\"><span class=\"woocommerce-Price-amount amount\"><bdi>0,00<span class=\"woocommerce-Price-currencySymbol\">&euro;<\/span><\/bdi><\/span><\/span>\n<div class=\"add-to-cart-wrap\"><\/div><\/div>\r\n<div class=\"post-7958 product type-product status-publish has-post-thumbnail hentry product_cat-area-medica\">\r\n\t<div class=\"shop-media entry\" onclick=\"\"><img width=\"300\" height=\"300\" src=\"https:\/\/clinicanasser.es\/wp-content\/uploads\/2020\/12\/IMG_4220_editada-300x300.jpg\" class=\"attachment-woocommerce_thumbnail size-woocommerce_thumbnail\" alt=\"dr nasser\" loading=\"lazy\" srcset=\"https:\/\/clinicanasser.es\/wp-content\/uploads\/2020\/12\/IMG_4220_editada-300x300.jpg 300w, https:\/\/clinicanasser.es\/wp-content\/uploads\/2020\/12\/IMG_4220_editada-440x440.jpg 440w, https:\/\/clinicanasser.es\/wp-content\/uploads\/2020\/12\/IMG_4220_editada-768x768.jpg 768w, https:\/\/clinicanasser.es\/wp-content\/uploads\/2020\/12\/IMG_4220_editada-600x600.jpg 600w, https:\/\/clinicanasser.es\/wp-content\/uploads\/2020\/12\/IMG_4220_editada-100x100.jpg 100w, https:\/\/clinicanasser.es\/wp-content\/uploads\/2020\/12\/IMG_4220_editada.jpg 900w\" sizes=\"(max-width: 300px) 100vw, 300px\" \/><div class=\"icons-list\"><a class=\"icon-link\" href=\"https:\/\/clinicanasser.es\/en\/producto\/contacto-telefonico-drnasser\/\" title=\"Contacto telef\u00f3nico con el Dr. Nasser\"><i class=\"fa fa-link\"><\/i><\/a><a class=\"magic-popup\" href=\"https:\/\/clinicanasser.es\/wp-content\/uploads\/2020\/12\/IMG_4220_editada.jpg\"><i class=\"fa fa-search\"><\/i><\/a><\/div> <div class=\"bg-overlay\"><\/div><\/div><h3 class=\"product-title\"><a href=\"https:\/\/clinicanasser.es\/en\/producto\/contacto-telefonico-drnasser\/\" class=\"p-title\">Contacto telef\u00f3nico con el Dr. Nasser<\/a><\/h3>\n\t<span class=\"price\"><span class=\"woocommerce-Price-amount amount\"><bdi>0,00<span class=\"woocommerce-Price-currencySymbol\">&euro;<\/span><\/bdi><\/span><\/span>\n<div class=\"add-to-cart-wrap\"><\/div><\/div>\r\n<\/div>\r\n<\/div>[\/vc_column][\/vc_row]<\/p>\n","protected":false},"excerpt":{"rendered":"<div class=\"ChatMessage_messageRow__7yIr2\" data-complete=\"true\">\n<div class=\"ChatMessage_messageWrapper__Zf87D\">\n<div class=\"Message_row___ur0Y\">\n<div class=\"Message_botMessageBubble__CPGMI \">\n<div class=\"Markdown_markdownContainer__UyYrv\">\n<p><strong>Atenci\u00f3n m\u00e9dica de primer nivel sin importar de d\u00f3nde vengas<\/strong><\/p>\n<p>Cl\u00ednica Nasser ofrece el servicio m\u00e9dico exclusivo, dise\u00f1ado especialmente para pacientes que no residen en Zaragoza. Este servicio completo incluye una primera consulta m\u00e9dica m\u00e1s un tratamiento m\u00e9dico intensivo.<\/p>\n<p>Durante el programa se realizar\u00e1n 5 consultas m\u00e9dicas, sesiones de tratamiento m\u00e9dico, sesiones de tratamiento de rehabilitaci\u00f3n y \u00e1rea deportiva, sesiones de tratamiento de fisioterapia manual (traumatol\u00f3gica, neurol\u00f3gica, del dolor y del deporte) y una recomendaci\u00f3n en h\u00e1bitos saludables alimenticios.<\/p>\n<p>Si prefieres un enfoque m\u00e1s personal y cercano, tambi\u00e9n ofrecemos un paquete de alojamiento. Este paquete te permitir\u00e1 disfrutar de un servicio integral en nuestras instalaciones, asegur\u00e1ndote una experiencia \u00fanica y completa.<\/p>\n<p><strong>No esperes m\u00e1s,<\/strong><\/p>\n<p>Empieza tu camino hacia una vida m\u00e1s saludable y activa con la direcci\u00f3n del Dr. Nasser y su equipo de profesionales en Cl\u00ednica Nasser. Accede ahora a nuestra tienda online y reserva tu consulta m\u00e9dica online integral.\u00a0\u00a1Tu bienestar es nuestra prioridad!<\/p>\n<\/div>\n<\/div>\n<\/div>\n<div class=\"Message_botOptimisticFooter__aQiG9\"><\/div>\n<\/div>\n<\/div>\n<section class=\"ChatMessageFeedbackButtons_feedbackButtonsContainer__0Xd3I\"><\/section>\n","protected":false},"featured_media":11208,"template":"","meta":[],"translation":{"provider":"WPGlobus","version":"2.7.3","language":"en","enabled_languages":["es","en","ar","it"],"languages":{"es":{"title":true,"content":true,"excerpt":true},"en":{"title":false,"content":false,"excerpt":false},"ar":{"title":false,"content":false,"excerpt":false},"it":{"title":false,"content":false,"excerpt":false}}},"yoast_head":"<!-- This site is optimized with the Yoast SEO Premium plugin v16.2 - https:\/\/yoast.com\/wordpress\/plugins\/seo\/ -->\n<title>Plan de tratamiento intensivo para pacientes de fuera de Zaragoza - Clinica nasser. Tratamiento del dolor y rehabilitaci\u00f3n Zaragoza<\/title>\n<meta name=\"robots\" content=\"index, follow, max-snippet:-1, max-image-preview:large, max-video-preview:-1\" \/>\n<link rel=\"canonical\" href=\"https:\/\/clinicanasser.es\/producto\/plan-de-tratamiento-intensivo-para-pacientes-de-fuera-de-zaragoza\/\" \/>\n<meta property=\"og:locale\" content=\"en_US\" \/>\n<meta property=\"og:type\" content=\"article\" \/>\n<meta property=\"og:title\" content=\"Plan de tratamiento intensivo para pacientes de fuera de Zaragoza - Clinica nasser. Tratamiento del dolor y rehabilitaci\u00f3n Zaragoza\" \/>\n<meta property=\"og:url\" content=\"https:\/\/clinicanasser.es\/producto\/plan-de-tratamiento-intensivo-para-pacientes-de-fuera-de-zaragoza\/\" \/>\n<meta property=\"og:site_name\" content=\"Clinica nasser. Tratamiento del dolor y rehabilitaci\u00f3n Zaragoza\" \/>\n<meta property=\"article:publisher\" content=\"https:\/\/www.facebook.com\/clinicanasserspain\/\" \/>\n<meta property=\"article:modified_time\" content=\"2023-07-21T10:57:50+00:00\" \/>\n<meta property=\"og:image\" content=\"https:\/\/clinicanasser.es\/wp-content\/uploads\/2023\/07\/dolor.jpg\" \/>\n\t<meta property=\"og:image:width\" content=\"1080\" \/>\n\t<meta property=\"og:image:height\" content=\"720\" \/>\n<meta name=\"twitter:card\" content=\"summary_large_image\" \/>\n<meta name=\"twitter:label1\" content=\"Est. reading time\">\n\t<meta name=\"twitter:data1\" content=\"2 minutes\">\n<script type=\"application\/ld+json\" class=\"yoast-schema-graph\">{\"@context\":\"https:\/\/schema.org\",\"@graph\":[{\"@type\":\"Organization\",\"@id\":\"https:\/\/clinicanasser.es\/#organization\",\"name\":\"Cl\\u00ednica Nasser\",\"url\":\"https:\/\/clinicanasser.es\/\",\"sameAs\":[\"https:\/\/www.facebook.com\/clinicanasserspain\/\",\"https:\/\/www.instagram.com\/clinica_nasser\/\",\"https:\/\/www.youtube.com\/channel\/UCjOFF9Kh4GHV2vhZkZx4yog\"],\"logo\":{\"@type\":\"ImageObject\",\"@id\":\"https:\/\/clinicanasser.es\/#logo\",\"inLanguage\":\"en-US\",\"url\":\"https:\/\/clinicanasser.es\/wp-content\/uploads\/2019\/01\/Favicon-Clinica-Nasser.png\",\"contentUrl\":\"https:\/\/clinicanasser.es\/wp-content\/uploads\/2019\/01\/Favicon-Clinica-Nasser.png\",\"width\":512,\"height\":512,\"caption\":\"Cl\\u00ednica Nasser\"},\"image\":{\"@id\":\"https:\/\/clinicanasser.es\/#logo\"}},{\"@type\":\"WebSite\",\"@id\":\"https:\/\/clinicanasser.es\/#website\",\"url\":\"https:\/\/clinicanasser.es\/\",\"name\":\"Clinica nasser. Tratamiento del dolor y rehabilitaci\\u00f3n Zaragoza\",\"description\":\"Cl\\u00ednica especializada en tratamiento del dolor, rehabilitaci\\u00f3n fisico - deportiva y preparaciones f\\u00edsicas. Cl\\u00ednica en Zaragoza\",\"publisher\":{\"@id\":\"https:\/\/clinicanasser.es\/#organization\"},\"potentialAction\":[{\"@type\":\"SearchAction\",\"target\":\"https:\/\/clinicanasser.es\/?s={search_term_string}\",\"query-input\":\"required name=search_term_string\"}],\"inLanguage\":\"en-US\"},{\"@type\":\"ImageObject\",\"@id\":\"https:\/\/clinicanasser.es\/producto\/plan-de-tratamiento-intensivo-para-pacientes-de-fuera-de-zaragoza\/#primaryimage\",\"inLanguage\":\"en-US\",\"url\":\"https:\/\/clinicanasser.es\/wp-content\/uploads\/2023\/07\/dolor.jpg\",\"contentUrl\":\"https:\/\/clinicanasser.es\/wp-content\/uploads\/2023\/07\/dolor.jpg\",\"width\":1080,\"height\":720},{\"@type\":\"WebPage\",\"@id\":\"https:\/\/clinicanasser.es\/producto\/plan-de-tratamiento-intensivo-para-pacientes-de-fuera-de-zaragoza\/#webpage\",\"url\":\"https:\/\/clinicanasser.es\/producto\/plan-de-tratamiento-intensivo-para-pacientes-de-fuera-de-zaragoza\/\",\"name\":\"Plan de tratamiento intensivo para pacientes de fuera de Zaragoza - Clinica nasser. Tratamiento del dolor y rehabilitaci\\u00f3n Zaragoza\",\"isPartOf\":{\"@id\":\"https:\/\/clinicanasser.es\/#website\"},\"primaryImageOfPage\":{\"@id\":\"https:\/\/clinicanasser.es\/producto\/plan-de-tratamiento-intensivo-para-pacientes-de-fuera-de-zaragoza\/#primaryimage\"},\"datePublished\":\"2023-07-20T13:34:07+00:00\",\"dateModified\":\"2023-07-21T10:57:50+00:00\",\"description\":\"Se trata de un servicio m\\u00e9dico integral para pacientes de fuera de Zaragoza. Tratamiento del dolor y rehabilitaci\\u00f3n de lesiones.\",\"breadcrumb\":{\"@id\":\"https:\/\/clinicanasser.es\/producto\/plan-de-tratamiento-intensivo-para-pacientes-de-fuera-de-zaragoza\/#breadcrumb\"},\"inLanguage\":\"en-US\",\"potentialAction\":[{\"@type\":\"ReadAction\",\"target\":[\"https:\/\/clinicanasser.es\/producto\/plan-de-tratamiento-intensivo-para-pacientes-de-fuera-de-zaragoza\/\"]}]},{\"@type\":\"BreadcrumbList\",\"@id\":\"https:\/\/clinicanasser.es\/producto\/plan-de-tratamiento-intensivo-para-pacientes-de-fuera-de-zaragoza\/#breadcrumb\",\"itemListElement\":[{\"@type\":\"ListItem\",\"position\":1,\"item\":{\"@type\":\"WebPage\",\"@id\":\"https:\/\/clinicanasser.es\/\",\"url\":\"https:\/\/clinicanasser.es\/\",\"name\":\"Inicio\"}},{\"@type\":\"ListItem\",\"position\":2,\"item\":{\"@type\":\"WebPage\",\"@id\":\"https:\/\/clinicanasser.es\/en\/tienda\/\",\"url\":\"https:\/\/clinicanasser.es\/en\/tienda\/\",\"name\":\"Tienda\"}},{\"@type\":\"ListItem\",\"position\":3,\"item\":{\"@id\":\"https:\/\/clinicanasser.es\/producto\/plan-de-tratamiento-intensivo-para-pacientes-de-fuera-de-zaragoza\/#webpage\"}}]}]}<\/script>\n<!-- \/ Yoast SEO Premium plugin. -->","_links":{"self":[{"href":"https:\/\/clinicanasser.es\/en\/wp-json\/wp\/v2\/product\/11187"}],"collection":[{"href":"https:\/\/clinicanasser.es\/en\/wp-json\/wp\/v2\/product"}],"about":[{"href":"https:\/\/clinicanasser.es\/en\/wp-json\/wp\/v2\/types\/product"}],"wp:featuredmedia":[{"embeddable":true,"href":"https:\/\/clinicanasser.es\/en\/wp-json\/wp\/v2\/media\/11208"}],"wp:attachment":[{"href":"https:\/\/clinicanasser.es\/en\/wp-json\/wp\/v2\/media?parent=11187"}],"curies":[{"name":"wp","href":"https:\/\/api.w.org\/{rel}","templated":true}]}}