{"id":11106,"date":"2023-06-21T11:08:02","date_gmt":"2023-06-21T09:08:02","guid":{"rendered":"https:\/\/clinicanasser.es\/?post_type=product&#038;p=11106"},"modified":"2023-06-21T12:01:31","modified_gmt":"2023-06-21T10:01:31","slug":"certificado-medico-oficial-para-viajar","status":"publish","type":"product","link":"https:\/\/clinicanasser.es\/en\/producto\/certificado-medico-oficial-para-viajar\/","title":{"rendered":"Certificado m\u00e9dico oficial para viajar"},"content":{"rendered":"<p>Cl\u00ednica Nasser es el centro m\u00e9dico autorizado para la realizaci\u00f3n de estos certificados.<\/p>\n<p>El certificado m\u00e9dico es un <strong>documento oficial validado<\/strong> por el <strong>Ilustre Colegio Oficial de M\u00e9dicos de Zaragoza<\/strong> y por la <strong>Organizaci\u00f3n M\u00e9dica Colegial de Espa\u00f1a<\/strong> que acredita que una persona se encuentra en buen estado de salud.<\/p>\n<p>Adem\u00e1s se puede emitir el certificado exigido por cada pais de destino. Previamente ha de comunicar a la Cl\u00ednica el destino al que viaja para que podamos emitir el certificado correspondiente.<\/p>\n<p>Para poder conseguir este documento, se debe realizar un reconocimiento m\u00e9dico llevado a cabo de forma presencial por nuestros doctores de Cl\u00ednica Nasser.<\/p>\n<p>Este reconocimiento m\u00e9dico consta de una primera evaluaci\u00f3n en la que se obtienen datos personales, como el historial cl\u00ednico, operaciones o enfermedades. Tras esta evaluaci\u00f3n se lleva a cabo un estudio antropom\u00e9trico para determinar peso, talla y masa corporal de la persona.<\/p>\n<p>El d\u00eda de la realizaci\u00f3n del reconocimiento deber\u00e1s llevar ropa y zapato c\u00f3modo.<\/p>\n<p>&nbsp;<\/p>\n","protected":false},"excerpt":{"rendered":"<p>Con este <strong>certificado m\u00e9dico oficial<\/strong> y la correspondiente revisi\u00f3n m\u00e9dica, podr\u00e1s contar con la <strong>acreditaci\u00f3n oficial para la obtenci\u00f3n del visado internacional.<\/strong><\/p>\n<p>Este certificado acredita que el solicitante no padece enfermedades que puedan tener repercusiones graves para la salud p\u00fablica de conformidad con el Reglamento Sanitario Internacional de 2005.<\/p>\n","protected":false},"featured_media":10793,"template":"","meta":[],"translation":{"provider":"WPGlobus","version":"2.7.3","language":"en","enabled_languages":["es","en","ar","it"],"languages":{"es":{"title":true,"content":true,"excerpt":true},"en":{"title":false,"content":false,"excerpt":false},"ar":{"title":false,"content":false,"excerpt":false},"it":{"title":false,"content":false,"excerpt":false}}},"yoast_head":"<!-- This site is optimized with the Yoast SEO Premium plugin v16.2 - https:\/\/yoast.com\/wordpress\/plugins\/seo\/ -->\n<title>Certificado m\u00e9dico oficial para actividades subacu\u00e1ticas | Cl\u00ednica Nasser<\/title>\n<meta name=\"robots\" content=\"index, follow, max-snippet:-1, max-image-preview:large, max-video-preview:-1\" \/>\n<link rel=\"canonical\" href=\"https:\/\/clinicanasser.es\/producto\/certificado-medico-oficial-para-viajar\/\" \/>\n<meta property=\"og:locale\" content=\"en_US\" \/>\n<meta property=\"og:type\" content=\"article\" \/>\n<meta property=\"og:title\" content=\"Certificado m\u00e9dico oficial para actividades subacu\u00e1ticas | Cl\u00ednica Nasser\" \/>\n<meta property=\"og:url\" content=\"https:\/\/clinicanasser.es\/producto\/certificado-medico-oficial-para-viajar\/\" \/>\n<meta property=\"og:site_name\" content=\"Clinica nasser. Tratamiento del dolor y rehabilitaci\u00f3n Zaragoza\" \/>\n<meta property=\"article:publisher\" content=\"https:\/\/www.facebook.com\/clinicanasserspain\/\" \/>\n<meta property=\"article:modified_time\" content=\"2023-06-21T10:01:31+00:00\" \/>\n<meta property=\"og:image\" content=\"https:\/\/clinicanasser.es\/wp-content\/uploads\/2022\/10\/certificado-deportivo.jpg\" \/>\n\t<meta property=\"og:image:width\" content=\"540\" \/>\n\t<meta property=\"og:image:height\" content=\"540\" \/>\n<meta name=\"twitter:card\" content=\"summary_large_image\" \/>\n<meta name=\"twitter:label1\" content=\"Est. reading time\">\n\t<meta name=\"twitter:data1\" content=\"1 minute\">\n<script type=\"application\/ld+json\" class=\"yoast-schema-graph\">{\"@context\":\"https:\/\/schema.org\",\"@graph\":[{\"@type\":\"Organization\",\"@id\":\"https:\/\/clinicanasser.es\/#organization\",\"name\":\"Cl\\u00ednica Nasser\",\"url\":\"https:\/\/clinicanasser.es\/\",\"sameAs\":[\"https:\/\/www.facebook.com\/clinicanasserspain\/\",\"https:\/\/www.instagram.com\/clinica_nasser\/\",\"https:\/\/www.youtube.com\/channel\/UCjOFF9Kh4GHV2vhZkZx4yog\"],\"logo\":{\"@type\":\"ImageObject\",\"@id\":\"https:\/\/clinicanasser.es\/#logo\",\"inLanguage\":\"en-US\",\"url\":\"https:\/\/clinicanasser.es\/wp-content\/uploads\/2019\/01\/Favicon-Clinica-Nasser.png\",\"contentUrl\":\"https:\/\/clinicanasser.es\/wp-content\/uploads\/2019\/01\/Favicon-Clinica-Nasser.png\",\"width\":512,\"height\":512,\"caption\":\"Cl\\u00ednica Nasser\"},\"image\":{\"@id\":\"https:\/\/clinicanasser.es\/#logo\"}},{\"@type\":\"WebSite\",\"@id\":\"https:\/\/clinicanasser.es\/#website\",\"url\":\"https:\/\/clinicanasser.es\/\",\"name\":\"Clinica nasser. Tratamiento del dolor y rehabilitaci\\u00f3n Zaragoza\",\"description\":\"Cl\\u00ednica especializada en tratamiento del dolor, rehabilitaci\\u00f3n fisico - deportiva y preparaciones f\\u00edsicas. Cl\\u00ednica en Zaragoza\",\"publisher\":{\"@id\":\"https:\/\/clinicanasser.es\/#organization\"},\"potentialAction\":[{\"@type\":\"SearchAction\",\"target\":\"https:\/\/clinicanasser.es\/?s={search_term_string}\",\"query-input\":\"required name=search_term_string\"}],\"inLanguage\":\"en-US\"},{\"@type\":\"ImageObject\",\"@id\":\"https:\/\/clinicanasser.es\/producto\/certificado-medico-oficial-para-viajar\/#primaryimage\",\"inLanguage\":\"en-US\",\"url\":\"https:\/\/clinicanasser.es\/wp-content\/uploads\/2022\/10\/certificado-deportivo.jpg\",\"contentUrl\":\"https:\/\/clinicanasser.es\/wp-content\/uploads\/2022\/10\/certificado-deportivo.jpg\",\"width\":540,\"height\":540,\"caption\":\"certificado deportivo\"},{\"@type\":\"WebPage\",\"@id\":\"https:\/\/clinicanasser.es\/producto\/certificado-medico-oficial-para-viajar\/#webpage\",\"url\":\"https:\/\/clinicanasser.es\/producto\/certificado-medico-oficial-para-viajar\/\",\"name\":\"Certificado m\\u00e9dico oficial para actividades subacu\\u00e1ticas | Cl\\u00ednica Nasser\",\"isPartOf\":{\"@id\":\"https:\/\/clinicanasser.es\/#website\"},\"primaryImageOfPage\":{\"@id\":\"https:\/\/clinicanasser.es\/producto\/certificado-medico-oficial-para-viajar\/#primaryimage\"},\"datePublished\":\"2023-06-21T09:08:02+00:00\",\"dateModified\":\"2023-06-21T10:01:31+00:00\",\"description\":\"Consigue aqu\\u00ed tu certificado m\\u00e9dico oficial para viajar y conseguir el certficiado correspondiente para cada pais.\",\"breadcrumb\":{\"@id\":\"https:\/\/clinicanasser.es\/producto\/certificado-medico-oficial-para-viajar\/#breadcrumb\"},\"inLanguage\":\"en-US\",\"potentialAction\":[{\"@type\":\"ReadAction\",\"target\":[\"https:\/\/clinicanasser.es\/producto\/certificado-medico-oficial-para-viajar\/\"]}]},{\"@type\":\"BreadcrumbList\",\"@id\":\"https:\/\/clinicanasser.es\/producto\/certificado-medico-oficial-para-viajar\/#breadcrumb\",\"itemListElement\":[{\"@type\":\"ListItem\",\"position\":1,\"item\":{\"@type\":\"WebPage\",\"@id\":\"https:\/\/clinicanasser.es\/\",\"url\":\"https:\/\/clinicanasser.es\/\",\"name\":\"Inicio\"}},{\"@type\":\"ListItem\",\"position\":2,\"item\":{\"@type\":\"WebPage\",\"@id\":\"https:\/\/clinicanasser.es\/en\/tienda\/\",\"url\":\"https:\/\/clinicanasser.es\/en\/tienda\/\",\"name\":\"Tienda\"}},{\"@type\":\"ListItem\",\"position\":3,\"item\":{\"@id\":\"https:\/\/clinicanasser.es\/producto\/certificado-medico-oficial-para-viajar\/#webpage\"}}]}]}<\/script>\n<!-- \/ Yoast SEO Premium plugin. -->","_links":{"self":[{"href":"https:\/\/clinicanasser.es\/en\/wp-json\/wp\/v2\/product\/11106"}],"collection":[{"href":"https:\/\/clinicanasser.es\/en\/wp-json\/wp\/v2\/product"}],"about":[{"href":"https:\/\/clinicanasser.es\/en\/wp-json\/wp\/v2\/types\/product"}],"wp:featuredmedia":[{"embeddable":true,"href":"https:\/\/clinicanasser.es\/en\/wp-json\/wp\/v2\/media\/10793"}],"wp:attachment":[{"href":"https:\/\/clinicanasser.es\/en\/wp-json\/wp\/v2\/media?parent=11106"}],"curies":[{"name":"wp","href":"https:\/\/api.w.org\/{rel}","templated":true}]}}