{"id":10463,"date":"2022-02-18T13:20:28","date_gmt":"2022-02-18T11:20:28","guid":{"rendered":"https:\/\/clinicanasser.es\/?post_type=product&#038;p=10463"},"modified":"2023-09-22T13:30:12","modified_gmt":"2023-09-22T11:30:12","slug":"paquete-basico","status":"publish","type":"product","link":"https:\/\/clinicanasser.es\/en\/producto\/paquete-basico\/","title":{"rendered":"Servicio de training Pack B\u00e1sico"},"content":{"rendered":"<p>[vc_row][vc_column][vc_tta_tabs][vc_tta_section title=&#8221;Qu\u00e9 vas a recibir&#8221; tab_id=&#8221;1645190098757-ca801b51-5611&#8243;][vc_video link=&#8221;https:\/\/vimeo.com\/561686721&#8243;][\/vc_tta_section][vc_tta_section title=&#8221;C\u00f3mo nos vamos a comunicar&#8221; tab_id=&#8221;1645190139589-ad1cc8a5-5778&#8243;][vc_video link=&#8221;https:\/\/vimeo.com\/561687250&#8243;][\/vc_tta_section][vc_tta_section title=&#8221;Descripci\u00f3n&#8221; tab_id=&#8221;1645433846185-ef1cd22f-0d7b&#8221;][vc_column_text]<\/p>\n<ul>\n<li>Videoconferencia inicial con tu entrenador para reconocimiento.<\/li>\n<li>Podr\u00e1s enviar tus dudas al entrenador cada quince d\u00edas.<\/li>\n<li>Mediante el acceso a nuestra plataforma Training Peaks estaremos comunicados. De manera que podr\u00e1s saber siempre siempre c\u00f3mo y de qu\u00e9 manera entrenar.<\/li>\n<li>Acceso a v\u00eddeos b\u00e1sicos.<\/li>\n<li>Contacto quincenal con tu entrenador.<\/li>\n<li>Informe sobre la prueba final objetivo, con an\u00e1lisis de rendimiento global e indicaciones para futuras mejoras.<\/li>\n<\/ul>\n<p>[\/vc_column_text][\/vc_tta_section][\/vc_tta_tabs][\/vc_column][\/vc_row][vc_row][vc_column][vc_empty_space][\/vc_column][\/vc_row][vc_row][vc_column][vc_column_text]Suscribi\u00e9ndote al paquete b\u00e1sico estar\u00e1s asesorado por profesionales con amplio conocimiento y trayectoria<\/p>\n<h5><a href=\"https:\/\/www.trainingpack.es\/carlos-castellar\/\">Carlos Castellar<\/a><\/h5>\n<p class=\"vc_custom_heading\">Doctor en Ciencias de la Actividad F\u00edsica y del Deporte y Entrenador nacional de nataci\u00f3n y triatl\u00f3n. En la actualidad es profesor de la Universidad de Zaragoza en la Facultad de Salud y del Deporte y en la Facultad de Ciencias Humanas y de la Educaci\u00f3n de Huesca.<\/p>\n<p>Fue ciclista amateur en el Club Ciclista Oscense y en el Club Ciclista Aragon\u00e9s. Posteriormente comenz\u00f3 una larga trayectoria como triatleta. Participando en numerosas pruebas del circuito nacional en distancia sprint, ol\u00edmpica, Half Ironman y Ironman (Ironman de Roth (Alemania) y Ironman de Zurich.<\/p>\n<h5><a href=\"https:\/\/www.trainingpack.es\/sergio-perez\/\">Sergio P\u00e9rez<\/a><\/h5>\n<p>Con m\u00e1s de 20 a\u00f1os de experiencia pedaleando, es colaborador en el Grupo de Investigaci\u00f3n ENFYRED. Ha trabajado cuatro a\u00f1os como t\u00e9cnico en la Vuelta Espa\u00f1a viviendo la carrera desde dentro del pelot\u00f3n y como coordinador de las selecciones auton\u00f3micas en la Federaci\u00f3n Aragonesa de Ciclismo<\/p>\n<p>Es entrenador nacional de ciclismo nivel III con una experiencia de\u00a0<strong>m\u00e1s de 1500 d\u00edas de competici\u00f3n<\/strong>, mayoritariamente en carretera con pruebas a nivel internacional UCI (Copa del Mundo, La Vuelta) d\u00f3nde corri\u00f3 cinco a\u00f1os. Tambi\u00e9n ha participado del Mountain Bike, Ciclocross y Duatl\u00f3n.<\/p>\n<p>Gracias a que contamos con muchos a\u00f1os de experiencia y de formaci\u00f3n, en <a href=\"https:\/\/clinicanasser.es\/preparacion-fisica-de-alto-rendimiento\/\">Cl\u00ednica Nasser<\/a> ayudamos a los deportistas profesionales y amateur a aumentar su rendimiento deportivo con tratamientos especializados. Con este paquete b\u00e1sico podr\u00e1s disfrutar de \u00e9stos.[\/vc_column_text][\/vc_column][\/vc_row]<\/p>\n","protected":false},"excerpt":{"rendered":"<p>Con este paquete de entrenamiento, que hemos creado en colaboraci\u00f3n con <a href=\"http:\/\/trainingpack.es\">Training Pack<\/a>, obtendr\u00e1s una planificaci\u00f3n deportiva hacia tu objetivo final, as\u00ed como todas las sesiones de entrenamiento, personalizadas con tus datos fisiol\u00f3gicos, con car\u00e1cter mensual. Desde 73 \u20ac\/mes.<\/p>\n","protected":false},"featured_media":10477,"template":"","meta":[],"translation":{"provider":"WPGlobus","version":"2.7.3","language":"en","enabled_languages":["es","en","ar","it"],"languages":{"es":{"title":true,"content":true,"excerpt":true},"en":{"title":false,"content":false,"excerpt":false},"ar":{"title":false,"content":false,"excerpt":false},"it":{"title":false,"content":false,"excerpt":false}}},"yoast_head":"<!-- This site is optimized with the Yoast SEO Premium plugin v16.2 - https:\/\/yoast.com\/wordpress\/plugins\/seo\/ -->\n<title>Paquete b\u00e1sico de Training B\u00e1sico | Cl\u00ednica Nasser<\/title>\n<meta name=\"robots\" content=\"index, follow, max-snippet:-1, max-image-preview:large, max-video-preview:-1\" \/>\n<link rel=\"canonical\" href=\"https:\/\/clinicanasser.es\/producto\/paquete-basico\/\" \/>\n<meta property=\"og:locale\" content=\"en_US\" \/>\n<meta property=\"og:type\" content=\"article\" \/>\n<meta property=\"og:title\" content=\"Paquete b\u00e1sico de Training B\u00e1sico | Cl\u00ednica Nasser\" \/>\n<meta property=\"og:url\" content=\"https:\/\/clinicanasser.es\/producto\/paquete-basico\/\" \/>\n<meta property=\"og:site_name\" content=\"Clinica nasser. Tratamiento del dolor y rehabilitaci\u00f3n Zaragoza\" \/>\n<meta property=\"article:publisher\" content=\"https:\/\/www.facebook.com\/clinicanasserspain\/\" \/>\n<meta property=\"article:modified_time\" content=\"2023-09-22T11:30:12+00:00\" \/>\n<meta property=\"og:image\" content=\"https:\/\/clinicanasser.es\/wp-content\/uploads\/2022\/02\/Bici05.jpg\" \/>\n\t<meta property=\"og:image:width\" content=\"1200\" \/>\n\t<meta property=\"og:image:height\" content=\"675\" \/>\n<meta name=\"twitter:card\" content=\"summary_large_image\" \/>\n<meta name=\"twitter:label1\" content=\"Est. reading time\">\n\t<meta name=\"twitter:data1\" content=\"2 minutes\">\n<script type=\"application\/ld+json\" class=\"yoast-schema-graph\">{\"@context\":\"https:\/\/schema.org\",\"@graph\":[{\"@type\":\"Organization\",\"@id\":\"https:\/\/clinicanasser.es\/#organization\",\"name\":\"Cl\\u00ednica Nasser\",\"url\":\"https:\/\/clinicanasser.es\/\",\"sameAs\":[\"https:\/\/www.facebook.com\/clinicanasserspain\/\",\"https:\/\/www.instagram.com\/clinica_nasser\/\",\"https:\/\/www.youtube.com\/channel\/UCjOFF9Kh4GHV2vhZkZx4yog\"],\"logo\":{\"@type\":\"ImageObject\",\"@id\":\"https:\/\/clinicanasser.es\/#logo\",\"inLanguage\":\"en-US\",\"url\":\"https:\/\/clinicanasser.es\/wp-content\/uploads\/2019\/01\/Favicon-Clinica-Nasser.png\",\"contentUrl\":\"https:\/\/clinicanasser.es\/wp-content\/uploads\/2019\/01\/Favicon-Clinica-Nasser.png\",\"width\":512,\"height\":512,\"caption\":\"Cl\\u00ednica Nasser\"},\"image\":{\"@id\":\"https:\/\/clinicanasser.es\/#logo\"}},{\"@type\":\"WebSite\",\"@id\":\"https:\/\/clinicanasser.es\/#website\",\"url\":\"https:\/\/clinicanasser.es\/\",\"name\":\"Clinica nasser. Tratamiento del dolor y rehabilitaci\\u00f3n Zaragoza\",\"description\":\"Cl\\u00ednica especializada en tratamiento del dolor, rehabilitaci\\u00f3n fisico - deportiva y preparaciones f\\u00edsicas. Cl\\u00ednica en Zaragoza\",\"publisher\":{\"@id\":\"https:\/\/clinicanasser.es\/#organization\"},\"potentialAction\":[{\"@type\":\"SearchAction\",\"target\":\"https:\/\/clinicanasser.es\/?s={search_term_string}\",\"query-input\":\"required name=search_term_string\"}],\"inLanguage\":\"en-US\"},{\"@type\":\"ImageObject\",\"@id\":\"https:\/\/clinicanasser.es\/producto\/paquete-basico\/#primaryimage\",\"inLanguage\":\"en-US\",\"url\":\"https:\/\/clinicanasser.es\/wp-content\/uploads\/2022\/02\/Bici05.jpg\",\"contentUrl\":\"https:\/\/clinicanasser.es\/wp-content\/uploads\/2022\/02\/Bici05.jpg\",\"width\":1200,\"height\":675},{\"@type\":\"WebPage\",\"@id\":\"https:\/\/clinicanasser.es\/producto\/paquete-basico\/#webpage\",\"url\":\"https:\/\/clinicanasser.es\/producto\/paquete-basico\/\",\"name\":\"Paquete b\\u00e1sico de Training B\\u00e1sico | Cl\\u00ednica Nasser\",\"isPartOf\":{\"@id\":\"https:\/\/clinicanasser.es\/#website\"},\"primaryImageOfPage\":{\"@id\":\"https:\/\/clinicanasser.es\/producto\/paquete-basico\/#primaryimage\"},\"datePublished\":\"2022-02-18T11:20:28+00:00\",\"dateModified\":\"2023-09-22T11:30:12+00:00\",\"description\":\"Paquete b\\u00e1sico de Training Pack, obtendr\\u00e1s una planificaci\\u00f3n deportiva hacia tu objetivo final, as\\u00ed como todas las sesiones de entrenamiento,\",\"breadcrumb\":{\"@id\":\"https:\/\/clinicanasser.es\/producto\/paquete-basico\/#breadcrumb\"},\"inLanguage\":\"en-US\",\"potentialAction\":[{\"@type\":\"ReadAction\",\"target\":[\"https:\/\/clinicanasser.es\/producto\/paquete-basico\/\"]}]},{\"@type\":\"BreadcrumbList\",\"@id\":\"https:\/\/clinicanasser.es\/producto\/paquete-basico\/#breadcrumb\",\"itemListElement\":[{\"@type\":\"ListItem\",\"position\":1,\"item\":{\"@type\":\"WebPage\",\"@id\":\"https:\/\/clinicanasser.es\/\",\"url\":\"https:\/\/clinicanasser.es\/\",\"name\":\"Inicio\"}},{\"@type\":\"ListItem\",\"position\":2,\"item\":{\"@type\":\"WebPage\",\"@id\":\"https:\/\/clinicanasser.es\/en\/tienda\/\",\"url\":\"https:\/\/clinicanasser.es\/en\/tienda\/\",\"name\":\"Tienda\"}},{\"@type\":\"ListItem\",\"position\":3,\"item\":{\"@id\":\"https:\/\/clinicanasser.es\/producto\/paquete-basico\/#webpage\"}}]}]}<\/script>\n<!-- \/ Yoast SEO Premium plugin. -->","_links":{"self":[{"href":"https:\/\/clinicanasser.es\/en\/wp-json\/wp\/v2\/product\/10463"}],"collection":[{"href":"https:\/\/clinicanasser.es\/en\/wp-json\/wp\/v2\/product"}],"about":[{"href":"https:\/\/clinicanasser.es\/en\/wp-json\/wp\/v2\/types\/product"}],"wp:featuredmedia":[{"embeddable":true,"href":"https:\/\/clinicanasser.es\/en\/wp-json\/wp\/v2\/media\/10477"}],"wp:attachment":[{"href":"https:\/\/clinicanasser.es\/en\/wp-json\/wp\/v2\/media?parent=10463"}],"curies":[{"name":"wp","href":"https:\/\/api.w.org\/{rel}","templated":true}]}}