{"id":9895,"date":"2021-10-07T14:09:34","date_gmt":"2021-10-07T12:09:34","guid":{"rendered":"https:\/\/clinicanasser.es\/?page_id=9895"},"modified":"2021-11-04T11:56:38","modified_gmt":"2021-11-04T09:56:38","slug":"infiltracion-de-toxina-botulinica-de-musculo-piramidal","status":"publish","type":"page","link":"https:\/\/clinicanasser.es\/en\/infiltracion-de-toxina-botulinica-de-musculo-piramidal\/","title":{"rendered":"Infiltraci\u00f3n de toxina botul\u00ednica de m\u00fasculo piramidal"},"content":{"rendered":"<p>[vc_row][vc_column][vc_column_text]<\/p>\n<h2 style=\"text-align: left;\" align=\"center\">Infiltraci\u00f3n de toxina botul\u00ednica de m\u00fasculo piramidal<\/h2>\n<p>[\/vc_column_text][vc_empty_space][vc_column_text]Esta t\u00e9cnica consiste en el empleo de un medicamento especial conocido como toxina botul\u00ednica en el tratamiento del dolor que se origina en un m\u00fasculo de la zona lumbosacra y gl\u00fatea llamado piramidal o piriforme. Es una t\u00e9cnica poco dolorosa y muy sencilla.[\/vc_column_text][vc_empty_space][\/vc_column][\/vc_row][vc_row][vc_column][vc_tta_tabs][vc_tta_section title=&#8221;C\u00d3MO SE REALIZA&#8221; tab_id=&#8221;1633603973981-d8a038c1-c72c&#8221;][vc_column_text]<span style=\"color: #000000;\">Se realiza tumbado boca abajo y siempre bajo visualizaci\u00f3n ecogr\u00e1fica.<\/span>[\/vc_column_text][\/vc_tta_section][vc_tta_section title=&#8221;BENEFICIO&#8221; tab_id=&#8221;1633603973990-72e21591-3d2b&#8221;][vc_column_text]<span style=\"color: #000000;\">Control del dolor y disminuci\u00f3n de la toma de analg\u00e9sicos.<\/span><\/p>\n<p><span style=\"color: #000000;\">La pretensi\u00f3n terap\u00e9utica es la de aliviar su dolor. Facilitar una relajaci\u00f3n de dicho m\u00fasculo, para poder realizar un tratamiento \u00f3ptimo de fisioterapia basado en estiramientos progresivos, con una mejora de su funcionalidad. Buscamos procurar una mayor percepci\u00f3n de su calidad de vida. Sin embargo, debe saber que el grado de alivio es muy variable de un paciente a otro.<\/span><\/p>\n<p><span style=\"color: #000000;\">La toxina botul\u00ednica tiene una duraci\u00f3n entre 3 y 6 meses, por lo que dependiendo de su patolog\u00eda (la causa por la que el m\u00fasculo piramidal se contractura), puede precisar de\u00a0 otras\u00a0 infiltraciones\u00a0 una\u00a0 vez\u00a0 pasados\u00a0 los\u00a0 efectos\u00a0 de\u00a0 la\u00a0 toxina. Es importante advertirle que la repetici\u00f3n de las infiltraciones puede provocar resistencias a futuras inyecciones y disminuci\u00f3n de su efecto.<\/span>[\/vc_column_text][\/vc_tta_section][vc_tta_section title=&#8221;EFICACIA&#8221; tab_id=&#8221;1633603975979-5fafb2d1-5cdf&#8221;][vc_column_text]<span style=\"color: #000000;\">Ubicado en la zona m\u00e1s profunda de los gl\u00fateos, el acortamiento de este m\u00fasculo llamado piramidal o piriforme, produce una compresi\u00f3n del nervio ci\u00e1tico, que comenzando en la regi\u00f3n lumbar desciende por la pelvis pasando hacia muslo, pierna y pie. Su compresi\u00f3n a ese nivel se manifestar\u00e1 en forma de adormecimiento, hormigueo y dolor a largo de todo su recorrido del nervio ci\u00e1tico.<\/span><br \/>\n[\/vc_column_text][\/vc_tta_section][\/vc_tta_tabs][\/vc_column][\/vc_row][vc_row][vc_column width=&#8221;1\/2&#8243;][vc_empty_space][vc_empty_space][vc_column_text css=&#8221;.vc_custom_1633605560528{background-color: #0f72b5 !important;}&#8221;]<\/p>\n<h5 style=\"text-align: center;\"><span style=\"color: #ffffff;\">PARA QUI\u00c9N EST\u00c1 INDICADO<\/span><\/h5>\n<p>[\/vc_column_text][vc_column_text]<\/p>\n<p style=\"text-align: center;\"><span style=\"color: #000000;\">Cuadros de dolor ci\u00e1tico o pseudo ci\u00e1tico, producidos por contractura y compresi\u00f3n del piramidal, que aplasta el nervio alterando su funcionalidad que es la conducir la motricidad y sensibilidad de la extremidad inferior hasta la punta de los dedos de los pies.<\/span><\/p>\n<p>[\/vc_column_text][vc_empty_space][vc_empty_space][\/vc_column][vc_column width=&#8221;1\/2&#8243;][vc_empty_space][vc_empty_space][vc_column_text css=&#8221;.vc_custom_1633605626062{background-color: #0f72b5 !important;}&#8221;]<\/p>\n<h5 style=\"text-align: center;\"><span style=\"color: #ffffff;\">PROFESIONAL QUE REALIZA LA SESI\u00d3N<\/span><\/h5>\n<p>[\/vc_column_text][vc_column_text]<\/p>\n<p style=\"text-align: center;\"><span style=\"color: #000000;\">Todas las sesiones de infiltraci\u00f3n son realizadas por nuestro cuerpo m\u00e9dico especializado en anestesiolog\u00eda.<\/span><\/p>\n<p>[\/vc_column_text][vc_empty_space][vc_empty_space][\/vc_column][\/vc_row]<\/p>\n","protected":false},"excerpt":{"rendered":"<p>[vc_row][vc_column][vc_column_text] Infiltraci\u00f3n de toxina botul\u00ednica de m\u00fasculo piramidal [\/vc_column_text][vc_empty_space][vc_column_text]Esta t\u00e9cnica consiste en el empleo de un medicamento especial conocido como toxina botul\u00ednica en el tratamiento del dolor que se origina en un m\u00fasculo de la zona lumbosacra y gl\u00fatea llamado piramidal o piriforme. Es una t\u00e9cnica poco dolorosa y muy<\/p>\n","protected":false},"author":1,"featured_media":0,"parent":0,"menu_order":0,"comment_status":"closed","ping_status":"closed","template":"","meta":[],"translation":{"provider":"WPGlobus","version":"2.7.3","language":"en","enabled_languages":["es","en","ar","it"],"languages":{"es":{"title":true,"content":true,"excerpt":false},"en":{"title":false,"content":false,"excerpt":false},"ar":{"title":false,"content":false,"excerpt":false},"it":{"title":false,"content":false,"excerpt":false}}},"yoast_head":"<!-- This site is optimized with the Yoast SEO Premium plugin v16.2 - https:\/\/yoast.com\/wordpress\/plugins\/seo\/ -->\n<title>Infiltraci\u00f3n de toxina botul\u00ednica de m\u00fasculo piramidal - Clinica nasser. Tratamiento del dolor y rehabilitaci\u00f3n Zaragoza<\/title>\n<meta name=\"robots\" content=\"index, follow, max-snippet:-1, max-image-preview:large, max-video-preview:-1\" \/>\n<link rel=\"canonical\" href=\"https:\/\/clinicanasser.es\/infiltracion-de-toxina-botulinica-de-musculo-piramidal\/\" \/>\n<meta property=\"og:locale\" content=\"en_US\" \/>\n<meta property=\"og:type\" content=\"article\" \/>\n<meta property=\"og:title\" content=\"Infiltraci\u00f3n de toxina botul\u00ednica de m\u00fasculo piramidal - Clinica nasser. Tratamiento del dolor y rehabilitaci\u00f3n Zaragoza\" \/>\n<meta property=\"og:url\" content=\"https:\/\/clinicanasser.es\/infiltracion-de-toxina-botulinica-de-musculo-piramidal\/\" \/>\n<meta property=\"og:site_name\" content=\"Clinica nasser. Tratamiento del dolor y rehabilitaci\u00f3n Zaragoza\" \/>\n<meta property=\"article:publisher\" content=\"https:\/\/www.facebook.com\/clinicanasserspain\/\" \/>\n<meta property=\"article:modified_time\" content=\"2021-11-04T09:56:38+00:00\" \/>\n<meta name=\"twitter:card\" content=\"summary_large_image\" \/>\n<meta name=\"twitter:label1\" content=\"Est. reading time\">\n\t<meta name=\"twitter:data1\" content=\"2 minutes\">\n<script type=\"application\/ld+json\" class=\"yoast-schema-graph\">{\"@context\":\"https:\/\/schema.org\",\"@graph\":[{\"@type\":\"Organization\",\"@id\":\"https:\/\/clinicanasser.es\/#organization\",\"name\":\"Cl\\u00ednica Nasser\",\"url\":\"https:\/\/clinicanasser.es\/\",\"sameAs\":[\"https:\/\/www.facebook.com\/clinicanasserspain\/\",\"https:\/\/www.instagram.com\/clinica_nasser\/\",\"https:\/\/www.youtube.com\/channel\/UCjOFF9Kh4GHV2vhZkZx4yog\"],\"logo\":{\"@type\":\"ImageObject\",\"@id\":\"https:\/\/clinicanasser.es\/#logo\",\"inLanguage\":\"en-US\",\"url\":\"https:\/\/clinicanasser.es\/wp-content\/uploads\/2019\/01\/Favicon-Clinica-Nasser.png\",\"contentUrl\":\"https:\/\/clinicanasser.es\/wp-content\/uploads\/2019\/01\/Favicon-Clinica-Nasser.png\",\"width\":512,\"height\":512,\"caption\":\"Cl\\u00ednica Nasser\"},\"image\":{\"@id\":\"https:\/\/clinicanasser.es\/#logo\"}},{\"@type\":\"WebSite\",\"@id\":\"https:\/\/clinicanasser.es\/#website\",\"url\":\"https:\/\/clinicanasser.es\/\",\"name\":\"Clinica nasser. Tratamiento del dolor y rehabilitaci\\u00f3n Zaragoza\",\"description\":\"Cl\\u00ednica especializada en tratamiento del dolor, rehabilitaci\\u00f3n fisico - deportiva y preparaciones f\\u00edsicas. Cl\\u00ednica en Zaragoza\",\"publisher\":{\"@id\":\"https:\/\/clinicanasser.es\/#organization\"},\"potentialAction\":[{\"@type\":\"SearchAction\",\"target\":\"https:\/\/clinicanasser.es\/?s={search_term_string}\",\"query-input\":\"required name=search_term_string\"}],\"inLanguage\":\"en-US\"},{\"@type\":\"WebPage\",\"@id\":\"https:\/\/clinicanasser.es\/infiltracion-de-toxina-botulinica-de-musculo-piramidal\/#webpage\",\"url\":\"https:\/\/clinicanasser.es\/infiltracion-de-toxina-botulinica-de-musculo-piramidal\/\",\"name\":\"Infiltraci\\u00f3n de toxina botul\\u00ednica de m\\u00fasculo piramidal - Clinica nasser. Tratamiento del dolor y rehabilitaci\\u00f3n Zaragoza\",\"isPartOf\":{\"@id\":\"https:\/\/clinicanasser.es\/#website\"},\"datePublished\":\"2021-10-07T12:09:34+00:00\",\"dateModified\":\"2021-11-04T09:56:38+00:00\",\"description\":\"La Infiltraci\\u00f3n con toxina botul\\u00ednica se utiliza en el tratamiento del dolor que se origina en un m\\u00fasculo llamado piramidal o piriforme.\",\"breadcrumb\":{\"@id\":\"https:\/\/clinicanasser.es\/infiltracion-de-toxina-botulinica-de-musculo-piramidal\/#breadcrumb\"},\"inLanguage\":\"en-US\",\"potentialAction\":[{\"@type\":\"ReadAction\",\"target\":[\"https:\/\/clinicanasser.es\/infiltracion-de-toxina-botulinica-de-musculo-piramidal\/\"]}]},{\"@type\":\"BreadcrumbList\",\"@id\":\"https:\/\/clinicanasser.es\/infiltracion-de-toxina-botulinica-de-musculo-piramidal\/#breadcrumb\",\"itemListElement\":[{\"@type\":\"ListItem\",\"position\":1,\"item\":{\"@type\":\"WebPage\",\"@id\":\"https:\/\/clinicanasser.es\/\",\"url\":\"https:\/\/clinicanasser.es\/\",\"name\":\"Inicio\"}},{\"@type\":\"ListItem\",\"position\":2,\"item\":{\"@id\":\"https:\/\/clinicanasser.es\/infiltracion-de-toxina-botulinica-de-musculo-piramidal\/#webpage\"}}]}]}<\/script>\n<!-- \/ Yoast SEO Premium plugin. -->","_links":{"self":[{"href":"https:\/\/clinicanasser.es\/en\/wp-json\/wp\/v2\/pages\/9895"}],"collection":[{"href":"https:\/\/clinicanasser.es\/en\/wp-json\/wp\/v2\/pages"}],"about":[{"href":"https:\/\/clinicanasser.es\/en\/wp-json\/wp\/v2\/types\/page"}],"author":[{"embeddable":true,"href":"https:\/\/clinicanasser.es\/en\/wp-json\/wp\/v2\/users\/1"}],"replies":[{"embeddable":true,"href":"https:\/\/clinicanasser.es\/en\/wp-json\/wp\/v2\/comments?post=9895"}],"version-history":[{"count":9,"href":"https:\/\/clinicanasser.es\/en\/wp-json\/wp\/v2\/pages\/9895\/revisions"}],"predecessor-version":[{"id":10010,"href":"https:\/\/clinicanasser.es\/en\/wp-json\/wp\/v2\/pages\/9895\/revisions\/10010"}],"wp:attachment":[{"href":"https:\/\/clinicanasser.es\/en\/wp-json\/wp\/v2\/media?parent=9895"}],"curies":[{"name":"wp","href":"https:\/\/api.w.org\/{rel}","templated":true}]}}