{"id":9891,"date":"2021-10-07T14:04:09","date_gmt":"2021-10-07T12:04:09","guid":{"rendered":"https:\/\/clinicanasser.es\/?page_id=9891"},"modified":"2021-11-02T12:01:55","modified_gmt":"2021-11-02T10:01:55","slug":"infiltracion-de-sacroiliacas","status":"publish","type":"page","link":"https:\/\/clinicanasser.es\/en\/infiltracion-de-sacroiliacas\/","title":{"rendered":"Infiltraci\u00f3n de sacroiliacas"},"content":{"rendered":"<p>[vc_row][vc_column][vc_column_text]<\/p>\n<h2 style=\"text-align: left;\" align=\"center\">Infiltraci\u00f3n de sacroiliacas<\/h2>\n<p>[\/vc_column_text][vc_empty_space][vc_column_text]<span style=\"color: #000000;\">Esta t\u00e9cnica consiste en la introducci\u00f3n de un medicamento (anest\u00e9sico local y\/o un corticoide) en unas articulaciones grandes situadas entre el sacro (el final de la columna) y las palas il\u00edacas (huesos de la pelvis) para tratar dolores de car\u00e1cter mec\u00e1nico con este origen.<\/span><\/p>\n<p><span style=\"color: #000000;\">El bloqueo puede ser diagn\u00f3stico con anest\u00e9sico local y efecto pasajero (para localizar el origen del dolor), o terap\u00e9utico con un esteroide y de mayor duraci\u00f3n (para tratamiento del dolor) Suele durar entre 10 y 15 minutos.<\/span>[\/vc_column_text][vc_empty_space][\/vc_column][\/vc_row][vc_row][vc_column][vc_tta_tabs][vc_tta_section title=&#8221;C\u00d3MO SE REALIZA&#8221; tab_id=&#8221;1633603973981-d8a038c1-c72c&#8221;][vc_column_text]<span style=\"color: #000000;\">Es una t\u00e9cnica poco dolorosa, pero un poco inc\u00f3moda. Se realiza con el paciente tumbado boca abajo y se emplea una aguja dirigida con ecograf\u00eda para localizar el lugar de inyecci\u00f3n.<\/span>[\/vc_column_text][\/vc_tta_section][vc_tta_section title=&#8221;BENEFICIO&#8221; tab_id=&#8221;1633603973990-72e21591-3d2b&#8221;][vc_column_text]<span style=\"color: #000000;\">Control del dolor y disminuci\u00f3n de la toma de analg\u00e9sicos.<\/span><\/p>\n<p><span style=\"color: #000000;\">La pretensi\u00f3n terap\u00e9utica es la de aliviar su dolor, no curar. Facilitar una mejora de su funcionalidad, la rehabilitaci\u00f3n y fisioterapia, y de esta manera procurar una mayor percepci\u00f3n de su calidad de vida. Debe saber que el grado de alivio es muy variable de un paciente a otro.<\/span>[\/vc_column_text][\/vc_tta_section][vc_tta_section title=&#8221;EFICACIA&#8221; tab_id=&#8221;1633603975979-5fafb2d1-5cdf&#8221;][vc_column_text]<span style=\"color: #000000;\">Conociendo la naturaleza de ese dolor sacroil\u00edaco, sabemos que esa t\u00e9cnica es muy eficaz, dependiendo del origen del dolor.<\/span><\/p>\n<p><span style=\"color: #000000;\">Es muy notable en los cuadros de dolor agudos derivados de esfuerzos f\u00edsicos excesivos de repetici\u00f3n en trabajos duros, y un poco menos espectaculares en dolores de origen achacable al desgaste por la edad y\/o por enfermedades reum\u00e1ticas.<\/span>[\/vc_column_text][\/vc_tta_section][\/vc_tta_tabs][\/vc_column][\/vc_row][vc_row][vc_column width=&#8221;1\/2&#8243;][vc_empty_space][vc_empty_space][vc_column_text css=&#8221;.vc_custom_1633605560528{background-color: #0f72b5 !important;}&#8221;]<\/p>\n<h5 style=\"text-align: center;\"><span style=\"color: #ffffff;\">PARA QUI\u00c9N EST\u00c1 INDICADO<\/span><\/h5>\n<p>[\/vc_column_text][vc_column_text]<\/p>\n<p style=\"text-align: center;\"><span style=\"color: #000000;\">Especialmente indicado en aquellos dolores irradiados que se proyecta desde la zona lumbar baja a los gl\u00fateos y los isquiotibiales hasta la cara posterior de la rodilla.<\/span><\/p>\n<p>[\/vc_column_text][vc_empty_space][vc_empty_space][\/vc_column][vc_column width=&#8221;1\/2&#8243;][vc_empty_space][vc_empty_space][vc_column_text css=&#8221;.vc_custom_1633605626062{background-color: #0f72b5 !important;}&#8221;]<\/p>\n<h5 style=\"text-align: center;\"><span style=\"color: #ffffff;\">PROFESIONAL QUE REALIZA LA SESI\u00d3N<\/span><\/h5>\n<p>[\/vc_column_text][vc_column_text]<\/p>\n<p style=\"text-align: center;\"><span style=\"color: #000000;\">Todas las sesiones de infiltraci\u00f3n son realizadas por nuestro cuerpo m\u00e9dico especializado en anestesiolog\u00eda.<\/span><\/p>\n<p>[\/vc_column_text][vc_empty_space][vc_empty_space][\/vc_column][\/vc_row]<\/p>\n","protected":false},"excerpt":{"rendered":"<p>[vc_row][vc_column][vc_column_text] Infiltraci\u00f3n de sacroiliacas [\/vc_column_text][vc_empty_space][vc_column_text]Esta t\u00e9cnica consiste en la introducci\u00f3n de un medicamento (anest\u00e9sico local y\/o un corticoide) en unas articulaciones grandes situadas entre el sacro (el final de la columna) y las palas il\u00edacas (huesos de la pelvis) para tratar dolores de car\u00e1cter mec\u00e1nico con este origen. El bloqueo<\/p>\n","protected":false},"author":1,"featured_media":0,"parent":0,"menu_order":0,"comment_status":"closed","ping_status":"closed","template":"","meta":[],"translation":{"provider":"WPGlobus","version":"2.7.3","language":"en","enabled_languages":["es","en","ar","it"],"languages":{"es":{"title":true,"content":true,"excerpt":false},"en":{"title":false,"content":false,"excerpt":false},"ar":{"title":false,"content":false,"excerpt":false},"it":{"title":false,"content":false,"excerpt":false}}},"yoast_head":"<!-- This site is optimized with the Yoast SEO Premium plugin v16.2 - https:\/\/yoast.com\/wordpress\/plugins\/seo\/ -->\n<title>Infiltraci\u00f3n de sacroiliacas - Clinica nasser. Tratamiento del dolor y rehabilitaci\u00f3n Zaragoza<\/title>\n<meta name=\"robots\" content=\"index, follow, max-snippet:-1, max-image-preview:large, max-video-preview:-1\" \/>\n<link rel=\"canonical\" href=\"https:\/\/clinicanasser.es\/ar\/infiltracion-de-sacroiliacas\/\" \/>\n<meta property=\"og:locale\" content=\"en_US\" \/>\n<meta property=\"og:type\" content=\"article\" \/>\n<meta property=\"og:title\" content=\"Infiltraci\u00f3n de sacroiliacas - Clinica nasser. Tratamiento del dolor y rehabilitaci\u00f3n Zaragoza\" \/>\n<meta property=\"og:url\" content=\"https:\/\/clinicanasser.es\/ar\/infiltracion-de-sacroiliacas\/\" \/>\n<meta property=\"og:site_name\" content=\"Clinica nasser. Tratamiento del dolor y rehabilitaci\u00f3n Zaragoza\" \/>\n<meta property=\"article:publisher\" content=\"https:\/\/www.facebook.com\/clinicanasserspain\/\" \/>\n<meta property=\"article:modified_time\" content=\"2021-11-02T10:01:55+00:00\" \/>\n<meta name=\"twitter:card\" content=\"summary_large_image\" \/>\n<meta name=\"twitter:label1\" content=\"Est. reading time\">\n\t<meta name=\"twitter:data1\" content=\"2 minutes\">\n<script type=\"application\/ld+json\" class=\"yoast-schema-graph\">{\"@context\":\"https:\/\/schema.org\",\"@graph\":[{\"@type\":\"Organization\",\"@id\":\"https:\/\/clinicanasser.es\/#organization\",\"name\":\"Cl\\u00ednica Nasser\",\"url\":\"https:\/\/clinicanasser.es\/\",\"sameAs\":[\"https:\/\/www.facebook.com\/clinicanasserspain\/\",\"https:\/\/www.instagram.com\/clinica_nasser\/\",\"https:\/\/www.youtube.com\/channel\/UCjOFF9Kh4GHV2vhZkZx4yog\"],\"logo\":{\"@type\":\"ImageObject\",\"@id\":\"https:\/\/clinicanasser.es\/#logo\",\"inLanguage\":\"en-US\",\"url\":\"https:\/\/clinicanasser.es\/wp-content\/uploads\/2019\/01\/Favicon-Clinica-Nasser.png\",\"contentUrl\":\"https:\/\/clinicanasser.es\/wp-content\/uploads\/2019\/01\/Favicon-Clinica-Nasser.png\",\"width\":512,\"height\":512,\"caption\":\"Cl\\u00ednica Nasser\"},\"image\":{\"@id\":\"https:\/\/clinicanasser.es\/#logo\"}},{\"@type\":\"WebSite\",\"@id\":\"https:\/\/clinicanasser.es\/#website\",\"url\":\"https:\/\/clinicanasser.es\/\",\"name\":\"Clinica nasser. Tratamiento del dolor y rehabilitaci\\u00f3n Zaragoza\",\"description\":\"Cl\\u00ednica especializada en tratamiento del dolor, rehabilitaci\\u00f3n fisico - deportiva y preparaciones f\\u00edsicas. Cl\\u00ednica en Zaragoza\",\"publisher\":{\"@id\":\"https:\/\/clinicanasser.es\/#organization\"},\"potentialAction\":[{\"@type\":\"SearchAction\",\"target\":\"https:\/\/clinicanasser.es\/?s={search_term_string}\",\"query-input\":\"required name=search_term_string\"}],\"inLanguage\":\"en-US\"},{\"@type\":\"WebPage\",\"@id\":\"https:\/\/clinicanasser.es\/ar\/infiltracion-de-sacroiliacas\/#webpage\",\"url\":\"https:\/\/clinicanasser.es\/ar\/infiltracion-de-sacroiliacas\/\",\"name\":\"Infiltraci\\u00f3n de sacroiliacas - Clinica nasser. Tratamiento del dolor y rehabilitaci\\u00f3n Zaragoza\",\"isPartOf\":{\"@id\":\"https:\/\/clinicanasser.es\/#website\"},\"datePublished\":\"2021-10-07T12:04:09+00:00\",\"dateModified\":\"2021-11-02T10:01:55+00:00\",\"description\":\"La infiltraci\\u00f3n de sacroiliacas consiste en la introducci\\u00f3n de un medicamento en unas articulaciones entre el sacro y las palas il\\u00edacas.\",\"breadcrumb\":{\"@id\":\"https:\/\/clinicanasser.es\/ar\/infiltracion-de-sacroiliacas\/#breadcrumb\"},\"inLanguage\":\"en-US\",\"potentialAction\":[{\"@type\":\"ReadAction\",\"target\":[\"https:\/\/clinicanasser.es\/ar\/infiltracion-de-sacroiliacas\/\"]}]},{\"@type\":\"BreadcrumbList\",\"@id\":\"https:\/\/clinicanasser.es\/ar\/infiltracion-de-sacroiliacas\/#breadcrumb\",\"itemListElement\":[{\"@type\":\"ListItem\",\"position\":1,\"item\":{\"@type\":\"WebPage\",\"@id\":\"https:\/\/clinicanasser.es\/\",\"url\":\"https:\/\/clinicanasser.es\/\",\"name\":\"Inicio\"}},{\"@type\":\"ListItem\",\"position\":2,\"item\":{\"@id\":\"https:\/\/clinicanasser.es\/ar\/infiltracion-de-sacroiliacas\/#webpage\"}}]}]}<\/script>\n<!-- \/ Yoast SEO Premium plugin. -->","_links":{"self":[{"href":"https:\/\/clinicanasser.es\/en\/wp-json\/wp\/v2\/pages\/9891"}],"collection":[{"href":"https:\/\/clinicanasser.es\/en\/wp-json\/wp\/v2\/pages"}],"about":[{"href":"https:\/\/clinicanasser.es\/en\/wp-json\/wp\/v2\/types\/page"}],"author":[{"embeddable":true,"href":"https:\/\/clinicanasser.es\/en\/wp-json\/wp\/v2\/users\/1"}],"replies":[{"embeddable":true,"href":"https:\/\/clinicanasser.es\/en\/wp-json\/wp\/v2\/comments?post=9891"}],"version-history":[{"count":5,"href":"https:\/\/clinicanasser.es\/en\/wp-json\/wp\/v2\/pages\/9891\/revisions"}],"predecessor-version":[{"id":9973,"href":"https:\/\/clinicanasser.es\/en\/wp-json\/wp\/v2\/pages\/9891\/revisions\/9973"}],"wp:attachment":[{"href":"https:\/\/clinicanasser.es\/en\/wp-json\/wp\/v2\/media?parent=9891"}],"curies":[{"name":"wp","href":"https:\/\/api.w.org\/{rel}","templated":true}]}}