{"id":9887,"date":"2021-10-07T13:58:28","date_gmt":"2021-10-07T11:58:28","guid":{"rendered":"https:\/\/clinicanasser.es\/?page_id=9887"},"modified":"2021-11-03T15:21:27","modified_gmt":"2021-11-03T13:21:27","slug":"bloqueo-intraarticular-de-rodilla","status":"publish","type":"page","link":"https:\/\/clinicanasser.es\/en\/bloqueo-intraarticular-de-rodilla\/","title":{"rendered":"Bloqueo intraarticular de rodilla"},"content":{"rendered":"<p>[vc_row][vc_column][vc_column_text]<\/p>\n<h2 style=\"text-align: left;\" align=\"center\">Bloqueo intraarticular de rodilla<\/h2>\n<p>[\/vc_column_text][vc_empty_space][vc_column_text]Esta t\u00e9cnica consiste en la infiltraci\u00f3n de un medicamento en la articulaci\u00f3n de la rodilla usando una aguja. Se emplea para tratar dolores de car\u00e1cter mec\u00e1nico.<\/p>\n<p>El objetivo de este procedimiento es tratar de aliviar el dolor y la inflamaci\u00f3n, prevenir o recuperar la limitaci\u00f3n funcional, acelerar la recuperaci\u00f3n e intentar evitar posibles complicaciones que requieran tratamientos m\u00e1s agresivos.[\/vc_column_text][vc_empty_space][\/vc_column][\/vc_row][vc_row][vc_column][vc_tta_tabs][vc_tta_section title=&#8221;C\u00d3MO SE REALIZA&#8221; tab_id=&#8221;1633603973981-d8a038c1-c72c&#8221;][vc_column_text]Es una t\u00e9cnica poco dolorosa, y se realiza en unos 15 minutos empleando un poco de anestesia local. Siempre la realizamos bajo control ecogr\u00e1fico.[\/vc_column_text][\/vc_tta_section][vc_tta_section title=&#8221;BENEFICIO&#8221; tab_id=&#8221;1633603973990-72e21591-3d2b&#8221;][vc_column_text]<span style=\"color: #000000;\">Control del dolor y disminuci\u00f3n de la toma de analg\u00e9sicos.<\/span><\/p>\n<p><span style=\"color: #000000;\">La pretensi\u00f3n terap\u00e9utica es la de aliviar su dolor. Facilitar una mejora de su funcionalidad, de la rehabilitaci\u00f3n y fisioterapia, y de esta manera procurar una mayor percepci\u00f3n de su calidad de vida.\u00a0<\/span>[\/vc_column_text][\/vc_tta_section][vc_tta_section title=&#8221;EFICACIA&#8221; tab_id=&#8221;1633603975979-5fafb2d1-5cdf&#8221;][vc_column_text]<span style=\"color: #000000;\">Muy eficaz para regenerar, aliviar, y disminuir tanto la inflamaci\u00f3n c\u00f3mo la presi\u00f3n dentro de la articulaci\u00f3n.<\/span><br \/>\n[\/vc_column_text][\/vc_tta_section][\/vc_tta_tabs][\/vc_column][\/vc_row][vc_row][vc_column width=&#8221;1\/2&#8243;][vc_empty_space][vc_empty_space][vc_column_text css=&#8221;.vc_custom_1633605560528{background-color: #0f72b5 !important;}&#8221;]<\/p>\n<h5 style=\"text-align: center;\"><span style=\"color: #ffffff;\">PARA QUI\u00c9N EST\u00c1 INDICADO<\/span><\/h5>\n<p>[\/vc_column_text][vc_column_text]<\/p>\n<p style=\"text-align: center;\"><span style=\"color: #000000;\">M\u00e1xima indicaci\u00f3n en casos de brotes reum\u00e1ticos de rodilla, cuadros degenerativos artr\u00f3sicos o artr\u00edticos y tras un vaciado de derrames tanto seroso o sanguinolento<\/span><\/p>\n<p>[\/vc_column_text][vc_empty_space][vc_empty_space][\/vc_column][vc_column width=&#8221;1\/2&#8243;][vc_empty_space][vc_empty_space][vc_column_text css=&#8221;.vc_custom_1633605626062{background-color: #0f72b5 !important;}&#8221;]<\/p>\n<h5 style=\"text-align: center;\"><span style=\"color: #ffffff;\">PROFESIONAL QUE REALIZA LA SESI\u00d3N<\/span><\/h5>\n<p>[\/vc_column_text][vc_column_text]<\/p>\n<p style=\"text-align: center;\"><span style=\"color: #000000;\">Todas las sesiones de infiltraci\u00f3n son realizadas por nuestro cuerpo m\u00e9dico especializado en anestesiolog\u00eda.<\/span><\/p>\n<p>[\/vc_column_text][vc_empty_space][vc_empty_space][\/vc_column][\/vc_row]<\/p>\n","protected":false},"excerpt":{"rendered":"<p>[vc_row][vc_column][vc_column_text] Bloqueo intraarticular de rodilla [\/vc_column_text][vc_empty_space][vc_column_text]Esta t\u00e9cnica consiste en la infiltraci\u00f3n de un medicamento en la articulaci\u00f3n de la rodilla usando una aguja. Se emplea para tratar dolores de car\u00e1cter mec\u00e1nico. El objetivo de este procedimiento es tratar de aliviar el dolor y la inflamaci\u00f3n, prevenir o recuperar la limitaci\u00f3n<\/p>\n","protected":false},"author":1,"featured_media":0,"parent":0,"menu_order":0,"comment_status":"closed","ping_status":"closed","template":"","meta":[],"translation":{"provider":"WPGlobus","version":"2.7.3","language":"en","enabled_languages":["es","en","ar","it"],"languages":{"es":{"title":true,"content":true,"excerpt":false},"en":{"title":false,"content":false,"excerpt":false},"ar":{"title":false,"content":false,"excerpt":false},"it":{"title":false,"content":false,"excerpt":false}}},"yoast_head":"<!-- This site is optimized with the Yoast SEO Premium plugin v16.2 - https:\/\/yoast.com\/wordpress\/plugins\/seo\/ -->\n<title>Bloqueo intraarticular de rodilla - Clinica nasser. Tratamiento del dolor y rehabilitaci\u00f3n Zaragoza<\/title>\n<meta name=\"robots\" content=\"index, follow, max-snippet:-1, max-image-preview:large, max-video-preview:-1\" \/>\n<link rel=\"canonical\" href=\"https:\/\/clinicanasser.es\/bloqueo-intraarticular-de-rodilla\/\" \/>\n<meta property=\"og:locale\" content=\"en_US\" \/>\n<meta property=\"og:type\" content=\"article\" \/>\n<meta property=\"og:title\" content=\"Bloqueo intraarticular de rodilla - Clinica nasser. Tratamiento del dolor y rehabilitaci\u00f3n Zaragoza\" \/>\n<meta property=\"og:url\" content=\"https:\/\/clinicanasser.es\/bloqueo-intraarticular-de-rodilla\/\" \/>\n<meta property=\"og:site_name\" content=\"Clinica nasser. Tratamiento del dolor y rehabilitaci\u00f3n Zaragoza\" \/>\n<meta property=\"article:publisher\" content=\"https:\/\/www.facebook.com\/clinicanasserspain\/\" \/>\n<meta property=\"article:modified_time\" content=\"2021-11-03T13:21:27+00:00\" \/>\n<meta name=\"twitter:card\" content=\"summary_large_image\" \/>\n<meta name=\"twitter:label1\" content=\"Est. reading time\">\n\t<meta name=\"twitter:data1\" content=\"1 minute\">\n<script type=\"application\/ld+json\" class=\"yoast-schema-graph\">{\"@context\":\"https:\/\/schema.org\",\"@graph\":[{\"@type\":\"Organization\",\"@id\":\"https:\/\/clinicanasser.es\/#organization\",\"name\":\"Cl\\u00ednica Nasser\",\"url\":\"https:\/\/clinicanasser.es\/\",\"sameAs\":[\"https:\/\/www.facebook.com\/clinicanasserspain\/\",\"https:\/\/www.instagram.com\/clinica_nasser\/\",\"https:\/\/www.youtube.com\/channel\/UCjOFF9Kh4GHV2vhZkZx4yog\"],\"logo\":{\"@type\":\"ImageObject\",\"@id\":\"https:\/\/clinicanasser.es\/#logo\",\"inLanguage\":\"en-US\",\"url\":\"https:\/\/clinicanasser.es\/wp-content\/uploads\/2019\/01\/Favicon-Clinica-Nasser.png\",\"contentUrl\":\"https:\/\/clinicanasser.es\/wp-content\/uploads\/2019\/01\/Favicon-Clinica-Nasser.png\",\"width\":512,\"height\":512,\"caption\":\"Cl\\u00ednica Nasser\"},\"image\":{\"@id\":\"https:\/\/clinicanasser.es\/#logo\"}},{\"@type\":\"WebSite\",\"@id\":\"https:\/\/clinicanasser.es\/#website\",\"url\":\"https:\/\/clinicanasser.es\/\",\"name\":\"Clinica nasser. Tratamiento del dolor y rehabilitaci\\u00f3n Zaragoza\",\"description\":\"Cl\\u00ednica especializada en tratamiento del dolor, rehabilitaci\\u00f3n fisico - deportiva y preparaciones f\\u00edsicas. Cl\\u00ednica en Zaragoza\",\"publisher\":{\"@id\":\"https:\/\/clinicanasser.es\/#organization\"},\"potentialAction\":[{\"@type\":\"SearchAction\",\"target\":\"https:\/\/clinicanasser.es\/?s={search_term_string}\",\"query-input\":\"required name=search_term_string\"}],\"inLanguage\":\"en-US\"},{\"@type\":\"WebPage\",\"@id\":\"https:\/\/clinicanasser.es\/bloqueo-intraarticular-de-rodilla\/#webpage\",\"url\":\"https:\/\/clinicanasser.es\/bloqueo-intraarticular-de-rodilla\/\",\"name\":\"Bloqueo intraarticular de rodilla - Clinica nasser. Tratamiento del dolor y rehabilitaci\\u00f3n Zaragoza\",\"isPartOf\":{\"@id\":\"https:\/\/clinicanasser.es\/#website\"},\"datePublished\":\"2021-10-07T11:58:28+00:00\",\"dateModified\":\"2021-11-03T13:21:27+00:00\",\"description\":\"El bloqueo intraarticular de rodilla se utiliza para tratar los dolores mec\\u00e1nicos, infiltrando el medicamento en la articulaci\\u00f3n de la rodilla\",\"breadcrumb\":{\"@id\":\"https:\/\/clinicanasser.es\/bloqueo-intraarticular-de-rodilla\/#breadcrumb\"},\"inLanguage\":\"en-US\",\"potentialAction\":[{\"@type\":\"ReadAction\",\"target\":[\"https:\/\/clinicanasser.es\/bloqueo-intraarticular-de-rodilla\/\"]}]},{\"@type\":\"BreadcrumbList\",\"@id\":\"https:\/\/clinicanasser.es\/bloqueo-intraarticular-de-rodilla\/#breadcrumb\",\"itemListElement\":[{\"@type\":\"ListItem\",\"position\":1,\"item\":{\"@type\":\"WebPage\",\"@id\":\"https:\/\/clinicanasser.es\/\",\"url\":\"https:\/\/clinicanasser.es\/\",\"name\":\"Inicio\"}},{\"@type\":\"ListItem\",\"position\":2,\"item\":{\"@id\":\"https:\/\/clinicanasser.es\/bloqueo-intraarticular-de-rodilla\/#webpage\"}}]}]}<\/script>\n<!-- \/ Yoast SEO Premium plugin. -->","_links":{"self":[{"href":"https:\/\/clinicanasser.es\/en\/wp-json\/wp\/v2\/pages\/9887"}],"collection":[{"href":"https:\/\/clinicanasser.es\/en\/wp-json\/wp\/v2\/pages"}],"about":[{"href":"https:\/\/clinicanasser.es\/en\/wp-json\/wp\/v2\/types\/page"}],"author":[{"embeddable":true,"href":"https:\/\/clinicanasser.es\/en\/wp-json\/wp\/v2\/users\/1"}],"replies":[{"embeddable":true,"href":"https:\/\/clinicanasser.es\/en\/wp-json\/wp\/v2\/comments?post=9887"}],"version-history":[{"count":7,"href":"https:\/\/clinicanasser.es\/en\/wp-json\/wp\/v2\/pages\/9887\/revisions"}],"predecessor-version":[{"id":9992,"href":"https:\/\/clinicanasser.es\/en\/wp-json\/wp\/v2\/pages\/9887\/revisions\/9992"}],"wp:attachment":[{"href":"https:\/\/clinicanasser.es\/en\/wp-json\/wp\/v2\/media?parent=9887"}],"curies":[{"name":"wp","href":"https:\/\/api.w.org\/{rel}","templated":true}]}}