{"id":6333,"date":"2020-11-12T14:08:15","date_gmt":"2020-11-12T12:08:15","guid":{"rendered":"https:\/\/clinicanasser.es\/privacidad-y-proteccion-de-datos-copy\/"},"modified":"2021-07-27T13:11:09","modified_gmt":"2021-07-27T11:11:09","slug":"aviso-legal","status":"publish","type":"page","link":"https:\/\/clinicanasser.es\/en\/aviso-legal\/","title":{"rendered":"Aviso legal"},"content":{"rendered":"<h4>1. IDENTIFICACI\u00d3N DEL TITULAR DEL DOMINIO<\/h4>\n<p>De acuerdo con lo legalmente dispuesto en la Ley 34\/2002, de 11 de julio, de Servicios de la Sociedad de la Informaci\u00f3n y del Comercio Electr\u00f3nico, en concreto su art\u00edculo 10, les informamos:<\/p>\n<p>El titular de presente web es Cl\u00ednica Nasser, con domicilio en Paseo Damas 19, Principal Derecha,\u00a050008,\u00a0Zaragoza, CIF: B99353153 e inscrita en el Registro Mercantil en TOMO 3928 FOLIO 9 inscripci\u00f3n 1\u00aa Hoja Z53751.<\/p>\n<p><strong>Correo electr\u00f3nico de contacto:\u00a0<\/strong><a href=\"mailto:nasser@clinicanasser.es\">nasser@clinicanasser.es<\/a><\/p>\n<p><strong>Tel\u00e9fono:<\/strong>\u00a0(+34) 976 216 995<\/p>\n<p>Todos los profesionales sanitarios que forman parte de Cl\u00ednica Nasser est\u00e1n colegiados y est\u00e1n sometidos, por ende a sus c\u00f3digos deontol\u00f3gicos. <a href=\"https:\/\/clinicanasser.es\/codigo-de-buena-conducta\/\" target=\"_blank\" rel=\"noopener\">C\u00f3digo de Buena Conducta de Cl\u00ednica Nasser<\/a>.<\/p>\n<p>La informaci\u00f3n proporcionada en este sitio web no reemplaza lo indicado por el profesional de la salud a paciente, sino que sino que complementa la relaci\u00f3n entre ambos. En caso de duda consulte con su profesional de salud de referencia.<\/p>\n<h4>2. NORMAS DE USO DEL PORTAL<\/h4>\n<p>Quien acceda y use este sitio web, tendr\u00e1 la consideraci\u00f3n de usuario. El usuario acepta todas las condiciones de uso por el mero hecho de serlo.<\/p>\n<h5>2.1. GEN\u00c9RICAS<\/h5>\n<p>Est\u00e1 prohibido publicar, en esta web y dem\u00e1s herramientas de participaci\u00f3n de Cl\u00ednica Nasser, contenidos que atenten contra los siguientes principios:<\/p>\n<ul>\n<li>La salvaguarda del orden p\u00fablico, la investigaci\u00f3n penal, seguridad p\u00fablica y defensa nacional.<\/li>\n<li>La protecci\u00f3n de la salud p\u00fablica o de las personas f\u00edsicas que tengan la condici\u00f3n de consumidores o usuarios.<\/li>\n<li>El respeto a la dignidad de la persona y al principio de no discriminaci\u00f3n por motivos de raza, sexo, opini\u00f3n, nacionalidad, discapacidad o cualquier otra circunstancia personal o social.<\/li>\n<li>La protecci\u00f3n de la juventud y de la infancia.<\/li>\n<li>El respeto a la autonom\u00eda de la voluntad del afectado.<\/li>\n<li>El respeto a la propiedad intelectual de lo publicado.<\/li>\n<li>En general, el respeto a la legalidad vigente.<\/li>\n<\/ul>\n<h5>2.2. PARTICULARES<\/h5>\n<p>El usuario asume la responsabilidad del uso del presente portal. Esta responsabilidad se extiende al registro que fuese necesario para acceder a determinados servicios o contenidos. El usuario ser\u00e1 responsable de aportar informaci\u00f3n veraz y l\u00edcita en el proceso de registro.<\/p>\n<p>Al navegar por la web, el usuario se compromete a hacer un uso adecuado de los contenidos y servicios que el responsable del tratamiento ofrece a trav\u00e9s de su web y herramientas de participaci\u00f3n; con car\u00e1cter enunciativo, pero no limitativo, tambi\u00e9n se compromete a no usarlas para:<\/p>\n<ul>\n<li>Provocar da\u00f1os en los sistemas f\u00edsicos y l\u00f3gicos del responsable del tratamiento, de sus proveedores o de terceras personas, introducir o difundir en la red virus inform\u00e1ticos o cualesquiera otros sistemas f\u00edsicos o l\u00f3gicos que sean susceptibles de provocar da\u00f1os.<\/li>\n<li>Intentar acceder y, en su caso, utilizar las cuentas de correo electr\u00f3nico de otros usuarios y modificar o manipular sus mensajes.<\/li>\n<\/ul>\n<p>Cl\u00ednica Nasser se reserva el derecho de retirar todos los comentarios y aportaciones que vulneren el respeto a la dignidad de la persona, que sean discriminatorios, xen\u00f3fobos, racistas, pornogr\u00e1ficos, que atenten contra las personas, especialmente, contra los intereses de la juventud o de la infancia, el orden o la seguridad p\u00fablica u otros no mencionados anteriormente que no resultaran adecuados para su publicaci\u00f3n a criterio de Cl\u00ednica Nasser.<\/p>\n<p>En cualquier caso, Cl\u00ednica Nasser no es responsable de las opiniones vertidas por los usuarios a trav\u00e9s de los foros, chats, u otras herramientas de participaci\u00f3n.<\/p>\n<h4>3. PROPIEDAD INTELECTUAL E INDUSTRIAL<\/h4>\n<p>Cl\u00ednica Nasser es titular de todos los derechos de propiedad intelectual e industrial de sus p\u00e1ginas web, como tambi\u00e9n lo es de todo su contenido, por lo que toda reproducci\u00f3n, distribuci\u00f3n y comunicaci\u00f3n p\u00fablica total o parcial de su contenido queda expresamente prohibida sin la autorizaci\u00f3n expresa de Cl\u00ednica Nasser.<\/p>\n<h5>3.1. IDENTIFICACI\u00d3N DE RESPONSABLES<\/h5>\n<p>En esta web su titular puede recoger datos de cuyo tratamiento son responsables. Sus datos son:\u00a0Cl\u00ednica Nasser, con CIF B99353153 \u00a0y con direcci\u00f3n en\u00a0Paseo Damas 19, Principal Derecha,\u00a050008,\u00a0Zaragoza.<\/p>\n<p>Puede contactar con el responsable de datos enviando\u00a0un correo electr\u00f3nico a la direcci\u00f3n <a href=\"mailto:nasser@clinicanasser.es\">nasser@clinicanasser.es<\/a><\/p>\n<p>Todas las im\u00e1genes de pacientes identificables han sido publicadas con su consentimiento.<\/p>\n<h4>4. RESPONSABILIDAD<\/h4>\n<p>Cl\u00ednica Nasser no se hace responsable de los da\u00f1os y perjuicios que se puedan derivar de interferencias o aver\u00edas telef\u00f3nicas, desconexiones en el sistema electr\u00f3nico, presencia de virus inform\u00e1ticos, programas maliciosos o cualquier otro factor ajeno a su control. Tampoco se hace responsable de los contenidos o sistemas de terceros conectados con el dominio del responsable del tratamiento a trav\u00e9s de enlaces.<\/p>\n<p>Cl\u00ednica Nasser se reserva el ejercicio de las acciones legales que correspondan contra los que vulneren estas condiciones.<\/p>\n<h4>5. MODIFICACIONES DE LAS PRESENTES CONDICIONES Y VIGENCIA<\/h4>\n<p>Cl\u00ednica Nasser puede modificar estas condiciones en cualquier momento, sin previo aviso, publicando sus modificaciones tal como aparecen.<\/p>\n<h4>6. LEGISLACI\u00d3N APLICABLE Y JURISDICCI\u00d3N<\/h4>\n<p>La relaci\u00f3n entre Cl\u00ednica Nasser y el usuario se regir\u00e1 por la normativa espa\u00f1ola vigente y cualquier controversia se someter\u00e1 a los Juzgados y tribunales que correspondan a la ciudad de Zaragoza.<\/p>\n","protected":false},"excerpt":{"rendered":"<p>1. IDENTIFICACI\u00d3N DEL TITULAR DEL DOMINIO De acuerdo con lo legalmente dispuesto en la Ley 34\/2002, de 11 de julio, de Servicios de la Sociedad de la Informaci\u00f3n y del Comercio Electr\u00f3nico, en concreto su art\u00edculo 10, les informamos: El titular de presente web es Cl\u00ednica Nasser, con domicilio en<\/p>\n","protected":false},"author":1,"featured_media":0,"parent":0,"menu_order":0,"comment_status":"closed","ping_status":"closed","template":"","meta":[],"translation":{"provider":"WPGlobus","version":"2.7.3","language":"en","enabled_languages":["es","en","ar","it"],"languages":{"es":{"title":true,"content":true,"excerpt":false},"en":{"title":false,"content":false,"excerpt":false},"ar":{"title":false,"content":false,"excerpt":false},"it":{"title":false,"content":false,"excerpt":false}}},"yoast_head":"<!-- This site is optimized with the Yoast SEO Premium plugin v16.2 - https:\/\/yoast.com\/wordpress\/plugins\/seo\/ -->\n<title>Nasser Clinic&#039;s Legal Notice | Clinica nasser. Tratamiento del dolor y rehabilitaci\u00f3n Zaragoza<\/title>\n<meta name=\"description\" content=\"Cl\u00ednica Nasser es una cl\u00ednica m\u00e9dica multidisciplinar compuesta por m\u00e9dicos especialistas en tratamiento del dolor y medicina biol\u00f3gica\" \/>\n<meta name=\"robots\" content=\"index, follow, max-snippet:-1, max-image-preview:large, max-video-preview:-1\" \/>\n<link rel=\"canonical\" href=\"https:\/\/clinicanasser.es\/aviso-legal\/\" \/>\n<meta property=\"og:locale\" content=\"en_US\" \/>\n<meta property=\"og:type\" content=\"article\" \/>\n<meta property=\"og:title\" content=\"Avviso Legale della Clinica Nasser | Clinica Nasser\" \/>\n<meta property=\"og:description\" content=\"Cl\u00ednica Nasser es una cl\u00ednica m\u00e9dica multidisciplinar compuesta por m\u00e9dicos especialistas en tratamiento del dolor y medicina biol\u00f3gica\" \/>\n<meta property=\"og:url\" content=\"https:\/\/clinicanasser.es\/aviso-legal\/\" \/>\n<meta property=\"og:site_name\" content=\"Clinica nasser. Tratamiento del dolor y rehabilitaci\u00f3n Zaragoza\" \/>\n<meta property=\"article:publisher\" content=\"https:\/\/www.facebook.com\/clinicanasserspain\/\" \/>\n<meta property=\"article:modified_time\" content=\"2021-07-27T11:11:09+00:00\" \/>\n<meta name=\"twitter:card\" content=\"summary_large_image\" \/>\n<meta name=\"twitter:label1\" content=\"Est. reading time\">\n\t<meta name=\"twitter:data1\" content=\"4 minutes\">\n<script type=\"application\/ld+json\" class=\"yoast-schema-graph\">{\"@context\":\"https:\/\/schema.org\",\"@graph\":[{\"@type\":\"Organization\",\"@id\":\"https:\/\/clinicanasser.es\/#organization\",\"name\":\"Cl\\u00ednica Nasser\",\"url\":\"https:\/\/clinicanasser.es\/\",\"sameAs\":[\"https:\/\/www.facebook.com\/clinicanasserspain\/\",\"https:\/\/www.instagram.com\/clinica_nasser\/\",\"https:\/\/www.youtube.com\/channel\/UCjOFF9Kh4GHV2vhZkZx4yog\"],\"logo\":{\"@type\":\"ImageObject\",\"@id\":\"https:\/\/clinicanasser.es\/#logo\",\"inLanguage\":\"en-US\",\"url\":\"https:\/\/clinicanasser.es\/wp-content\/uploads\/2019\/01\/Favicon-Clinica-Nasser.png\",\"contentUrl\":\"https:\/\/clinicanasser.es\/wp-content\/uploads\/2019\/01\/Favicon-Clinica-Nasser.png\",\"width\":512,\"height\":512,\"caption\":\"Cl\\u00ednica Nasser\"},\"image\":{\"@id\":\"https:\/\/clinicanasser.es\/#logo\"}},{\"@type\":\"WebSite\",\"@id\":\"https:\/\/clinicanasser.es\/#website\",\"url\":\"https:\/\/clinicanasser.es\/\",\"name\":\"Clinica nasser. Tratamiento del dolor y rehabilitaci\\u00f3n Zaragoza\",\"description\":\"Cl\\u00ednica especializada en tratamiento del dolor, rehabilitaci\\u00f3n fisico - deportiva y preparaciones f\\u00edsicas. Cl\\u00ednica en Zaragoza\",\"publisher\":{\"@id\":\"https:\/\/clinicanasser.es\/#organization\"},\"potentialAction\":[{\"@type\":\"SearchAction\",\"target\":\"https:\/\/clinicanasser.es\/?s={search_term_string}\",\"query-input\":\"required name=search_term_string\"}],\"inLanguage\":\"en-US\"},{\"@type\":\"WebPage\",\"@id\":\"https:\/\/clinicanasser.es\/aviso-legal\/#webpage\",\"url\":\"https:\/\/clinicanasser.es\/aviso-legal\/\",\"name\":\"Avviso Legale della Clinica Nasser | Clinica Nasser\",\"isPartOf\":{\"@id\":\"https:\/\/clinicanasser.es\/#website\"},\"datePublished\":\"2020-11-12T12:08:15+00:00\",\"dateModified\":\"2021-07-27T11:11:09+00:00\",\"description\":\"Cl\\u00ednica Nasser es una cl\\u00ednica m\\u00e9dica multidisciplinar compuesta por m\\u00e9dicos especialistas en tratamiento del dolor y medicina biol\\u00f3gica\",\"breadcrumb\":{\"@id\":\"https:\/\/clinicanasser.es\/aviso-legal\/#breadcrumb\"},\"inLanguage\":\"en-US\",\"potentialAction\":[{\"@type\":\"ReadAction\",\"target\":[\"https:\/\/clinicanasser.es\/aviso-legal\/\"]}]},{\"@type\":\"BreadcrumbList\",\"@id\":\"https:\/\/clinicanasser.es\/aviso-legal\/#breadcrumb\",\"itemListElement\":[{\"@type\":\"ListItem\",\"position\":1,\"item\":{\"@type\":\"WebPage\",\"@id\":\"https:\/\/clinicanasser.es\/\",\"url\":\"https:\/\/clinicanasser.es\/\",\"name\":\"Inicio\"}},{\"@type\":\"ListItem\",\"position\":2,\"item\":{\"@id\":\"https:\/\/clinicanasser.es\/aviso-legal\/#webpage\"}}]}]}<\/script>\n<!-- \/ Yoast SEO Premium plugin. -->","_links":{"self":[{"href":"https:\/\/clinicanasser.es\/en\/wp-json\/wp\/v2\/pages\/6333"}],"collection":[{"href":"https:\/\/clinicanasser.es\/en\/wp-json\/wp\/v2\/pages"}],"about":[{"href":"https:\/\/clinicanasser.es\/en\/wp-json\/wp\/v2\/types\/page"}],"author":[{"embeddable":true,"href":"https:\/\/clinicanasser.es\/en\/wp-json\/wp\/v2\/users\/1"}],"replies":[{"embeddable":true,"href":"https:\/\/clinicanasser.es\/en\/wp-json\/wp\/v2\/comments?post=6333"}],"version-history":[{"count":4,"href":"https:\/\/clinicanasser.es\/en\/wp-json\/wp\/v2\/pages\/6333\/revisions"}],"predecessor-version":[{"id":6340,"href":"https:\/\/clinicanasser.es\/en\/wp-json\/wp\/v2\/pages\/6333\/revisions\/6340"}],"wp:attachment":[{"href":"https:\/\/clinicanasser.es\/en\/wp-json\/wp\/v2\/media?parent=6333"}],"curies":[{"name":"wp","href":"https:\/\/api.w.org\/{rel}","templated":true}]}}