{"id":6331,"date":"2020-11-12T14:03:28","date_gmt":"2020-11-12T12:03:28","guid":{"rendered":"https:\/\/clinicanasser.es\/?page_id=6331"},"modified":"2021-07-27T14:53:44","modified_gmt":"2021-07-27T12:53:44","slug":"privacidad-y-proteccion-de-datos","status":"publish","type":"page","link":"https:\/\/clinicanasser.es\/en\/privacidad-y-proteccion-de-datos\/","title":{"rendered":"Privacidad y protecci\u00f3n de datos"},"content":{"rendered":"<h4>1. PRIVACIDAD Y TRATAMIENTO DE LA INFORMACI\u00d3N<\/h4>\n<h5>1.1.- DERECHO DE INFORMACI\u00d3N<\/h5>\n<p>Cumpliendo con lo dispuesto en el art\u00edculo 11 de la Ley Org\u00e1nica 3\/2018 de 5 de diciembre, de Protecci\u00f3n de Datos Personales y Garant\u00edas de Derechos Digitales (en adelante LOPDGDD) y el art\u00edculo 13 del Reglamento General de Protecci\u00f3n de Datos le informamos de:<\/p>\n<h5>1.1.1.- IDENTIFICACI\u00d3N DE RESPONSABLES<\/h5>\n<p>En esta web, la entidad responsable del tratamiento para la recogida de datos es Cl\u00ednica Nasser, con CIF B99353153 y con direcci\u00f3n en\u00a0Paseo Damas 19, Principal Derecha,\u00a050008,\u00a0Zaragoza.<\/p>\n<h5>1.1.2.- FINALIDADES DE TRATAMIENTO Y BASE JUR\u00cdDICA<\/h5>\n<p>Los datos que nos facilite el usuario en los formularios que encontrar\u00e1 en la web, los que nos env\u00ede a nuestra direcci\u00f3n de correo electr\u00f3nico y los que se puedan generar mientras mantenga relaci\u00f3n con el responsable del tratamiento se incorporar\u00e1n, sin modificaci\u00f3n, a la base de datos titular del responsable del tratamiento.<\/p>\n<p>Utilizaremos los datos para prestar al usuario los servicios que nos solicite y para enviarle informaci\u00f3n de nuestras actividades y servicios por correo electr\u00f3nico o direcci\u00f3n postal.<\/p>\n<p>La base jur\u00eddica de este tratamiento ser\u00e1 la relaci\u00f3n contractual que mantenga con el responsable del tratamiento y el consentimiento que otorga al aceptar este aviso.<\/p>\n<h5>1.1.3.- CATEGOR\u00cdAS DE DESTINATARIOS.<\/h5>\n<p>Para dar cumplimiento a las anteriores finalidades tendr\u00e1n acceso a sus datos:<\/p>\n<ul>\n<li>El personal debidamente autorizado por la direcci\u00f3n del responsable del tratamiento.<\/li>\n<li>Los proveedores necesarios para dar cumplimiento a su solicitud.<\/li>\n<li>La administraci\u00f3n p\u00fablica en el \u00e1mbito de sus competencias.<\/li>\n<\/ul>\n<p>Puede ampliar esta informaci\u00f3n consultando al responsable del tratamiento a trav\u00e9s del mail\u00a0<a href=\"mailto:nasser@clinicanasser.es\">nasser@clinicanasser.es<\/a>.<\/p>\n<h5>1.1.4.- TRANSFERENCIA INTERNACIONAL DE DATOS.<\/h5>\n<p>Para desarrollar sus funciones el responsable del tratamiento no cede, ni deposita datos fuera de la Uni\u00f3n Europea.<\/p>\n<h5>1.1.5.- PLAZO DE CONSERVACI\u00d3N DE LA INFORMACI\u00d3N.<\/h5>\n<p>El responsable del tratamiento conservar\u00e1 su informaci\u00f3n mientras no revoque el consentimiento otorgado en aceptar esta cl\u00e1usula.<\/p>\n<h5>1.1.6.- DERECHOS COMO AFECTADO<\/h5>\n<p>Tiene derecho a acceder, rectificar, suprimir, oponerse a que sus datos se traten, a limitar el tratamiento, a pedir la portabilidad de los datos, a no ser sometido a decisiones individuales automatizadas y a revocar el consentimiento que otorga.<\/p>\n<p>Para ejercer estos derechos puede dirigirse por escrito a Cl\u00ednica Nasser, Paseo Damas 19, Principal Derecha,\u00a050008,\u00a0Zaragoza, o bien, contactar por tel\u00e9fono al 976 216 995, o enviar un correo electr\u00f3nico a la direcci\u00f3n <a href=\"mailto:nasser@clinicanasser.es\">nasser@clinicanasser.es<\/a>\u00a0con el texto &#8220;PROTECCI\u00d3N DE DATOS&#8221; en el asunto.<\/p>\n<h5>1.1.7.- DERECHO DE RECLAMACI\u00d3N.<\/h5>\n<p>El organismo competente para conocer de la correcta aplicaci\u00f3n de las normas sobre tratamiento de la informaci\u00f3n es Cl\u00ednica Nasser, con domicilio en Paseo Damas 19, Principal Derecha,\u00a050008,\u00a0Zaragoza.<\/p>\n<h5>1.1.8.- OBLIGACIONES DEL AFECTADO.<\/h5>\n<p>El afectado debe aportar informaci\u00f3n veraz y actualizada en todos los procesos de recogida de datos, siendo \u00e9l el \u00fanico responsable de la vulneraci\u00f3n de esta obligaci\u00f3n.<\/p>\n<p>En los formularios de recogida de datos est\u00e1n marcados los datos que son obligatorios aportar, en funci\u00f3n de la demanda que haga el afectado. La falta de la aportaci\u00f3n de estos datos puede suponer la imposibilidad de participar de la actividad o proporcionar el servicio que se solicita.<\/p>\n<h5>1.1.9.- ELABORACI\u00d3N DE PERFILES<\/h5>\n<p>Para el cumplimiento de los objetivos del responsable del tratamiento y, sobre todo, para hacer una atenci\u00f3n m\u00e1s personalizada, cuidadosa y eficaz del usuario, a veces, es necesario elaborar perfiles de los destinatarios de los servicios. En ning\u00fan caso, la elaboraci\u00f3n del perfil se hace de manera exclusivamente automatizada.<\/p>\n<h5>1.2. CONSENTIMIENTO DEL USUARIO<\/h5>\n<p>Se entiende que el usuario acepta las condiciones establecidas si pulsa el bot\u00f3n &#8216;ACEPTAR&#8217; que se encuentra en todos los formularios de recogida de datos, o si env\u00eda un mensaje por correo electr\u00f3nico.<\/p>\n<p>Los datos personales se guardan en la base de datos general de administraci\u00f3n de Cl\u00ednica Nasser que, en todo caso, garantiza las medidas t\u00e9cnicas y organizativas para preservar la integridad y la seguridad de la informaci\u00f3n que trata.<\/p>\n<h5>1.3. SEGURIDAD<\/h5>\n<p>La base de datos general est\u00e1 dotada del preceptivo documento de seguridad y ha establecido todos los medios t\u00e9cnicos a su alcance para evitar la p\u00e9rdida, mal uso, alteraci\u00f3n, acceso no autorizado y robo de los datos facilitados. El tratamiento de los datos personales se ajusta a la normativa establecida en el Reglamento (UE) 2016\/679 del Parlamento Europeo y del Consejo, de 27 de abril de 2016.<\/p>\n<h5>1.4.- COOKIES Y RECOGIDA DE DATOS ESTAD\u00cdSTICOS<\/h5>\n<p>La navegaci\u00f3n de un usuario por esta web deja como rastro la direcci\u00f3n IP que le ha sido asignada por su proveedor de acceso a Internet. S\u00f3lo se utiliza esta direcci\u00f3n para fines exclusivamente internos, como son las estad\u00edsticas de acceso al Portal.<\/p>\n<p>Para la utilizaci\u00f3n de esta web, es posible que se utilicen cookies. Las cookies que se puedan utilizar asocian \u00fanicamente con el navegador de un ordenador determinado (un usuario an\u00f3nimo), y no proporcionan por s\u00ed mismas ning\u00fan dato personal del usuario. Esta web puede utilizar los siguientes tipos de cookies:<\/p>\n<p>&#8211;\u00a0Cookies de an\u00e1lisis: permiten cuantificar el n\u00famero de usuarios y as\u00ed realizar la medici\u00f3n y an\u00e1lisis estad\u00edstico de la utilizaci\u00f3n y actividad que hacen los usuarios de nuestra p\u00e1gina web, as\u00ed como elaborar de perfiles de navegaci\u00f3n de los usuarios en estas p\u00e1ginas y en nuestras aplicaciones, todo ello con el fin de introducir mejoras.<\/p>\n<p>&#8211;\u00a0Cookies t\u00e9cnicas: permiten al usuario la navegaci\u00f3n a trav\u00e9s de la p\u00e1gina web y la utilizaci\u00f3n de las diferentes opciones o servicios que en ella existen como, por ejemplo, controlar el tr\u00e1fico y la comunicaci\u00f3n de datos, identificar la sesi\u00f3n, acceder a partes de acceso restringido, recordar los elementos que integran un pedido, realizar el proceso de compra de un pedido, realizar la solicitud de inscripci\u00f3n o participaci\u00f3n en un evento, utilizar elementos de seguridad durante la navegaci\u00f3n o almacenar, difundir y \/ o compartir contenidos.<\/p>\n<p>El usuario tiene la posibilidad de configurar su navegador para ser avisado en pantalla de la recepci\u00f3n de cookies y para evitar su instalaci\u00f3n en su disco duro. Todos los navegadores permiten hacer cambios con el fin de desactivar la configuraci\u00f3n de las cookies. Estos ajustes se encuentran ubicados en las &#8220;opciones&#8221; o &#8220;preferencias&#8221; del men\u00fa de su navegador. A continuaci\u00f3n, podr\u00e1 encontrar los links de cada navegador para desactivar las cookies siguiendo las instrucciones:<\/p>\n<ul>\n<li><a href=\"http:\/\/windows.microsoft.com\/es-es\/windows7\/how-to-manage-cookies-in-internet-explorer-9\" target=\"_blank\" rel=\"noopener\">Explorer<\/a><\/li>\n<li><a href=\"http:\/\/goo.gl\/F5pHX\" target=\"_blank\" rel=\"noopener\">Firefox<\/a><\/li>\n<li><a href=\"http:\/\/support.google.com\/chrome\/bin\/answer.py?hl=es&amp;answer=95647\" target=\"_blank\" rel=\"noopener\">Chrome<\/a><\/li>\n<li><a href=\"http:\/\/support.apple.com\/kb\/ph5042\" target=\"_blank\" rel=\"noopener\">Safari<\/a><\/li>\n<li><a href=\"http:\/\/www.opera.com\/help\/tutorials\/security\/privacy\/\" target=\"_blank\" rel=\"noopener\">Opera<\/a><\/li>\n<\/ul>\n<p>Le informamos, sin embargo, que existe la posibilidad de que la desactivaci\u00f3n de alguna cookie impida o dificulte la navegaci\u00f3n o la prestaci\u00f3n de los servicios ofrecidos en esta web.<\/p>\n<h5>1.5. &#8211; USO DE DIRECCIONES IP<\/h5>\n<p>Para facilitar la b\u00fasqueda de recursos que creemos que son de su inter\u00e9s, puede encontrar en esta web enlaces a otras p\u00e1ginas.<\/p>\n<p>Esta pol\u00edtica de privacidad s\u00f3lo es de aplicaci\u00f3n a esta web. El responsable del tratamiento no garantiza el cumplimiento de esta pol\u00edtica en otras webs, ni se hace responsable de los accesos mediante enlaces desde este sitio.<\/p>\n","protected":false},"excerpt":{"rendered":"<p>1. PRIVACIDAD Y TRATAMIENTO DE LA INFORMACI\u00d3N 1.1.- DERECHO DE INFORMACI\u00d3N Cumpliendo con lo dispuesto en el art\u00edculo 11 de la Ley Org\u00e1nica 3\/2018 de 5 de diciembre, de Protecci\u00f3n de Datos Personales y Garant\u00edas de Derechos Digitales (en adelante LOPDGDD) y el art\u00edculo 13 del Reglamento General de Protecci\u00f3n<\/p>\n","protected":false},"author":1,"featured_media":0,"parent":0,"menu_order":0,"comment_status":"closed","ping_status":"closed","template":"","meta":[],"translation":{"provider":"WPGlobus","version":"2.7.3","language":"en","enabled_languages":["es","en","ar","it"],"languages":{"es":{"title":true,"content":true,"excerpt":false},"en":{"title":false,"content":false,"excerpt":false},"ar":{"title":false,"content":false,"excerpt":false},"it":{"title":false,"content":false,"excerpt":false}}},"yoast_head":"<!-- This site is optimized with the Yoast SEO Premium plugin v16.2 - https:\/\/yoast.com\/wordpress\/plugins\/seo\/ -->\n<title>Privacidad y protecci\u00f3n de datos de la Cl\u00ednica Nasser | Clinica nasser. Tratamiento del dolor y rehabilitaci\u00f3n Zaragoza<\/title>\n<meta name=\"description\" content=\"Cl\u00ednica Nasser es una cl\u00ednica m\u00e9dica multidisciplinar compuesta por m\u00e9dicos especialistas en tratamiento del dolor\" \/>\n<meta name=\"robots\" content=\"index, follow, max-snippet:-1, max-image-preview:large, max-video-preview:-1\" \/>\n<link rel=\"canonical\" href=\"https:\/\/clinicanasser.es\/it\/privacidad-y-proteccion-de-datos\/\" \/>\n<meta property=\"og:locale\" content=\"en_US\" \/>\n<meta property=\"og:type\" content=\"article\" \/>\n<meta property=\"og:title\" content=\"Privacidad y protecci\u00f3n de datos de la Cl\u00ednica Nasser | Clinica Nasser\" \/>\n<meta property=\"og:description\" content=\"Cl\u00ednica Nasser es una cl\u00ednica m\u00e9dica multidisciplinar compuesta por m\u00e9dicos especialistas en tratamiento del dolor\" \/>\n<meta property=\"og:url\" content=\"https:\/\/clinicanasser.es\/it\/privacidad-y-proteccion-de-datos\/\" \/>\n<meta property=\"og:site_name\" content=\"Clinica nasser. Tratamiento del dolor y rehabilitaci\u00f3n Zaragoza\" \/>\n<meta property=\"article:publisher\" content=\"https:\/\/www.facebook.com\/clinicanasserspain\/\" \/>\n<meta property=\"article:modified_time\" content=\"2021-07-27T12:53:44+00:00\" \/>\n<meta name=\"twitter:card\" content=\"summary_large_image\" \/>\n<meta name=\"twitter:label1\" content=\"Est. reading time\">\n\t<meta name=\"twitter:data1\" content=\"6 minutes\">\n<script type=\"application\/ld+json\" class=\"yoast-schema-graph\">{\"@context\":\"https:\/\/schema.org\",\"@graph\":[{\"@type\":\"Organization\",\"@id\":\"https:\/\/clinicanasser.es\/#organization\",\"name\":\"Cl\\u00ednica Nasser\",\"url\":\"https:\/\/clinicanasser.es\/\",\"sameAs\":[\"https:\/\/www.facebook.com\/clinicanasserspain\/\",\"https:\/\/www.instagram.com\/clinica_nasser\/\",\"https:\/\/www.youtube.com\/channel\/UCjOFF9Kh4GHV2vhZkZx4yog\"],\"logo\":{\"@type\":\"ImageObject\",\"@id\":\"https:\/\/clinicanasser.es\/#logo\",\"inLanguage\":\"en-US\",\"url\":\"https:\/\/clinicanasser.es\/wp-content\/uploads\/2019\/01\/Favicon-Clinica-Nasser.png\",\"contentUrl\":\"https:\/\/clinicanasser.es\/wp-content\/uploads\/2019\/01\/Favicon-Clinica-Nasser.png\",\"width\":512,\"height\":512,\"caption\":\"Cl\\u00ednica Nasser\"},\"image\":{\"@id\":\"https:\/\/clinicanasser.es\/#logo\"}},{\"@type\":\"WebSite\",\"@id\":\"https:\/\/clinicanasser.es\/#website\",\"url\":\"https:\/\/clinicanasser.es\/\",\"name\":\"Clinica nasser. Tratamiento del dolor y rehabilitaci\\u00f3n Zaragoza\",\"description\":\"Cl\\u00ednica especializada en tratamiento del dolor, rehabilitaci\\u00f3n fisico - deportiva y preparaciones f\\u00edsicas. Cl\\u00ednica en Zaragoza\",\"publisher\":{\"@id\":\"https:\/\/clinicanasser.es\/#organization\"},\"potentialAction\":[{\"@type\":\"SearchAction\",\"target\":\"https:\/\/clinicanasser.es\/?s={search_term_string}\",\"query-input\":\"required name=search_term_string\"}],\"inLanguage\":\"en-US\"},{\"@type\":\"WebPage\",\"@id\":\"https:\/\/clinicanasser.es\/it\/privacidad-y-proteccion-de-datos\/#webpage\",\"url\":\"https:\/\/clinicanasser.es\/it\/privacidad-y-proteccion-de-datos\/\",\"name\":\"Privacidad y protecci\\u00f3n de datos de la Cl\\u00ednica Nasser | Clinica Nasser\",\"isPartOf\":{\"@id\":\"https:\/\/clinicanasser.es\/#website\"},\"datePublished\":\"2020-11-12T12:03:28+00:00\",\"dateModified\":\"2021-07-27T12:53:44+00:00\",\"description\":\"Cl\\u00ednica Nasser es una cl\\u00ednica m\\u00e9dica multidisciplinar compuesta por m\\u00e9dicos especialistas en tratamiento del dolor\",\"breadcrumb\":{\"@id\":\"https:\/\/clinicanasser.es\/it\/privacidad-y-proteccion-de-datos\/#breadcrumb\"},\"inLanguage\":\"en-US\",\"potentialAction\":[{\"@type\":\"ReadAction\",\"target\":[\"https:\/\/clinicanasser.es\/it\/privacidad-y-proteccion-de-datos\/\"]}]},{\"@type\":\"BreadcrumbList\",\"@id\":\"https:\/\/clinicanasser.es\/it\/privacidad-y-proteccion-de-datos\/#breadcrumb\",\"itemListElement\":[{\"@type\":\"ListItem\",\"position\":1,\"item\":{\"@type\":\"WebPage\",\"@id\":\"https:\/\/clinicanasser.es\/\",\"url\":\"https:\/\/clinicanasser.es\/\",\"name\":\"Inicio\"}},{\"@type\":\"ListItem\",\"position\":2,\"item\":{\"@id\":\"https:\/\/clinicanasser.es\/it\/privacidad-y-proteccion-de-datos\/#webpage\"}}]}]}<\/script>\n<!-- \/ Yoast SEO Premium plugin. -->","_links":{"self":[{"href":"https:\/\/clinicanasser.es\/en\/wp-json\/wp\/v2\/pages\/6331"}],"collection":[{"href":"https:\/\/clinicanasser.es\/en\/wp-json\/wp\/v2\/pages"}],"about":[{"href":"https:\/\/clinicanasser.es\/en\/wp-json\/wp\/v2\/types\/page"}],"author":[{"embeddable":true,"href":"https:\/\/clinicanasser.es\/en\/wp-json\/wp\/v2\/users\/1"}],"replies":[{"embeddable":true,"href":"https:\/\/clinicanasser.es\/en\/wp-json\/wp\/v2\/comments?post=6331"}],"version-history":[{"count":5,"href":"https:\/\/clinicanasser.es\/en\/wp-json\/wp\/v2\/pages\/6331\/revisions"}],"predecessor-version":[{"id":9276,"href":"https:\/\/clinicanasser.es\/en\/wp-json\/wp\/v2\/pages\/6331\/revisions\/9276"}],"wp:attachment":[{"href":"https:\/\/clinicanasser.es\/en\/wp-json\/wp\/v2\/media?parent=6331"}],"curies":[{"name":"wp","href":"https:\/\/api.w.org\/{rel}","templated":true}]}}