{"id":6312,"date":"2020-11-10T15:03:33","date_gmt":"2020-11-10T13:03:33","guid":{"rendered":"https:\/\/clinicanasser.es\/?page_id=6312"},"modified":"2021-07-27T13:14:19","modified_gmt":"2021-07-27T11:14:19","slug":"codigo-de-buena-conducta","status":"publish","type":"page","link":"https:\/\/clinicanasser.es\/en\/codigo-de-buena-conducta\/","title":{"rendered":"Codigo de buena conducta"},"content":{"rendered":"<p>Durante los m\u00e1s de 30 a\u00f1os que llevamos trabajando al servicio del paciente, hemos sabido adaptarnos a los cambios que la sociedad ha vivido y hemos evolucionado y crecido con ella. Como el equipo altamente cualificado que compone Cl\u00ednica Nasser, nuestra experiencia nos ha llevado a ofrecer un servicio m\u00e9dico y humano de excelencia.\u00a0 Y es que para nosotros, como profesionales sanitarios, lo m\u00e1s importante es el bienestar de nuestros pacientes.<\/p>\n<h2>Valores<\/h2>\n<p>Los principales valores de Cl\u00ednica Nasser son:<\/p>\n<ul>\n<li>La profesionalidad<\/li>\n<li>El respeto a las personas<\/li>\n<li>La igualdad<\/li>\n<li>La legalidad<\/li>\n<li>La privacidad<\/li>\n<\/ul>\n<p>Sobre ellos se estructura el c\u00f3digo de buena conducta que nos disponemos a desarrollar, de obligado cumplimiento para todos los profesionales que conforman el equipo de Cl\u00ednica Nasser.<\/p>\n<p>&nbsp;<\/p>\n<h2>Profesionalidad<\/h2>\n<p>Nuestro compromiso y garant\u00eda es que nuestros pacientes queden completamente satisfechos, haciendo un gran esfuerzo por prestar el servicio m\u00e1s eficaz, transparente y de m\u00e1xima calidad posible. Dado que somos un trabajo que colabora en la rueda de la salud de todas las personas, nunca se deben priorizar los intereses individuales. El objetivo siempre va a ser buscar la mejora en el paciente.<\/p>\n<h2>Respeto a las personas<\/h2>\n<p>Y no debe haber otra forma de conseguir esa mejora en la salud del paciente que el trabajo realizado desde el m\u00e1ximo respeto. Cada paciente es \u00fanico y se debe contemplar su situaci\u00f3n personal para ofrecerle la soluci\u00f3n m\u00e1s adecuada. Nuestro\u00a0objetivo final es el de lograr la mejora calidad de vida posible para el paciente y, por ende, para su familia. El paciente tiene el derecho de estar al corriente de su evoluci\u00f3n y de participar en la toma de decisiones que afectan su tratamiento.<\/p>\n<h2>Igualdad<\/h2>\n<p>En Cl\u00ednica Nasser no cabe la discriminaci\u00f3n por raz\u00f3n de sexo, raza, religi\u00f3n, orientaci\u00f3n sexual ni ning\u00fan otro tipo de exclusi\u00f3n social. Y por ello, todas las personas ser\u00e1n atendidas y tratadas con la m\u00e1xima calidad de servicio, sin distinciones. Ante la sociedad diversa en la que vivimos,\u00a0debemos asegurar que\u00a0actividades respeten siempre todas las tradiciones culturales y sociales de las personas a las que atendemos. Por todo ello, garantizamos el principio de no discriminaci\u00f3n.<\/p>\n<h2>Legalidad<\/h2>\n<p>El compromiso de Cl\u00ednica Nasser en el cumplimiento de la legislaci\u00f3n vigente es m\u00e1ximo. Por la actividad que realizamos, nos vemos especialmente vinculados con las normas que regulan ciertos principios: Los derechos de los trabajadores, la titulaci\u00f3n de nuestros profesionales, la seguridad laboral, el medio ambiente, el pago correcto de impuestos aplicables, la competencia justa&#8230;<\/p>\n<h2>Privacidad<\/h2>\n<p>Los profesionales de Cl\u00ednica Nasser deben\u00a0guardar secreto profesional respecto a los datos o informaci\u00f3n no p\u00fablicos que conozcan como<br \/>\nconsecuencia del ejercicio de su actividad profesional en la cl\u00ednica. Asimismo, los profesionales que accedan a datos de<br \/>\ncar\u00e1cter personal de pacientes u otros profesionales, deber\u00e1n garantizar el derecho a su intimidad y mantener la confidencialidad de tales datos, de conformidad con el cumplimiento a lo establecido en la legislaci\u00f3n vigente sobre protecci\u00f3n de datos de car\u00e1cter personal, sin perjuicio de la atenci\u00f3n de requerimientos formulados por autoridades competentes seg\u00fan la normativa aplicable.<\/p>\n","protected":false},"excerpt":{"rendered":"<p>Durante los m\u00e1s de 30 a\u00f1os que llevamos trabajando al servicio del paciente, hemos sabido adaptarnos a los cambios que la sociedad ha vivido y hemos evolucionado y crecido con ella. Como el equipo altamente cualificado que compone Cl\u00ednica Nasser, nuestra experiencia nos ha llevado a ofrecer un servicio m\u00e9dico<\/p>\n","protected":false},"author":1,"featured_media":0,"parent":0,"menu_order":0,"comment_status":"closed","ping_status":"closed","template":"","meta":[],"translation":{"provider":"WPGlobus","version":"2.7.3","language":"en","enabled_languages":["es","en","ar","it"],"languages":{"es":{"title":true,"content":true,"excerpt":false},"en":{"title":false,"content":false,"excerpt":false},"ar":{"title":false,"content":false,"excerpt":false},"it":{"title":false,"content":false,"excerpt":false}}},"yoast_head":"<!-- This site is optimized with the Yoast SEO Premium plugin v16.2 - https:\/\/yoast.com\/wordpress\/plugins\/seo\/ -->\n<title>Codigo de buena Conducta de la Clinica Nasser | Clinica Nasser<\/title>\n<meta name=\"description\" content=\"Cl\u00ednica Nasser es una cl\u00ednica m\u00e9dica multidisciplinar compuesta por m\u00e9dicos especialistas en tratamiento del dolor y medicina biol\u00f3gica\" \/>\n<meta name=\"robots\" content=\"index, follow, max-snippet:-1, max-image-preview:large, max-video-preview:-1\" \/>\n<link rel=\"canonical\" href=\"https:\/\/clinicanasser.es\/codigo-de-buena-conducta\/\" \/>\n<meta property=\"og:locale\" content=\"en_US\" \/>\n<meta property=\"og:type\" content=\"article\" \/>\n<meta property=\"og:title\" content=\"Codigo de buena Conducta de la Clinica Nasser | Clinica Nasser\" \/>\n<meta property=\"og:description\" content=\"Cl\u00ednica Nasser es una cl\u00ednica m\u00e9dica multidisciplinar compuesta por m\u00e9dicos especialistas en tratamiento del dolor y medicina biol\u00f3gica\" \/>\n<meta property=\"og:url\" content=\"https:\/\/clinicanasser.es\/codigo-de-buena-conducta\/\" \/>\n<meta property=\"og:site_name\" content=\"Clinica nasser. Tratamiento del dolor y rehabilitaci\u00f3n Zaragoza\" \/>\n<meta property=\"article:publisher\" content=\"https:\/\/www.facebook.com\/clinicanasserspain\/\" \/>\n<meta property=\"article:modified_time\" content=\"2021-07-27T11:14:19+00:00\" \/>\n<meta name=\"twitter:card\" content=\"summary_large_image\" \/>\n<meta name=\"twitter:label1\" content=\"Est. reading time\">\n\t<meta name=\"twitter:data1\" content=\"3 minutes\">\n<script type=\"application\/ld+json\" class=\"yoast-schema-graph\">{\"@context\":\"https:\/\/schema.org\",\"@graph\":[{\"@type\":\"Organization\",\"@id\":\"https:\/\/clinicanasser.es\/#organization\",\"name\":\"Cl\\u00ednica Nasser\",\"url\":\"https:\/\/clinicanasser.es\/\",\"sameAs\":[\"https:\/\/www.facebook.com\/clinicanasserspain\/\",\"https:\/\/www.instagram.com\/clinica_nasser\/\",\"https:\/\/www.youtube.com\/channel\/UCjOFF9Kh4GHV2vhZkZx4yog\"],\"logo\":{\"@type\":\"ImageObject\",\"@id\":\"https:\/\/clinicanasser.es\/#logo\",\"inLanguage\":\"en-US\",\"url\":\"https:\/\/clinicanasser.es\/wp-content\/uploads\/2019\/01\/Favicon-Clinica-Nasser.png\",\"contentUrl\":\"https:\/\/clinicanasser.es\/wp-content\/uploads\/2019\/01\/Favicon-Clinica-Nasser.png\",\"width\":512,\"height\":512,\"caption\":\"Cl\\u00ednica Nasser\"},\"image\":{\"@id\":\"https:\/\/clinicanasser.es\/#logo\"}},{\"@type\":\"WebSite\",\"@id\":\"https:\/\/clinicanasser.es\/#website\",\"url\":\"https:\/\/clinicanasser.es\/\",\"name\":\"Clinica nasser. Tratamiento del dolor y rehabilitaci\\u00f3n Zaragoza\",\"description\":\"Cl\\u00ednica especializada en tratamiento del dolor, rehabilitaci\\u00f3n fisico - deportiva y preparaciones f\\u00edsicas. Cl\\u00ednica en Zaragoza\",\"publisher\":{\"@id\":\"https:\/\/clinicanasser.es\/#organization\"},\"potentialAction\":[{\"@type\":\"SearchAction\",\"target\":\"https:\/\/clinicanasser.es\/?s={search_term_string}\",\"query-input\":\"required name=search_term_string\"}],\"inLanguage\":\"en-US\"},{\"@type\":\"WebPage\",\"@id\":\"https:\/\/clinicanasser.es\/codigo-de-buena-conducta\/#webpage\",\"url\":\"https:\/\/clinicanasser.es\/codigo-de-buena-conducta\/\",\"name\":\"Codigo de buena Conducta de la Clinica Nasser | Clinica Nasser\",\"isPartOf\":{\"@id\":\"https:\/\/clinicanasser.es\/#website\"},\"datePublished\":\"2020-11-10T13:03:33+00:00\",\"dateModified\":\"2021-07-27T11:14:19+00:00\",\"description\":\"Cl\\u00ednica Nasser es una cl\\u00ednica m\\u00e9dica multidisciplinar compuesta por m\\u00e9dicos especialistas en tratamiento del dolor y medicina biol\\u00f3gica\",\"breadcrumb\":{\"@id\":\"https:\/\/clinicanasser.es\/codigo-de-buena-conducta\/#breadcrumb\"},\"inLanguage\":\"en-US\",\"potentialAction\":[{\"@type\":\"ReadAction\",\"target\":[\"https:\/\/clinicanasser.es\/codigo-de-buena-conducta\/\"]}]},{\"@type\":\"BreadcrumbList\",\"@id\":\"https:\/\/clinicanasser.es\/codigo-de-buena-conducta\/#breadcrumb\",\"itemListElement\":[{\"@type\":\"ListItem\",\"position\":1,\"item\":{\"@type\":\"WebPage\",\"@id\":\"https:\/\/clinicanasser.es\/\",\"url\":\"https:\/\/clinicanasser.es\/\",\"name\":\"Inicio\"}},{\"@type\":\"ListItem\",\"position\":2,\"item\":{\"@id\":\"https:\/\/clinicanasser.es\/codigo-de-buena-conducta\/#webpage\"}}]}]}<\/script>\n<!-- \/ Yoast SEO Premium plugin. -->","_links":{"self":[{"href":"https:\/\/clinicanasser.es\/en\/wp-json\/wp\/v2\/pages\/6312"}],"collection":[{"href":"https:\/\/clinicanasser.es\/en\/wp-json\/wp\/v2\/pages"}],"about":[{"href":"https:\/\/clinicanasser.es\/en\/wp-json\/wp\/v2\/types\/page"}],"author":[{"embeddable":true,"href":"https:\/\/clinicanasser.es\/en\/wp-json\/wp\/v2\/users\/1"}],"replies":[{"embeddable":true,"href":"https:\/\/clinicanasser.es\/en\/wp-json\/wp\/v2\/comments?post=6312"}],"version-history":[{"count":4,"href":"https:\/\/clinicanasser.es\/en\/wp-json\/wp\/v2\/pages\/6312\/revisions"}],"predecessor-version":[{"id":6316,"href":"https:\/\/clinicanasser.es\/en\/wp-json\/wp\/v2\/pages\/6312\/revisions\/6316"}],"wp:attachment":[{"href":"https:\/\/clinicanasser.es\/en\/wp-json\/wp\/v2\/media?parent=6312"}],"curies":[{"name":"wp","href":"https:\/\/api.w.org\/{rel}","templated":true}]}}