{"id":4480,"date":"2018-08-27T07:57:41","date_gmt":"2018-08-27T07:57:41","guid":{"rendered":"https:\/\/clinicanasser.es\/?page_id=4480"},"modified":"2021-10-04T11:50:31","modified_gmt":"2021-10-04T09:50:31","slug":"area-medica","status":"publish","type":"page","link":"https:\/\/clinicanasser.es\/en\/area-medica\/","title":{"rendered":"Medical field"},"content":{"rendered":"<p>[vc_row][vc_column][vc_toggle title=&#8221;Pain treatment&#8221; style=&#8221;arrow&#8221;]At<b>\u00a0<\/b><b>Cl\u00ednica Nasser,<\/b>\u00a0we offer\u00a0<b>personalized care to the patient\u00a0<\/b>by performing a biomechanical study and carrying out a diagnosis of the\u00a0<b>different causes of the injury<\/b>, we then relate the causes of the pathology or the disease to physical or psychological factors.<\/p>\n<p><b>We use non-aggressive techniques to eliminate or alleviate bone, joint, muscle, neurological (sciatica, herniated discs) pain, sports injuries<\/b>, etc\u2026 both as a symptom or as a disease.<\/p>\n<p><a href=\"https:\/\/clinicanasser.es\/en\/tratamiento-del-dolor\/\" target=\"_blank\" rel=\"noopener\">SEE MORE<\/a>[\/vc_toggle][vc_empty_space height=&#8221;16px&#8221;][vc_single_image image=&#8221;9708&#8243; img_size=&#8221;full&#8221; alignment=&#8221;center&#8221; onclick=&#8221;custom_link&#8221; img_link_target=&#8221;_blank&#8221; link=&#8221;https:\/\/clinicanasser.es\/tratamiento-del-dolor\/&#8221;][vc_empty_space height=&#8221;64px&#8221;][\/vc_column][\/vc_row][vc_row][vc_column][vc_toggle title=&#8221;Active rejuvenation&#8221; style=&#8221;arrow&#8221;]At\u00a0<b>Cl\u00ednica Nasser<\/b>\u00a0we want our elders to feel good, alive, young and agile. That is why our team of qualified professionals have designed an\u00a0<b>active rejuvenation<\/b>\u00a0program for our seniors. This program helps the elderly, starting at the age of 60,\u00a0<b>feel young, alive, and energetic, with the goal of leaving with a smile, ready to go on a run<\/b>.<span class=\"Apple-converted-space\">\u00a0<\/span><\/p>\n<p><a href=\"https:\/\/clinicanasser.es\/en\/rejuvenecimiento-activo\/\" target=\"_blank\" rel=\"noopener\">SEE MORE<\/a>[\/vc_toggle][vc_empty_space height=&#8221;16px&#8221;][vc_single_image image=&#8221;9709&#8243; img_size=&#8221;full&#8221; alignment=&#8221;center&#8221; onclick=&#8221;custom_link&#8221; img_link_target=&#8221;_blank&#8221; link=&#8221;https:\/\/clinicanasser.es\/rejuvenecimiento-activo\/&#8221;][vc_empty_space height=&#8221;64px&#8221;][\/vc_column][\/vc_row][vc_row][vc_column][vc_toggle title=&#8221;Physiotherapy&#8221; style=&#8221;arrow&#8221;]At Cl\u00ednica Nasser, we offer our patients a personalized\u00a0<b>physiotherapy treatment<\/b>\u00a0based on their individual needs with the objective of carrying it out as\u00a0<b>effectively as possible to eliminate pain and recover the treatment area.<\/b><\/p>\n<p><a href=\"https:\/\/clinicanasser.es\/en\/fisioterapia\/\" target=\"_blank\" rel=\"noopener\">SEE MORE<\/a>[\/vc_toggle][vc_empty_space height=&#8221;16px&#8221;][vc_single_image image=&#8221;9710&#8243; img_size=&#8221;full&#8221; alignment=&#8221;center&#8221; onclick=&#8221;custom_link&#8221; img_link_target=&#8221;_blank&#8221; link=&#8221;https:\/\/clinicanasser.es\/fisioterapia\/&#8221;][vc_empty_space height=&#8221;64px&#8221;][\/vc_column][\/vc_row][vc_row][vc_column][vc_toggle title=&#8221;Osteopathy&#8221; style=&#8221;arrow&#8221;]<b>Osteopathy\u00a0<\/b>is a manual therapeutic discipline, which focuses on the\u00a0<b>internal structure of the body<\/b>\u00a0and which is used in the\u00a0<b>treatment of soft tissues and joint corrections<\/b>.<\/p>\n<p>In Cl\u00ednica Nasser, we provide the space to treat different ailments for any patient who comes our way.\u00a0<b>Our main objective is to eliminate pain using careful treatments so that our patients never have to suffer again.<span class=\"Apple-converted-space\">\u00a0<\/span><\/b><\/p>\n<p><a href=\"https:\/\/clinicanasser.es\/en\/osteopatia\/\" target=\"_blank\" rel=\"noopener\">SEE MORE<\/a>[\/vc_toggle][vc_empty_space height=&#8221;16px&#8221;][vc_single_image image=&#8221;9765&#8243; img_size=&#8221;full&#8221; alignment=&#8221;center&#8221; onclick=&#8221;custom_link&#8221; img_link_target=&#8221;_blank&#8221; link=&#8221;https:\/\/clinicanasser.es\/osteopatia\/&#8221;][vc_empty_space height=&#8221;64px&#8221;][\/vc_column][\/vc_row][vc_row][vc_column][vc_toggle title=&#8221;Medical examinations&#8221; style=&#8221;arrow&#8221;]The main objective of the sports section at\u00a0<b>Cl\u00ednica Nasser<\/b>\u00a0is to protect and ensure our patients\u2019 health and to obtain the m<b>aximum performance of athletes<\/b>\u00a0and patients in general. For this reason, we perform different\u00a0<b>controls on a regular basis<\/b>\u00a0through\u00a0<b>medical-sporting\u00a0<\/b>examinations for patients who wish to enhance and promote their physical performance.<\/p>\n<p><a href=\"https:\/\/clinicanasser.es\/en\/reconocimientos-medicos\/\" target=\"_blank\" rel=\"noopener\">SEE MORE<\/a>[\/vc_toggle][vc_empty_space height=&#8221;16px&#8221;][vc_single_image image=&#8221;9712&#8243; img_size=&#8221;full&#8221; alignment=&#8221;center&#8221; onclick=&#8221;custom_link&#8221; img_link_target=&#8221;_blank&#8221; link=&#8221;https:\/\/clinicanasser.es\/reconocimientos-medicos\/&#8221;][vc_empty_space height=&#8221;64px&#8221;][\/vc_column][\/vc_row][vc_row][vc_column][vc_toggle title=&#8221;The health of a company&#8221; style=&#8221;arrow&#8221;]We offer companies a comprehensive health service to achieve a work environment based on well-being. We perform personalized treatments and adapt them to our clients, using the following procedure<\/p>\n<p><a href=\"https:\/\/clinicanasser.es\/salud-en-la-empresa\/\" target=\"_blank\" rel=\"noopener\">SEE MORE<\/a>[\/vc_toggle][vc_empty_space height=&#8221;16px&#8221;][vc_single_image image=&#8221;9726&#8243; img_size=&#8221;full&#8221; alignment=&#8221;center&#8221; onclick=&#8221;custom_link&#8221; img_link_target=&#8221;_blank&#8221; link=&#8221;https:\/\/clinicanasser.es\/salud-en-la-empresa\/&#8221;][vc_empty_space height=&#8221;64px&#8221;][\/vc_column][\/vc_row]<\/p>\n","protected":false},"excerpt":{"rendered":"<p>[vc_row][vc_column][vc_toggle title=&#8221;Pain treatment&#8221; style=&#8221;arrow&#8221;]At\u00a0Cl\u00ednica Nasser,\u00a0we offer\u00a0personalized care to the patient\u00a0by performing a biomechanical study and carrying out a diagnosis of the\u00a0different causes of the injury, we then relate the causes of the pathology or the disease to physical or psychological factors. We use non-aggressive techniques to eliminate or alleviate bone,<\/p>\n","protected":false},"author":1,"featured_media":0,"parent":0,"menu_order":0,"comment_status":"closed","ping_status":"closed","template":"","meta":[],"translation":{"provider":"WPGlobus","version":"2.7.3","language":"en","enabled_languages":["es","en","ar","it"],"languages":{"es":{"title":true,"content":true,"excerpt":false},"en":{"title":true,"content":true,"excerpt":false},"ar":{"title":false,"content":false,"excerpt":false},"it":{"title":true,"content":true,"excerpt":false}}},"yoast_head":"<!-- This site is optimized with the Yoast SEO Premium plugin v16.2 - https:\/\/yoast.com\/wordpress\/plugins\/seo\/ -->\n<title>Services included in the Medical Field of the Nasser Clinic<\/title>\n<meta name=\"description\" content=\"Estamos especializados en el dolor, la rehabilitaci\u00f3n, la medicina deportiva, la preparaci\u00f3n f\u00edsica y la fisioterapia\" \/>\n<meta name=\"robots\" content=\"index, follow, max-snippet:-1, max-image-preview:large, max-video-preview:-1\" \/>\n<link rel=\"canonical\" href=\"https:\/\/clinicanasser.es\/it\/area-medica\/\" \/>\n<meta property=\"og:locale\" content=\"en_US\" \/>\n<meta property=\"og:type\" content=\"article\" \/>\n<meta property=\"og:title\" content=\"Servizi compresi nell&#039;Area Medica della Clinica Nasser\" \/>\n<meta property=\"og:description\" content=\"Estamos especializados en el dolor, la rehabilitaci\u00f3n, la medicina deportiva, la preparaci\u00f3n f\u00edsica y la fisioterapia\" \/>\n<meta property=\"og:url\" content=\"https:\/\/clinicanasser.es\/it\/area-medica\/\" \/>\n<meta property=\"og:site_name\" content=\"Clinica nasser. Tratamiento del dolor y rehabilitaci\u00f3n Zaragoza\" \/>\n<meta property=\"article:publisher\" content=\"https:\/\/www.facebook.com\/clinicanasserspain\/\" \/>\n<meta property=\"article:modified_time\" content=\"2021-10-04T09:50:31+00:00\" \/>\n<meta name=\"twitter:card\" content=\"summary_large_image\" \/>\n<meta name=\"twitter:label1\" content=\"Est. reading time\">\n\t<meta name=\"twitter:data1\" content=\"2 minutes\">\n<script type=\"application\/ld+json\" class=\"yoast-schema-graph\">{\"@context\":\"https:\/\/schema.org\",\"@graph\":[{\"@type\":\"Organization\",\"@id\":\"https:\/\/clinicanasser.es\/#organization\",\"name\":\"Cl\\u00ednica Nasser\",\"url\":\"https:\/\/clinicanasser.es\/\",\"sameAs\":[\"https:\/\/www.facebook.com\/clinicanasserspain\/\",\"https:\/\/www.instagram.com\/clinica_nasser\/\",\"https:\/\/www.youtube.com\/channel\/UCjOFF9Kh4GHV2vhZkZx4yog\"],\"logo\":{\"@type\":\"ImageObject\",\"@id\":\"https:\/\/clinicanasser.es\/#logo\",\"inLanguage\":\"en-US\",\"url\":\"https:\/\/clinicanasser.es\/wp-content\/uploads\/2019\/01\/Favicon-Clinica-Nasser.png\",\"contentUrl\":\"https:\/\/clinicanasser.es\/wp-content\/uploads\/2019\/01\/Favicon-Clinica-Nasser.png\",\"width\":512,\"height\":512,\"caption\":\"Cl\\u00ednica Nasser\"},\"image\":{\"@id\":\"https:\/\/clinicanasser.es\/#logo\"}},{\"@type\":\"WebSite\",\"@id\":\"https:\/\/clinicanasser.es\/#website\",\"url\":\"https:\/\/clinicanasser.es\/\",\"name\":\"Clinica nasser. Tratamiento del dolor y rehabilitaci\\u00f3n Zaragoza\",\"description\":\"Cl\\u00ednica especializada en tratamiento del dolor, rehabilitaci\\u00f3n fisico - deportiva y preparaciones f\\u00edsicas. Cl\\u00ednica en Zaragoza\",\"publisher\":{\"@id\":\"https:\/\/clinicanasser.es\/#organization\"},\"potentialAction\":[{\"@type\":\"SearchAction\",\"target\":\"https:\/\/clinicanasser.es\/?s={search_term_string}\",\"query-input\":\"required name=search_term_string\"}],\"inLanguage\":\"en-US\"},{\"@type\":\"WebPage\",\"@id\":\"https:\/\/clinicanasser.es\/it\/area-medica\/#webpage\",\"url\":\"https:\/\/clinicanasser.es\/it\/area-medica\/\",\"name\":\"Servizi compresi nell'Area Medica della Clinica Nasser\",\"isPartOf\":{\"@id\":\"https:\/\/clinicanasser.es\/#website\"},\"datePublished\":\"2018-08-27T07:57:41+00:00\",\"dateModified\":\"2021-10-04T09:50:31+00:00\",\"description\":\"Estamos especializados en el dolor, la rehabilitaci\\u00f3n, la medicina deportiva, la preparaci\\u00f3n f\\u00edsica y la fisioterapia\",\"breadcrumb\":{\"@id\":\"https:\/\/clinicanasser.es\/it\/area-medica\/#breadcrumb\"},\"inLanguage\":\"en-US\",\"potentialAction\":[{\"@type\":\"ReadAction\",\"target\":[\"https:\/\/clinicanasser.es\/it\/area-medica\/\"]}]},{\"@type\":\"BreadcrumbList\",\"@id\":\"https:\/\/clinicanasser.es\/it\/area-medica\/#breadcrumb\",\"itemListElement\":[{\"@type\":\"ListItem\",\"position\":1,\"item\":{\"@type\":\"WebPage\",\"@id\":\"https:\/\/clinicanasser.es\/\",\"url\":\"https:\/\/clinicanasser.es\/\",\"name\":\"Inicio\"}},{\"@type\":\"ListItem\",\"position\":2,\"item\":{\"@id\":\"https:\/\/clinicanasser.es\/it\/area-medica\/#webpage\"}}]}]}<\/script>\n<!-- \/ Yoast SEO Premium plugin. -->","_links":{"self":[{"href":"https:\/\/clinicanasser.es\/en\/wp-json\/wp\/v2\/pages\/4480"}],"collection":[{"href":"https:\/\/clinicanasser.es\/en\/wp-json\/wp\/v2\/pages"}],"about":[{"href":"https:\/\/clinicanasser.es\/en\/wp-json\/wp\/v2\/types\/page"}],"author":[{"embeddable":true,"href":"https:\/\/clinicanasser.es\/en\/wp-json\/wp\/v2\/users\/1"}],"replies":[{"embeddable":true,"href":"https:\/\/clinicanasser.es\/en\/wp-json\/wp\/v2\/comments?post=4480"}],"version-history":[{"count":54,"href":"https:\/\/clinicanasser.es\/en\/wp-json\/wp\/v2\/pages\/4480\/revisions"}],"predecessor-version":[{"id":9768,"href":"https:\/\/clinicanasser.es\/en\/wp-json\/wp\/v2\/pages\/4480\/revisions\/9768"}],"wp:attachment":[{"href":"https:\/\/clinicanasser.es\/en\/wp-json\/wp\/v2\/media?parent=4480"}],"curies":[{"name":"wp","href":"https:\/\/api.w.org\/{rel}","templated":true}]}}