{"id":11522,"date":"2024-01-05T09:55:23","date_gmt":"2024-01-05T07:55:23","guid":{"rendered":"https:\/\/clinicanasser.es\/area-infantil-fisioterapia-pediatrica-deportiva-copy\/"},"modified":"2024-01-05T14:54:24","modified_gmt":"2024-01-05T12:54:24","slug":"reconocimientos-medicos-biomecanicos-funcionales-ninos","status":"publish","type":"page","link":"https:\/\/clinicanasser.es\/en\/reconocimientos-medicos-biomecanicos-funcionales-ninos\/","title":{"rendered":"\u00c1rea infantil. Reconocimientos m\u00e9dicos biomecanicos funcionales"},"content":{"rendered":"<p>[vc_row][vc_column][rev_slider_vc alias=&#8221;reconocimientos-medicos-ninos&#8221;][\/vc_column][\/vc_row][vc_row css=&#8221;.vc_custom_1602845009473{padding-right: 0px !important;padding-left: 0px !important;}&#8221;][vc_column width=&#8221;1\/3&#8243; css=&#8221;.vc_custom_1501817776324{padding-right: 0px !important;padding-left: 0px !important;}&#8221;][cms_fancybox_single fancy_style=&#8221;style-2&#8243; background_color=&#8221;#249cd2&#8243; top_overlap=&#8221;1&#8243; top_background_color=&#8221;rgba(255,255,255,0.1)&#8221; title_item=&#8221;OPTIMIZACI\u00d3N DE LA SALUD BIOMEC\u00c1NICA INFANTIL&#8221; cms_template=&#8221;cms_fancybox_single.php&#8221; description_item=&#8221;GARANTIZAMOS UNA EVALUACI\u00d3N DETALLADA PARA MEJORAR POSTURA Y DESARROLLO F\u00cdSICO<br \/>\nEnfoque en corregir deficiencias posturales en ni\u00f1os en pleno crecimiento.<br \/>\nEstrategia perfecta para padres preocupados por la salud y desarrollo f\u00edsico de sus hijos.<br \/>\n&#8221; link=&#8221;url:https%3A%2F%2Fclinicanasser.es%2Fproducto%2Freconocimiento-medico-biomecanico-funcional-para-ninos%2F|title:Reserva%20el%20reconocimiento||&#8221;][\/vc_column][vc_column width=&#8221;1\/3&#8243; css=&#8221;.vc_custom_1501817783987{padding-right: 0px !important;padding-left: 0px !important;}&#8221;][cms_fancybox_single fancy_style=&#8221;style-2&#8243; background_color=&#8221;#027fc2&#8243; top_overlap=&#8221;1&#8243; top_background_color=&#8221;rgba(255,255,255,0.1)&#8221; title_item=&#8221;PREVENCI\u00d3N Y DETECCI\u00d3N PRECOZ DE LESIONES&#8221; cms_template=&#8221;cms_fancybox_single.php&#8221; description_item=&#8221;CUIDA EL BIENESTAR Y LA SALUD DEPORTIVA A LARGO PLAZO DE TU HIJO\/A<br \/>\nIdentificaci\u00f3n de alteraciones asintom\u00e1ticas en el aparato locomotor durante esta etapa crucial.<br \/>\nEnfoque proactivo en la prevenci\u00f3n de lesiones y desviaciones de columna, asegurando una salud estructural s\u00f3lida.&#8221; link=&#8221;url:https%3A%2F%2Fclinicanasser.es%2Fproducto%2Freconocimiento-medico-biomecanico-funcional-para-ninos%2F|title:Reserva%20el%20reconocimiento||&#8221;][\/vc_column][vc_column width=&#8221;1\/3&#8243; css=&#8221;.vc_custom_1501817799725{padding-right: 0px !important;padding-left: 0px !important;}&#8221;][cms_fancybox_single fancy_style=&#8221;style-2&#8243; background_color=&#8221;#249cd2&#8243; top_overlap=&#8221;1&#8243; top_background_color=&#8221;rgba(255,255,255,0.1)&#8221; title_item=&#8221;POTENCIA Y COORDINACI\u00d3N MEJORADAS&#8221; cms_template=&#8221;cms_fancybox_single.php&#8221; description_item=&#8221;DESARROLLAMOS HABILIDADES ESENCIALES PARA PATRONES DE MOVIMIENTO ESENCIALES<br \/>\nDin\u00e1micas especializadas para mejorar la coordinaci\u00f3n, potencia y fuerza en ni\u00f1os.<br \/>\nPreparamos a los ni\u00f1os para enfrentar desaf\u00edos deportivos y llevar un estilo de vida activo y \u00e1gil.&#8221; link=&#8221;url:https%3A%2F%2Fclinicanasser.es%2Fproducto%2Freconocimiento-medico-biomecanico-funcional-para-ninos%2F|title:Reserva%20el%20reconocimiento||&#8221;][\/vc_column][\/vc_row][vc_row][vc_column][vc_empty_space height=&#8221;60px&#8221;][vc_video link=&#8221;https:\/\/youtu.be\/8R5MuviVd-I&#8221; align=&#8221;center&#8221;][\/vc_column][\/vc_row][vc_row css=&#8221;.vc_custom_1629793205484{margin-top: 10px !important;margin-bottom: 10px !important;}&#8221; el_id=&#8221;plan-infantil&#8221;][vc_column width=&#8221;1\/4&#8243; data_delay=&#8221;&#8221;][vc_empty_space height=&#8221;60px&#8221;][vc_raw_html el_class=&#8221;short-embed&#8221;]JTNDaWZyYW1lJTIwd2lkdGglM0QlMjI0NDUlMjIlMjBoZWlnaHQlM0QlMjI3OTElMjIlMjBzcmMlM0QlMjJodHRwcyUzQSUyRiUyRnd3dy55b3V0dWJlLmNvbSUyRmVtYmVkJTJGYkhIU3dpYU5DbTglMjIlMjB0aXRsZSUzRCUyMkltcG9ydGFuY2lhJTIwZGUlMjBlc3RvcyUyMHJlY29ub2NpbWllbnRvcyUyMG1lZGljb3MlMjBiaW9tZWNhbmljb3MlMjBmdW5jaW9uYWxlcyUyMGluZmFudGlsZXMlMjIlMjBmcmFtZWJvcmRlciUzRCUyMjAlMjIlMjBhbGxvdyUzRCUyMmFjY2VsZXJvbWV0ZXIlM0IlMjBhdXRvcGxheSUzQiUyMGNsaXBib2FyZC13cml0ZSUzQiUyMGVuY3J5cHRlZC1tZWRpYSUzQiUyMGd5cm9zY29wZSUzQiUyMHBpY3R1cmUtaW4tcGljdHVyZSUzQiUyMHdlYi1zaGFyZSUyMiUyMGFsbG93ZnVsbHNjcmVlbiUzRSUzQyUyRmlmcmFtZSUzRQ==[\/vc_raw_html][\/vc_column][vc_column width=&#8221;1\/2&#8243;][vc_empty_space height=&#8221;60px&#8221;][vc_custom_heading text=&#8221;OBJETIVO DEL PROGRAMA&#8221; font_container=&#8221;tag:h4|text_align:center|line_height:1&#8243; use_theme_fonts=&#8221;yes&#8221; uppercase=&#8221;1&#8243; thin=&#8221;1&#8243; css=&#8221;.vc_custom_1704442399544{margin-bottom: 10px !important;}&#8221;][vc_custom_heading text=&#8221;DE RECONOCIMIENTOS M\u00c9DICOS BIOMEC\u00c1NICOS FUNCIONALES PARA NI\u00d1OS&#8221; font_container=&#8221;tag:h2|text_align:center|line_height:0.8&#8243; use_theme_fonts=&#8221;yes&#8221; uppercase=&#8221;1&#8243; thin=&#8221;&#8221; css=&#8221;.vc_custom_1704448438455{margin-bottom: 40px !important;}&#8221;][vc_column_text font_size=&#8221;20px&#8221; line_height=&#8221;30px&#8221; color=&#8221;#102035&#8243;]Un programa revolucionario dise\u00f1ado para asegurar el crecimiento saludable de tus hijos. Nuestros expertos profesionales se dedican a realizar revisiones exhaustivas, identificando y diagnosticando de manera objetiva cualquier trastorno estructural o funcional que pueda afectar el bienestar de tus peque\u00f1os.<\/p>\n<p>Sabemos que factores como el uso excesivo de dispositivos m\u00f3viles, pr\u00e1cticas deportivas inadecuadas y problemas f\u00edsico-posturales son desaf\u00edos comunes que enfrentan los ni\u00f1os en la actualidad. Con nuestra amplia experiencia, estamos comprometidos a abordar estos problemas de manera proactiva, asegurando un desarrollo \u00f3ptimo para tus hijos.[\/vc_column_text][\/vc_column][vc_column width=&#8221;1\/4&#8243;][vc_empty_space height=&#8221;60px&#8221;][vc_raw_html el_class=&#8221;short-embed&#8221;]JTNDaWZyYW1lJTIwd2lkdGglM0QlMjI0NDUlMjIlMjBoZWlnaHQlM0QlMjI3OTElMjIlMjBzcmMlM0QlMjJodHRwcyUzQSUyRiUyRnd3dy55b3V0dWJlLmNvbSUyRmVtYmVkJTJGaVlpM2FySzVTdmMlMjIlMjB0aXRsZSUzRCUyMlBhcmElMjBxdWllbiUyMGVzJTIwZWwlMjBzZXJ2aWNpbyUyMGRlJTIwbG9zJTIwcmVjb25vY2ltaWVudG9zJTIwbSVDMyVBOWRpY29zJTIwYmlvbWVjJUMzJUExbmljb3MlMjBmdW5jaW9uYWxlcyUyMGluZmFudGlsZXMlMjIlMjBmcmFtZWJvcmRlciUzRCUyMjAlMjIlMjBhbGxvdyUzRCUyMmFjY2VsZXJvbWV0ZXIlM0IlMjBhdXRvcGxheSUzQiUyMGNsaXBib2FyZC13cml0ZSUzQiUyMGVuY3J5cHRlZC1tZWRpYSUzQiUyMGd5cm9zY29wZSUzQiUyMHBpY3R1cmUtaW4tcGljdHVyZSUzQiUyMHdlYi1zaGFyZSUyMiUyMGFsbG93ZnVsbHNjcmVlbiUzRSUzQyUyRmlmcmFtZSUzRQ==[\/vc_raw_html][\/vc_column][\/vc_row][vc_row css=&#8221;.vc_custom_1629793205484{margin-top: 10px !important;margin-bottom: 10px !important;}&#8221;][vc_column data_delay=&#8221;&#8221;][vc_empty_space height=&#8221;60px&#8221;][vc_custom_heading text=&#8221;SE\u00d1ALES DE ALARMA&#8221; font_container=&#8221;tag:h2|text_align:center|line_height:1&#8243; use_theme_fonts=&#8221;yes&#8221; uppercase=&#8221;1&#8243; thin=&#8221;1&#8243; css=&#8221;.vc_custom_1704448728662{margin-bottom: 10px !important;}&#8221;][vc_custom_heading text=&#8221;QUE AVISAN DE QUE ES NECESARIO REALIZAR ESTE TIPO DE RECONOCIMIENTOS M\u00c9DICO BIOMEC\u00c1NICOS FUNCIONALES&#8221; font_container=&#8221;tag:h4|text_align:center|line_height:0.8&#8243; use_theme_fonts=&#8221;yes&#8221; uppercase=&#8221;1&#8243; thin=&#8221;&#8221; css=&#8221;.vc_custom_1704448738534{margin-bottom: 40px !important;}&#8221;][\/vc_column][\/vc_row][vc_row][vc_column width=&#8221;1\/2&#8243;][vc_column_text font_size=&#8221;20px&#8221; line_height=&#8221;30px&#8221; color=&#8221;#102035&#8243;]<\/p>\n<ul>\n<li><span class=\"OYPEnA text-decoration-none text-strikethrough-none\">Cuello no estirado debido al excesivo uso de m\u00f3viles, tablets y otros dispositivos digitales.<\/span><\/li>\n<li><span class=\"OYPEnA text-decoration-none text-strikethrough-none\">Mala pisada<\/span><\/li>\n<li>Pies hacia adentro<\/li>\n<li>Pies hacia afuera<\/li>\n<li>Espalda torcida hacia un lado<\/li>\n<li>Una pierna m\u00e1s fuerte que la otra<\/li>\n<\/ul>\n<p>[\/vc_column_text][vc_empty_space height=&#8221;60px&#8221;][\/vc_column][vc_column width=&#8221;1\/2&#8243;][vc_column_text font_size=&#8221;20px&#8221; line_height=&#8221;30px&#8221; color=&#8221;#102035&#8243;]<\/p>\n<ul>\n<li>Un brazo m\u00e1s fuerte que el otro<\/li>\n<li><span class=\"OYPEnA text-decoration-none text-strikethrough-none\">Asimetr\u00edas (pierna m\u00e1s corta que la otra)<\/span><\/li>\n<li><span class=\"OYPEnA text-decoration-none text-strikethrough-none\">Dolores localizados o difusos no solucionados<\/span><\/li>\n<li><span class=\"OYPEnA text-decoration-none text-strikethrough-none\">Cojeras<\/span><\/li>\n<li><span class=\"OYPEnA text-decoration-none text-strikethrough-none\">Lesiones latentes o incipientes<\/span><\/li>\n<li><span class=\"OYPEnA text-decoration-none text-strikethrough-none\">Acortamiento muscular<\/span><\/li>\n<\/ul>\n<p>[\/vc_column_text][vc_empty_space height=&#8221;60px&#8221;][\/vc_column][\/vc_row][vc_row css=&#8221;.vc_custom_1629793205484{margin-top: 10px !important;margin-bottom: 10px !important;}&#8221;][vc_column data_delay=&#8221;&#8221;][vc_empty_space height=&#8221;60px&#8221;][vc_btn title=&#8221;RESERVAR RECONOCIMIENTO M\u00c9DICO BIOMEC\u00c1NICO FUNCIONAL PARA MI HIJO\/A&#8221; color=&#8221;primary&#8221; align=&#8221;center&#8221; i_icon_fontawesome=&#8221;fa fa-odnoklassniki&#8221; button_block=&#8221;true&#8221; add_icon=&#8221;true&#8221; link=&#8221;url:https%3A%2F%2Fclinicanasser.es%2Fproducto%2Freconocimiento-medico-biomecanico-funcional-para-ninos%2F|title:Reconocimiento%20m%C3%A9dico%20biomec%C3%A1nico%20funcional%20para%20ni%C3%B1os||&#8221;][\/vc_column][\/vc_row][vc_row full_width=&#8221;stretch_row&#8221; css=&#8221;.vc_custom_1592562679576{padding-top: 32px !important;padding-bottom: 32px !important;background-color: rgba(2,127,194,0.9) !important;*background-color: rgb(2,127,194) !important;}&#8221;][vc_column width=&#8221;1\/4&#8243; data_delay=&#8221;&#8221;][vc_empty_space height=&#8221;60px&#8221;][vc_raw_html el_class=&#8221;short-embed&#8221;]JTNDaWZyYW1lJTIwd2lkdGglM0QlMjI0NDUlMjIlMjBoZWlnaHQlM0QlMjI3OTElMjIlMjBzcmMlM0QlMjJodHRwcyUzQSUyRiUyRnd3dy55b3V0dWJlLmNvbSUyRmVtYmVkJTJGYkhIU3dpYU5DbTglMjIlMjB0aXRsZSUzRCUyMkltcG9ydGFuY2lhJTIwZGUlMjBlc3RvcyUyMHJlY29ub2NpbWllbnRvcyUyMG1lZGljb3MlMjBiaW9tZWNhbmljb3MlMjBmdW5jaW9uYWxlcyUyMGluZmFudGlsZXMlMjIlMjBmcmFtZWJvcmRlciUzRCUyMjAlMjIlMjBhbGxvdyUzRCUyMmFjY2VsZXJvbWV0ZXIlM0IlMjBhdXRvcGxheSUzQiUyMGNsaXBib2FyZC13cml0ZSUzQiUyMGVuY3J5cHRlZC1tZWRpYSUzQiUyMGd5cm9zY29wZSUzQiUyMHBpY3R1cmUtaW4tcGljdHVyZSUzQiUyMHdlYi1zaGFyZSUyMiUyMGFsbG93ZnVsbHNjcmVlbiUzRSUzQyUyRmlmcmFtZSUzRQ==[\/vc_raw_html][\/vc_column][vc_column width=&#8221;1\/2&#8243;][vc_custom_heading text=&#8221;POR QU\u00c9&#8221; font_container=&#8221;tag:h4|text_align:center|color:%23ffffff|line_height:1&#8243; use_theme_fonts=&#8221;yes&#8221; uppercase=&#8221;1&#8243; thin=&#8221;1&#8243; css=&#8221;.vc_custom_1704442474495{margin-bottom: 10px !important;}&#8221;][vc_custom_heading text=&#8221;ES IMPORTANTE PARA NI\u00d1OS Y NI\u00d1AS&#8221; font_container=&#8221;tag:h2|text_align:center|color:%23ffffff|line_height:0.8&#8243; use_theme_fonts=&#8221;yes&#8221; uppercase=&#8221;1&#8243; thin=&#8221;&#8221; css=&#8221;.vc_custom_1704442484722{margin-bottom: 40px !important;}&#8221;][vc_column_text font_size=&#8221;20px&#8221; line_height=&#8221;30px&#8221; color=&#8221;#102035&#8243;]<span class=\"OYPEnA text-decoration-none text-strikethrough-none\" style=\"color: #ffffff;\">1.Detecci\u00f3n de posibles alteraciones o asimetr\u00edas del aparato locomotor asintom\u00e1ticas en esta etapa.<\/span><\/p>\n<p><span class=\"OYPEnA text-decoration-none text-strikethrough-none\" style=\"color: #ffffff;\">2. Prevenci\u00f3n de lesiones y desviaciones de columna y est\u00e1tica.<\/span><\/p>\n<p><span class=\"OYPEnA text-decoration-none text-strikethrough-none\" style=\"color: #ffffff;\">3. Pr\u00e1ctica f\u00edsico-deportiva segura gracias a la detecci\u00f3n y correcci\u00f3n de asimetr\u00edas del tren inferior.<\/span><\/p>\n<p><span style=\"color: #ffffff;\">para conseguir nuestro eslogan:<\/span><\/p>\n<p><span style=\"color: #ffffff;\">QUE\u00a0<strong>EL NI\u00d1O TENGA UNA LARGA VIDA DEPORTIVA.<\/strong><\/span>[\/vc_column_text][\/vc_column][vc_column width=&#8221;1\/4&#8243;][vc_empty_space height=&#8221;60px&#8221;][vc_raw_html el_class=&#8221;short-embed&#8221;]JTNDaWZyYW1lJTIwd2lkdGglM0QlMjI0NDUlMjIlMjBoZWlnaHQlM0QlMjI3OTElMjIlMjBzcmMlM0QlMjJodHRwcyUzQSUyRiUyRnd3dy55b3V0dWJlLmNvbSUyRmVtYmVkJTJGLTVfTkRvOHgwN3clMjIlMjB0aXRsZSUzRCUyMlNlZ3VpbWllbnRvJTIwZGUlMjBlc3RvcyUyMHJlY29ub2NpbWllbnRvcyUyMG0lQzMlQTlkaWNvcyUyMGJpb21lYyVDMyVBMW5pY29zJTIwZnVuY2lvbmFsZXMlMjBpbmZhbnRpbGVzJTIyJTIwZnJhbWVib3JkZXIlM0QlMjIwJTIyJTIwYWxsb3clM0QlMjJhY2NlbGVyb21ldGVyJTNCJTIwYXV0b3BsYXklM0IlMjBjbGlwYm9hcmQtd3JpdGUlM0IlMjBlbmNyeXB0ZWQtbWVkaWElM0IlMjBneXJvc2NvcGUlM0IlMjBwaWN0dXJlLWluLXBpY3R1cmUlM0IlMjB3ZWItc2hhcmUlMjIlMjBhbGxvd2Z1bGxzY3JlZW4lM0UlM0MlMkZpZnJhbWUlM0U=[\/vc_raw_html][\/vc_column][\/vc_row][vc_row css=&#8221;.vc_custom_1629793205484{margin-top: 10px !important;margin-bottom: 10px !important;}&#8221;][vc_column data_delay=&#8221;&#8221;][vc_empty_space height=&#8221;60px&#8221;][vc_custom_heading text=&#8221;QUI\u00c9N LIDERA&#8221; font_container=&#8221;tag:h4|text_align:center|line_height:1&#8243; use_theme_fonts=&#8221;yes&#8221; uppercase=&#8221;1&#8243; thin=&#8221;1&#8243; css=&#8221;.vc_custom_1704444796586{margin-bottom: 10px !important;}&#8221;][vc_custom_heading text=&#8221;EL PROGRAMA&#8221; font_container=&#8221;tag:h2|text_align:center|line_height:0.8&#8243; use_theme_fonts=&#8221;yes&#8221; uppercase=&#8221;1&#8243; thin=&#8221;&#8221; css=&#8221;.vc_custom_1704444805456{margin-bottom: 40px !important;}&#8221;][vc_column_text font_size=&#8221;20px&#8221; line_height=&#8221;30px&#8221; color=&#8221;#102035&#8243;]<\/p>\n<p class=\"cvGsUA direction-ltr align-start para-style-body\"><strong><span class=\"OYPEnA text-decoration-none text-strikethrough-none\">Dr. Carlos Castellar<\/span><\/strong><span class=\"OYPEnA text-decoration-none text-strikethrough-none\">, director del \u00e1rea Deporte y Salud de cl\u00ednica Nasser, especialista en <strong>Ciencias de la Salud y la Actividad f\u00edsica<\/strong>, miembro del grupo de investigaci\u00f3n ENFYRED de la<strong> Universidad de Zaragoza<\/strong>.<\/span><\/p>\n<p class=\"cvGsUA direction-ltr align-start para-style-body\"><strong><span class=\"OYPEnA text-decoration-none text-strikethrough-none\">Dr. Nasser<\/span><\/strong><span class=\"OYPEnA text-decoration-none text-strikethrough-none\">,<strong> director m\u00e9dico<\/strong> de cl\u00ednica Nasser, m\u00e9dico especialista en cirug\u00eda y anestesiolog\u00eda y medicina del dolor.<\/span><\/p>\n<p class=\"cvGsUA direction-ltr align-start para-style-body\"><strong><span class=\"OYPEnA text-decoration-none text-strikethrough-none\">ENTIDADES COLABORADORAS:\u00a0<\/span><\/strong><\/p>\n<p class=\"cvGsUA direction-ltr align-start para-style-body\"><span class=\"OYPEnA text-decoration-none text-strikethrough-none\">Grupo de investigaci\u00f3n ENFYRED de la Universidad de Zaragoza<\/span><\/p>\n<p>[\/vc_column_text][vc_btn title=&#8221;RESERVAR RECONOCIMIENTO M\u00c9DICO BIOMEC\u00c1NICO FUNCIONAL PARA MI HIJO\/A&#8221; color=&#8221;primary&#8221; align=&#8221;center&#8221; i_icon_fontawesome=&#8221;fa fa-odnoklassniki&#8221; button_block=&#8221;true&#8221; add_icon=&#8221;true&#8221; link=&#8221;url:https%3A%2F%2Fclinicanasser.es%2Fproducto%2Freconocimiento-medico-biomecanico-funcional-para-ninos%2F|title:Reconocimiento%20m%C3%A9dico%20biomec%C3%A1nico%20funcional%20para%20ni%C3%B1os||&#8221;][\/vc_column][\/vc_row]<\/p>\n","protected":false},"excerpt":{"rendered":"<p>[vc_row][vc_column][rev_slider_vc alias=&#8221;reconocimientos-medicos-ninos&#8221;][\/vc_column][\/vc_row][vc_row css=&#8221;.vc_custom_1602845009473{padding-right: 0px !important;padding-left: 0px !important;}&#8221;][vc_column width=&#8221;1\/3&#8243; css=&#8221;.vc_custom_1501817776324{padding-right: 0px !important;padding-left: 0px !important;}&#8221;][cms_fancybox_single fancy_style=&#8221;style-2&#8243; background_color=&#8221;#249cd2&#8243; top_overlap=&#8221;1&#8243; top_background_color=&#8221;rgba(255,255,255,0.1)&#8221; title_item=&#8221;OPTIMIZACI\u00d3N DE LA SALUD BIOMEC\u00c1NICA INFANTIL&#8221; cms_template=&#8221;cms_fancybox_single.php&#8221; description_item=&#8221;GARANTIZAMOS UNA EVALUACI\u00d3N DETALLADA PARA MEJORAR POSTURA Y DESARROLLO F\u00cdSICO Enfoque en corregir deficiencias posturales en ni\u00f1os en pleno crecimiento. Estrategia perfecta para padres preocupados por<\/p>\n","protected":false},"author":1,"featured_media":0,"parent":0,"menu_order":0,"comment_status":"closed","ping_status":"closed","template":"","meta":[],"translation":{"provider":"WPGlobus","version":"2.7.3","language":"en","enabled_languages":["es","en","ar","it"],"languages":{"es":{"title":true,"content":true,"excerpt":false},"en":{"title":false,"content":false,"excerpt":false},"ar":{"title":false,"content":false,"excerpt":false},"it":{"title":true,"content":true,"excerpt":false}}},"yoast_head":"<!-- This site is optimized with the Yoast SEO Premium plugin v16.2 - https:\/\/yoast.com\/wordpress\/plugins\/seo\/ -->\n<title>Fisioterapia pedi\u00e1trica deportiva para los ni\u00f1os | Cl\u00ednica Nasser<\/title>\n<meta name=\"robots\" content=\"index, follow, max-snippet:-1, max-image-preview:large, max-video-preview:-1\" \/>\n<link rel=\"canonical\" href=\"https:\/\/clinicanasser.es\/reconocimientos-medicos-biomecanicos-funcionales-ninos\/\" \/>\n<meta property=\"og:locale\" content=\"en_US\" \/>\n<meta property=\"og:type\" content=\"article\" \/>\n<meta property=\"og:title\" content=\"Fisioterapia pedi\u00e1trica deportiva para los ni\u00f1os | Cl\u00ednica Nasser\" \/>\n<meta property=\"og:url\" content=\"https:\/\/clinicanasser.es\/reconocimientos-medicos-biomecanicos-funcionales-ninos\/\" \/>\n<meta property=\"og:site_name\" content=\"Clinica nasser. Tratamiento del dolor y rehabilitaci\u00f3n Zaragoza\" \/>\n<meta property=\"article:publisher\" content=\"https:\/\/www.facebook.com\/clinicanasserspain\/\" \/>\n<meta property=\"article:modified_time\" content=\"2024-01-05T12:54:24+00:00\" \/>\n<meta name=\"twitter:card\" content=\"summary_large_image\" \/>\n<meta name=\"twitter:label1\" content=\"Est. reading time\">\n\t<meta name=\"twitter:data1\" content=\"3 minutes\">\n<script type=\"application\/ld+json\" class=\"yoast-schema-graph\">{\"@context\":\"https:\/\/schema.org\",\"@graph\":[{\"@type\":\"Organization\",\"@id\":\"https:\/\/clinicanasser.es\/#organization\",\"name\":\"Cl\\u00ednica Nasser\",\"url\":\"https:\/\/clinicanasser.es\/\",\"sameAs\":[\"https:\/\/www.facebook.com\/clinicanasserspain\/\",\"https:\/\/www.instagram.com\/clinica_nasser\/\",\"https:\/\/www.youtube.com\/channel\/UCjOFF9Kh4GHV2vhZkZx4yog\"],\"logo\":{\"@type\":\"ImageObject\",\"@id\":\"https:\/\/clinicanasser.es\/#logo\",\"inLanguage\":\"en-US\",\"url\":\"https:\/\/clinicanasser.es\/wp-content\/uploads\/2019\/01\/Favicon-Clinica-Nasser.png\",\"contentUrl\":\"https:\/\/clinicanasser.es\/wp-content\/uploads\/2019\/01\/Favicon-Clinica-Nasser.png\",\"width\":512,\"height\":512,\"caption\":\"Cl\\u00ednica Nasser\"},\"image\":{\"@id\":\"https:\/\/clinicanasser.es\/#logo\"}},{\"@type\":\"WebSite\",\"@id\":\"https:\/\/clinicanasser.es\/#website\",\"url\":\"https:\/\/clinicanasser.es\/\",\"name\":\"Clinica nasser. Tratamiento del dolor y rehabilitaci\\u00f3n Zaragoza\",\"description\":\"Cl\\u00ednica especializada en tratamiento del dolor, rehabilitaci\\u00f3n fisico - deportiva y preparaciones f\\u00edsicas. Cl\\u00ednica en Zaragoza\",\"publisher\":{\"@id\":\"https:\/\/clinicanasser.es\/#organization\"},\"potentialAction\":[{\"@type\":\"SearchAction\",\"target\":\"https:\/\/clinicanasser.es\/?s={search_term_string}\",\"query-input\":\"required name=search_term_string\"}],\"inLanguage\":\"en-US\"},{\"@type\":\"WebPage\",\"@id\":\"https:\/\/clinicanasser.es\/reconocimientos-medicos-biomecanicos-funcionales-ninos\/#webpage\",\"url\":\"https:\/\/clinicanasser.es\/reconocimientos-medicos-biomecanicos-funcionales-ninos\/\",\"name\":\"Fisioterapia pedi\\u00e1trica deportiva para los ni\\u00f1os | Cl\\u00ednica Nasser\",\"isPartOf\":{\"@id\":\"https:\/\/clinicanasser.es\/#website\"},\"datePublished\":\"2024-01-05T07:55:23+00:00\",\"dateModified\":\"2024-01-05T12:54:24+00:00\",\"description\":\"Din\\u00e1micas de fisioterapia pedi\\u00e1trica deportiva para que los ni\\u00f1os tengan una mejor coordinaci\\u00f3n, ganen m\\u00e1s potencia y fuerza en sus m\\u00fasculos\",\"breadcrumb\":{\"@id\":\"https:\/\/clinicanasser.es\/reconocimientos-medicos-biomecanicos-funcionales-ninos\/#breadcrumb\"},\"inLanguage\":\"en-US\",\"potentialAction\":[{\"@type\":\"ReadAction\",\"target\":[\"https:\/\/clinicanasser.es\/reconocimientos-medicos-biomecanicos-funcionales-ninos\/\"]}]},{\"@type\":\"BreadcrumbList\",\"@id\":\"https:\/\/clinicanasser.es\/reconocimientos-medicos-biomecanicos-funcionales-ninos\/#breadcrumb\",\"itemListElement\":[{\"@type\":\"ListItem\",\"position\":1,\"item\":{\"@type\":\"WebPage\",\"@id\":\"https:\/\/clinicanasser.es\/\",\"url\":\"https:\/\/clinicanasser.es\/\",\"name\":\"Inicio\"}},{\"@type\":\"ListItem\",\"position\":2,\"item\":{\"@id\":\"https:\/\/clinicanasser.es\/reconocimientos-medicos-biomecanicos-funcionales-ninos\/#webpage\"}}]}]}<\/script>\n<!-- \/ Yoast SEO Premium plugin. -->","_links":{"self":[{"href":"https:\/\/clinicanasser.es\/en\/wp-json\/wp\/v2\/pages\/11522"}],"collection":[{"href":"https:\/\/clinicanasser.es\/en\/wp-json\/wp\/v2\/pages"}],"about":[{"href":"https:\/\/clinicanasser.es\/en\/wp-json\/wp\/v2\/types\/page"}],"author":[{"embeddable":true,"href":"https:\/\/clinicanasser.es\/en\/wp-json\/wp\/v2\/users\/1"}],"replies":[{"embeddable":true,"href":"https:\/\/clinicanasser.es\/en\/wp-json\/wp\/v2\/comments?post=11522"}],"version-history":[{"count":44,"href":"https:\/\/clinicanasser.es\/en\/wp-json\/wp\/v2\/pages\/11522\/revisions"}],"predecessor-version":[{"id":11593,"href":"https:\/\/clinicanasser.es\/en\/wp-json\/wp\/v2\/pages\/11522\/revisions\/11593"}],"wp:attachment":[{"href":"https:\/\/clinicanasser.es\/en\/wp-json\/wp\/v2\/media?parent=11522"}],"curies":[{"name":"wp","href":"https:\/\/api.w.org\/{rel}","templated":true}]}}