{"id":11780,"date":"2025-09-08T09:30:14","date_gmt":"2025-09-08T07:30:14","guid":{"rendered":"https:\/\/clinicanasser.es\/producto\/reconocimiento-medico-deportivo-valoracion-biomecanica-copy\/"},"modified":"2025-12-10T11:25:20","modified_gmt":"2025-12-10T09:25:20","slug":"reconocimiento-medico-deportivo-valoracion-biomecanica-racing-zaragoza","status":"publish","type":"product","link":"https:\/\/clinicanasser.es\/ar\/producto\/reconocimiento-medico-deportivo-valoracion-biomecanica-racing-zaragoza\/","title":{"rendered":"Reconocimiento m\u00e9dico deportivo oficial con valoraci\u00f3n biomec\u00e1nica &#8211; Exclusivo Racing Zaragoza"},"content":{"rendered":"<p>[vc_row][vc_column][vc_text_separator title=&#8221;Qu\u00e9 incluye el reconocimiento m\u00e9dico deportivo de Cl\u00ednica Nasser&#8221; title_align=&#8221;separator_align_left&#8221;][vc_empty_space height=&#8221;10px&#8221;][vc_column_text]<\/p>\n<ul>\n<li data-start=\"1128\" data-end=\"1246\">\n<p data-start=\"1130\" data-end=\"1246\"><strong data-start=\"1130\" data-end=\"1161\">Exploraci\u00f3n f\u00edsica completa<\/strong>, revisando tu estado general y condici\u00f3n espec\u00edfica para el deporte que practicas.<\/p>\n<\/li>\n<li data-start=\"1247\" data-end=\"1362\">\n<p data-start=\"1249\" data-end=\"1362\"><strong data-start=\"1249\" data-end=\"1283\">Historia cl\u00ednica personalizada<\/strong>, teniendo en cuenta tu actividad, lesiones previas y nivel de entrenamiento.<\/p>\n<\/li>\n<li data-start=\"1515\" data-end=\"1686\">\n<p data-start=\"1517\" data-end=\"1686\"><strong data-start=\"1517\" data-end=\"1610\">Evaluaci\u00f3n antropom\u00e9trica y valoraci\u00f3n biomec\u00e1nica cineantropom\u00e9trica exclusiva en Espa\u00f1a<\/strong>, para identificar y prevenir lesiones derivadas de dismetr\u00edas corporales.<\/p>\n<\/li>\n<li data-start=\"1515\" data-end=\"1686\"><strong>Informe m\u00e9dico<\/strong> con tu aptitud para la pr\u00e1ctica deportiva y recomendaciones personalizadas para mejorar tu rendimiento y cuidar tu salud.<\/li>\n<\/ul>\n<p>El d\u00eda de la realizaci\u00f3n del reconocimiento deber\u00e1s llevar ropa y zapato c\u00f3modo.[\/vc_column_text][\/vc_column][\/vc_row][vc_row][vc_column][vc_empty_space height=&#8221;20px&#8221;][vc_text_separator title=&#8221;Fecha de la prueba&#8221; title_align=&#8221;separator_align_left&#8221;][vc_empty_space height=&#8221;20px&#8221;][vc_column_text]<\/p>\n<ul>\n<li data-start=\"1884\" data-end=\"1925\">Como coordinadores de los servicios m\u00e9dicos del Racing Zaragoza, nos pondremos en contacto contigo para decirte la fecha y la hora del reconocimiento<\/li>\n<\/ul>\n<p>[\/vc_column_text][vc_empty_space height=&#8221;20px&#8221;][vc_text_separator title=&#8221;Por qu\u00e9 Cl\u00ednica Nasser&#8221; title_align=&#8221;separator_align_left&#8221;][vc_empty_space height=&#8221;20px&#8221;][vc_column_text]<\/p>\n<ul>\n<li data-start=\"2423\" data-end=\"2547\">\n<p data-start=\"2425\" data-end=\"2547\"><strong data-start=\"2425\" data-end=\"2447\">Pioneros en Espa\u00f1a<\/strong> en incorporar la valoraci\u00f3n biomec\u00e1nica cineantropom\u00e9trica en reconocimientos m\u00e9dicos deportivos.<\/p>\n<\/li>\n<li data-start=\"2423\" data-end=\"2547\"><strong>Servicio m\u00e9dico oficial<\/strong> del Racing Zaragoza<\/li>\n<li data-start=\"2548\" data-end=\"2630\">\n<p data-start=\"2550\" data-end=\"2630\">M\u00e1s de <strong data-start=\"2557\" data-end=\"2583\">45 a\u00f1os de trayectoria<\/strong> en medicina deportiva y diagn\u00f3stico cl\u00ednico.<\/p>\n<\/li>\n<li data-start=\"2631\" data-end=\"2699\">\n<p data-start=\"2633\" data-end=\"2699\">Resultados precisos y recomendaciones adaptadas a cada deportista.<\/p>\n<\/li>\n<\/ul>\n<p>[\/vc_column_text][vc_empty_space height=&#8221;20px&#8221;][vc_text_separator title=&#8221;Beneficios de este certificado m\u00e9dico deportivo&#8221; title_align=&#8221;separator_align_left&#8221;][vc_empty_space height=&#8221;20px&#8221;][vc_column_text]<\/p>\n<ul>\n<li><strong data-start=\"2840\" data-end=\"2876\">Cumplir con la normativa oficial<\/strong> para tu deporte o competici\u00f3n.<\/li>\n<li data-start=\"2840\" data-end=\"2909\"><strong data-start=\"2912\" data-end=\"2964\">Identificar y corregir desequilibrios corporales<\/strong> antes de que causen lesiones.<\/li>\n<li data-start=\"2840\" data-end=\"2909\"><strong data-start=\"2999\" data-end=\"3029\">Optimizar tu entrenamiento<\/strong> y mejorar tu rendimiento deportivo.<\/li>\n<li data-start=\"2840\" data-end=\"2909\">Tener la tranquilidad de practicar deporte <strong data-start=\"3113\" data-end=\"3144\">de forma segura y saludable<\/strong>.<\/li>\n<\/ul>\n<p>[\/vc_column_text][vc_empty_space height=&#8221;10px&#8221;][\/vc_column][\/vc_row]<\/p>\n","protected":false},"excerpt":{"rendered":"<p data-start=\"634\" data-end=\"899\">Nuestro reconocimiento m\u00e9dico oficial para deportistas del Racing Zaragoza, no solo cumple con todos los requisitos legales para federaciones, clubes y competiciones, sino que incorpora un <strong data-start=\"814\" data-end=\"844\">servicio pionero en Espa\u00f1a<\/strong>: <strong data-start=\"848\" data-end=\"896\">la valoraci\u00f3n biomec\u00e1nica cineantropom\u00e9trica<\/strong>.<\/p>\n<p data-start=\"901\" data-end=\"1260\">Esta prueba avanzada nos permite <strong data-start=\"934\" data-end=\"968\">detectar dismetr\u00edas corporales<\/strong> (descompensaciones o diferencias en la estructura del cuerpo) que pueden provocar lesiones a medio o largo plazo. Gracias a esta informaci\u00f3n, podemos ofrecerte un <strong data-start=\"1132\" data-end=\"1167\">diagn\u00f3stico m\u00e9dico m\u00e1s completo<\/strong> y recomendaciones personalizadas para mejorar tu rendimiento y prevenir problemas futuros.<\/p>\n<p>Este servicio tiene un <strong>precio bonificado<\/strong>, ya que el<strong> Racing Zaragoza se hace cargo de un copago<\/strong> de 15 \u20ac. El resto del importe restante lo asume Cl\u00ednica Nasser como <strong>patrocinador del Club<\/strong>. Los deportistas del Racing Zaragoza tienen ya aplicado este descuento en la reserva de este servicio.<\/p>\n","protected":false},"featured_media":11782,"template":"","meta":[],"translation":{"provider":"WPGlobus","version":"2.7.3","language":"ar","enabled_languages":["es","en","ar","it"],"languages":{"es":{"title":true,"content":true,"excerpt":true},"en":{"title":false,"content":false,"excerpt":false},"ar":{"title":false,"content":false,"excerpt":false},"it":{"title":false,"content":false,"excerpt":false}}},"yoast_head":"<!-- This site is optimized with the Yoast SEO Premium plugin v16.2 - https:\/\/yoast.com\/wordpress\/plugins\/seo\/ -->\n<title>Reconocimiento m\u00e9dico deportivo con valoraci\u00f3n biomec\u00e1nica Racing Zgz<\/title>\n<meta name=\"robots\" content=\"index, follow, max-snippet:-1, max-image-preview:large, max-video-preview:-1\" \/>\n<link rel=\"canonical\" href=\"https:\/\/clinicanasser.es\/producto\/reconocimiento-medico-deportivo-valoracion-biomecanica-racing-zaragoza\/\" \/>\n<meta property=\"og:locale\" content=\"ar_AR\" \/>\n<meta property=\"og:type\" content=\"article\" \/>\n<meta property=\"og:title\" content=\"Reconocimiento m\u00e9dico deportivo con valoraci\u00f3n biomec\u00e1nica Racing Zgz\" \/>\n<meta property=\"og:url\" content=\"https:\/\/clinicanasser.es\/producto\/reconocimiento-medico-deportivo-valoracion-biomecanica-racing-zaragoza\/\" \/>\n<meta property=\"og:site_name\" content=\"Clinica nasser. Tratamiento del dolor y rehabilitaci\u00f3n Zaragoza\" \/>\n<meta property=\"article:publisher\" content=\"https:\/\/www.facebook.com\/clinicanasserspain\/\" \/>\n<meta property=\"article:modified_time\" content=\"2025-12-10T09:25:20+00:00\" \/>\n<meta property=\"og:image\" content=\"https:\/\/clinicanasser.es\/wp-content\/uploads\/2025\/09\/Diseno-sin-titulo-4.png\" \/>\n\t<meta property=\"og:image:width\" content=\"1024\" \/>\n\t<meta property=\"og:image:height\" content=\"1024\" \/>\n<meta name=\"twitter:card\" content=\"summary_large_image\" \/>\n<meta name=\"twitter:label1\" content=\"Est. reading time\">\n\t<meta name=\"twitter:data1\" content=\"1 minute\">\n<script type=\"application\/ld+json\" class=\"yoast-schema-graph\">{\"@context\":\"https:\/\/schema.org\",\"@graph\":[{\"@type\":\"Organization\",\"@id\":\"https:\/\/clinicanasser.es\/#organization\",\"name\":\"Cl\\u00ednica Nasser\",\"url\":\"https:\/\/clinicanasser.es\/\",\"sameAs\":[\"https:\/\/www.facebook.com\/clinicanasserspain\/\",\"https:\/\/www.instagram.com\/clinica_nasser\/\",\"https:\/\/www.youtube.com\/channel\/UCjOFF9Kh4GHV2vhZkZx4yog\"],\"logo\":{\"@type\":\"ImageObject\",\"@id\":\"https:\/\/clinicanasser.es\/#logo\",\"inLanguage\":\"ar\",\"url\":\"https:\/\/clinicanasser.es\/wp-content\/uploads\/2019\/01\/Favicon-Clinica-Nasser.png\",\"contentUrl\":\"https:\/\/clinicanasser.es\/wp-content\/uploads\/2019\/01\/Favicon-Clinica-Nasser.png\",\"width\":512,\"height\":512,\"caption\":\"Cl\\u00ednica Nasser\"},\"image\":{\"@id\":\"https:\/\/clinicanasser.es\/#logo\"}},{\"@type\":\"WebSite\",\"@id\":\"https:\/\/clinicanasser.es\/#website\",\"url\":\"https:\/\/clinicanasser.es\/\",\"name\":\"Clinica nasser. Tratamiento del dolor y rehabilitaci\\u00f3n Zaragoza\",\"description\":\"Cl\\u00ednica especializada en tratamiento del dolor, rehabilitaci\\u00f3n fisico - deportiva y preparaciones f\\u00edsicas. Cl\\u00ednica en Zaragoza\",\"publisher\":{\"@id\":\"https:\/\/clinicanasser.es\/#organization\"},\"potentialAction\":[{\"@type\":\"SearchAction\",\"target\":\"https:\/\/clinicanasser.es\/?s={search_term_string}\",\"query-input\":\"required name=search_term_string\"}],\"inLanguage\":\"ar\"},{\"@type\":\"ImageObject\",\"@id\":\"https:\/\/clinicanasser.es\/producto\/reconocimiento-medico-deportivo-valoracion-biomecanica-racing-zaragoza\/#primaryimage\",\"inLanguage\":\"ar\",\"url\":\"https:\/\/clinicanasser.es\/wp-content\/uploads\/2025\/09\/Diseno-sin-titulo-4.png\",\"contentUrl\":\"https:\/\/clinicanasser.es\/wp-content\/uploads\/2025\/09\/Diseno-sin-titulo-4.png\",\"width\":1024,\"height\":1024},{\"@type\":\"WebPage\",\"@id\":\"https:\/\/clinicanasser.es\/producto\/reconocimiento-medico-deportivo-valoracion-biomecanica-racing-zaragoza\/#webpage\",\"url\":\"https:\/\/clinicanasser.es\/producto\/reconocimiento-medico-deportivo-valoracion-biomecanica-racing-zaragoza\/\",\"name\":\"Reconocimiento m\\u00e9dico deportivo con valoraci\\u00f3n biomec\\u00e1nica Racing Zgz\",\"isPartOf\":{\"@id\":\"https:\/\/clinicanasser.es\/#website\"},\"primaryImageOfPage\":{\"@id\":\"https:\/\/clinicanasser.es\/producto\/reconocimiento-medico-deportivo-valoracion-biomecanica-racing-zaragoza\/#primaryimage\"},\"datePublished\":\"2025-09-08T07:30:14+00:00\",\"dateModified\":\"2025-12-10T09:25:20+00:00\",\"description\":\"Obt\\u00e9n tu reconocimiento m\\u00e9dico deportivo oficial en Cl\\u00ednica Nasser, Zaragoza. \\u00danicos en Espa\\u00f1a con valoraci\\u00f3n biomec\\u00e1nica cineantropom\\u00e9trica %\",\"breadcrumb\":{\"@id\":\"https:\/\/clinicanasser.es\/producto\/reconocimiento-medico-deportivo-valoracion-biomecanica-racing-zaragoza\/#breadcrumb\"},\"inLanguage\":\"ar\",\"potentialAction\":[{\"@type\":\"ReadAction\",\"target\":[\"https:\/\/clinicanasser.es\/producto\/reconocimiento-medico-deportivo-valoracion-biomecanica-racing-zaragoza\/\"]}]},{\"@type\":\"BreadcrumbList\",\"@id\":\"https:\/\/clinicanasser.es\/producto\/reconocimiento-medico-deportivo-valoracion-biomecanica-racing-zaragoza\/#breadcrumb\",\"itemListElement\":[{\"@type\":\"ListItem\",\"position\":1,\"item\":{\"@type\":\"WebPage\",\"@id\":\"https:\/\/clinicanasser.es\/\",\"url\":\"https:\/\/clinicanasser.es\/\",\"name\":\"Inicio\"}},{\"@type\":\"ListItem\",\"position\":2,\"item\":{\"@type\":\"WebPage\",\"@id\":\"https:\/\/clinicanasser.es\/en\/tienda\/\",\"url\":\"https:\/\/clinicanasser.es\/en\/tienda\/\",\"name\":\"Tienda\"}},{\"@type\":\"ListItem\",\"position\":3,\"item\":{\"@id\":\"https:\/\/clinicanasser.es\/producto\/reconocimiento-medico-deportivo-valoracion-biomecanica-racing-zaragoza\/#webpage\"}}]}]}<\/script>\n<!-- \/ Yoast SEO Premium plugin. -->","_links":{"self":[{"href":"https:\/\/clinicanasser.es\/ar\/wp-json\/wp\/v2\/product\/11780"}],"collection":[{"href":"https:\/\/clinicanasser.es\/ar\/wp-json\/wp\/v2\/product"}],"about":[{"href":"https:\/\/clinicanasser.es\/ar\/wp-json\/wp\/v2\/types\/product"}],"wp:featuredmedia":[{"embeddable":true,"href":"https:\/\/clinicanasser.es\/ar\/wp-json\/wp\/v2\/media\/11782"}],"wp:attachment":[{"href":"https:\/\/clinicanasser.es\/ar\/wp-json\/wp\/v2\/media?parent=11780"}],"curies":[{"name":"wp","href":"https:\/\/api.w.org\/{rel}","templated":true}]}}