{"id":10792,"date":"2022-10-28T11:26:32","date_gmt":"2022-10-28T09:26:32","guid":{"rendered":"https:\/\/clinicanasser.es\/?post_type=product&#038;p=10792"},"modified":"2023-08-22T10:24:59","modified_gmt":"2023-08-22T08:24:59","slug":"certificado-medico-oficial-para-actividades-subacuaticas","status":"publish","type":"product","link":"https:\/\/clinicanasser.es\/ar\/producto\/certificado-medico-oficial-para-actividades-subacuaticas\/","title":{"rendered":"Certificado m\u00e9dico oficial para actividades subacu\u00e1ticas"},"content":{"rendered":"<p>[vc_row][vc_column][vc_column_text]Adem\u00e1s, es obligatorio para seg\u00fan qu\u00e9 tipo de actividades.<br \/>\nRealizamos las revisiones m\u00e9dicas necesarias para la pr\u00e1ctica de:<\/p>\n<p>-Buceo con escafandra aut\u00f3noma (botella de aire)<\/p>\n<p>-Pesca submarina<\/p>\n<p>-Buceo a pulm\u00f3n libre (apnea deportiva)<\/p>\n<p>Para poder conseguir este documento, se debe realizar un reconocimiento m\u00e9dico llevado a cabo de forma presencial por nuestros doctores de Cl\u00ednica Nasser.<\/p>\n<p>Este reconocimiento m\u00e9dico consta de una primera evaluaci\u00f3n en la que se obtienen datos personales, como el historial cl\u00ednico, operaciones o enfermedades. Tras esta evaluaci\u00f3n se lleva a cabo un estudio antropom\u00e9trico para determinar peso, talla y masa corporal de la persona. Por \u00faltimo, tambi\u00e9n se har\u00e1n pruebas sobre la frecuencia card\u00edaca con un electrocardiograma, la tensi\u00f3n arterial, una revisi\u00f3n del aparato locomotor, o\u00eddo medio, etc. Adem\u00e1s de alguna otra prueba que ayude a determinar el nivel de fuerza y flexibilidad.<\/p>\n<p>El d\u00eda de la realizaci\u00f3n del reconocimiento deber\u00e1s llevar ropa y zapato c\u00f3modo.<\/p>\n<p>Si lo deseas, puedes llevar tu el impreso que se venden en los establecimientos autorizados o puedes comprarlo directamente aqu\u00ed. Tiene un coste oficial de 3,63 \u20ac.<\/p>\n<p>&nbsp;[\/vc_column_text][\/vc_column][\/vc_row][vc_row][vc_column][vc_empty_space height=&#8221;20px&#8221;][vc_text_separator title=&#8221;LEGISLACI\u00d3N VIGENTE&#8221;][vc_column_text]Le informamos que nuestra cl\u00ednica est\u00e1 autorizada para emitir certificados m\u00e9dicos avalados por el Colegio de M\u00e9dicos de Zaragoza, <strong>cumpliendo con todas las exigencias estipuladas en el Real Decreto 550\/2020<\/strong>. Este Decreto regula las condiciones de seguridad para las actividades de buceo, revocando la ley anterior y estableciendo nuevos est\u00e1ndares para asegurar la pr\u00e1ctica del buceo en condiciones \u00f3ptimas y seguras.<\/p>\n<p>Es importante destacar que, seg\u00fan<strong> el art\u00edculo 8 del mencionado Real Decreto<\/strong>, para la pr\u00e1ctica del buceo deportivo y cient\u00edfico, <strong>se requiere un reconocimiento m\u00e9dico cada dos a\u00f1os,<\/strong> que incluye pruebas como espirometr\u00eda, electrocardiograma y otorrinolaringolog\u00eda, para verificar la aptitud f\u00edsica de los buceadores.<\/p>\n<p>Contrariamente a lo establecido en la ley anterior,\u00a0 <strong>no es obligatorio que este certificado sea realizado por un m\u00e9dico especializado en medicina hiperb\u00e1rica<\/strong>. El certificado m\u00e9dico puede ser emitido por un m\u00e9dico general o un especialista en medicina deportiva, siempre y cuando est\u00e9n capacitados para evaluar la aptitud f\u00edsica del buceador y determinar si no existe ninguna contra indicaci\u00f3n m\u00e9dica para la pr\u00e1ctica segura del buceo.<\/p>\n<p><strong>Nuestro certificado cumple con los requisitos del Real Decreto 550\/2020 y est\u00e1 reconocido a nivel nacional<\/strong>. Sin embargo, es posible que en algunas regiones, como la Generalitat Valenciana u otras, puedan existir normativas locales adicionales. No obstante, garantizamos que nuestro certificado m\u00e9dico est\u00e1 emitido seg\u00fan la ley nacional, la cual prevalece sobre cualquier legislaci\u00f3n auton\u00f3mica.[\/vc_column_text][\/vc_column][\/vc_row]<\/p>\n","protected":false},"excerpt":{"rendered":"<p>Con este <strong>certificado m\u00e9dico oficial<\/strong> y la correspondiente revisi\u00f3n m\u00e9dica, podr\u00e1s contar con la <strong>acreditaci\u00f3n necesaria para realizar el deporte subacu\u00e1tico<\/strong> que requiere de un certificado m\u00e9dico de aptitud.<\/p>\n<p>Cl\u00ednica Nasser es el centro m\u00e9dico recomendado por la <a href=\"http:\/\/www.faras.es\/\">Federaci\u00f3n Aragonesa de Actividades Subacu\u00e1ticas (FARAS)<\/a><\/p>\n<p>El certificado m\u00e9dico para actividades subacu\u00e1ticas es un <strong>documento oficial validado<\/strong> por el <strong>Ilustre Colegio Oficial de M\u00e9dicos de Zaragoza<\/strong> y por la <strong>Organizaci\u00f3n M\u00e9dica Colegial de Espa\u00f1a<\/strong> que acredita que una persona se encuentra en buen estado de salud para realizar la pr\u00e1ctica de deportes subacu\u00e1ticas. Gracias a este certificado se pueden prevenir lesiones y otros posibles riesgos.<\/p>\n","protected":false},"featured_media":10793,"template":"","meta":[],"translation":{"provider":"WPGlobus","version":"2.7.3","language":"ar","enabled_languages":["es","en","ar","it"],"languages":{"es":{"title":true,"content":true,"excerpt":true},"en":{"title":false,"content":false,"excerpt":false},"ar":{"title":false,"content":false,"excerpt":false},"it":{"title":false,"content":false,"excerpt":false}}},"yoast_head":"<!-- This site is optimized with the Yoast SEO Premium plugin v16.2 - https:\/\/yoast.com\/wordpress\/plugins\/seo\/ -->\n<title>Certificado m\u00e9dico oficial para actividades subacu\u00e1ticas | Cl\u00ednica Nasser<\/title>\n<meta name=\"robots\" content=\"index, follow, max-snippet:-1, max-image-preview:large, max-video-preview:-1\" \/>\n<link rel=\"canonical\" href=\"https:\/\/clinicanasser.es\/producto\/certificado-medico-oficial-para-actividades-subacuaticas\/\" \/>\n<meta property=\"og:locale\" content=\"ar_AR\" \/>\n<meta property=\"og:type\" content=\"article\" \/>\n<meta property=\"og:title\" content=\"Certificado m\u00e9dico oficial para actividades subacu\u00e1ticas | Cl\u00ednica Nasser\" \/>\n<meta property=\"og:url\" content=\"https:\/\/clinicanasser.es\/producto\/certificado-medico-oficial-para-actividades-subacuaticas\/\" \/>\n<meta property=\"og:site_name\" content=\"Clinica nasser. Tratamiento del dolor y rehabilitaci\u00f3n Zaragoza\" \/>\n<meta property=\"article:publisher\" content=\"https:\/\/www.facebook.com\/clinicanasserspain\/\" \/>\n<meta property=\"article:modified_time\" content=\"2023-08-22T08:24:59+00:00\" \/>\n<meta property=\"og:image\" content=\"https:\/\/clinicanasser.es\/wp-content\/uploads\/2022\/10\/certificado-deportivo.jpg\" \/>\n\t<meta property=\"og:image:width\" content=\"540\" \/>\n\t<meta property=\"og:image:height\" content=\"540\" \/>\n<meta name=\"twitter:card\" content=\"summary_large_image\" \/>\n<meta name=\"twitter:label1\" content=\"Est. reading time\">\n\t<meta name=\"twitter:data1\" content=\"1 minute\">\n<script type=\"application\/ld+json\" class=\"yoast-schema-graph\">{\"@context\":\"https:\/\/schema.org\",\"@graph\":[{\"@type\":\"Organization\",\"@id\":\"https:\/\/clinicanasser.es\/#organization\",\"name\":\"Cl\\u00ednica Nasser\",\"url\":\"https:\/\/clinicanasser.es\/\",\"sameAs\":[\"https:\/\/www.facebook.com\/clinicanasserspain\/\",\"https:\/\/www.instagram.com\/clinica_nasser\/\",\"https:\/\/www.youtube.com\/channel\/UCjOFF9Kh4GHV2vhZkZx4yog\"],\"logo\":{\"@type\":\"ImageObject\",\"@id\":\"https:\/\/clinicanasser.es\/#logo\",\"inLanguage\":\"ar\",\"url\":\"https:\/\/clinicanasser.es\/wp-content\/uploads\/2019\/01\/Favicon-Clinica-Nasser.png\",\"contentUrl\":\"https:\/\/clinicanasser.es\/wp-content\/uploads\/2019\/01\/Favicon-Clinica-Nasser.png\",\"width\":512,\"height\":512,\"caption\":\"Cl\\u00ednica Nasser\"},\"image\":{\"@id\":\"https:\/\/clinicanasser.es\/#logo\"}},{\"@type\":\"WebSite\",\"@id\":\"https:\/\/clinicanasser.es\/#website\",\"url\":\"https:\/\/clinicanasser.es\/\",\"name\":\"Clinica nasser. Tratamiento del dolor y rehabilitaci\\u00f3n Zaragoza\",\"description\":\"Cl\\u00ednica especializada en tratamiento del dolor, rehabilitaci\\u00f3n fisico - deportiva y preparaciones f\\u00edsicas. Cl\\u00ednica en Zaragoza\",\"publisher\":{\"@id\":\"https:\/\/clinicanasser.es\/#organization\"},\"potentialAction\":[{\"@type\":\"SearchAction\",\"target\":\"https:\/\/clinicanasser.es\/?s={search_term_string}\",\"query-input\":\"required name=search_term_string\"}],\"inLanguage\":\"ar\"},{\"@type\":\"ImageObject\",\"@id\":\"https:\/\/clinicanasser.es\/producto\/certificado-medico-oficial-para-actividades-subacuaticas\/#primaryimage\",\"inLanguage\":\"ar\",\"url\":\"https:\/\/clinicanasser.es\/wp-content\/uploads\/2022\/10\/certificado-deportivo.jpg\",\"contentUrl\":\"https:\/\/clinicanasser.es\/wp-content\/uploads\/2022\/10\/certificado-deportivo.jpg\",\"width\":540,\"height\":540,\"caption\":\"certificado deportivo\"},{\"@type\":\"WebPage\",\"@id\":\"https:\/\/clinicanasser.es\/producto\/certificado-medico-oficial-para-actividades-subacuaticas\/#webpage\",\"url\":\"https:\/\/clinicanasser.es\/producto\/certificado-medico-oficial-para-actividades-subacuaticas\/\",\"name\":\"Certificado m\\u00e9dico oficial para actividades subacu\\u00e1ticas | Cl\\u00ednica Nasser\",\"isPartOf\":{\"@id\":\"https:\/\/clinicanasser.es\/#website\"},\"primaryImageOfPage\":{\"@id\":\"https:\/\/clinicanasser.es\/producto\/certificado-medico-oficial-para-actividades-subacuaticas\/#primaryimage\"},\"datePublished\":\"2022-10-28T09:26:32+00:00\",\"dateModified\":\"2023-08-22T08:24:59+00:00\",\"description\":\"Consigue aqu\\u00ed tu certificado m\\u00e9dico oficial para actividades deportivas. Un documento necesario para poder acreditar tu buen estado de salud.\",\"breadcrumb\":{\"@id\":\"https:\/\/clinicanasser.es\/producto\/certificado-medico-oficial-para-actividades-subacuaticas\/#breadcrumb\"},\"inLanguage\":\"ar\",\"potentialAction\":[{\"@type\":\"ReadAction\",\"target\":[\"https:\/\/clinicanasser.es\/producto\/certificado-medico-oficial-para-actividades-subacuaticas\/\"]}]},{\"@type\":\"BreadcrumbList\",\"@id\":\"https:\/\/clinicanasser.es\/producto\/certificado-medico-oficial-para-actividades-subacuaticas\/#breadcrumb\",\"itemListElement\":[{\"@type\":\"ListItem\",\"position\":1,\"item\":{\"@type\":\"WebPage\",\"@id\":\"https:\/\/clinicanasser.es\/\",\"url\":\"https:\/\/clinicanasser.es\/\",\"name\":\"Inicio\"}},{\"@type\":\"ListItem\",\"position\":2,\"item\":{\"@type\":\"WebPage\",\"@id\":\"https:\/\/clinicanasser.es\/en\/tienda\/\",\"url\":\"https:\/\/clinicanasser.es\/en\/tienda\/\",\"name\":\"Tienda\"}},{\"@type\":\"ListItem\",\"position\":3,\"item\":{\"@id\":\"https:\/\/clinicanasser.es\/producto\/certificado-medico-oficial-para-actividades-subacuaticas\/#webpage\"}}]}]}<\/script>\n<!-- \/ Yoast SEO Premium plugin. -->","_links":{"self":[{"href":"https:\/\/clinicanasser.es\/ar\/wp-json\/wp\/v2\/product\/10792"}],"collection":[{"href":"https:\/\/clinicanasser.es\/ar\/wp-json\/wp\/v2\/product"}],"about":[{"href":"https:\/\/clinicanasser.es\/ar\/wp-json\/wp\/v2\/types\/product"}],"wp:featuredmedia":[{"embeddable":true,"href":"https:\/\/clinicanasser.es\/ar\/wp-json\/wp\/v2\/media\/10793"}],"wp:attachment":[{"href":"https:\/\/clinicanasser.es\/ar\/wp-json\/wp\/v2\/media?parent=10792"}],"curies":[{"name":"wp","href":"https:\/\/api.w.org\/{rel}","templated":true}]}}