{"id":10448,"date":"2022-02-11T11:33:27","date_gmt":"2022-02-11T09:33:27","guid":{"rendered":"https:\/\/clinicanasser.es\/producto\/tratamiento-de-fisioterapia-a-domicilio-copy-2\/"},"modified":"2022-02-11T12:49:02","modified_gmt":"2022-02-11T10:49:02","slug":"servicio-asistencial-rehabilitacion-a-domicilio","status":"publish","type":"product","link":"https:\/\/clinicanasser.es\/ar\/producto\/servicio-asistencial-rehabilitacion-a-domicilio\/","title":{"rendered":"Servicio asistencial | Rehabilitaci\u00f3n a domicilio"},"content":{"rendered":"<p>[vc_row][\/vc_row]<\/p>\n","protected":false},"excerpt":{"rendered":"<p>Con el objetivo de ofrecer un servicio de alta calidad, personalizado y adaptado a cada cliente, nuestra cl\u00ednica dispone de un servicio asistencial de rehabilitaci\u00f3n a domicilio en Zaragoza para tratar el dolor del paciente y rehabilitar una lesi\u00f3n o patolog\u00eda.<\/p>\n<p>Nuestros profesionales sanitarios se desplazan a su domicilio para tratar su patolog\u00eda o dolencia y aliviar su dolor.<\/p>\n<p>Desde su propia casa nuestros profesionales realizan una historia cl\u00ednica, una evaluaci\u00f3n, un diagn\u00f3stico y programan un plan de tratamiento individualizado para mejorar su estado f\u00edsico y rehabilitar su lesi\u00f3n.<\/p>\n","protected":false},"featured_media":10450,"template":"","meta":[],"translation":{"provider":"WPGlobus","version":"2.7.3","language":"ar","enabled_languages":["es","en","ar","it"],"languages":{"es":{"title":true,"content":true,"excerpt":true},"en":{"title":false,"content":false,"excerpt":false},"ar":{"title":false,"content":false,"excerpt":false},"it":{"title":false,"content":false,"excerpt":false}}},"yoast_head":"<!-- This site is optimized with the Yoast SEO Premium plugin v16.2 - https:\/\/yoast.com\/wordpress\/plugins\/seo\/ -->\n<title>Servicio asistencial | Rehabilitaci\u00f3n a domicilio - Clinica Nasser<\/title>\n<meta name=\"robots\" content=\"index, follow, max-snippet:-1, max-image-preview:large, max-video-preview:-1\" \/>\n<link rel=\"canonical\" href=\"https:\/\/clinicanasser.es\/producto\/servicio-asistencial-rehabilitacion-a-domicilio\/\" \/>\n<meta property=\"og:locale\" content=\"ar_AR\" \/>\n<meta property=\"og:type\" content=\"article\" \/>\n<meta property=\"og:title\" content=\"Servicio asistencial | Rehabilitaci\u00f3n a domicilio - Clinica Nasser\" \/>\n<meta property=\"og:url\" content=\"https:\/\/clinicanasser.es\/producto\/servicio-asistencial-rehabilitacion-a-domicilio\/\" \/>\n<meta property=\"og:site_name\" content=\"Clinica nasser. Tratamiento del dolor y rehabilitaci\u00f3n Zaragoza\" \/>\n<meta property=\"article:publisher\" content=\"https:\/\/www.facebook.com\/clinicanasserspain\/\" \/>\n<meta property=\"article:modified_time\" content=\"2022-02-11T10:49:02+00:00\" \/>\n<meta property=\"og:image\" content=\"https:\/\/clinicanasser.es\/wp-content\/uploads\/2022\/02\/fisioterapia-a-domicilio-mayores-1.png\" \/>\n\t<meta property=\"og:image:width\" content=\"1080\" \/>\n\t<meta property=\"og:image:height\" content=\"1080\" \/>\n<meta name=\"twitter:card\" content=\"summary_large_image\" \/>\n<script type=\"application\/ld+json\" class=\"yoast-schema-graph\">{\"@context\":\"https:\/\/schema.org\",\"@graph\":[{\"@type\":\"Organization\",\"@id\":\"https:\/\/clinicanasser.es\/#organization\",\"name\":\"Cl\\u00ednica Nasser\",\"url\":\"https:\/\/clinicanasser.es\/\",\"sameAs\":[\"https:\/\/www.facebook.com\/clinicanasserspain\/\",\"https:\/\/www.instagram.com\/clinica_nasser\/\",\"https:\/\/www.youtube.com\/channel\/UCjOFF9Kh4GHV2vhZkZx4yog\"],\"logo\":{\"@type\":\"ImageObject\",\"@id\":\"https:\/\/clinicanasser.es\/#logo\",\"inLanguage\":\"ar\",\"url\":\"https:\/\/clinicanasser.es\/wp-content\/uploads\/2019\/01\/Favicon-Clinica-Nasser.png\",\"contentUrl\":\"https:\/\/clinicanasser.es\/wp-content\/uploads\/2019\/01\/Favicon-Clinica-Nasser.png\",\"width\":512,\"height\":512,\"caption\":\"Cl\\u00ednica Nasser\"},\"image\":{\"@id\":\"https:\/\/clinicanasser.es\/#logo\"}},{\"@type\":\"WebSite\",\"@id\":\"https:\/\/clinicanasser.es\/#website\",\"url\":\"https:\/\/clinicanasser.es\/\",\"name\":\"Clinica nasser. Tratamiento del dolor y rehabilitaci\\u00f3n Zaragoza\",\"description\":\"Cl\\u00ednica especializada en tratamiento del dolor, rehabilitaci\\u00f3n fisico - deportiva y preparaciones f\\u00edsicas. Cl\\u00ednica en Zaragoza\",\"publisher\":{\"@id\":\"https:\/\/clinicanasser.es\/#organization\"},\"potentialAction\":[{\"@type\":\"SearchAction\",\"target\":\"https:\/\/clinicanasser.es\/?s={search_term_string}\",\"query-input\":\"required name=search_term_string\"}],\"inLanguage\":\"ar\"},{\"@type\":\"ImageObject\",\"@id\":\"https:\/\/clinicanasser.es\/producto\/servicio-asistencial-rehabilitacion-a-domicilio\/#primaryimage\",\"inLanguage\":\"ar\",\"url\":\"https:\/\/clinicanasser.es\/wp-content\/uploads\/2022\/02\/fisioterapia-a-domicilio-mayores-1.png\",\"contentUrl\":\"https:\/\/clinicanasser.es\/wp-content\/uploads\/2022\/02\/fisioterapia-a-domicilio-mayores-1.png\",\"width\":1080,\"height\":1080,\"caption\":\"Servicio asistencial. Rehabilitaci\\u00f3n a domicilio\"},{\"@type\":\"WebPage\",\"@id\":\"https:\/\/clinicanasser.es\/producto\/servicio-asistencial-rehabilitacion-a-domicilio\/#webpage\",\"url\":\"https:\/\/clinicanasser.es\/producto\/servicio-asistencial-rehabilitacion-a-domicilio\/\",\"name\":\"Servicio asistencial | Rehabilitaci\\u00f3n a domicilio - Clinica Nasser\",\"isPartOf\":{\"@id\":\"https:\/\/clinicanasser.es\/#website\"},\"primaryImageOfPage\":{\"@id\":\"https:\/\/clinicanasser.es\/producto\/servicio-asistencial-rehabilitacion-a-domicilio\/#primaryimage\"},\"datePublished\":\"2022-02-11T09:33:27+00:00\",\"dateModified\":\"2022-02-11T10:49:02+00:00\",\"description\":\"Servicio asistencial: Ofrecemos la posibilidad de contratar el servicio de rehabilitaci\\u00f3n a domicilio con nuestro profesional sanitario\",\"breadcrumb\":{\"@id\":\"https:\/\/clinicanasser.es\/producto\/servicio-asistencial-rehabilitacion-a-domicilio\/#breadcrumb\"},\"inLanguage\":\"ar\",\"potentialAction\":[{\"@type\":\"ReadAction\",\"target\":[\"https:\/\/clinicanasser.es\/producto\/servicio-asistencial-rehabilitacion-a-domicilio\/\"]}]},{\"@type\":\"BreadcrumbList\",\"@id\":\"https:\/\/clinicanasser.es\/producto\/servicio-asistencial-rehabilitacion-a-domicilio\/#breadcrumb\",\"itemListElement\":[{\"@type\":\"ListItem\",\"position\":1,\"item\":{\"@type\":\"WebPage\",\"@id\":\"https:\/\/clinicanasser.es\/\",\"url\":\"https:\/\/clinicanasser.es\/\",\"name\":\"Inicio\"}},{\"@type\":\"ListItem\",\"position\":2,\"item\":{\"@type\":\"WebPage\",\"@id\":\"https:\/\/clinicanasser.es\/en\/tienda\/\",\"url\":\"https:\/\/clinicanasser.es\/en\/tienda\/\",\"name\":\"Tienda\"}},{\"@type\":\"ListItem\",\"position\":3,\"item\":{\"@id\":\"https:\/\/clinicanasser.es\/producto\/servicio-asistencial-rehabilitacion-a-domicilio\/#webpage\"}}]}]}<\/script>\n<!-- \/ Yoast SEO Premium plugin. -->","_links":{"self":[{"href":"https:\/\/clinicanasser.es\/ar\/wp-json\/wp\/v2\/product\/10448"}],"collection":[{"href":"https:\/\/clinicanasser.es\/ar\/wp-json\/wp\/v2\/product"}],"about":[{"href":"https:\/\/clinicanasser.es\/ar\/wp-json\/wp\/v2\/types\/product"}],"wp:featuredmedia":[{"embeddable":true,"href":"https:\/\/clinicanasser.es\/ar\/wp-json\/wp\/v2\/media\/10450"}],"wp:attachment":[{"href":"https:\/\/clinicanasser.es\/ar\/wp-json\/wp\/v2\/media?parent=10448"}],"curies":[{"name":"wp","href":"https:\/\/api.w.org\/{rel}","templated":true}]}}