{"id":9872,"date":"2021-10-07T13:28:16","date_gmt":"2021-10-07T11:28:16","guid":{"rendered":"https:\/\/clinicanasser.es\/?page_id=9872"},"modified":"2021-11-24T11:37:25","modified_gmt":"2021-11-24T09:37:25","slug":"bloqueo-epidural-lumbar","status":"publish","type":"page","link":"https:\/\/clinicanasser.es\/ar\/bloqueo-epidural-lumbar\/","title":{"rendered":"Bloqueo Epidural Lumbar"},"content":{"rendered":"<p>[vc_row][vc_column][vc_column_text]<\/p>\n<h2 style=\"text-align: left;\" align=\"center\">Bloqueo Epidural Lumbar<\/h2>\n<p>[\/vc_column_text][vc_empty_space][vc_column_text]<span style=\"color: #000000;\">Esta t\u00e9cnica consiste en la introducci\u00f3n de un anest\u00e9sico local y\/o un corticoide en el espacio epidural lumbar. Lo m\u00e1s cercano posible a la zona inflamatoria o que genera dolor. Mediante una punci\u00f3n lumbar (a trav\u00e9s de los ligamentos que unen las v\u00e9rtebras de la zona lumbar). La\u00a0 inyecci\u00f3n\u00a0 puede\u00a0 repetirse\u00a0 varias\u00a0 veces,\u00a0 seg\u00fan el resultado obtenido<\/span>[\/vc_column_text][vc_empty_space][\/vc_column][\/vc_row][vc_row][vc_column][vc_tta_tabs][vc_tta_section title=&#8221;C\u00d3MO SE REALIZA&#8221; tab_id=&#8221;1633603973981-d8a038c1-c72c&#8221;][vc_column_text]<span style=\"color: #000000;\">Es una t\u00e9cnica poco dolorosa. Se emplea anestesia local, inyectada en la piel con unas agujas muy finas. Despu\u00e9s se realiza la punci\u00f3n en el punto anestesiado, hasta llegar al espacio epidural, donde aplicaremos la medicaci\u00f3n. Suele durar entre 15 y 20 minutos. Posteriormente, permanecer\u00e1 en reposo en la Cl\u00ednica durante 60-90 minutos.<\/span>[\/vc_column_text][\/vc_tta_section][vc_tta_section title=&#8221;BENEFICIO&#8221; tab_id=&#8221;1633603973990-72e21591-3d2b&#8221;][vc_column_text]<span style=\"color: #000000;\">Control del dolor con dosis muy bajas de f\u00e1rmacos, lo que tambi\u00e9n reducir\u00e1 o eliminar\u00e1 los efectos secundarios, que pudiera presentar con los anteriores tratamientos. El objetivo de la t\u00e9cnica consiste en lograr que la sustancia inyectada act\u00fae directamente en la zona de lesi\u00f3n, aliviando la sintomatolog\u00eda dolorosa; no la curaci\u00f3n de su patolog\u00eda. Con esto se puede romper el c\u00edrculo de contractura -inflamaci\u00f3n- dolor.<\/span><\/p>\n<p><span style=\"color: #000000;\"> Aproximadamente, en la mitad de los casos en los que se realiza una punci\u00f3n epidural terap\u00e9utica, se consigue una mejor\u00eda. En algunos casos puede llegar a ser muy duradera. Buscamos facilitar una mejora de su funcionalidad y de esta manera procurar una mayor percepci\u00f3n de su calidad de vida.\u00a0<\/span>[\/vc_column_text][\/vc_tta_section][vc_tta_section title=&#8221;EFICACIA&#8221; tab_id=&#8221;1633603975979-5fafb2d1-5cdf&#8221;][vc_column_text]<span style=\"color: #000000;\">La introducci\u00f3n de los anest\u00e9sicos de larga duraci\u00f3n, junto a los corticoesteroides o opi\u00e1ceos, resulta de una enorme eficacia, ya que van directamente a la zona lumbar a tratar.<\/span>[\/vc_column_text][\/vc_tta_section][\/vc_tta_tabs][\/vc_column][\/vc_row][vc_row][vc_column width=&#8221;1\/2&#8243;][vc_empty_space][vc_empty_space][vc_column_text css=&#8221;.vc_custom_1633605560528{background-color: #0f72b5 !important;}&#8221;]<\/p>\n<h5 style=\"text-align: center;\"><span style=\"color: #ffffff;\">PARA QUI\u00c9N EST\u00c1 INDICADO<\/span><\/h5>\n<p>[\/vc_column_text][vc_column_text]<\/p>\n<p style=\"text-align: center;\"><span style=\"color: #000000;\">Todos los cuadros de dolor de intensidad muy elevada, y con irradiaci\u00f3n muy virulenta a una extremidad o, a veces a las dos. Secundarios a hernias discales voluminosas, o tambi\u00e9n en casos de met\u00e1stasis en la regi\u00f3n lumbar.<\/span><\/p>\n<p>[\/vc_column_text][vc_empty_space][vc_empty_space][\/vc_column][vc_column width=&#8221;1\/2&#8243;][vc_empty_space][vc_empty_space][vc_column_text css=&#8221;.vc_custom_1633605626062{background-color: #0f72b5 !important;}&#8221;]<\/p>\n<h5 style=\"text-align: center;\"><span style=\"color: #ffffff;\">PROFESIONAL QUE REALIZA LA SESI\u00d3N<\/span><\/h5>\n<p>[\/vc_column_text][vc_column_text]<\/p>\n<p style=\"text-align: center;\"><span style=\"color: #000000;\">Todas las sesiones de infiltraci\u00f3n son realizadas por nuestro cuerpo m\u00e9dico especializado en anestesiolog\u00eda.<\/span><\/p>\n<p>[\/vc_column_text][vc_empty_space][vc_empty_space][\/vc_column][\/vc_row]<\/p>\n","protected":false},"excerpt":{"rendered":"<p>[vc_row][vc_column][vc_column_text] Bloqueo Epidural Lumbar [\/vc_column_text][vc_empty_space][vc_column_text]Esta t\u00e9cnica consiste en la introducci\u00f3n de un anest\u00e9sico local y\/o un corticoide en el espacio epidural lumbar. Lo m\u00e1s cercano posible a la zona inflamatoria o que genera dolor. Mediante una punci\u00f3n lumbar (a trav\u00e9s de los ligamentos que unen las v\u00e9rtebras de la zona<\/p>\n","protected":false},"author":1,"featured_media":0,"parent":0,"menu_order":0,"comment_status":"closed","ping_status":"closed","template":"","meta":[],"translation":{"provider":"WPGlobus","version":"2.7.3","language":"ar","enabled_languages":["es","en","ar","it"],"languages":{"es":{"title":true,"content":true,"excerpt":false},"en":{"title":false,"content":false,"excerpt":false},"ar":{"title":false,"content":false,"excerpt":false},"it":{"title":false,"content":false,"excerpt":false}}},"yoast_head":"<!-- This site is optimized with the Yoast SEO Premium plugin v16.2 - https:\/\/yoast.com\/wordpress\/plugins\/seo\/ -->\n<title>Bloqueo Epidural Lumbar - Clinica nasser. Tratamiento del dolor y rehabilitaci\u00f3n Zaragoza<\/title>\n<meta name=\"robots\" content=\"index, follow, max-snippet:-1, max-image-preview:large, max-video-preview:-1\" \/>\n<link rel=\"canonical\" href=\"https:\/\/clinicanasser.es\/bloqueo-epidural-lumbar\/\" \/>\n<meta property=\"og:locale\" content=\"ar_AR\" \/>\n<meta property=\"og:type\" content=\"article\" \/>\n<meta property=\"og:title\" content=\"Bloqueo Epidural Lumbar - Clinica nasser. Tratamiento del dolor y rehabilitaci\u00f3n Zaragoza\" \/>\n<meta property=\"og:url\" content=\"https:\/\/clinicanasser.es\/bloqueo-epidural-lumbar\/\" \/>\n<meta property=\"og:site_name\" content=\"Clinica nasser. Tratamiento del dolor y rehabilitaci\u00f3n Zaragoza\" \/>\n<meta property=\"article:publisher\" content=\"https:\/\/www.facebook.com\/clinicanasserspain\/\" \/>\n<meta property=\"article:modified_time\" content=\"2021-11-24T09:37:25+00:00\" \/>\n<meta name=\"twitter:card\" content=\"summary_large_image\" \/>\n<meta name=\"twitter:label1\" content=\"Est. reading time\">\n\t<meta name=\"twitter:data1\" content=\"2 minutes\">\n<script type=\"application\/ld+json\" class=\"yoast-schema-graph\">{\"@context\":\"https:\/\/schema.org\",\"@graph\":[{\"@type\":\"Organization\",\"@id\":\"https:\/\/clinicanasser.es\/#organization\",\"name\":\"Cl\\u00ednica Nasser\",\"url\":\"https:\/\/clinicanasser.es\/\",\"sameAs\":[\"https:\/\/www.facebook.com\/clinicanasserspain\/\",\"https:\/\/www.instagram.com\/clinica_nasser\/\",\"https:\/\/www.youtube.com\/channel\/UCjOFF9Kh4GHV2vhZkZx4yog\"],\"logo\":{\"@type\":\"ImageObject\",\"@id\":\"https:\/\/clinicanasser.es\/#logo\",\"inLanguage\":\"ar\",\"url\":\"https:\/\/clinicanasser.es\/wp-content\/uploads\/2019\/01\/Favicon-Clinica-Nasser.png\",\"contentUrl\":\"https:\/\/clinicanasser.es\/wp-content\/uploads\/2019\/01\/Favicon-Clinica-Nasser.png\",\"width\":512,\"height\":512,\"caption\":\"Cl\\u00ednica Nasser\"},\"image\":{\"@id\":\"https:\/\/clinicanasser.es\/#logo\"}},{\"@type\":\"WebSite\",\"@id\":\"https:\/\/clinicanasser.es\/#website\",\"url\":\"https:\/\/clinicanasser.es\/\",\"name\":\"Clinica nasser. Tratamiento del dolor y rehabilitaci\\u00f3n Zaragoza\",\"description\":\"Cl\\u00ednica especializada en tratamiento del dolor, rehabilitaci\\u00f3n fisico - deportiva y preparaciones f\\u00edsicas. Cl\\u00ednica en Zaragoza\",\"publisher\":{\"@id\":\"https:\/\/clinicanasser.es\/#organization\"},\"potentialAction\":[{\"@type\":\"SearchAction\",\"target\":\"https:\/\/clinicanasser.es\/?s={search_term_string}\",\"query-input\":\"required name=search_term_string\"}],\"inLanguage\":\"ar\"},{\"@type\":\"WebPage\",\"@id\":\"https:\/\/clinicanasser.es\/bloqueo-epidural-lumbar\/#webpage\",\"url\":\"https:\/\/clinicanasser.es\/bloqueo-epidural-lumbar\/\",\"name\":\"Bloqueo Epidural Lumbar - Clinica nasser. Tratamiento del dolor y rehabilitaci\\u00f3n Zaragoza\",\"isPartOf\":{\"@id\":\"https:\/\/clinicanasser.es\/#website\"},\"datePublished\":\"2021-10-07T11:28:16+00:00\",\"dateModified\":\"2021-11-24T09:37:25+00:00\",\"description\":\"El bloqueo epidural lumbar consiste en la introducci\\u00f3n de un anest\\u00e9sico local y\/o un corticoide en el espacio epidural lumbar.\",\"breadcrumb\":{\"@id\":\"https:\/\/clinicanasser.es\/bloqueo-epidural-lumbar\/#breadcrumb\"},\"inLanguage\":\"ar\",\"potentialAction\":[{\"@type\":\"ReadAction\",\"target\":[\"https:\/\/clinicanasser.es\/bloqueo-epidural-lumbar\/\"]}]},{\"@type\":\"BreadcrumbList\",\"@id\":\"https:\/\/clinicanasser.es\/bloqueo-epidural-lumbar\/#breadcrumb\",\"itemListElement\":[{\"@type\":\"ListItem\",\"position\":1,\"item\":{\"@type\":\"WebPage\",\"@id\":\"https:\/\/clinicanasser.es\/\",\"url\":\"https:\/\/clinicanasser.es\/\",\"name\":\"Inicio\"}},{\"@type\":\"ListItem\",\"position\":2,\"item\":{\"@id\":\"https:\/\/clinicanasser.es\/bloqueo-epidural-lumbar\/#webpage\"}}]}]}<\/script>\n<!-- \/ Yoast SEO Premium plugin. -->","_links":{"self":[{"href":"https:\/\/clinicanasser.es\/ar\/wp-json\/wp\/v2\/pages\/9872"}],"collection":[{"href":"https:\/\/clinicanasser.es\/ar\/wp-json\/wp\/v2\/pages"}],"about":[{"href":"https:\/\/clinicanasser.es\/ar\/wp-json\/wp\/v2\/types\/page"}],"author":[{"embeddable":true,"href":"https:\/\/clinicanasser.es\/ar\/wp-json\/wp\/v2\/users\/1"}],"replies":[{"embeddable":true,"href":"https:\/\/clinicanasser.es\/ar\/wp-json\/wp\/v2\/comments?post=9872"}],"version-history":[{"count":10,"href":"https:\/\/clinicanasser.es\/ar\/wp-json\/wp\/v2\/pages\/9872\/revisions"}],"predecessor-version":[{"id":10039,"href":"https:\/\/clinicanasser.es\/ar\/wp-json\/wp\/v2\/pages\/9872\/revisions\/10039"}],"wp:attachment":[{"href":"https:\/\/clinicanasser.es\/ar\/wp-json\/wp\/v2\/media?parent=9872"}],"curies":[{"name":"wp","href":"https:\/\/api.w.org\/{rel}","templated":true}]}}