{"id":9870,"date":"2021-10-07T13:25:25","date_gmt":"2021-10-07T11:25:25","guid":{"rendered":"https:\/\/clinicanasser.es\/?page_id=9870"},"modified":"2021-11-24T11:06:38","modified_gmt":"2021-11-24T09:06:38","slug":"bloqueo-epidural-caudal-o-del-hiato-sacro","status":"publish","type":"page","link":"https:\/\/clinicanasser.es\/ar\/bloqueo-epidural-caudal-o-del-hiato-sacro\/","title":{"rendered":"Bloqueo epidural caudal o del hiato sacro"},"content":{"rendered":"<p>[vc_row][vc_column][vc_column_text]<\/p>\n<h2 style=\"text-align: left;\" align=\"center\">Bloqueo epidural caudal o del hiato sacro<\/h2>\n<p>[\/vc_column_text][vc_empty_space][vc_column_text]<\/p>\n<h6>C\u00f3mo funciona el bloqueo epidural por v\u00eda caudal<\/h6>\n<p><span style=\"color: #000000;\">Un bloqueo epidural por v\u00eda caudal consiste en la introducci\u00f3n de un anest\u00e9sico local y\/o un corticoide en el espacio epidural, lo m\u00e1s cercano posible a la zona inflamatoria o que genera dolor, mediante una punci\u00f3n caudal (a trav\u00e9s de la membrana sacrococc\u00edgea, situada en el llamado hiato sacro, al final del hueso sacro).<\/span><\/p>\n<h6>El principal objetivo del bloqueo epidural por v\u00eda caudal<\/h6>\n<p><span style=\"color: #000000;\">El objetivo de la t\u00e9cnica consiste en lograr que la sustancia inyectada act\u00fae directamente en la zona de lesi\u00f3n aliviando la sintomatolog\u00eda dolorosa; nunca la curaci\u00f3n de su patolog\u00eda. Con esto se puede romper el c\u00edrculo de contractura -inflamaci\u00f3n-dolor.\u00a0 Tambi\u00e9n\u00a0 se\u00a0 puede\u00a0 utilizar\u00a0 para\u00a0 determinar\u00a0 si\u00a0 la\u00a0 zona\u00a0 anestesiada\u00a0 es\u00a0 el\u00a0 origen\u00a0 de\u00a0 su\u00a0 dolor.<\/span><\/p>\n<h6>Alivio duradero<\/h6>\n<p><span style=\"color: #000000;\">Aproximadamente en la mitad de los casos en los que se realiza un bloqueo caudal terap\u00e9utico, se consigue una mejor\u00eda que a menudo es temporal y en algunos casos puede llegar a ser muy duradera, proporcionando un alivio importante del dolor. El alivio completo del dolor no es imposible, pero s\u00ed dif\u00edcil de conseguir mediante esta t\u00e9cnica, especialmente si sufre usted lo que se llama estenosis de canal (estrechamiento del canal por el que pasa la m\u00e9dula espinal). En el caso de la punci\u00f3n diagn\u00f3stica, el alivio del dolor es \u00fanicamente temporal (unas horas o d\u00edas, como ocurre en el caso de la estenosis de canal).<\/span>[\/vc_column_text][vc_empty_space][\/vc_column][\/vc_row][vc_row][vc_column][vc_tta_tabs][vc_tta_section title=&#8221;C\u00d3MO SE REALIZA&#8221; tab_id=&#8221;1633603973981-d8a038c1-c72c&#8221;][vc_column_text]<span style=\"color: #000000;\">Se le colocar\u00e1 una v\u00eda intravenosa previo al procedimiento. Debe realizarse bajo control ecogr\u00e1fico, boca abajo. La piel se infiltra con un anest\u00e9sico local, para disminuir la molestia posterior. Suele durar unos 10 minutos.<\/span>[\/vc_column_text][\/vc_tta_section][vc_tta_section title=&#8221;BENEFICIO&#8221; tab_id=&#8221;1633603973990-72e21591-3d2b&#8221;][vc_column_text]<span style=\"color: #000000;\">Control del dolor y disminuci\u00f3n de la toma de analg\u00e9sicos.<\/span><\/p>\n<p><span style=\"color: #000000;\">La pretensi\u00f3n terap\u00e9utica es la de aliviar su dolor, no curar. Facilitar una mejora de su funcionalidad, de la rehabilitaci\u00f3n y fisioterapia y de esta manera procurar una mayor percepci\u00f3n de su calidad de vida. Debe saber que el grado de alivio es muy variable de un paciente a otro.<\/span>[\/vc_column_text][\/vc_tta_section][vc_tta_section title=&#8221;EFICACIA&#8221; tab_id=&#8221;1633603975979-5fafb2d1-5cdf&#8221;][vc_column_text]<span style=\"color: #000000;\">Las infiltraciones de esteroides epidurales pueden ser eficaces en los pacientes con dolor radicular lumbosacro agudo o cr\u00f3nico. Esos bloqueos caudales de corticoesteroides son eficaces en el alivio sintom\u00e1tico a corto y largo plazo gracias a la combinaciones de los corticoides con los anest\u00e9sicos de larga duraci\u00f3n, y a veces con los opi\u00e1ceos. <\/span>[\/vc_column_text][\/vc_tta_section][\/vc_tta_tabs][\/vc_column][\/vc_row][vc_row][vc_column width=&#8221;1\/2&#8243;][vc_empty_space][vc_empty_space][vc_column_text css=&#8221;.vc_custom_1633605560528{background-color: #0f72b5 !important;}&#8221;]<\/p>\n<h5 style=\"text-align: center;\"><span style=\"color: #ffffff;\">PARA QUI\u00c9N EST\u00c1 INDICADO<\/span><\/h5>\n<p>[\/vc_column_text][vc_column_text]<\/p>\n<p style=\"text-align: center;\"><span style=\"color: #000000;\">Dolor lumbar irradiado a extremidades inferiores.<\/span><br \/>\n<span style=\"color: #000000;\">Muy \u00fatil en dolores secundarios a un canal lumbar estrecho, en casos de protrusi\u00f3n o herniaci\u00f3n discal, y en personas que sufren la temida fibrosis postoperatoria.<\/span><\/p>\n<p>[\/vc_column_text][vc_empty_space][vc_empty_space][\/vc_column][vc_column width=&#8221;1\/2&#8243;][vc_empty_space][vc_empty_space][vc_column_text css=&#8221;.vc_custom_1633605626062{background-color: #0f72b5 !important;}&#8221;]<\/p>\n<h5 style=\"text-align: center;\"><span style=\"color: #ffffff;\">PROFESIONAL QUE REALIZA LA SESI\u00d3N<\/span><\/h5>\n<p>[\/vc_column_text][vc_column_text]<\/p>\n<p style=\"text-align: center;\"><span style=\"color: #000000;\">Todas las sesiones de infiltraci\u00f3n son realizadas por nuestro cuerpo m\u00e9dico especializado en anestesiolog\u00eda.<\/span><\/p>\n<p>[\/vc_column_text][vc_empty_space][vc_empty_space][\/vc_column][\/vc_row]<\/p>\n","protected":false},"excerpt":{"rendered":"<p>[vc_row][vc_column][vc_column_text] Bloqueo epidural caudal o del hiato sacro [\/vc_column_text][vc_empty_space][vc_column_text] C\u00f3mo funciona el bloqueo epidural por v\u00eda caudal Un bloqueo epidural por v\u00eda caudal consiste en la introducci\u00f3n de un anest\u00e9sico local y\/o un corticoide en el espacio epidural, lo m\u00e1s cercano posible a la zona inflamatoria o que genera dolor,<\/p>\n","protected":false},"author":1,"featured_media":0,"parent":0,"menu_order":0,"comment_status":"closed","ping_status":"closed","template":"","meta":[],"translation":{"provider":"WPGlobus","version":"2.7.3","language":"ar","enabled_languages":["es","en","ar","it"],"languages":{"es":{"title":true,"content":true,"excerpt":false},"en":{"title":false,"content":false,"excerpt":false},"ar":{"title":false,"content":false,"excerpt":false},"it":{"title":false,"content":false,"excerpt":false}}},"yoast_head":"<!-- This site is optimized with the Yoast SEO Premium plugin v16.2 - https:\/\/yoast.com\/wordpress\/plugins\/seo\/ -->\n<title>Bloqueo epidural caudal o del hiato sacro - Clinica nasser. Tratamiento del dolor y rehabilitaci\u00f3n Zaragoza<\/title>\n<meta name=\"robots\" content=\"index, follow, max-snippet:-1, max-image-preview:large, max-video-preview:-1\" \/>\n<link rel=\"canonical\" href=\"https:\/\/clinicanasser.es\/en\/bloqueo-epidural-caudal-o-del-hiato-sacro\/\" \/>\n<meta property=\"og:locale\" content=\"ar_AR\" \/>\n<meta property=\"og:type\" content=\"article\" \/>\n<meta property=\"og:title\" content=\"Bloqueo epidural caudal o del hiato sacro - Clinica nasser. Tratamiento del dolor y rehabilitaci\u00f3n Zaragoza\" \/>\n<meta property=\"og:url\" content=\"https:\/\/clinicanasser.es\/en\/bloqueo-epidural-caudal-o-del-hiato-sacro\/\" \/>\n<meta property=\"og:site_name\" content=\"Clinica nasser. Tratamiento del dolor y rehabilitaci\u00f3n Zaragoza\" \/>\n<meta property=\"article:publisher\" content=\"https:\/\/www.facebook.com\/clinicanasserspain\/\" \/>\n<meta property=\"article:modified_time\" content=\"2021-11-24T09:06:38+00:00\" \/>\n<meta name=\"twitter:card\" content=\"summary_large_image\" \/>\n<meta name=\"twitter:label1\" content=\"Est. reading time\">\n\t<meta name=\"twitter:data1\" content=\"3 minutes\">\n<script type=\"application\/ld+json\" class=\"yoast-schema-graph\">{\"@context\":\"https:\/\/schema.org\",\"@graph\":[{\"@type\":\"Organization\",\"@id\":\"https:\/\/clinicanasser.es\/#organization\",\"name\":\"Cl\\u00ednica Nasser\",\"url\":\"https:\/\/clinicanasser.es\/\",\"sameAs\":[\"https:\/\/www.facebook.com\/clinicanasserspain\/\",\"https:\/\/www.instagram.com\/clinica_nasser\/\",\"https:\/\/www.youtube.com\/channel\/UCjOFF9Kh4GHV2vhZkZx4yog\"],\"logo\":{\"@type\":\"ImageObject\",\"@id\":\"https:\/\/clinicanasser.es\/#logo\",\"inLanguage\":\"ar\",\"url\":\"https:\/\/clinicanasser.es\/wp-content\/uploads\/2019\/01\/Favicon-Clinica-Nasser.png\",\"contentUrl\":\"https:\/\/clinicanasser.es\/wp-content\/uploads\/2019\/01\/Favicon-Clinica-Nasser.png\",\"width\":512,\"height\":512,\"caption\":\"Cl\\u00ednica Nasser\"},\"image\":{\"@id\":\"https:\/\/clinicanasser.es\/#logo\"}},{\"@type\":\"WebSite\",\"@id\":\"https:\/\/clinicanasser.es\/#website\",\"url\":\"https:\/\/clinicanasser.es\/\",\"name\":\"Clinica nasser. Tratamiento del dolor y rehabilitaci\\u00f3n Zaragoza\",\"description\":\"Cl\\u00ednica especializada en tratamiento del dolor, rehabilitaci\\u00f3n fisico - deportiva y preparaciones f\\u00edsicas. Cl\\u00ednica en Zaragoza\",\"publisher\":{\"@id\":\"https:\/\/clinicanasser.es\/#organization\"},\"potentialAction\":[{\"@type\":\"SearchAction\",\"target\":\"https:\/\/clinicanasser.es\/?s={search_term_string}\",\"query-input\":\"required name=search_term_string\"}],\"inLanguage\":\"ar\"},{\"@type\":\"WebPage\",\"@id\":\"https:\/\/clinicanasser.es\/en\/bloqueo-epidural-caudal-o-del-hiato-sacro\/#webpage\",\"url\":\"https:\/\/clinicanasser.es\/en\/bloqueo-epidural-caudal-o-del-hiato-sacro\/\",\"name\":\"Bloqueo epidural caudal o del hiato sacro - Clinica nasser. Tratamiento del dolor y rehabilitaci\\u00f3n Zaragoza\",\"isPartOf\":{\"@id\":\"https:\/\/clinicanasser.es\/#website\"},\"datePublished\":\"2021-10-07T11:25:25+00:00\",\"dateModified\":\"2021-11-24T09:06:38+00:00\",\"description\":\"El bloqueo epidural por v\\u00eda caudal consiste en inyectar un anest\\u00e9sico local o un corticoide en el espacio epidural, cerca de la zona de dolor.\",\"breadcrumb\":{\"@id\":\"https:\/\/clinicanasser.es\/en\/bloqueo-epidural-caudal-o-del-hiato-sacro\/#breadcrumb\"},\"inLanguage\":\"ar\",\"potentialAction\":[{\"@type\":\"ReadAction\",\"target\":[\"https:\/\/clinicanasser.es\/en\/bloqueo-epidural-caudal-o-del-hiato-sacro\/\"]}]},{\"@type\":\"BreadcrumbList\",\"@id\":\"https:\/\/clinicanasser.es\/en\/bloqueo-epidural-caudal-o-del-hiato-sacro\/#breadcrumb\",\"itemListElement\":[{\"@type\":\"ListItem\",\"position\":1,\"item\":{\"@type\":\"WebPage\",\"@id\":\"https:\/\/clinicanasser.es\/\",\"url\":\"https:\/\/clinicanasser.es\/\",\"name\":\"Inicio\"}},{\"@type\":\"ListItem\",\"position\":2,\"item\":{\"@id\":\"https:\/\/clinicanasser.es\/en\/bloqueo-epidural-caudal-o-del-hiato-sacro\/#webpage\"}}]}]}<\/script>\n<!-- \/ Yoast SEO Premium plugin. -->","_links":{"self":[{"href":"https:\/\/clinicanasser.es\/ar\/wp-json\/wp\/v2\/pages\/9870"}],"collection":[{"href":"https:\/\/clinicanasser.es\/ar\/wp-json\/wp\/v2\/pages"}],"about":[{"href":"https:\/\/clinicanasser.es\/ar\/wp-json\/wp\/v2\/types\/page"}],"author":[{"embeddable":true,"href":"https:\/\/clinicanasser.es\/ar\/wp-json\/wp\/v2\/users\/1"}],"replies":[{"embeddable":true,"href":"https:\/\/clinicanasser.es\/ar\/wp-json\/wp\/v2\/comments?post=9870"}],"version-history":[{"count":12,"href":"https:\/\/clinicanasser.es\/ar\/wp-json\/wp\/v2\/pages\/9870\/revisions"}],"predecessor-version":[{"id":10036,"href":"https:\/\/clinicanasser.es\/ar\/wp-json\/wp\/v2\/pages\/9870\/revisions\/10036"}],"wp:attachment":[{"href":"https:\/\/clinicanasser.es\/ar\/wp-json\/wp\/v2\/media?parent=9870"}],"curies":[{"name":"wp","href":"https:\/\/api.w.org\/{rel}","templated":true}]}}