{"id":8,"date":"2017-06-06T09:05:29","date_gmt":"2017-06-06T09:05:29","guid":{"rendered":"http:\/\/dev.joomexp.com\/wordpress\/wp-medix\/?page_id=8"},"modified":"2023-08-30T10:00:32","modified_gmt":"2023-08-30T08:00:32","slug":"consultas-medicas-online","status":"publish","type":"page","link":"https:\/\/clinicanasser.es\/ar\/consultas-medicas-online\/","title":{"rendered":"Cl\u00ednica Nasser virtual"},"content":{"rendered":"<p>[vc_row full_width=&#8221;stretch_row_content_no_spaces&#8221;][vc_column][vc_single_image image=&#8221;11355&#8243; img_size=&#8221;full&#8221; alignment=&#8221;center&#8221;][vc_empty_space][\/vc_column][\/vc_row][vc_row full_width=&#8221;stretch_row&#8221; padding_top=&#8221;padding_top_100&#8243; padding_bottom=&#8221;padding_bottom_100&#8243; overlay_opacity=&#8221;true&#8221; bg_fixed=&#8221;true&#8221; space30=&#8221;&#8221; css=&#8221;.vc_custom_1689676092768{background: rgba(30,115,190,0.9) url(http:\/\/dev.joomexp.com\/wordpress\/wp-medix\/wp-content\/uploads\/2017\/06\/abstract.jpg?id=1032) !important;background-position: center !important;background-repeat: no-repeat !important;background-size: cover !important;*background-color: rgb(30,115,190) !important;}&#8221;][vc_column offset=&#8221;vc_col-lg-offset-2 vc_col-lg-8 vc_col-md-offset-1 vc_col-md-10&#8243; css=&#8221;.vc_custom_1500610437620{margin-top: 10px !important;}&#8221;][cms_title_header style=&#8221;style-0&#8243; is_center=&#8221;1&#8243; title1_color=&#8221;#ffffff&#8221; title1_line_height=&#8221;1&#8243; title2_color=&#8221;#ffffff&#8221; title2_line_height=&#8221;0.8&#8243; title1=&#8221;DESCUBRE EL CAMINO HACIA UNA VIDA SALUDABLE Y ACTIVA&#8221; title2=&#8221;EST\u00c9S DONDE EST\u00c9S&#8221; title2_fontsize=&#8221;60&#8243; css=&#8221;.vc_custom_1692870409883{margin-bottom: 60px !important;background-color: #1e73be !important;}&#8221;][vc_separator][vc_empty_space][vc_custom_heading text=&#8221;AGENDA TU CONSULTA&#8221; font_container=&#8221;tag:h4|text_align:center|line_height:1&#8243; use_theme_fonts=&#8221;yes&#8221; uppercase=&#8221;1&#8243; thin=&#8221;1&#8243; css=&#8221;.vc_custom_1692873569611{margin-bottom: 4px !important;padding-top: 10px !important;}&#8221;][vc_custom_heading text=&#8221;VIRTUAL&#8221; font_container=&#8221;tag:h3|text_align:center|line_height:1&#8243; use_theme_fonts=&#8221;yes&#8221; uppercase=&#8221;1&#8243; thin=&#8221;&#8221; css=&#8221;.vc_custom_1692873583495{margin-bottom: 20px !important;}&#8221;][\/vc_column][\/vc_row][vc_row][vc_column][vc_empty_space][vc_tta_tabs][vc_tta_section title=&#8221;Especialidad&#8221; tab_id=&#8221;1692871644856-418d182f-bd2e&#8221;]<div role=\"form\" class=\"wpcf7\" id=\"wpcf7-f11392-o1\" lang=\"en-US\" dir=\"ltr\">\n<div class=\"screen-reader-response\"><p role=\"status\" aria-live=\"polite\" aria-atomic=\"true\"><\/p> <ul><\/ul><\/div>\n<form action=\"\/ar\/wp-json\/wp\/v2\/pages\/8#wpcf7-f11392-o1\" method=\"post\" class=\"wpcf7-form init\" novalidate=\"novalidate\" data-status=\"init\">\n<div style=\"display: none;\">\n<input type=\"hidden\" name=\"_wpcf7\" value=\"11392\" \/>\n<input type=\"hidden\" name=\"_wpcf7_version\" value=\"5.4.1\" \/>\n<input type=\"hidden\" name=\"_wpcf7_locale\" value=\"en_US\" \/>\n<input type=\"hidden\" name=\"_wpcf7_unit_tag\" value=\"wpcf7-f11392-o1\" \/>\n<input type=\"hidden\" name=\"_wpcf7_container_post\" value=\"0\" \/>\n<input type=\"hidden\" name=\"_wpcf7_posted_data_hash\" value=\"\" \/>\n<input type=\"hidden\" name=\"_wpcf7_recaptcha_response\" value=\"\" \/>\n<\/div>\n<p><span class=\"wpcf7-form-control-wrap categorias\"><select name=\"categorias\" class=\"wpcf7-form-control wpcf7-select\" aria-invalid=\"false\"><option value=\"Medicina del dolor\">Medicina del dolor<\/option><option value=\"Consulta general\">Consulta general<\/option><option value=\"Nutrici\u00f3n\">Nutrici\u00f3n<\/option><option value=\"Enfermedad degenerativa\">Enfermedad degenerativa<\/option><option value=\"Medicina integrativa\">Medicina integrativa<\/option><option value=\"Mujer\">Mujer<\/option><option value=\"Psicolog\u00eda deportiva\">Psicolog\u00eda deportiva<\/option><option value=\"Psiconeurociencia\">Psiconeurociencia<\/option><option value=\"Control mental\">Control mental<\/option><option value=\"Entrenamientos personales\">Entrenamientos personales<\/option><option value=\"Salud maternal\">Salud maternal<\/option><option value=\"An\u00e1lisis Cl\u00ednicos\">An\u00e1lisis Cl\u00ednicos<\/option><\/select><\/span><\/p>\n<div class=\"wpcf7-response-output\" aria-hidden=\"true\"><\/div><\/form><\/div>[\/vc_tta_section][vc_tta_section title=&#8221;Especialistas&#8221; tab_id=&#8221;1692871644890-7b8addfb-6ff7&#8243;]<div role=\"form\" class=\"wpcf7\" id=\"wpcf7-f11394-o2\" lang=\"en-US\" dir=\"ltr\">\n<div class=\"screen-reader-response\"><p role=\"status\" aria-live=\"polite\" aria-atomic=\"true\"><\/p> <ul><\/ul><\/div>\n<form action=\"\/ar\/wp-json\/wp\/v2\/pages\/8#wpcf7-f11394-o2\" method=\"post\" class=\"wpcf7-form init\" novalidate=\"novalidate\" data-status=\"init\">\n<div style=\"display: none;\">\n<input type=\"hidden\" name=\"_wpcf7\" value=\"11394\" \/>\n<input type=\"hidden\" name=\"_wpcf7_version\" value=\"5.4.1\" \/>\n<input type=\"hidden\" name=\"_wpcf7_locale\" value=\"en_US\" \/>\n<input type=\"hidden\" name=\"_wpcf7_unit_tag\" value=\"wpcf7-f11394-o2\" \/>\n<input type=\"hidden\" name=\"_wpcf7_container_post\" value=\"0\" \/>\n<input type=\"hidden\" name=\"_wpcf7_posted_data_hash\" value=\"\" \/>\n<input type=\"hidden\" name=\"_wpcf7_recaptcha_response\" value=\"\" \/>\n<\/div>\n<p><span class=\"wpcf7-form-control-wrap categorias\"><select name=\"categorias\" class=\"wpcf7-form-control wpcf7-select\" aria-invalid=\"false\"><option value=\"Doctor Nasser\">Doctor Nasser<\/option><option value=\"Doctor Camerino\">Doctor Camerino<\/option><option value=\"Lara Mar\u00edn\">Lara Mar\u00edn<\/option><\/select><\/span><\/p>\n<div class=\"wpcf7-response-output\" aria-hidden=\"true\"><\/div><\/form><\/div>[\/vc_tta_section][\/vc_tta_tabs][vc_empty_space][vc_text_separator title=&#8221;SERVICIOS DESTACADOS&#8221;][vc_empty_space][vc_row_inner][vc_column_inner width=&#8221;1\/4&#8243;][vc_single_image image=&#8221;11380&#8243; img_size=&#8221;full&#8221; onclick=&#8221;custom_link&#8221; link=&#8221;#&#8221;][\/vc_column_inner][vc_column_inner width=&#8221;1\/4&#8243;][vc_single_image image=&#8221;11381&#8243; img_size=&#8221;full&#8221; onclick=&#8221;custom_link&#8221; link=&#8221;#&#8221;][\/vc_column_inner][vc_column_inner width=&#8221;1\/4&#8243;][vc_single_image image=&#8221;11382&#8243; img_size=&#8221;full&#8221; onclick=&#8221;custom_link&#8221; link=&#8221;#&#8221;][\/vc_column_inner][vc_column_inner width=&#8221;1\/4&#8243;][vc_single_image image=&#8221;11371&#8243; img_size=&#8221;full&#8221; onclick=&#8221;custom_link&#8221; link=&#8221;#&#8221;][\/vc_column_inner][\/vc_row_inner][vc_empty_space][vc_row_inner][vc_column_inner width=&#8221;1\/4&#8243;][vc_single_image image=&#8221;11372&#8243; img_size=&#8221;full&#8221; onclick=&#8221;custom_link&#8221; link=&#8221;#&#8221;][\/vc_column_inner][vc_column_inner width=&#8221;1\/4&#8243;][vc_single_image image=&#8221;11373&#8243; img_size=&#8221;full&#8221; onclick=&#8221;custom_link&#8221; link=&#8221;#&#8221;][\/vc_column_inner][vc_column_inner width=&#8221;1\/4&#8243;][vc_single_image image=&#8221;11374&#8243; img_size=&#8221;full&#8221; onclick=&#8221;custom_link&#8221; link=&#8221;#&#8221;][\/vc_column_inner][vc_column_inner width=&#8221;1\/4&#8243;][vc_single_image image=&#8221;11375&#8243; img_size=&#8221;full&#8221; onclick=&#8221;custom_link&#8221; link=&#8221;#&#8221;][\/vc_column_inner][\/vc_row_inner][vc_empty_space][vc_row_inner][vc_column_inner width=&#8221;1\/4&#8243;][vc_single_image image=&#8221;11376&#8243; img_size=&#8221;full&#8221; onclick=&#8221;custom_link&#8221; link=&#8221;#&#8221;][\/vc_column_inner][vc_column_inner width=&#8221;1\/4&#8243;][vc_single_image image=&#8221;11377&#8243; img_size=&#8221;full&#8221; onclick=&#8221;custom_link&#8221; link=&#8221;#&#8221;][\/vc_column_inner][vc_column_inner width=&#8221;1\/4&#8243;][vc_single_image image=&#8221;11379&#8243; img_size=&#8221;full&#8221; onclick=&#8221;custom_link&#8221; link=&#8221;#&#8221;][\/vc_column_inner][vc_column_inner width=&#8221;1\/4&#8243;][vc_single_image image=&#8221;11378&#8243; img_size=&#8221;full&#8221; onclick=&#8221;custom_link&#8221; link=&#8221;#&#8221;][\/vc_column_inner][\/vc_row_inner][vc_empty_space][\/vc_column][\/vc_row][vc_row full_width=&#8221;stretch_row&#8221; padding_top=&#8221;padding_top_100&#8243; overlay_opacity=&#8221;true&#8221; bg_fixed=&#8221;true&#8221; space30=&#8221;&#8221; css=&#8221;.vc_custom_1501211213775{background: rgba(16,32,53,0.9) url(http:\/\/dev.joomexp.com\/wordpress\/wp-medix\/wp-content\/uploads\/2017\/06\/download.jpg?id=1049) !important;background-position: center !important;background-repeat: no-repeat !important;background-size: cover !important;*background-color: rgb(16,32,53) !important;}&#8221;][vc_column offset=&#8221;vc_col-lg-7 vc_col-md-7&#8243;][vc_custom_heading text=&#8221;AVALADOS POR LA DIRECCI\u00d3N M\u00c9DICA DE&#8221; font_container=&#8221;tag:h4|text_align:left|color:%23ffffff|line_height:1&#8243; use_theme_fonts=&#8221;yes&#8221; uppercase=&#8221;1&#8243; thin=&#8221;1&#8243; css=&#8221;.vc_custom_1692874003437{margin-bottom: 10px !important;padding-top: 10px !important;}&#8221;][vc_custom_heading text=&#8221;CL\u00cdNICA NASSER&#8221; font_container=&#8221;tag:h2|text_align:left|color:%23947dc8|line_height:0.8&#8243; use_theme_fonts=&#8221;yes&#8221; uppercase=&#8221;1&#8243; thin=&#8221;&#8221;][vc_empty_space height=&#8221;20px&#8221;][vc_column_text font_size=&#8221;20px&#8221; color=&#8221;#ffffff&#8221; css=&#8221;.vc_custom_1689677470181{margin-bottom: 30px !important;}&#8221;]Cl\u00ednica Nasser Virtual ofrece una experiencia m\u00e9dica integral y de vanguardia.[\/vc_column_text][vc_column_text color=&#8221;#8a9099&#8243;]Nuestro enfoque en el tratamiento del dolor, rehabilitaci\u00f3n de lesiones, preparaci\u00f3n f\u00edsica, nutrici\u00f3n especializada, psiconeurociencia, medicina integrativa, clases de yoga y pilates online, y gesti\u00f3n de an\u00e1lisis cl\u00ednicos nos distingue como una cl\u00ednica m\u00e9dica virtual l\u00edder en el campo de la medicina deportiva y el bienestar integral.[\/vc_column_text][vc_empty_space height=&#8221;20px&#8221;][vc_single_image image=&#8221;1059&#8243; img_size=&#8221;full&#8221;][\/vc_column][vc_column offset=&#8221;vc_col-lg-5 vc_col-md-5&#8243;][vc_empty_space height=&#8221;200px&#8221;][vc_single_image image=&#8221;11137&#8243; img_size=&#8221;full&#8221; style=&#8221;top-overlap&#8221; el_class=&#8221;max-width-120&#8243;][\/vc_column][\/vc_row][vc_row][vc_column][vc_empty_space height=&#8221;40px&#8221;][vc_text_separator title=&#8221;PROFESIONALES A TU ALCANCE EST\u00c9S DONDE EST\u00c9S&#8221;][vc_empty_space][\/vc_column][\/vc_row][vc_row css=&#8221;.vc_custom_1623404073624{margin-top: 50px !important;}&#8221; el_class=&#8221;centrarContenido&#8221;][vc_column width=&#8221;1\/3&#8243;][vc_empty_space height=&#8221;16px&#8221;][vc_single_image image=&#8221;6463&#8243; img_size=&#8221;full&#8221; alignment=&#8221;center&#8221;][vc_empty_space height=&#8221;16px&#8221;][vc_column_text]<\/p>\n<p style=\"text-align: center;\"><span style=\"color: #000000;\">DR. NASSER<\/span><\/p>\n<p>[\/vc_column_text][vc_empty_space height=&#8221;16px&#8221;][vc_separator][vc_empty_space height=&#8221;16px&#8221;][vc_column_text]<\/p>\n<p style=\"text-align: center;\"><span style=\"color: #000000;\"><strong>Director m\u00e9dico<\/strong><\/span><\/p>\n<p style=\"text-align: center;\"><span style=\"color: #000000;\">M\u00e9dico licenciado en medicina general y cirug\u00eda<\/span><br \/>\n<span style=\"color: #000000;\">M\u00e9dico especialista en anestesiolog\u00eda, reanimaci\u00f3n y <\/span><span style=\"color: #000000;\">terapia del dolor<\/span><\/p>\n<p style=\"text-align: center;\"><span style=\"color: #000000;\">Colegio de M\u00e9dicos de Zaragoza.\u00a0<\/span><\/p>\n<p style=\"text-align: center;\"><span style=\"color: #000000;\">Colegiado 5.637<\/span><\/p>\n<p>[\/vc_column_text][vc_empty_space][\/vc_column][vc_column width=&#8221;1\/3&#8243;][vc_empty_space height=&#8221;16px&#8221;][vc_single_image image=&#8221;10407&#8243; img_size=&#8221;full&#8221; alignment=&#8221;center&#8221;][vc_empty_space height=&#8221;16px&#8221;][vc_column_text]<\/p>\n<p style=\"text-align: center;\"><span style=\"color: #000000;\">DR. SAMI VAL<\/span><\/p>\n<p>[\/vc_column_text][vc_empty_space height=&#8221;16px&#8221;][vc_separator][vc_empty_space height=&#8221;16px&#8221;][vc_column_text]<\/p>\n<p style=\"text-align: center;\"><span style=\"color: #000000;\"><b>Traumat\u00f3logo<\/b><\/span><\/p>\n<p style=\"text-align: center;\"><span style=\"color: #000000;\">M\u00e9dico licenciado en Cirug\u00eda Ortop\u00e9dica y Traumatolog\u00eda<\/span><\/p>\n<p style=\"text-align: center;\"><span style=\"color: #000000;\">Especializado en Traumatolog\u00eda deportiva y la preservaci\u00f3n articular<\/span><\/p>\n<p style=\"text-align: center;\"><span style=\"color: #000000;\">Colegio de M\u00e9dicos de Zaragoza.\u00a0<\/span><\/p>\n<p style=\"text-align: center;\"><span style=\"color: #000000;\">Colegiado 13.625<\/span><\/p>\n<p>[\/vc_column_text][vc_empty_space][\/vc_column][vc_column width=&#8221;1\/3&#8243;][vc_empty_space height=&#8221;16px&#8221;][vc_single_image image=&#8221;10456&#8243; img_size=&#8221;full&#8221;][vc_empty_space height=&#8221;16px&#8221;][vc_column_text]<\/p>\n<p style=\"text-align: center;\"><span style=\"color: #000000;\">DR. DIEGO GARC\u00cdA GERM\u00c1N<\/span><\/p>\n<p>[\/vc_column_text][vc_empty_space height=&#8221;16px&#8221;][vc_separator][vc_empty_space height=&#8221;16px&#8221;][vc_column_text]<\/p>\n<p style=\"text-align: center;\"><span style=\"color: #000000;\"><b>Especialista en Cirug\u00eda Ortop\u00e9dica y Traumatolog\u00eda<\/b><\/span><\/p>\n<p style=\"text-align: center;\"><span style=\"color: #000000;\">Doctor en Medicina<\/span><\/p>\n<p style=\"text-align: center;\"><span style=\"color: #000000;\">Especialista en Traumatolog\u00eda Deportiva y Artroscopia<\/span><\/p>\n<p>[\/vc_column_text][\/vc_column][\/vc_row][vc_row padding_top=&#8221;padding_top_120&#8243; padding_bottom=&#8221;padding_bottom_150&#8243; space30=&#8221;&#8221;][vc_column css_animation=&#8221;fadeIn&#8221; data_delay=&#8221;250&#8243; offset=&#8221;vc_col-lg-offset-1 vc_col-lg-10 vc_col-md-offset-1 vc_col-md-10&#8243;][testimonial_carousel values=&#8221;%5B%7B%22author_avatar%22%3A%22698%22%2C%22author_name%22%3A%22Pierre%20J.%20Cantara%22%2C%22author_position%22%3A%22HouseKeeper%22%2C%22text%22%3A%22Lorem%20ipsum%20amet%2C%20consetetur%20sadipscing%20elitr%2C%20sed%20diam%20nonumy%20eirmod%20tempor%20invidunt%20ut%20labore%20et%20dolore%20magna%20aliquyam%20erat%2C%20sed%20diam%20voluptua.%20At%20vero%20eos%20et%20accusam%20et%20justo%20duo%20dolores%20et%20ea%20rebum%20stet%20clita%20kasd%20gubergren%22%7D%2C%7B%22author_avatar%22%3A%22699%22%2C%22author_name%22%3A%22Maggie%20Sears%22%2C%22author_position%22%3A%22HouseKeeper%22%2C%22text%22%3A%22Lorem%20ipsum%20amet%2C%20consetetur%20sadipscing%20elitr%2C%20sed%20diam%20nonumy%20eirmod%20tempor%20invidunt%20ut%20labore%20et%20dolore%20magna%20aliquyam%20erat%2C%20sed%20diam%20voluptua.%20At%20vero%20eos%20et%20accusam%20et%20justo%20duo%20dolores%20et%20ea%20rebum%20stet%20clita%20kasd%20gubergren%22%7D%2C%7B%22author_avatar%22%3A%22700%22%2C%22author_name%22%3A%22Will%20Bolling%22%2C%22author_position%22%3A%22HouseKeeper%22%2C%22text%22%3A%22Lorem%20ipsum%20amet%2C%20consetetur%20sadipscing%20elitr%2C%20sed%20diam%20nonumy%20eirmod%20tempor%20invidunt%20ut%20labore%20et%20dolore%20magna%20aliquyam%20erat%2C%20sed%20diam%20voluptua.%20At%20vero%20eos%20et%20accusam%20et%20justo%20duo%20dolores%20et%20ea%20rebum%20stet%20clita%20kasd%20gubergren%22%7D%5D&#8221;][\/vc_column][\/vc_row][vc_row][vc_column][vc_empty_space][vc_single_image image=&#8221;11389&#8243; img_size=&#8221;full&#8221; alignment=&#8221;center&#8221; onclick=&#8221;custom_link&#8221; link=&#8221;#&#8221;][vc_empty_space][\/vc_column][\/vc_row][vc_row full_width=&#8221;stretch_row&#8221; padding_top=&#8221;padding_top_100&#8243; padding_bottom=&#8221;padding_bottom_100&#8243; overlay_opacity=&#8221;true&#8221; bg_fixed=&#8221;true&#8221; space30=&#8221;&#8221; css=&#8221;.vc_custom_1689676092768{background: rgba(30,115,190,0.9) url(http:\/\/dev.joomexp.com\/wordpress\/wp-medix\/wp-content\/uploads\/2017\/06\/abstract.jpg?id=1032) !important;background-position: center !important;background-repeat: no-repeat !important;background-size: cover !important;*background-color: rgb(30,115,190) !important;}&#8221;][vc_column offset=&#8221;vc_col-lg-offset-2 vc_col-lg-8 vc_col-md-offset-1 vc_col-md-10&#8243; css=&#8221;.vc_custom_1500610437620{margin-top: 10px !important;}&#8221;][cms_title_header style=&#8221;style-0&#8243; is_center=&#8221;1&#8243; title1_color=&#8221;#ffffff&#8221; title1_line_height=&#8221;1&#8243; title2_color=&#8221;#ffffff&#8221; title1=&#8221;COMIENZA TU VIAJE&#8221; title2=&#8221;HACIA UNA VIDA SALUDABLE HOY&#8221; title2_fontsize=&#8221;55&#8243; css=&#8221;.vc_custom_1692877739207{margin-bottom: 60px !important;background-color: #1e73be !important;}&#8221;][vc_separator][vc_empty_space][vc_custom_heading text=&#8221;- RESERVA TU CITA -&#8221; font_container=&#8221;tag:h3|text_align:center|line_height:1&#8243; use_theme_fonts=&#8221;yes&#8221; uppercase=&#8221;1&#8243; thin=&#8221;&#8221; css=&#8221;.vc_custom_1692877651784{margin-bottom: 20px !important;}&#8221;][\/vc_column][\/vc_row]<\/p>\n","protected":false},"excerpt":{"rendered":"<p>[vc_row full_width=&#8221;stretch_row_content_no_spaces&#8221;][vc_column][vc_single_image image=&#8221;11355&#8243; img_size=&#8221;full&#8221; alignment=&#8221;center&#8221;][vc_empty_space][\/vc_column][\/vc_row][vc_row full_width=&#8221;stretch_row&#8221; padding_top=&#8221;padding_top_100&#8243; padding_bottom=&#8221;padding_bottom_100&#8243; overlay_opacity=&#8221;true&#8221; bg_fixed=&#8221;true&#8221; space30=&#8221;&#8221; css=&#8221;.vc_custom_1689676092768{background: rgba(30,115,190,0.9) url(http:\/\/dev.joomexp.com\/wordpress\/wp-medix\/wp-content\/uploads\/2017\/06\/abstract.jpg?id=1032) !important;background-position: center !important;background-repeat: no-repeat !important;background-size: cover !important;*background-color: rgb(30,115,190) !important;}&#8221;][vc_column offset=&#8221;vc_col-lg-offset-2 vc_col-lg-8 vc_col-md-offset-1 vc_col-md-10&#8243; css=&#8221;.vc_custom_1500610437620{margin-top: 10px !important;}&#8221;][cms_title_header style=&#8221;style-0&#8243; is_center=&#8221;1&#8243; title1_color=&#8221;#ffffff&#8221; title1_line_height=&#8221;1&#8243; title2_color=&#8221;#ffffff&#8221; title2_line_height=&#8221;0.8&#8243; title1=&#8221;DESCUBRE EL CAMINO HACIA UNA VIDA SALUDABLE Y ACTIVA&#8221; title2=&#8221;EST\u00c9S DONDE EST\u00c9S&#8221; title2_fontsize=&#8221;60&#8243; css=&#8221;.vc_custom_1692870409883{margin-bottom:<\/p>\n","protected":false},"author":1,"featured_media":0,"parent":0,"menu_order":0,"comment_status":"closed","ping_status":"closed","template":"","meta":[],"translation":{"provider":"WPGlobus","version":"2.7.3","language":"ar","enabled_languages":["es","en","ar","it"],"languages":{"es":{"title":true,"content":true,"excerpt":false},"en":{"title":false,"content":false,"excerpt":false},"ar":{"title":false,"content":false,"excerpt":false},"it":{"title":false,"content":false,"excerpt":false}}},"yoast_head":"<!-- This site is optimized with the Yoast SEO Premium plugin v16.2 - https:\/\/yoast.com\/wordpress\/plugins\/seo\/ -->\n<title>Cl\u00ednica Nasser virtual - Clinica nasser. Tratamiento del dolor y rehabilitaci\u00f3n Zaragoza<\/title>\n<meta name=\"robots\" content=\"index, follow, max-snippet:-1, max-image-preview:large, max-video-preview:-1\" \/>\n<link rel=\"canonical\" href=\"https:\/\/clinicanasser.es\/consultas-medicas-online\/\" \/>\n<meta property=\"og:locale\" content=\"ar_AR\" \/>\n<meta property=\"og:type\" content=\"article\" \/>\n<meta property=\"og:title\" content=\"Cl\u00ednica Nasser virtual - Clinica nasser. Tratamiento del dolor y rehabilitaci\u00f3n Zaragoza\" \/>\n<meta property=\"og:url\" content=\"https:\/\/clinicanasser.es\/consultas-medicas-online\/\" \/>\n<meta property=\"og:site_name\" content=\"Clinica nasser. Tratamiento del dolor y rehabilitaci\u00f3n Zaragoza\" \/>\n<meta property=\"article:publisher\" content=\"https:\/\/www.facebook.com\/clinicanasserspain\/\" \/>\n<meta property=\"article:modified_time\" content=\"2023-08-30T08:00:32+00:00\" \/>\n<meta name=\"twitter:card\" content=\"summary_large_image\" \/>\n<meta name=\"twitter:label1\" content=\"Est. reading time\">\n\t<meta name=\"twitter:data1\" content=\"6 minutes\">\n<script type=\"application\/ld+json\" class=\"yoast-schema-graph\">{\"@context\":\"https:\/\/schema.org\",\"@graph\":[{\"@type\":\"Organization\",\"@id\":\"https:\/\/clinicanasser.es\/#organization\",\"name\":\"Cl\\u00ednica Nasser\",\"url\":\"https:\/\/clinicanasser.es\/\",\"sameAs\":[\"https:\/\/www.facebook.com\/clinicanasserspain\/\",\"https:\/\/www.instagram.com\/clinica_nasser\/\",\"https:\/\/www.youtube.com\/channel\/UCjOFF9Kh4GHV2vhZkZx4yog\"],\"logo\":{\"@type\":\"ImageObject\",\"@id\":\"https:\/\/clinicanasser.es\/#logo\",\"inLanguage\":\"ar\",\"url\":\"https:\/\/clinicanasser.es\/wp-content\/uploads\/2019\/01\/Favicon-Clinica-Nasser.png\",\"contentUrl\":\"https:\/\/clinicanasser.es\/wp-content\/uploads\/2019\/01\/Favicon-Clinica-Nasser.png\",\"width\":512,\"height\":512,\"caption\":\"Cl\\u00ednica Nasser\"},\"image\":{\"@id\":\"https:\/\/clinicanasser.es\/#logo\"}},{\"@type\":\"WebSite\",\"@id\":\"https:\/\/clinicanasser.es\/#website\",\"url\":\"https:\/\/clinicanasser.es\/\",\"name\":\"Clinica nasser. Tratamiento del dolor y rehabilitaci\\u00f3n Zaragoza\",\"description\":\"Cl\\u00ednica especializada en tratamiento del dolor, rehabilitaci\\u00f3n fisico - deportiva y preparaciones f\\u00edsicas. Cl\\u00ednica en Zaragoza\",\"publisher\":{\"@id\":\"https:\/\/clinicanasser.es\/#organization\"},\"potentialAction\":[{\"@type\":\"SearchAction\",\"target\":\"https:\/\/clinicanasser.es\/?s={search_term_string}\",\"query-input\":\"required name=search_term_string\"}],\"inLanguage\":\"ar\"},{\"@type\":\"WebPage\",\"@id\":\"https:\/\/clinicanasser.es\/consultas-medicas-online\/#webpage\",\"url\":\"https:\/\/clinicanasser.es\/consultas-medicas-online\/\",\"name\":\"Cl\\u00ednica Nasser virtual - Clinica nasser. Tratamiento del dolor y rehabilitaci\\u00f3n Zaragoza\",\"isPartOf\":{\"@id\":\"https:\/\/clinicanasser.es\/#website\"},\"datePublished\":\"2017-06-06T09:05:29+00:00\",\"dateModified\":\"2023-08-30T08:00:32+00:00\",\"description\":\"Cl\\u00ednica Nasser es una cl\\u00ednica m\\u00e9dica multidisciplinar compuesta por m\\u00e9dicos especialistas en tratamiento del dolor, medicina biol\\u00f3gica y fisioterapeutas preparadores f\\u00edsicos especializados en rehabilitaci\\u00f3n de lesiones, enfermer\\u00eda para la realizaci\\u00f3n de test COVID.\",\"breadcrumb\":{\"@id\":\"https:\/\/clinicanasser.es\/consultas-medicas-online\/#breadcrumb\"},\"inLanguage\":\"ar\",\"potentialAction\":[{\"@type\":\"ReadAction\",\"target\":[\"https:\/\/clinicanasser.es\/consultas-medicas-online\/\"]}]},{\"@type\":\"BreadcrumbList\",\"@id\":\"https:\/\/clinicanasser.es\/consultas-medicas-online\/#breadcrumb\",\"itemListElement\":[{\"@type\":\"ListItem\",\"position\":1,\"item\":{\"@type\":\"WebPage\",\"@id\":\"https:\/\/clinicanasser.es\/\",\"url\":\"https:\/\/clinicanasser.es\/\",\"name\":\"Inicio\"}},{\"@type\":\"ListItem\",\"position\":2,\"item\":{\"@id\":\"https:\/\/clinicanasser.es\/consultas-medicas-online\/#webpage\"}}]}]}<\/script>\n<!-- \/ Yoast SEO Premium plugin. -->","_links":{"self":[{"href":"https:\/\/clinicanasser.es\/ar\/wp-json\/wp\/v2\/pages\/8"}],"collection":[{"href":"https:\/\/clinicanasser.es\/ar\/wp-json\/wp\/v2\/pages"}],"about":[{"href":"https:\/\/clinicanasser.es\/ar\/wp-json\/wp\/v2\/types\/page"}],"author":[{"embeddable":true,"href":"https:\/\/clinicanasser.es\/ar\/wp-json\/wp\/v2\/users\/1"}],"replies":[{"embeddable":true,"href":"https:\/\/clinicanasser.es\/ar\/wp-json\/wp\/v2\/comments?post=8"}],"version-history":[{"count":107,"href":"https:\/\/clinicanasser.es\/ar\/wp-json\/wp\/v2\/pages\/8\/revisions"}],"predecessor-version":[{"id":11395,"href":"https:\/\/clinicanasser.es\/ar\/wp-json\/wp\/v2\/pages\/8\/revisions\/11395"}],"wp:attachment":[{"href":"https:\/\/clinicanasser.es\/ar\/wp-json\/wp\/v2\/media?parent=8"}],"curies":[{"name":"wp","href":"https:\/\/api.w.org\/{rel}","templated":true}]}}