{"id":6170,"date":"2020-10-19T14:20:36","date_gmt":"2020-10-19T12:20:36","guid":{"rendered":"https:\/\/clinicanasser.es\/test-serologico-inmunidad-ninos-copy\/"},"modified":"2021-08-18T14:17:54","modified_gmt":"2021-08-18T12:17:54","slug":"test-coronavirus-familias","status":"publish","type":"page","link":"https:\/\/clinicanasser.es\/ar\/test-coronavirus-familias\/","title":{"rendered":"Test de detecci\u00f3n de coronavirus para familias"},"content":{"rendered":"<p>[vc_row][vc_column]<link href=\"https:\/\/fonts.googleapis.com\/css?family=Roboto:900%2C300\" rel=\"stylesheet\" property=\"stylesheet\" type=\"text\/css\" media=\"all\">\n<div id=\"rev_slider_12_1_wrapper\" class=\"rev_slider_wrapper fullscreen-container\" data-source=\"gallery\" style=\"background:transparent;padding:0px;\">\n<!-- START REVOLUTION SLIDER 5.4.7.4 fullscreen mode -->\n\t<div id=\"rev_slider_12_1\" class=\"rev_slider fullscreenbanner\" style=\"display:none;\" data-version=\"5.4.7.4\">\n<ul>\t<!-- SLIDE  -->\n\t<li data-index=\"rs-59\" data-transition=\"fade\" data-slotamount=\"default\" data-hideafterloop=\"0\" data-hideslideonmobile=\"off\"  data-easein=\"default\" data-easeout=\"default\" data-masterspeed=\"300\"  data-thumb=\"https:\/\/clinicanasser.es\/wp-content\/uploads\/2020\/10\/family-spending-time-together-FRG6BT5-100x50.jpg\"  data-rotate=\"0\"  data-saveperformance=\"off\"  data-title=\"Slide\" data-param1=\"\" data-param2=\"\" data-param3=\"\" data-param4=\"\" data-param5=\"\" data-param6=\"\" data-param7=\"\" data-param8=\"\" data-param9=\"\" data-param10=\"\" data-description=\"\">\n\t\t<!-- MAIN IMAGE -->\n\t\t<img src=\"https:\/\/clinicanasser.es\/wp-content\/uploads\/2020\/10\/family-spending-time-together-FRG6BT5.jpg\"  alt=\"\" title=\"family-spending-time-together-FRG6BT5\"  width=\"1500\" height=\"1080\" data-bgposition=\"center center\" data-bgfit=\"cover\" data-bgrepeat=\"no-repeat\" class=\"rev-slidebg\" data-no-retina>\n\t\t<!-- LAYERS -->\n\n\t\t<!-- LAYER NR. 1 -->\n\t\t<div class=\"tp-caption   tp-resizeme\" \n\t\t\t id=\"slide-59-layer-5\" \n\t\t\t data-x=\"35\" \n\t\t\t data-y=\"center\" data-voffset=\"-40\" \n\t\t\t\t\t\tdata-width=\"['auto']\"\n\t\t\tdata-height=\"['auto']\"\n \n\t\t\tdata-type=\"text\" \n\t\t\tdata-responsive_offset=\"on\" \n\n\t\t\tdata-frames='[{\"delay\":550,\"speed\":920,\"frame\":\"0\",\"from\":\"y:50px;opacity:0;\",\"to\":\"o:1;\",\"ease\":\"Linear.easeNone\"},{\"delay\":\"wait\",\"speed\":300,\"frame\":\"999\",\"to\":\"opacity:0;\",\"ease\":\"nothing\"}]'\n\t\t\tdata-textAlign=\"['inherit','inherit','inherit','inherit']\"\n\t\t\tdata-paddingtop=\"[5,5,5,5]\"\n\t\t\tdata-paddingright=\"[10,10,10,10]\"\n\t\t\tdata-paddingbottom=\"[5,5,5,5]\"\n\t\t\tdata-paddingleft=\"[10,10,10,10]\"\n\n\t\t\tstyle=\"z-index: 5; white-space: nowrap; font-size: 30px; line-height: 30px; font-weight: 900; color: #ffffff; letter-spacing: 0px;font-family:Roboto;text-transform:uppercase;background-color:rgb(2,127,194);\">DISFRUTA DE <\/div>\n\n\t\t<!-- LAYER NR. 2 -->\n\t\t<div class=\"tp-caption ROBOTO   tp-resizeme\" \n\t\t\t id=\"slide-59-layer-2\" \n\t\t\t data-x=\"35\" \n\t\t\t data-y=\"center\" data-voffset=\"31\" \n\t\t\t\t\t\tdata-width=\"['auto']\"\n\t\t\tdata-height=\"['auto']\"\n \n\t\t\tdata-type=\"text\" \n\t\t\tdata-responsive_offset=\"on\" \n\n\t\t\tdata-frames='[{\"delay\":860,\"speed\":800,\"frame\":\"0\",\"from\":\"y:50px;opacity:0;\",\"to\":\"o:1;\",\"ease\":\"Linear.easeNone\"},{\"delay\":\"wait\",\"speed\":300,\"frame\":\"999\",\"to\":\"opacity:0;\",\"ease\":\"nothing\"}]'\n\t\t\tdata-textAlign=\"['inherit','inherit','inherit','inherit']\"\n\t\t\tdata-paddingtop=\"[0,0,0,0]\"\n\t\t\tdata-paddingright=\"[0,0,0,0]\"\n\t\t\tdata-paddingbottom=\"[0,0,0,0]\"\n\t\t\tdata-paddingleft=\"[0,0,0,0]\"\n\n\t\t\tstyle=\"z-index: 6; white-space: nowrap; font-size: 75px; line-height: 62px; font-weight: 300; color: #ffffff; letter-spacing: 0px;font-family:Roboto;text-transform:uppercase;\">TUS REUNIONES FAMILIARES <\/div>\n\n\t\t<!-- LAYER NR. 3 -->\n\t\t<div class=\"tp-caption   tp-resizeme\" \n\t\t\t id=\"slide-59-layer-3\" \n\t\t\t data-x=\"34\" \n\t\t\t data-y=\"center\" data-voffset=\"111\" \n\t\t\t\t\t\tdata-width=\"['auto']\"\n\t\t\tdata-height=\"['auto']\"\n \n\t\t\tdata-type=\"text\" \n\t\t\tdata-responsive_offset=\"on\" \n\n\t\t\tdata-frames='[{\"delay\":1150,\"speed\":800,\"frame\":\"0\",\"from\":\"y:50px;opacity:0;\",\"to\":\"o:1;\",\"ease\":\"Linear.easeNone\"},{\"delay\":\"wait\",\"speed\":300,\"frame\":\"999\",\"to\":\"opacity:0;\",\"ease\":\"nothing\"}]'\n\t\t\tdata-textAlign=\"['inherit','inherit','inherit','inherit']\"\n\t\t\tdata-paddingtop=\"[0,0,0,0]\"\n\t\t\tdata-paddingright=\"[0,0,0,0]\"\n\t\t\tdata-paddingbottom=\"[0,0,0,0]\"\n\t\t\tdata-paddingleft=\"[0,0,0,0]\"\n\n\t\t\tstyle=\"z-index: 7; white-space: nowrap; font-size: 80px; line-height: 62px; font-weight: 900; color: #ffffff; letter-spacing: 0px;font-family:Roboto;text-transform:uppercase;\">COMO SIEMPRE <\/div>\n\t<\/li>\n<\/ul>\n<div class=\"tp-bannertimer tp-bottom\" style=\"visibility: hidden !important;\"><\/div>\t<\/div>\n<script>var htmlDiv = document.getElementById(\"rs-plugin-settings-inline-css\"); var htmlDivCss=\"\";\r\n\t\t\t\tif(htmlDiv) {\r\n\t\t\t\t\thtmlDiv.innerHTML = htmlDiv.innerHTML + htmlDivCss;\r\n\t\t\t\t}else{\r\n\t\t\t\t\tvar htmlDiv = document.createElement(\"div\");\r\n\t\t\t\t\thtmlDiv.innerHTML = \"<style>\" + htmlDivCss + \"<\/style>\";\r\n\t\t\t\t\tdocument.getElementsByTagName(\"head\")[0].appendChild(htmlDiv.childNodes[0]);\r\n\t\t\t\t}\r\n\t\t\t<\/script>\n\t\t<script type=\"text\/javascript\">\r\nif (setREVStartSize!==undefined) setREVStartSize(\r\n\t{c: '#rev_slider_12_1', gridwidth: [1200], gridheight: [668], sliderLayout: 'fullscreen', fullScreenAutoWidth:'off', fullScreenAlignForce:'off', fullScreenOffsetContainer:'', fullScreenOffset:''});\r\n\t\t\t\r\nvar revapi12,\r\n\ttpj;\t\r\n(function() {\t\t\t\r\n\tif (!\/loaded|interactive|complete\/.test(document.readyState)) document.addEventListener(\"DOMContentLoaded\",onLoad); else onLoad();\t\r\n\tfunction onLoad() {\t\t\t\t\r\n\t\tif (tpj===undefined) { tpj = jQuery; if(\"off\" == \"on\") tpj.noConflict();}\r\n\tif(tpj(\"#rev_slider_12_1\").revolution == undefined){\n\t\trevslider_showDoubleJqueryError(\"#rev_slider_12_1\");\n\t}else{\n\t\trevapi12 = tpj(\"#rev_slider_12_1\").show().revolution({\n\t\t\tsliderType:\"standard\",\n\t\t\tjsFileLocation:\"\/\/clinicanasser.es\/wp-content\/plugins\/revslider\/public\/assets\/js\/\",\n\t\t\tsliderLayout:\"fullscreen\",\n\t\t\tdottedOverlay:\"none\",\n\t\t\tdelay:9000,\n\t\t\tnavigation: {\n\t\t\t\tkeyboardNavigation:\"off\",\n\t\t\t\tkeyboard_direction: \"horizontal\",\n\t\t\t\tmouseScrollNavigation:\"off\",\n \t\t\t\t\t\t\tmouseScrollReverse:\"default\",\n\t\t\t\tonHoverStop:\"off\",\n\t\t\t\ttouch:{\n\t\t\t\t\ttouchenabled:\"on\",\n\t\t\t\t\ttouchOnDesktop:\"on\",\n\t\t\t\t\tswipe_threshold: 75,\n\t\t\t\t\tswipe_min_touches: 1,\n\t\t\t\t\tswipe_direction: \"horizontal\",\n\t\t\t\t\tdrag_block_vertical: false\n\t\t\t\t}\n\t\t\t},\n\t\t\tvisibilityLevels:[1240,1024,778,480],\n\t\t\tgridwidth:1200,\n\t\t\tgridheight:668,\n\t\t\tlazyType:\"none\",\n\t\t\tshadow:0,\n\t\t\tspinner:\"spinner0\",\n\t\t\tstopLoop:\"off\",\n\t\t\tstopAfterLoops:-1,\n\t\t\tstopAtSlide:-1,\n\t\t\tshuffle:\"off\",\n\t\t\tautoHeight:\"off\",\n\t\t\tfullScreenAutoWidth:\"off\",\n\t\t\tfullScreenAlignForce:\"off\",\n\t\t\tfullScreenOffsetContainer: \"\",\n\t\t\tfullScreenOffset: \"\",\n\t\t\tdisableProgressBar:\"on\",\n\t\t\thideThumbsOnMobile:\"off\",\n\t\t\thideSliderAtLimit:0,\n\t\t\thideCaptionAtLimit:0,\n\t\t\thideAllCaptionAtLilmit:0,\n\t\t\tdebugMode:false,\n\t\t\tfallbacks: {\n\t\t\t\tsimplifyAll:\"off\",\n\t\t\t\tnextSlideOnWindowFocus:\"off\",\n\t\t\t\tdisableFocusListener:false,\n\t\t\t}\n\t\t});\n\t}; \/* END OF revapi call *\/\n\t\n }; \/* END OF ON LOAD FUNCTION *\/\r\n}()); \/* END OF WRAPPING FUNCTION *\/\r\n<\/script>\r\n\t\t<\/div><!-- END REVOLUTION SLIDER -->[\/vc_column][\/vc_row][vc_row][vc_column][vc_empty_space height=&#8221;50px&#8221;][vc_custom_heading text=&#8221;Estar con los tuyos es lo primero&#8221; font_container=&#8221;tag:h2|text_align:left|line_height:1&#8243; use_theme_fonts=&#8221;yes&#8221; uppercase=&#8221;&#8221; thin=&#8221;1&#8243;][vc_custom_heading text=&#8221;y puedes hacerlo cuidando de su salud&#8221; font_container=&#8221;tag:h2|text_align:left|line_height:1&#8243; use_theme_fonts=&#8221;yes&#8221; uppercase=&#8221;&#8221; thin=&#8221;&#8221;][vc_column_text]Tras los duros meses de confinamiento, en los que no pudimos entrar en contacto directo con familiares y amigos; seguimos sin hacerlo, en ocasiones, por miedo a contagiar a personas de avanzada edad o con factores de riesgo. Tu familia es lo primero y su salud tambi\u00e9n. Y ahora, con los test de detecci\u00f3n que realizamos en Cl\u00ednica Nasser, <strong>puedes reunirte con tus seres queridos con la tranquilidad<\/strong> de que no vais a transmitiros el virus de la COVID-19.<\/p>\n<p>La realizaci\u00f3n de test peri\u00f3dicos entre miembros de tu familia os permitir\u00e1 disfrutar de vuestras reuniones como hac\u00edais antes: sin miedo ni riesgo al contagio.[\/vc_column_text][\/vc_column][\/vc_row][vc_row][vc_column][vc_empty_space height=&#8221;50px&#8221;][vc_custom_heading text=&#8221;QU\u00c9 TEST&#8221; font_container=&#8221;tag:h2|text_align:left|line_height:1&#8243; use_theme_fonts=&#8221;yes&#8221; uppercase=&#8221;1&#8243; thin=&#8221;1&#8243;][vc_custom_heading text=&#8221;DE CORONAVIRUS REALIZAMOS&#8221; font_container=&#8221;tag:h2|text_align:left|line_height:1&#8243; use_theme_fonts=&#8221;yes&#8221; uppercase=&#8221;1&#8243; thin=&#8221;&#8221;][vc_column_text]En Cl\u00ednica Nasser realizamos dos test de coronavirus: el de ant\u00edgenos y el pos-vacuna. Por un lado el test de ant\u00edgenos confirma <strong>falsos negativos en PCR<\/strong> y ratifican si est\u00e1s infectado de COVID en fase temprana y media de la infecci\u00f3n, por otro lado el pos-vacuna detecta a trav\u00e9s de una<strong> muestra de sangre, la creaci\u00f3n de anticuerpos<\/strong> tras completar la vacunaci\u00f3n por COVID-19. Ambos se realizan a trav\u00e9s de nuestro <strong>servicio m\u00e9dico <\/strong>y el proceso de detecci\u00f3n dura<strong> entre 10 y 15 minutos, <\/strong>tienen una alta tasa de fiabilidad, <strong>superior al 95 % en ambos casos.<\/strong><\/p>\n<div class=\"vc_row wpb_row vc_inner vc_row-fluid\">\n<div class=\"wpb_column vc_column_container\">\n<div class=\"vc_column-inner\">\n<div class=\"wpb_wrapper\">\n<div class=\"wpb_text_column wpb_content_element\">\n<div class=\"wpb_wrapper\">\n<p>Tanto el test de ant\u00edgenos como el de pos-vacuna cuentan con certificado CE y est\u00e1n aprobados por la Agencia Espa\u00f1ola del Medicamento.<\/p>\n<p>Tras obtener los resultados, proporcionamos al paciente un <strong>certificado m\u00e9dico<\/strong>.<\/p>\n<\/div>\n<\/div>\n<\/div>\n<\/div>\n<\/div>\n<\/div>\n<p>[\/vc_column_text][\/vc_column][\/vc_row][vc_row el_id=&#8221;PROMO&#8221;][vc_column width=&#8221;1\/3&#8243;][cms_pricing title_color=&#8221;#000000&#8243; unit=&#8221;\u20ac&#8221; features=&#8221;%5B%7B%22feature_name%22%3A%22Detecci%C3%B3n%20del%20virus%20en%20fase%20inicial%22%7D%2C%7B%22feature_name%22%3A%22Recomendado%20en%20los%205%20primeros%20d%C3%ADas%20de%20infecci%C3%B3n%22%7D%2C%7B%22feature_name%22%3A%22Resultados%20en%2010%20minutos%22%7D%2C%7B%22feature_name%22%3A%22Certificado%20m%C3%A9dico%20al%20momento%22%7D%2C%7B%22feature_name%22%3A%22Fiabilidad%20%E2%89%A5%2096%20%25%22%7D%2C%7B%22feature_name%22%3A%22Muestra%20nasal%22%7D%2C%7B%22feature_name%22%3A%22A%20domicilio%22%7D%5D&#8221; btn_type=&#8221;btn-inverse&#8221; price=&#8221;59&#8243; image=&#8221;6008&#8243; title=&#8221;Test de ant\u00edgeno nasal &#8220;][vc_empty_space height=&#8221;20px&#8221;][vc_btn title=&#8221;<b>RESERVA TU TEST DE ANT\u00cdGENO <\/b>&#8221; style=&#8221;custom&#8221; custom_background=&#8221;#0f72b5&#8243; custom_text=&#8221;#ffffff&#8221; shape=&#8221;square&#8221; size=&#8221;lg&#8221; align=&#8221;center&#8221; button_block=&#8221;true&#8221; link=&#8221;url:https%3A%2F%2Fclinicanasser.es%2Fproducto%2Ftest-antigeno-covid%2F|title:test%20de%20ant%C3%ADgenos|target:%20_blank|&#8221;][vc_empty_space height=&#8221;20px&#8221;][\/vc_column][vc_column width=&#8221;1\/3&#8243;][cms_pricing title_color=&#8221;#000000&#8243; unit=&#8221;\u20ac&#8221; features=&#8221;%5B%7B%22feature_name%22%3A%22Detecci%C3%B3n%20del%20virus%20en%20fase%20inicial%22%7D%2C%7B%22feature_name%22%3A%22Recomendado%20en%20los%205%20primeros%20d%C3%ADas%20de%20infecci%C3%B3n%22%7D%2C%7B%22feature_name%22%3A%22Resultados%20en%2010%20minutos%22%7D%2C%7B%22feature_name%22%3A%22Certificado%20m%C3%A9dico%20al%20momento%22%7D%2C%7B%22feature_name%22%3A%22Fiabilidad%20%E2%89%A5%2096%20%25%22%7D%2C%7B%22feature_name%22%3A%22Muestra%20de%20saliva%22%7D%2C%7B%22feature_name%22%3A%22A%20domicilio%22%7D%5D&#8221; btn_type=&#8221;btn-inverse&#8221; price=&#8221;65&#8243; image=&#8221;6008&#8243; title=&#8221;Test de ant\u00edgeno saliva &#8220;][vc_empty_space height=&#8221;20px&#8221;][vc_btn title=&#8221;<b>RESERVA TU TEST DE ANT\u00cdGENO <\/b>&#8221; style=&#8221;custom&#8221; custom_background=&#8221;#0f72b5&#8243; custom_text=&#8221;#ffffff&#8221; shape=&#8221;square&#8221; size=&#8221;lg&#8221; align=&#8221;center&#8221; button_block=&#8221;true&#8221; link=&#8221;url:https%3A%2F%2Fclinicanasser.es%2Fproducto%2Ftest-antigeno-covid%2F|title:Reservar%20test%20de%20antigeno|target:%20_blank|&#8221;][vc_empty_space height=&#8221;20px&#8221;][\/vc_column][vc_column width=&#8221;1\/3&#8243;][cms_pricing title_color=&#8221;#000000&#8243; unit=&#8221;\u20ac&#8221; features=&#8221;%5B%7B%22feature_name%22%3A%22Detecci%C3%B3n%20de%20anticuerpos%22%7D%2C%7B%22feature_name%22%3A%22Recomendado%20tras%20completar%20la%20vacunaci%C3%B3n%20por%20COVID-19%22%7D%2C%7B%22feature_name%22%3A%22Resultados%20en%2015%20minutos%22%7D%2C%7B%22feature_name%22%3A%22Certificado%20m%C3%A9dico%20al%20momento%22%7D%2C%7B%22feature_name%22%3A%22Fiabilidad%20%E2%89%A5%2099%20%25%22%7D%2C%7B%22feature_name%22%3A%22Muestra%20de%20sangre%22%7D%2C%7B%22feature_name%22%3A%22En%20la%20cl%C3%ADnica%22%7D%5D&#8221; btn_type=&#8221;btn-inverse&#8221; price=&#8221;25&#8243; image=&#8221;6205&#8243; title=&#8221;Test posvacuna&#8221;][vc_empty_space height=&#8221;20px&#8221;][vc_btn title=&#8221;<b>RESERVA TU TEST POS-VACUNA<\/b>&#8221; style=&#8221;custom&#8221; custom_background=&#8221;#0f72b5&#8243; custom_text=&#8221;#ffffff&#8221; shape=&#8221;square&#8221; size=&#8221;lg&#8221; align=&#8221;center&#8221; button_block=&#8221;true&#8221; link=&#8221;url:https%3A%2F%2Fclinicanasser.es%2Fproducto%2Ftest-posvacuna-deteccion-de-covid%2F|title:Test%20pos-vacuna%20%7C%20Detecci%C3%B3n%20de%20COVID|target:%20_blank|&#8221;][vc_empty_space height=&#8221;20px&#8221;][\/vc_column][\/vc_row][vc_row][vc_column][vc_empty_space height=&#8221;50px&#8221;][vc_custom_heading text=&#8221;La mayor seguridad,&#8221; font_container=&#8221;tag:h2|text_align:left|line_height:1&#8243; use_theme_fonts=&#8221;yes&#8221; uppercase=&#8221;1&#8243; thin=&#8221;&#8221;][vc_custom_heading text=&#8221;A tu alcance&#8221; font_container=&#8221;tag:h2|text_align:left|line_height:1&#8243; use_theme_fonts=&#8221;yes&#8221; uppercase=&#8221;1&#8243; thin=&#8221;1&#8243;][vc_column_text]<\/p>\n<div class=\"vc_row wpb_row vc_inner vc_row-fluid\">\n<div class=\"wpb_column vc_column_container\">\n<div class=\"vc_column-inner\">\n<div class=\"wpb_wrapper\">\n<div class=\"wpb_text_column wpb_content_element\">\n<div class=\"wpb_wrapper\">\n<div class=\"vc_row wpb_row vc_inner vc_row-fluid\">\n<div class=\"wpb_column vc_column_container\">\n<div class=\"vc_column-inner\">\n<div class=\"wpb_wrapper\">\n<div class=\"wpb_text_column wpb_content_element\">\n<div class=\"wpb_wrapper\">\n<p>Para una mayor tranquilidad del paciente, recomendamos realizar los dos test. La obtenci\u00f3n de los dos resultados (ant\u00edgeno o pos-vacuna) nos permitir\u00e1 conocer:<\/p>\n<ul>\n<li>Si hay presencia del virus en una fase inicial (test de ant\u00edgeno)<\/li>\n<li>Si el organismo ha generado anticuerpos tras la vacuna COVID-19. (test de pos-vacuna)<\/li>\n<\/ul>\n<\/div>\n<\/div>\n<\/div>\n<\/div>\n<\/div>\n<\/div>\n<\/div>\n<\/div>\n<\/div>\n<\/div>\n<\/div>\n<\/div>\n<p>[\/vc_column_text][vc_empty_space height=&#8221;20px&#8221;][vc_column_text]<\/p>\n<table style=\"border-color: #007fa0;\" width=\"93%\">\n<tbody>\n<tr>\n<td width=\"16%\"><\/td>\n<td width=\"28%\">\n<h4><span style=\"color: #000000;\"><strong>Test serol\u00f3gico IgG\/IgM<\/strong><\/span><\/h4>\n<\/td>\n<td width=\"28%\">\n<h4><span style=\"color: #000000;\"><strong>Test de ant\u00edgeno<\/strong><\/span><\/h4>\n<\/td>\n<td width=\"28%\">\n<h4><span style=\"color: #000000;\"><strong>Test PCR<\/strong><\/span><\/h4>\n<\/td>\n<\/tr>\n<tr>\n<td width=\"16%\"><span style=\"color: #000000;\"><strong>Tipo de muestra<\/strong><\/span><\/td>\n<td width=\"28%\"><span style=\"color: #000000;\">Muestra Sangre venosa\/suero\/plasma<\/span><\/td>\n<td width=\"28%\"><span style=\"color: #000000;\">Muestra frotis far\u00edngeo, nasofar\u00edngeo, esputo y saliva<\/span><\/td>\n<td width=\"28%\"><span style=\"color: #000000;\">Muestra Respiratoria<\/span><\/td>\n<\/tr>\n<tr>\n<td width=\"16%\"><span style=\"color: #000000;\"><strong>Qu\u00e9 detecta<\/strong><\/span><\/td>\n<td width=\"28%\"><span style=\"color: #000000;\">Test de detecci\u00f3n de anticuerpos. Mide la presencia de anticuerpos frente al virus. Discrimina inmunoglobulinas IgG\/IgM<\/span><\/td>\n<td width=\"28%\"><span style=\"color: #000000;\">El test de ant\u00edgeno detecta la prote\u00edna N que se encuentra en el virus para determinar si la persona posee la infecci\u00f3n activa.<\/span><\/td>\n<td width=\"28%\"><span style=\"color: #000000;\">El test PCR busca el SARS-CoV-2, el virus que causa el COVID-19, para determinar si la persona posee la infecci\u00f3n activa.<\/span><\/td>\n<\/tr>\n<tr>\n<td width=\"16%\"><span style=\"color: #000000;\"><strong>Quien lo puede realizar<\/strong><\/span><\/td>\n<td width=\"28%\"><span style=\"color: #000000;\">Cualquier personal sanitario<\/span><\/td>\n<td width=\"28%\"><span style=\"color: #000000;\">Cualquier personal sanitario<\/span><\/td>\n<td width=\"28%\"><span style=\"color: #000000;\">Personal altamente cualificado<\/span><\/td>\n<\/tr>\n<tr>\n<td width=\"16%\"><span style=\"color: #000000;\"><strong>Tiempo de espera<\/strong><\/span><\/td>\n<td width=\"28%\"><span style=\"color: #000000;\">10-15 minutos<\/span><\/td>\n<td width=\"28%\"><span style=\"color: #000000;\">10 minutos<\/span><\/td>\n<td width=\"28%\"><span style=\"color: #000000;\">M\u00e1s de 4 horas<\/span><\/td>\n<\/tr>\n<tr>\n<td width=\"16%\"><span style=\"color: #000000;\"><strong>Dificultad de manejo<\/strong><\/span><\/td>\n<td width=\"28%\"><span style=\"color: #000000;\">Sencillo<\/span><\/td>\n<td width=\"28%\"><span style=\"color: #000000;\">Sencillo<\/span><\/td>\n<td width=\"28%\"><span style=\"color: #000000;\">Complejo<\/span><\/td>\n<\/tr>\n<tr>\n<td width=\"16%\"><span style=\"color: #000000;\"><strong>Elementos necesarios<\/strong><\/span><\/td>\n<td width=\"28%\"><span style=\"color: #000000;\">1 Kit + jeringuilla de extracci\u00f3n<\/span><\/td>\n<td width=\"28%\"><span style=\"color: #000000;\">1 kit<\/span><\/td>\n<td width=\"28%\"><span style=\"color: #000000;\">Varios kits<\/span><\/td>\n<\/tr>\n<tr>\n<td width=\"16%\"><span style=\"color: #000000;\"><strong>Fiabilidad<\/strong><\/span><\/td>\n<td width=\"28%\"><span style=\"color: #000000;\">\u2265 95 %<\/span><\/td>\n<td width=\"28%\"><span style=\"color: #000000;\">\u2265 96 %<\/span><\/td>\n<td width=\"28%\"><span style=\"color: #000000;\">98 %<\/span><\/td>\n<\/tr>\n<tr>\n<td width=\"15%\"><span style=\"color: #000000;\"><strong>Qu\u00e9 puedes saber<\/strong><\/span><\/td>\n<td width=\"28%\"><span style=\"color: #000000;\">Si est\u00e1s contagiado y si est\u00e1s inmunizado frente al virus<\/span><\/td>\n<td width=\"28%\"><span style=\"color: #000000;\">Si est\u00e1s contagiado<\/span><\/td>\n<td width=\"28%\"><span style=\"color: #000000;\">Si est\u00e1s contagiado<\/span><\/td>\n<\/tr>\n<tr>\n<td width=\"15%\"><span style=\"color: #000000;\"><strong>Etapa de detecci\u00f3n<\/strong><\/span><\/td>\n<td width=\"28%\"><span style=\"color: #000000;\">Etapa avanzada<\/span><\/td>\n<td width=\"28%\"><span style=\"color: #000000;\">Etapa temprana<\/span><\/td>\n<td width=\"28%\"><span style=\"color: #000000;\">Etapa temprana<\/span><\/td>\n<\/tr>\n<\/tbody>\n<\/table>\n<p>[\/vc_column_text][vc_empty_space height=&#8221;36px&#8221;][vc_single_image image=&#8221;6218&#8243; img_size=&#8221;full&#8221; alignment=&#8221;center&#8221;][vc_empty_space height=&#8221;36px&#8221;][vc_column_text]<strong>Todos nuestros tests se realizan bajo las m\u00e1ximas condiciones de protecci\u00f3n e higiene. Atendemos a estos pacientes en horario especi\u0301fico para evitar el contacto con otras personas y siguiendo las medidas de seguridad recomendadas por las autoridades sanitarias.<\/strong>[\/vc_column_text][vc_empty_space height=&#8221;36px&#8221;][\/vc_column][\/vc_row]<\/p>\n","protected":false},"excerpt":{"rendered":"<p>[vc_row][vc_column][\/vc_column][\/vc_row][vc_row][vc_column][vc_empty_space height=&#8221;50px&#8221;][vc_custom_heading text=&#8221;Estar con los tuyos es lo primero&#8221; font_container=&#8221;tag:h2|text_align:left|line_height:1&#8243; use_theme_fonts=&#8221;yes&#8221; uppercase=&#8221;&#8221; thin=&#8221;1&#8243;][vc_custom_heading text=&#8221;y puedes hacerlo cuidando de su salud&#8221; font_container=&#8221;tag:h2|text_align:left|line_height:1&#8243; use_theme_fonts=&#8221;yes&#8221; uppercase=&#8221;&#8221; thin=&#8221;&#8221;][vc_column_text]Tras los duros meses de confinamiento, en los que no pudimos entrar en contacto directo con familiares y amigos; seguimos sin hacerlo, en ocasiones, por miedo a<\/p>\n","protected":false},"author":1,"featured_media":0,"parent":0,"menu_order":0,"comment_status":"closed","ping_status":"closed","template":"","meta":[],"translation":{"provider":"WPGlobus","version":"2.7.3","language":"ar","enabled_languages":["es","en","ar","it"],"languages":{"es":{"title":true,"content":true,"excerpt":false},"en":{"title":false,"content":false,"excerpt":false},"ar":{"title":false,"content":false,"excerpt":false},"it":{"title":true,"content":true,"excerpt":false}}},"yoast_head":"<!-- This site is optimized with the Yoast SEO Premium plugin v16.2 - https:\/\/yoast.com\/wordpress\/plugins\/seo\/ -->\n<title>Test COVID para familias: Ant\u00edgeno y pos-vacuna | Cl\u00ednica Nasser<\/title>\n<meta name=\"robots\" content=\"index, follow, max-snippet:-1, max-image-preview:large, max-video-preview:-1\" \/>\n<link rel=\"canonical\" href=\"https:\/\/clinicanasser.es\/test-coronavirus-familias\/\" \/>\n<meta property=\"og:locale\" content=\"ar_AR\" \/>\n<meta property=\"og:type\" content=\"article\" \/>\n<meta property=\"og:title\" content=\"Test COVID para familias: Ant\u00edgeno y pos-vacuna | Cl\u00ednica Nasser\" \/>\n<meta property=\"og:url\" content=\"https:\/\/clinicanasser.es\/test-coronavirus-familias\/\" \/>\n<meta property=\"og:site_name\" content=\"Clinica nasser. Tratamiento del dolor y rehabilitaci\u00f3n Zaragoza\" \/>\n<meta property=\"article:publisher\" content=\"https:\/\/www.facebook.com\/clinicanasserspain\/\" \/>\n<meta property=\"article:modified_time\" content=\"2021-08-18T12:17:54+00:00\" \/>\n<meta name=\"twitter:card\" content=\"summary_large_image\" \/>\n<meta name=\"twitter:label1\" content=\"Est. reading time\">\n\t<meta name=\"twitter:data1\" content=\"3 minutes\">\n<script type=\"application\/ld+json\" class=\"yoast-schema-graph\">{\"@context\":\"https:\/\/schema.org\",\"@graph\":[{\"@type\":\"Organization\",\"@id\":\"https:\/\/clinicanasser.es\/#organization\",\"name\":\"Cl\\u00ednica Nasser\",\"url\":\"https:\/\/clinicanasser.es\/\",\"sameAs\":[\"https:\/\/www.facebook.com\/clinicanasserspain\/\",\"https:\/\/www.instagram.com\/clinica_nasser\/\",\"https:\/\/www.youtube.com\/channel\/UCjOFF9Kh4GHV2vhZkZx4yog\"],\"logo\":{\"@type\":\"ImageObject\",\"@id\":\"https:\/\/clinicanasser.es\/#logo\",\"inLanguage\":\"ar\",\"url\":\"https:\/\/clinicanasser.es\/wp-content\/uploads\/2019\/01\/Favicon-Clinica-Nasser.png\",\"contentUrl\":\"https:\/\/clinicanasser.es\/wp-content\/uploads\/2019\/01\/Favicon-Clinica-Nasser.png\",\"width\":512,\"height\":512,\"caption\":\"Cl\\u00ednica Nasser\"},\"image\":{\"@id\":\"https:\/\/clinicanasser.es\/#logo\"}},{\"@type\":\"WebSite\",\"@id\":\"https:\/\/clinicanasser.es\/#website\",\"url\":\"https:\/\/clinicanasser.es\/\",\"name\":\"Clinica nasser. Tratamiento del dolor y rehabilitaci\\u00f3n Zaragoza\",\"description\":\"Cl\\u00ednica especializada en tratamiento del dolor, rehabilitaci\\u00f3n fisico - deportiva y preparaciones f\\u00edsicas. Cl\\u00ednica en Zaragoza\",\"publisher\":{\"@id\":\"https:\/\/clinicanasser.es\/#organization\"},\"potentialAction\":[{\"@type\":\"SearchAction\",\"target\":\"https:\/\/clinicanasser.es\/?s={search_term_string}\",\"query-input\":\"required name=search_term_string\"}],\"inLanguage\":\"ar\"},{\"@type\":\"WebPage\",\"@id\":\"https:\/\/clinicanasser.es\/test-coronavirus-familias\/#webpage\",\"url\":\"https:\/\/clinicanasser.es\/test-coronavirus-familias\/\",\"name\":\"Test COVID para familias: Ant\\u00edgeno y pos-vacuna | Cl\\u00ednica Nasser\",\"isPartOf\":{\"@id\":\"https:\/\/clinicanasser.es\/#website\"},\"datePublished\":\"2020-10-19T12:20:36+00:00\",\"dateModified\":\"2021-08-18T12:17:54+00:00\",\"description\":\"El test de ant\\u00edgenos y pos-vacuna para familias en Zaragoza. Detecci\\u00f3n del COVID-19 en 10 minutos y con certificado m\\u00e9dico al momento.\",\"breadcrumb\":{\"@id\":\"https:\/\/clinicanasser.es\/test-coronavirus-familias\/#breadcrumb\"},\"inLanguage\":\"ar\",\"potentialAction\":[{\"@type\":\"ReadAction\",\"target\":[\"https:\/\/clinicanasser.es\/test-coronavirus-familias\/\"]}]},{\"@type\":\"BreadcrumbList\",\"@id\":\"https:\/\/clinicanasser.es\/test-coronavirus-familias\/#breadcrumb\",\"itemListElement\":[{\"@type\":\"ListItem\",\"position\":1,\"item\":{\"@type\":\"WebPage\",\"@id\":\"https:\/\/clinicanasser.es\/\",\"url\":\"https:\/\/clinicanasser.es\/\",\"name\":\"Inicio\"}},{\"@type\":\"ListItem\",\"position\":2,\"item\":{\"@id\":\"https:\/\/clinicanasser.es\/test-coronavirus-familias\/#webpage\"}}]}]}<\/script>\n<!-- \/ Yoast SEO Premium plugin. -->","_links":{"self":[{"href":"https:\/\/clinicanasser.es\/ar\/wp-json\/wp\/v2\/pages\/6170"}],"collection":[{"href":"https:\/\/clinicanasser.es\/ar\/wp-json\/wp\/v2\/pages"}],"about":[{"href":"https:\/\/clinicanasser.es\/ar\/wp-json\/wp\/v2\/types\/page"}],"author":[{"embeddable":true,"href":"https:\/\/clinicanasser.es\/ar\/wp-json\/wp\/v2\/users\/1"}],"replies":[{"embeddable":true,"href":"https:\/\/clinicanasser.es\/ar\/wp-json\/wp\/v2\/comments?post=6170"}],"version-history":[{"count":24,"href":"https:\/\/clinicanasser.es\/ar\/wp-json\/wp\/v2\/pages\/6170\/revisions"}],"predecessor-version":[{"id":9536,"href":"https:\/\/clinicanasser.es\/ar\/wp-json\/wp\/v2\/pages\/6170\/revisions\/9536"}],"wp:attachment":[{"href":"https:\/\/clinicanasser.es\/ar\/wp-json\/wp\/v2\/media?parent=6170"}],"curies":[{"name":"wp","href":"https:\/\/api.w.org\/{rel}","templated":true}]}}