{"id":6163,"date":"2020-10-19T12:35:36","date_gmt":"2020-10-19T10:35:36","guid":{"rendered":"https:\/\/clinicanasser.es\/test-serologico-coronavirus-inmunoglobulinas-copy\/"},"modified":"2021-08-18T14:04:36","modified_gmt":"2021-08-18T12:04:36","slug":"test-de-antigenos-para-ninos-y-familiares","status":"publish","type":"page","link":"https:\/\/clinicanasser.es\/ar\/test-de-antigenos-para-ninos-y-familiares\/","title":{"rendered":"Test de ant\u00edgenos para ni\u00f1os y familiares"},"content":{"rendered":"<p>[vc_row][vc_column]<link href=\"https:\/\/fonts.googleapis.com\/css?family=Roboto:900%2C300\" rel=\"stylesheet\" property=\"stylesheet\" type=\"text\/css\" media=\"all\">\n<div id=\"rev_slider_13_1_wrapper\" class=\"rev_slider_wrapper fullscreen-container\" data-source=\"gallery\" style=\"background:transparent;padding:0px;\">\n<!-- START REVOLUTION SLIDER 5.4.7.4 fullscreen mode -->\n\t<div id=\"rev_slider_13_1\" class=\"rev_slider fullscreenbanner\" style=\"display:none;\" data-version=\"5.4.7.4\">\n<ul>\t<!-- SLIDE  -->\n\t<li data-index=\"rs-61\" data-transition=\"fade\" data-slotamount=\"default\" data-hideafterloop=\"0\" data-hideslideonmobile=\"off\"  data-easein=\"default\" data-easeout=\"default\" data-masterspeed=\"300\"  data-thumb=\"https:\/\/clinicanasser.es\/wp-content\/uploads\/2020\/10\/Dise\u00f1o-sin-t\u00edtulo-18-100x50.png\"  data-rotate=\"0\"  data-saveperformance=\"off\"  data-title=\"Slide\" data-param1=\"\" data-param2=\"\" data-param3=\"\" data-param4=\"\" data-param5=\"\" data-param6=\"\" data-param7=\"\" data-param8=\"\" data-param9=\"\" data-param10=\"\" data-description=\"\">\n\t\t<!-- MAIN IMAGE -->\n\t\t<img src=\"https:\/\/clinicanasser.es\/wp-content\/uploads\/2020\/10\/Dise\u00f1o-sin-t\u00edtulo-18.png\"  alt=\"\" title=\"Dise\u00f1o sin t\u00edtulo (18)\"  width=\"1500\" height=\"1000\" data-bgposition=\"left center\" data-bgfit=\"cover\" data-bgrepeat=\"no-repeat\" class=\"rev-slidebg\" data-no-retina>\n\t\t<!-- LAYERS -->\n\n\t\t<!-- LAYER NR. 1 -->\n\t\t<div class=\"tp-caption   tp-resizeme\" \n\t\t\t id=\"slide-61-layer-5\" \n\t\t\t data-x=\"35\" \n\t\t\t data-y=\"center\" data-voffset=\"-55\" \n\t\t\t\t\t\tdata-width=\"['auto']\"\n\t\t\tdata-height=\"['auto']\"\n \n\t\t\tdata-type=\"text\" \n\t\t\tdata-responsive_offset=\"on\" \n\n\t\t\tdata-frames='[{\"delay\":550,\"speed\":920,\"frame\":\"0\",\"from\":\"y:50px;opacity:0;\",\"to\":\"o:1;\",\"ease\":\"Linear.easeNone\"},{\"delay\":\"wait\",\"speed\":300,\"frame\":\"999\",\"to\":\"opacity:0;\",\"ease\":\"nothing\"}]'\n\t\t\tdata-textAlign=\"['inherit','inherit','inherit','inherit']\"\n\t\t\tdata-paddingtop=\"[5,5,5,5]\"\n\t\t\tdata-paddingright=\"[10,10,10,10]\"\n\t\t\tdata-paddingbottom=\"[5,5,5,5]\"\n\t\t\tdata-paddingleft=\"[10,10,10,10]\"\n\n\t\t\tstyle=\"z-index: 5; white-space: nowrap; font-size: 30px; line-height: 31px; font-weight: 900; color: #ffffff; letter-spacing: 0px;font-family:Roboto;text-transform:uppercase;background-color:rgb(2,127,194);\">PREVENCI\u00d3N COVID-19 <\/div>\n\n\t\t<!-- LAYER NR. 2 -->\n\t\t<div class=\"tp-caption ROBOTO   tp-resizeme\" \n\t\t\t id=\"slide-61-layer-2\" \n\t\t\t data-x=\"35\" \n\t\t\t data-y=\"center\" data-voffset=\"87\" \n\t\t\t\t\t\tdata-width=\"['auto']\"\n\t\t\tdata-height=\"['auto']\"\n \n\t\t\tdata-type=\"text\" \n\t\t\tdata-responsive_offset=\"on\" \n\n\t\t\tdata-frames='[{\"delay\":860,\"speed\":800,\"frame\":\"0\",\"from\":\"y:50px;opacity:0;\",\"to\":\"o:1;\",\"ease\":\"Linear.easeNone\"},{\"delay\":\"wait\",\"speed\":300,\"frame\":\"999\",\"to\":\"opacity:0;\",\"ease\":\"nothing\"}]'\n\t\t\tdata-textAlign=\"['inherit','inherit','inherit','inherit']\"\n\t\t\tdata-paddingtop=\"[0,0,0,0]\"\n\t\t\tdata-paddingright=\"[0,0,0,0]\"\n\t\t\tdata-paddingbottom=\"[0,0,0,0]\"\n\t\t\tdata-paddingleft=\"[0,0,0,0]\"\n\n\t\t\tstyle=\"z-index: 6; white-space: nowrap; font-size: 75px; line-height: 90px; font-weight: 300; color: #ffffff; letter-spacing: 0px;font-family:Roboto;text-transform:uppercase;\">\u00bfUN POSIBLE POSITIVO <br>EN LA CLASE O EN EL COLE? <\/div>\n\t<\/li>\n<\/ul>\n<div class=\"tp-bannertimer tp-bottom\" style=\"visibility: hidden !important;\"><\/div>\t<\/div>\n<script>var htmlDiv = document.getElementById(\"rs-plugin-settings-inline-css\"); var htmlDivCss=\"\";\r\n\t\t\t\tif(htmlDiv) {\r\n\t\t\t\t\thtmlDiv.innerHTML = htmlDiv.innerHTML + htmlDivCss;\r\n\t\t\t\t}else{\r\n\t\t\t\t\tvar htmlDiv = document.createElement(\"div\");\r\n\t\t\t\t\thtmlDiv.innerHTML = \"<style>\" + htmlDivCss + \"<\/style>\";\r\n\t\t\t\t\tdocument.getElementsByTagName(\"head\")[0].appendChild(htmlDiv.childNodes[0]);\r\n\t\t\t\t}\r\n\t\t\t<\/script>\n\t\t<script type=\"text\/javascript\">\r\nif (setREVStartSize!==undefined) setREVStartSize(\r\n\t{c: '#rev_slider_13_1', gridwidth: [1200], gridheight: [668], sliderLayout: 'fullscreen', fullScreenAutoWidth:'off', fullScreenAlignForce:'off', fullScreenOffsetContainer:'', fullScreenOffset:''});\r\n\t\t\t\r\nvar revapi13,\r\n\ttpj;\t\r\n(function() {\t\t\t\r\n\tif (!\/loaded|interactive|complete\/.test(document.readyState)) document.addEventListener(\"DOMContentLoaded\",onLoad); else onLoad();\t\r\n\tfunction onLoad() {\t\t\t\t\r\n\t\tif (tpj===undefined) { tpj = jQuery; if(\"off\" == \"on\") tpj.noConflict();}\r\n\tif(tpj(\"#rev_slider_13_1\").revolution == undefined){\n\t\trevslider_showDoubleJqueryError(\"#rev_slider_13_1\");\n\t}else{\n\t\trevapi13 = tpj(\"#rev_slider_13_1\").show().revolution({\n\t\t\tsliderType:\"standard\",\n\t\t\tjsFileLocation:\"\/\/clinicanasser.es\/wp-content\/plugins\/revslider\/public\/assets\/js\/\",\n\t\t\tsliderLayout:\"fullscreen\",\n\t\t\tdottedOverlay:\"none\",\n\t\t\tdelay:9000,\n\t\t\tnavigation: {\n\t\t\t\tkeyboardNavigation:\"off\",\n\t\t\t\tkeyboard_direction: \"horizontal\",\n\t\t\t\tmouseScrollNavigation:\"off\",\n \t\t\t\t\t\t\tmouseScrollReverse:\"default\",\n\t\t\t\tonHoverStop:\"off\",\n\t\t\t\ttouch:{\n\t\t\t\t\ttouchenabled:\"on\",\n\t\t\t\t\ttouchOnDesktop:\"on\",\n\t\t\t\t\tswipe_threshold: 75,\n\t\t\t\t\tswipe_min_touches: 1,\n\t\t\t\t\tswipe_direction: \"horizontal\",\n\t\t\t\t\tdrag_block_vertical: false\n\t\t\t\t}\n\t\t\t},\n\t\t\tvisibilityLevels:[1240,1024,778,480],\n\t\t\tgridwidth:1200,\n\t\t\tgridheight:668,\n\t\t\tlazyType:\"none\",\n\t\t\tshadow:0,\n\t\t\tspinner:\"spinner0\",\n\t\t\tstopLoop:\"off\",\n\t\t\tstopAfterLoops:-1,\n\t\t\tstopAtSlide:-1,\n\t\t\tshuffle:\"off\",\n\t\t\tautoHeight:\"off\",\n\t\t\tfullScreenAutoWidth:\"off\",\n\t\t\tfullScreenAlignForce:\"off\",\n\t\t\tfullScreenOffsetContainer: \"\",\n\t\t\tfullScreenOffset: \"\",\n\t\t\tdisableProgressBar:\"on\",\n\t\t\thideThumbsOnMobile:\"off\",\n\t\t\thideSliderAtLimit:0,\n\t\t\thideCaptionAtLimit:0,\n\t\t\thideAllCaptionAtLilmit:0,\n\t\t\tdebugMode:false,\n\t\t\tfallbacks: {\n\t\t\t\tsimplifyAll:\"off\",\n\t\t\t\tnextSlideOnWindowFocus:\"off\",\n\t\t\t\tdisableFocusListener:false,\n\t\t\t}\n\t\t});\n\t}; \/* END OF revapi call *\/\n\t\n }; \/* END OF ON LOAD FUNCTION *\/\r\n}()); \/* END OF WRAPPING FUNCTION *\/\r\n<\/script>\r\n\t\t<\/div><!-- END REVOLUTION SLIDER -->[\/vc_column][\/vc_row][vc_row][vc_column][vc_empty_space height=&#8221;50px&#8221;][vc_custom_heading text=&#8221;Entendemos lo complicado que es, como padres,&#8221; font_container=&#8221;tag:h2|text_align:left|line_height:1&#8243; use_theme_fonts=&#8221;yes&#8221; uppercase=&#8221;&#8221; thin=&#8221;1&#8243;][vc_custom_heading text=&#8221;gestionar un caso positivo de COVID entre los contactos estrechos del ni\u00f1o&#8221; font_container=&#8221;tag:h2|text_align:left|line_height:1&#8243; use_theme_fonts=&#8221;yes&#8221; uppercase=&#8221;&#8221; thin=&#8221;&#8221;][vc_empty_space height=&#8221;50px&#8221;][vc_column_text]Ante la aparici\u00f3n de un caso positivo de COVID-19 en el centro escolar,\u00a0el Ministerio de Sanidad advierte que el ni\u00f1o no debe acudir al centro, sino que debe <strong>permanecer en aislamiento hasta trascurridos 7-14 d\u00edas tras la obtenci\u00f3n de resultados de la PCR<\/strong>.\u00a0Los contactos estrechos del ni\u00f1o positivo en COVID deben realizar <strong>cuarentena tambi\u00e9n durante 7-14 d\u00edas<\/strong>, excepto aquellos que hayan tenido una infecci\u00f3n previa documentada con una PCR positiva en los 6 meses previos.<\/p>\n<p>En caso de resultado positivo en la PCR, los padres del ni\u00f1o con COVID adquieren la baja laboral hasta que este se reincorpora al centro escolar. Sin embargo, <strong>cuando el peque\u00f1o es contacto estrecho del positivo no cabe la baja laboral<\/strong> aunque el menor deba guardar cuarentena; por lo que los padres se ver\u00e1n obligados a coger d\u00edas de vacaciones o a dejar al ni\u00f1o al cuidado de familiares o personas de confianza, hasta obtener los resultados de su PCR.<\/p>\n<h5>Cuida de ellos para que puedan cuidar de tu peque\u00f1o<\/h5>\n<p>\u00bfC\u00f3mo no poner en riesgo a estos familiares y personas de confianza que cuidan del ni\u00f1o? La realizaci\u00f3n de los test de detecci\u00f3n al peque\u00f1o<strong> a trav\u00e9s de la saliva<\/strong> te permitir\u00e1 dejarlo al cuidado de familiares <strong>sin tener que preocuparte porque este pueda contagiar a abuelos<\/strong>, t\u00edos u otras personas de confianza. As\u00ed, el ni\u00f1o podr\u00e1 guardar la debida cuarentena con su cuidador con total tranquilidad, <strong>sabiendo en tan solo 15 minutos si es positivo o negativo en COVID<\/strong>.[\/vc_column_text][vc_empty_space height=&#8221;50px&#8221;][vc_custom_heading text=&#8221;QU\u00c9 TEST&#8221; font_container=&#8221;tag:h2|text_align:left|line_height:1&#8243; use_theme_fonts=&#8221;yes&#8221; uppercase=&#8221;1&#8243; thin=&#8221;&#8221;][vc_custom_heading text=&#8221;DE CORONAVIRUS REALIZAMOS&#8221; font_container=&#8221;tag:h2|text_align:left|line_height:1&#8243; use_theme_fonts=&#8221;yes&#8221; uppercase=&#8221;1&#8243; thin=&#8221;1&#8243;][vc_column_text]En Cl\u00ednica Nasser realizamos dos test de coronavirus: el de ant\u00edgenos y el pos-vacuna. Por un lado el test de ant\u00edgenos confirma <strong>falsos negativos en PCR<\/strong> y ratifican si est\u00e1s infectado de COVID en fase temprana y media de la infecci\u00f3n, por otro lado el pos-vacuna detecta a trav\u00e9s de una<strong>\u00a0muestra de sangre, la creaci\u00f3n de anticuerpos<\/strong>\u00a0tras completar la vacunaci\u00f3n por COVID-19. Ambos se realizan a trav\u00e9s de nuestro\u00a0<strong>servicio m\u00e9dico\u00a0<\/strong>y el proceso de detecci\u00f3n dura<strong>\u00a0entre 10 y 15 minutos,\u00a0<\/strong>tienen una alta tasa de fiabilidad,\u00a0<strong>superior al 95 % en ambos casos.<\/strong><\/p>\n<p>Para facilitar la prueba en los ni\u00f1os, la Cl\u00ednica cuenta con test profesionales de <strong>saliva<\/strong> por lo que no ser\u00e1 necesario que el ni\u00f1o se someta a la prueba nasal y no sea una experiencia negativa sino que forme parte de una prueba no invasiva e indolora.<\/p>\n<div class=\"vc_row wpb_row vc_inner vc_row-fluid\">\n<div class=\"wpb_column vc_column_container\">\n<div class=\"vc_column-inner\">\n<div class=\"wpb_wrapper\">\n<div class=\"wpb_text_column wpb_content_element\">\n<div class=\"wpb_wrapper\">\n<p>Tanto el test de ant\u00edgenos como el de pos-vacuna cuentan con certificado CE y est\u00e1n aprobados por la Agencia Espa\u00f1ola del Medicamento.<\/p>\n<p>Tras obtener los resultados, proporcionamos al paciente un\u00a0<strong>certificado m\u00e9dico<\/strong>.<\/p>\n<\/div>\n<\/div>\n<\/div>\n<\/div>\n<\/div>\n<\/div>\n<p>[\/vc_column_text][\/vc_column][\/vc_row][vc_row][vc_column][cms_pricing title_color=&#8221;#000000&#8243; unit=&#8221;\u20ac&#8221; features=&#8221;%5B%7B%22feature_name%22%3A%22Muestra%20de%20saliva%22%7D%2C%7B%22feature_name%22%3A%22Detecci%C3%B3n%20del%20virus%20en%20fase%20inicial%22%7D%2C%7B%22feature_name%22%3A%22Recomendado%20en%20los%205%20primeros%20d%C3%ADas%20de%20infecci%C3%B3n%22%7D%2C%7B%22feature_name%22%3A%22Resultados%20en%2010%20minutos%22%7D%2C%7B%22feature_name%22%3A%22Certificado%20m%C3%A9dico%20al%20momento%22%7D%2C%7B%22feature_name%22%3A%22Fiabilidad%20%E2%89%A5%2096%20%25%22%7D%2C%7B%22feature_name%22%3A%22A%20domicilio%22%7D%5D&#8221; btn_type=&#8221;btn-inverse&#8221; price=&#8221;65&#8243; image=&#8221;6205&#8243; title=&#8221;Test de ant\u00edgeno&#8221;][vc_empty_space height=&#8221;20px&#8221;][vc_btn title=&#8221;<b>RESERVA TU TEST DE ANT\u00cdGENO<\/b>&#8221; style=&#8221;custom&#8221; custom_background=&#8221;#0f72b5&#8243; custom_text=&#8221;#ffffff&#8221; shape=&#8221;square&#8221; size=&#8221;lg&#8221; align=&#8221;center&#8221; button_block=&#8221;true&#8221; link=&#8221;url:https%3A%2F%2Fclinicanasser.es%2Fproducto%2Ftest-antigeno-covid%2F|title:Reservar%20test%20de%20antigeno|target:%20_blank|&#8221;][vc_empty_space height=&#8221;20px&#8221;][vc_column_text]El test de ant\u00edgeno que realizamos para ni\u00f1os y familiares en Cl\u00ednica Nasser detecta la presencia del coronavirus en el organismo; lo que nos permite conocer si el paciente es positivo en el virus actualmente. El ant\u00edgeno detecta la prote\u00edna N del coronavirus en muestras respiratoria.<\/p>\n<p>Adem\u00e1s de obtener el resultado en\u00a0<strong>10 minutos<\/strong>, la gran ventaja de esta prueba es que tiene una\u00a0<strong>elevada sensibilidad en los primeros d\u00edas de la infecci\u00f3n<\/strong>. En concreto, la sensibilidad hasta el cuarto d\u00eda de contagio es de un 96% y a partir de entonces, del 90%.<\/p>\n<p>Este diagn\u00f3stico r\u00e1pido lo hace una opci\u00f3n id\u00f3nea para aquellos pacientes con sintomatolog\u00eda o que hayan tenido contacto estrecho con una persona positiva en coronavirus.[\/vc_column_text][\/vc_column][\/vc_row]<\/p>\n","protected":false},"excerpt":{"rendered":"<p>[vc_row][vc_column][\/vc_column][\/vc_row][vc_row][vc_column][vc_empty_space height=&#8221;50px&#8221;][vc_custom_heading text=&#8221;Entendemos lo complicado que es, como padres,&#8221; font_container=&#8221;tag:h2|text_align:left|line_height:1&#8243; use_theme_fonts=&#8221;yes&#8221; uppercase=&#8221;&#8221; thin=&#8221;1&#8243;][vc_custom_heading text=&#8221;gestionar un caso positivo de COVID entre los contactos estrechos del ni\u00f1o&#8221; font_container=&#8221;tag:h2|text_align:left|line_height:1&#8243; use_theme_fonts=&#8221;yes&#8221; uppercase=&#8221;&#8221; thin=&#8221;&#8221;][vc_empty_space height=&#8221;50px&#8221;][vc_column_text]Ante la aparici\u00f3n de un caso positivo de COVID-19 en el centro escolar,\u00a0el Ministerio de Sanidad advierte que el ni\u00f1o no<\/p>\n","protected":false},"author":1,"featured_media":0,"parent":0,"menu_order":0,"comment_status":"closed","ping_status":"closed","template":"","meta":[],"translation":{"provider":"WPGlobus","version":"2.7.3","language":"ar","enabled_languages":["es","en","ar","it"],"languages":{"es":{"title":true,"content":true,"excerpt":false},"en":{"title":false,"content":false,"excerpt":false},"ar":{"title":false,"content":false,"excerpt":false},"it":{"title":true,"content":true,"excerpt":false}}},"yoast_head":"<!-- This site is optimized with the Yoast SEO Premium plugin v16.2 - https:\/\/yoast.com\/wordpress\/plugins\/seo\/ -->\n<title>Test de ant\u00edgenos para ni\u00f1os y familiares | Cl\u00ednica Nasser<\/title>\n<meta name=\"robots\" content=\"index, follow, max-snippet:-1, max-image-preview:large, max-video-preview:-1\" \/>\n<link rel=\"canonical\" href=\"https:\/\/clinicanasser.es\/en\/test-de-antigenos-para-ninos-y-familiares\/\" \/>\n<meta property=\"og:locale\" content=\"ar_AR\" \/>\n<meta property=\"og:type\" content=\"article\" \/>\n<meta property=\"og:title\" content=\"Test de ant\u00edgenos para ni\u00f1os y familiares | Cl\u00ednica Nasser\" \/>\n<meta property=\"og:url\" content=\"https:\/\/clinicanasser.es\/en\/test-de-antigenos-para-ninos-y-familiares\/\" \/>\n<meta property=\"og:site_name\" content=\"Clinica nasser. Tratamiento del dolor y rehabilitaci\u00f3n Zaragoza\" \/>\n<meta property=\"article:publisher\" content=\"https:\/\/www.facebook.com\/clinicanasserspain\/\" \/>\n<meta property=\"article:modified_time\" content=\"2021-08-18T12:04:36+00:00\" \/>\n<meta name=\"twitter:card\" content=\"summary_large_image\" \/>\n<meta name=\"twitter:label1\" content=\"Est. reading time\">\n\t<meta name=\"twitter:data1\" content=\"3 minutes\">\n<script type=\"application\/ld+json\" class=\"yoast-schema-graph\">{\"@context\":\"https:\/\/schema.org\",\"@graph\":[{\"@type\":\"Organization\",\"@id\":\"https:\/\/clinicanasser.es\/#organization\",\"name\":\"Cl\\u00ednica Nasser\",\"url\":\"https:\/\/clinicanasser.es\/\",\"sameAs\":[\"https:\/\/www.facebook.com\/clinicanasserspain\/\",\"https:\/\/www.instagram.com\/clinica_nasser\/\",\"https:\/\/www.youtube.com\/channel\/UCjOFF9Kh4GHV2vhZkZx4yog\"],\"logo\":{\"@type\":\"ImageObject\",\"@id\":\"https:\/\/clinicanasser.es\/#logo\",\"inLanguage\":\"ar\",\"url\":\"https:\/\/clinicanasser.es\/wp-content\/uploads\/2019\/01\/Favicon-Clinica-Nasser.png\",\"contentUrl\":\"https:\/\/clinicanasser.es\/wp-content\/uploads\/2019\/01\/Favicon-Clinica-Nasser.png\",\"width\":512,\"height\":512,\"caption\":\"Cl\\u00ednica Nasser\"},\"image\":{\"@id\":\"https:\/\/clinicanasser.es\/#logo\"}},{\"@type\":\"WebSite\",\"@id\":\"https:\/\/clinicanasser.es\/#website\",\"url\":\"https:\/\/clinicanasser.es\/\",\"name\":\"Clinica nasser. Tratamiento del dolor y rehabilitaci\\u00f3n Zaragoza\",\"description\":\"Cl\\u00ednica especializada en tratamiento del dolor, rehabilitaci\\u00f3n fisico - deportiva y preparaciones f\\u00edsicas. Cl\\u00ednica en Zaragoza\",\"publisher\":{\"@id\":\"https:\/\/clinicanasser.es\/#organization\"},\"potentialAction\":[{\"@type\":\"SearchAction\",\"target\":\"https:\/\/clinicanasser.es\/?s={search_term_string}\",\"query-input\":\"required name=search_term_string\"}],\"inLanguage\":\"ar\"},{\"@type\":\"WebPage\",\"@id\":\"https:\/\/clinicanasser.es\/en\/test-de-antigenos-para-ninos-y-familiares\/#webpage\",\"url\":\"https:\/\/clinicanasser.es\/en\/test-de-antigenos-para-ninos-y-familiares\/\",\"name\":\"Test de ant\\u00edgenos para ni\\u00f1os y familiares | Cl\\u00ednica Nasser\",\"isPartOf\":{\"@id\":\"https:\/\/clinicanasser.es\/#website\"},\"datePublished\":\"2020-10-19T10:35:36+00:00\",\"dateModified\":\"2021-08-18T12:04:36+00:00\",\"description\":\"El test de ant\\u00edgenos para ni\\u00f1os en Zaragoza. Detecci\\u00f3n del COVID-19 en 10 minutos y con certificado m\\u00e9dico al momento.\",\"breadcrumb\":{\"@id\":\"https:\/\/clinicanasser.es\/en\/test-de-antigenos-para-ninos-y-familiares\/#breadcrumb\"},\"inLanguage\":\"ar\",\"potentialAction\":[{\"@type\":\"ReadAction\",\"target\":[\"https:\/\/clinicanasser.es\/en\/test-de-antigenos-para-ninos-y-familiares\/\"]}]},{\"@type\":\"BreadcrumbList\",\"@id\":\"https:\/\/clinicanasser.es\/en\/test-de-antigenos-para-ninos-y-familiares\/#breadcrumb\",\"itemListElement\":[{\"@type\":\"ListItem\",\"position\":1,\"item\":{\"@type\":\"WebPage\",\"@id\":\"https:\/\/clinicanasser.es\/\",\"url\":\"https:\/\/clinicanasser.es\/\",\"name\":\"Inicio\"}},{\"@type\":\"ListItem\",\"position\":2,\"item\":{\"@id\":\"https:\/\/clinicanasser.es\/en\/test-de-antigenos-para-ninos-y-familiares\/#webpage\"}}]}]}<\/script>\n<!-- \/ Yoast SEO Premium plugin. -->","_links":{"self":[{"href":"https:\/\/clinicanasser.es\/ar\/wp-json\/wp\/v2\/pages\/6163"}],"collection":[{"href":"https:\/\/clinicanasser.es\/ar\/wp-json\/wp\/v2\/pages"}],"about":[{"href":"https:\/\/clinicanasser.es\/ar\/wp-json\/wp\/v2\/types\/page"}],"author":[{"embeddable":true,"href":"https:\/\/clinicanasser.es\/ar\/wp-json\/wp\/v2\/users\/1"}],"replies":[{"embeddable":true,"href":"https:\/\/clinicanasser.es\/ar\/wp-json\/wp\/v2\/comments?post=6163"}],"version-history":[{"count":25,"href":"https:\/\/clinicanasser.es\/ar\/wp-json\/wp\/v2\/pages\/6163\/revisions"}],"predecessor-version":[{"id":9531,"href":"https:\/\/clinicanasser.es\/ar\/wp-json\/wp\/v2\/pages\/6163\/revisions\/9531"}],"wp:attachment":[{"href":"https:\/\/clinicanasser.es\/ar\/wp-json\/wp\/v2\/media?parent=6163"}],"curies":[{"name":"wp","href":"https:\/\/api.w.org\/{rel}","templated":true}]}}