{"id":4925,"date":"2019-01-15T10:58:50","date_gmt":"2019-01-15T08:58:50","guid":{"rendered":"https:\/\/clinicanasser.es\/?page_id=4925"},"modified":"2022-03-09T18:04:28","modified_gmt":"2022-03-09T16:04:28","slug":"unidad-del-dolor-2","status":"publish","type":"page","link":"https:\/\/clinicanasser.es\/ar\/unidad-del-dolor-2\/","title":{"rendered":"Unidad del dolor"},"content":{"rendered":"<p>[vc_row css=&#8221;.vc_custom_1529657695151{padding-bottom: 20px !important;}&#8221;][vc_column][vc_single_image image=&#8221;4926&#8243; img_size=&#8221;full&#8221; alignment=&#8221;center&#8221;][\/vc_column][\/vc_row][vc_row css=&#8221;.vc_custom_1529664968514{padding-top: 32px !important;}&#8221;][vc_column][vc_column_text]\u00bfQui\u00e9n dice que debemos aceptar el dolor?<\/p>\n<p>En Cl\u00ednica Nasser buscamos localizar el origen del dolor y tratarlo para que bajo un proceso de rehabilitaci\u00f3n m\u00e9dica y fisioter\u00e1pica acabe desarpareciendo.<\/p>\n<p>Nuestra m\u00e1xima es tu salud, queremos cuidar de ti.<\/p>\n<p>La unidad del dolor de Clinica Nasser Zaragoza est\u00e1 formada por personal especializado en el estudio diagn\u00f3stico y tratamiento del dolor, profesionales\u00a0que llevamos a cabo una gesti\u00f3n y excelencia del tratamiento integral del dolor de cada paciente.<\/p>\n<p>El equipo m\u00e9dico est\u00e1 formado por el director m\u00e9dico de Clinica Nasser Dr. M. Nasser, <strong>m\u00e9dico especialista en anestesiolog\u00eda, <\/strong>y el equipo de <strong>fisioterapeutas especialistas en fisioterapia traumatol\u00f3gica, del dolor, neurol\u00f3gica y del deporte. <\/strong>Todo el equipo trabajamos de forma intensa para solucionar y manejar con \u00e9xito los cuadros dolorosos de corta, media y larga duraci\u00f3n.<\/p>\n<p>Esto permite un trato personalizado a cada uno de los problemas relacionados con su dolor.<\/p>\n<p>&nbsp;<\/p>\n<h4>ENFERMEDADES Y DIAGN\u00d3STICOS<\/h4>\n<p>En la unidad del dolor ofrecemos:<\/p>\n<p>Diagn\u00f3stico, exploraci\u00f3n y tratamiento para optimizar las acciones a llevar acabo y conseguir el \u00e9xito de eliminar y reducir el dolor. Realizamos una <strong>planificaci\u00f3n del tratamiento<\/strong> seg\u00fan el diagnostico estableciendo plazos y objetivos realistas de mejor\u00eda.<br \/>\nLa coordinaci\u00f3n con los diferentes servicios m\u00e9dicos para llevar a cabo un <strong>plan de tratamiento multidisciplinar<\/strong>.<\/p>\n<p>&nbsp;<\/p>\n<h5>Patolog\u00edas dolorosas m\u00e1s frecuentes:<\/h5>\n<ul>\n<li>Patolog\u00eda Columna vertebral incluyendo todas patologias discales con o sin compromisos neurol\u00f3gicos derivados<\/li>\n<li>Patolog\u00edas articulares de origen degenerativo, traum\u00e1tico o post-inmovilizaci\u00f3n<\/li>\n<li>Cefaleas<\/li>\n<li>Dolor oncol\u00f3gico<\/li>\n<\/ul>\n<p>[\/vc_column_text][vc_empty_space][\/vc_column][\/vc_row][vc_row][vc_column][vc_empty_space][vc_column_text]<\/p>\n<p style=\"text-align: center;\"><strong>Pide cita<\/strong>\u00a0directamente desde este link o a trav\u00e9s de nuestro tel\u00e9fono\u00a0<strong>976 216 995 y elimine de su vida el dolor.<\/strong><\/p>\n<p>[\/vc_column_text][vc_empty_space][vc_btn title=&#8221;RESERVAR CITA CON EL DR. NASSER&#8221; style=&#8221;classic&#8221; shape=&#8221;square&#8221; color=&#8221;primary&#8221; size=&#8221;lg&#8221; align=&#8221;center&#8221; button_block=&#8221;true&#8221; link=&#8221;url:https%3A%2F%2Fclinicanasser.es%2Fproducto%2Fconsulta-medica%2F|||&#8221;][vc_empty_space height=&#8221;60 px&#8221;][\/vc_column][\/vc_row][vc_row css=&#8221;.vc_custom_1621936235408{padding-top: 32px !important;}&#8221;][vc_column][vc_column_text]En\u00a0<strong>Cl\u00ednica Nasser<\/strong>\u00a0ofrecemos una\u00a0<strong>atenci\u00f3n personalizada del paciente<\/strong>, realizamos un estudio biomec\u00e1nico y llevamos a cabo un diagnostico de las\u00a0<strong>diferentes causas de la lesi\u00f3n<\/strong>, relacionamos las causas de la patolog\u00eda o de la enfermedad con factores f\u00edsicos o psicol\u00f3gicos.<\/p>\n<p><strong>Utilizamos t\u00e9cnicas no agresivas para eliminar o paliar el dolor \u00f3seo, articular, muscular, neurol\u00f3gico (ci\u00e1ticas, hernias discales), lesiones deportivas<\/strong>, etc&#8230; tanto s\u00edntoma o como dolencia.<\/p>\n<p>Cumplimos con todos los requisitos funcionales y estructurales que garantizan la calidad y eficiencia de nuestro servicio.<\/p>\n<p>El principal objetivo es\u00a0<strong>mejorar la calidad de vida<\/strong>\u00a0de las personas que vienen a nuestra cl\u00ednica y que recuperen\u00a0<strong>su bienestar f\u00edsico y emocional<\/strong>.<\/p>\n<p>En nuestra Cl\u00ednica, con m\u00e1s de 40 a\u00f1os de experiencia, utilizamos m\u00e9todos de vanguardia y contamos con un grupo humano profesional cercano, humilde, motivador y sobre todo honrado, que utilizan las \u00faltimas t\u00e9cnicas m\u00e1s innovadoras, no invasivas, con el fin de eliminar o paliar un amplio abanico de lesiones y dolores, los cuales merman nuestra condici\u00f3n f\u00edsica y mental, de all\u00ed nuestro lema personal : &#8220;<em><strong>CLINICA NASSER, CALIDAD DE VIDA Y LARGA VIDA DEPORTIVA<\/strong><\/em>&#8221;<\/p>\n<p>Nuestro reto profesional, es lograr el<strong>\u00a0alivio de ese dolor completamente<\/strong>\u00a0para que la persona pueda realizar una vida normal. Con nuestra valoraci\u00f3n y una buena gu\u00eda pr\u00e1ctica de recomendaciones que nuestros profesionales de Cl\u00ednica Nasser te ofrecer\u00e1n, obtendr\u00e1s un d\u00eda a d\u00eda sin dolor.[\/vc_column_text][vc_row_inner][vc_column_inner width=&#8221;1\/3&#8243;][vc_empty_space][vc_video link=&#8221;https:\/\/vimeo.com\/561754296&#8243;][vc_empty_space][vc_column_text]<\/p>\n<p>Jos\u00e9 sufri\u00f3 una par\u00e1lisis facial derivada de la extirpaci\u00f3n de un tumor en el cuello y, gracias a los profesionales de Cl\u00ednica Nasser, ha conseguido casi la totalidad de los movimientos faciales y ya puede incluso cerrar el ojo, que hasta ahora no pod\u00eda.[\/vc_column_text][\/vc_column_inner][vc_column_inner width=&#8221;1\/3&#8243;][vc_empty_space][vc_video link=&#8221;https:\/\/vimeo.com\/561754328&#8243;][vc_empty_space][vc_column_text]Alex Puente, esquiador de la Real Federaci\u00f3n Espa\u00f1ola de Deportes de Invierno se recupera de su lesi\u00f3n en hombro en Clinica Nasser para ponerse en forma para los pr\u00f3ximos Juegos Ol\u00edmpicos.[\/vc_column_text][\/vc_column_inner][vc_column_inner width=&#8221;1\/3&#8243;][vc_empty_space][vc_video link=&#8221;https:\/\/vimeo.com\/561753550&#8243;][vc_empty_space][vc_column_text]Lorenzo acude a Clinica Nasser con el objetivo de mejorar su salud y ponerse en forma. Cuenta cu\u00e1l es el procedimiento que se utiliza con \u00e9l y lo contento que est\u00e1 con su disminuci\u00f3n de peso.[\/vc_column_text][\/vc_column_inner][\/vc_row_inner][vc_empty_space][\/vc_column][\/vc_row][vc_row][vc_column width=&#8221;1\/2&#8243;][vc_video link=&#8221;https:\/\/vimeo.com\/557522184&#8243; align=&#8221;center&#8221;][vc_empty_space height=&#8221;15px&#8221;][vc_video link=&#8221;https:\/\/vimeo.com\/557559941&#8243; align=&#8221;center&#8221;][\/vc_column][vc_column width=&#8221;1\/2&#8243;][vc_video link=&#8221;https:\/\/vimeo.com\/557560455&#8243; align=&#8221;center&#8221;][vc_empty_space height=&#8221;15px&#8221;][vc_video link=&#8221;https:\/\/vimeo.com\/557559294&#8243; align=&#8221;center&#8221;][\/vc_column][\/vc_row][vc_column][vc_row_inner][vc_column_inner][vc_empty_space][vc_column_text]<\/p>\n<p style=\"text-align: center;\"><strong>Pide cita<\/strong>\u00a0rellenando este formulario o a trav\u00e9s de nuestro tel\u00e9fono\u00a0<strong>976 216 995 y haz que tu d\u00eda a d\u00eda sea sin dolor.\u00a0<\/strong><\/p>\n<p>[\/vc_column_text][vc_empty_space]<div role=\"form\" class=\"wpcf7\" id=\"wpcf7-f1667-o1\" lang=\"en-US\" dir=\"ltr\">\n<div class=\"screen-reader-response\"><p role=\"status\" aria-live=\"polite\" aria-atomic=\"true\"><\/p> <ul><\/ul><\/div>\n<form action=\"\/ar\/wp-json\/wp\/v2\/pages\/4925#wpcf7-f1667-o1\" method=\"post\" class=\"wpcf7-form init\" novalidate=\"novalidate\" data-status=\"init\">\n<div style=\"display: none;\">\n<input type=\"hidden\" name=\"_wpcf7\" value=\"1667\" \/>\n<input type=\"hidden\" name=\"_wpcf7_version\" value=\"5.4.1\" \/>\n<input type=\"hidden\" name=\"_wpcf7_locale\" value=\"en_US\" \/>\n<input type=\"hidden\" name=\"_wpcf7_unit_tag\" value=\"wpcf7-f1667-o1\" \/>\n<input type=\"hidden\" name=\"_wpcf7_container_post\" value=\"0\" \/>\n<input type=\"hidden\" name=\"_wpcf7_posted_data_hash\" value=\"\" \/>\n<input type=\"hidden\" name=\"_wpcf7_recaptcha_response\" value=\"\" \/>\n<\/div>\n<div class=\"contact-form-style3\">\n<div class=\"row\">\n<div class=\"col-sm-6\">\n<p><span class=\"wpcf7-form-control-wrap nombre\"><input type=\"text\" name=\"nombre\" value=\"\" size=\"40\" class=\"wpcf7-form-control wpcf7-text wpcf7-validates-as-required\" aria-required=\"true\" aria-invalid=\"false\" placeholder=\"Nombre y apellidos\" \/><\/span> <\/p>\n<p><span class=\"wpcf7-form-control-wrap email\"><input type=\"email\" name=\"email\" value=\"\" size=\"40\" class=\"wpcf7-form-control wpcf7-text wpcf7-email wpcf7-validates-as-required wpcf7-validates-as-email\" aria-required=\"true\" aria-invalid=\"false\" placeholder=\"email\" \/><\/span> <\/p>\n<p><span class=\"wpcf7-form-control-wrap patologia\"><input type=\"text\" name=\"patologia\" value=\"\" size=\"40\" class=\"wpcf7-form-control wpcf7-text wpcf7-validates-as-required\" aria-required=\"true\" aria-invalid=\"false\" placeholder=\"Indique su patolog\u00eda\" \/><\/span> <\/p>\n<\/div>\n<div class=\"col-sm-6\">\n<p><span class=\"wpcf7-form-control-wrap mensaje\"><textarea name=\"mensaje\" cols=\"40\" rows=\"10\" class=\"wpcf7-form-control wpcf7-textarea wpcf7-validates-as-required\" aria-required=\"true\" aria-invalid=\"false\" placeholder=\"Mensaje\"><\/textarea><\/span><\/p>\n<\/div>\n<\/div>\n<span class=\"wpcf7-form-control-wrap recaptcha\"><span data-sitekey=\"6LdPX20UAAAAAA6xDQWhxuxAJtAP9TnDi87WjrYk\" class=\"wpcf7-form-control g-recaptcha wpcf7-recaptcha\"><\/span>\r\n<noscript>\r\n\t<div class=\"grecaptcha-noscript\">\r\n\t\t<iframe src=\"https:\/\/www.google.com\/recaptcha\/api\/fallback?k=6LdPX20UAAAAAA6xDQWhxuxAJtAP9TnDi87WjrYk\" frameborder=\"0\" scrolling=\"no\" width=\"310\" height=\"430\">\r\n\t\t<\/iframe>\r\n\t\t<textarea name=\"g-recaptcha-response\" rows=\"3\" cols=\"40\" placeholder=\"reCaptcha Response Here\">\r\n\t\t<\/textarea>\r\n\t<\/div>\r\n<\/noscript>\r\n<\/span>\n<p class=\"text-center\"><input type=\"submit\" value=\"Solicitar cita\" class=\"wpcf7-form-control wpcf7-submit btn btn-white\" \/><\/p>\n<\/div>\n<div class=\"wpcf7-response-output\" aria-hidden=\"true\"><\/div><\/form><\/div>[vc_empty_space][\/vc_column_inner][\/vc_row_inner][\/vc_column][vc_column][\/vc_column]<\/p>\n","protected":false},"excerpt":{"rendered":"<p>[vc_row css=&#8221;.vc_custom_1529657695151{padding-bottom: 20px !important;}&#8221;][vc_column][vc_single_image image=&#8221;4926&#8243; img_size=&#8221;full&#8221; alignment=&#8221;center&#8221;][\/vc_column][\/vc_row][vc_row css=&#8221;.vc_custom_1529664968514{padding-top: 32px !important;}&#8221;][vc_column][vc_column_text]\u00bfQui\u00e9n dice que debemos aceptar el dolor? En Cl\u00ednica Nasser buscamos localizar el origen del dolor y tratarlo para que bajo un proceso de rehabilitaci\u00f3n m\u00e9dica y fisioter\u00e1pica acabe desarpareciendo. Nuestra m\u00e1xima es tu salud, queremos cuidar de ti. La unidad<\/p>\n","protected":false},"author":1,"featured_media":0,"parent":0,"menu_order":0,"comment_status":"closed","ping_status":"closed","template":"","meta":[],"translation":{"provider":"WPGlobus","version":"2.7.3","language":"ar","enabled_languages":["es","en","ar","it"],"languages":{"es":{"title":true,"content":true,"excerpt":false},"en":{"title":false,"content":false,"excerpt":false},"ar":{"title":false,"content":false,"excerpt":false},"it":{"title":false,"content":false,"excerpt":false}}},"yoast_head":"<!-- This site is optimized with the Yoast SEO Premium plugin v16.2 - https:\/\/yoast.com\/wordpress\/plugins\/seo\/ -->\n<title>Unidad del dolor para el tratamiento del dolor | Cl\u00ednica Nasser<\/title>\n<meta name=\"robots\" content=\"index, follow, max-snippet:-1, max-image-preview:large, max-video-preview:-1\" \/>\n<link rel=\"canonical\" href=\"https:\/\/clinicanasser.es\/ar\/unidad-del-dolor-2\/\" \/>\n<meta property=\"og:locale\" content=\"ar_AR\" \/>\n<meta property=\"og:type\" content=\"article\" \/>\n<meta property=\"og:title\" content=\"Unidad del dolor para el tratamiento del dolor | Cl\u00ednica Nasser\" \/>\n<meta property=\"og:url\" content=\"https:\/\/clinicanasser.es\/ar\/unidad-del-dolor-2\/\" \/>\n<meta property=\"og:site_name\" content=\"Clinica nasser. Tratamiento del dolor y rehabilitaci\u00f3n Zaragoza\" \/>\n<meta property=\"article:publisher\" content=\"https:\/\/www.facebook.com\/clinicanasserspain\/\" \/>\n<meta property=\"article:modified_time\" content=\"2022-03-09T16:04:28+00:00\" \/>\n<meta name=\"twitter:card\" content=\"summary_large_image\" \/>\n<meta name=\"twitter:label1\" content=\"Est. reading time\">\n\t<meta name=\"twitter:data1\" content=\"3 minutes\">\n<script type=\"application\/ld+json\" class=\"yoast-schema-graph\">{\"@context\":\"https:\/\/schema.org\",\"@graph\":[{\"@type\":\"Organization\",\"@id\":\"https:\/\/clinicanasser.es\/#organization\",\"name\":\"Cl\\u00ednica Nasser\",\"url\":\"https:\/\/clinicanasser.es\/\",\"sameAs\":[\"https:\/\/www.facebook.com\/clinicanasserspain\/\",\"https:\/\/www.instagram.com\/clinica_nasser\/\",\"https:\/\/www.youtube.com\/channel\/UCjOFF9Kh4GHV2vhZkZx4yog\"],\"logo\":{\"@type\":\"ImageObject\",\"@id\":\"https:\/\/clinicanasser.es\/#logo\",\"inLanguage\":\"ar\",\"url\":\"https:\/\/clinicanasser.es\/wp-content\/uploads\/2019\/01\/Favicon-Clinica-Nasser.png\",\"contentUrl\":\"https:\/\/clinicanasser.es\/wp-content\/uploads\/2019\/01\/Favicon-Clinica-Nasser.png\",\"width\":512,\"height\":512,\"caption\":\"Cl\\u00ednica Nasser\"},\"image\":{\"@id\":\"https:\/\/clinicanasser.es\/#logo\"}},{\"@type\":\"WebSite\",\"@id\":\"https:\/\/clinicanasser.es\/#website\",\"url\":\"https:\/\/clinicanasser.es\/\",\"name\":\"Clinica nasser. Tratamiento del dolor y rehabilitaci\\u00f3n Zaragoza\",\"description\":\"Cl\\u00ednica especializada en tratamiento del dolor, rehabilitaci\\u00f3n fisico - deportiva y preparaciones f\\u00edsicas. Cl\\u00ednica en Zaragoza\",\"publisher\":{\"@id\":\"https:\/\/clinicanasser.es\/#organization\"},\"potentialAction\":[{\"@type\":\"SearchAction\",\"target\":\"https:\/\/clinicanasser.es\/?s={search_term_string}\",\"query-input\":\"required name=search_term_string\"}],\"inLanguage\":\"ar\"},{\"@type\":\"WebPage\",\"@id\":\"https:\/\/clinicanasser.es\/ar\/unidad-del-dolor-2\/#webpage\",\"url\":\"https:\/\/clinicanasser.es\/ar\/unidad-del-dolor-2\/\",\"name\":\"Unidad del dolor para el tratamiento del dolor | Cl\\u00ednica Nasser\",\"isPartOf\":{\"@id\":\"https:\/\/clinicanasser.es\/#website\"},\"datePublished\":\"2019-01-15T08:58:50+00:00\",\"dateModified\":\"2022-03-09T16:04:28+00:00\",\"description\":\"La unidad del dolor de Cl\\u00ednica Nasser est\\u00e1 formada por personal especializado en diagn\\u00f3stico y tratamiento integral del dolor.\",\"breadcrumb\":{\"@id\":\"https:\/\/clinicanasser.es\/ar\/unidad-del-dolor-2\/#breadcrumb\"},\"inLanguage\":\"ar\",\"potentialAction\":[{\"@type\":\"ReadAction\",\"target\":[\"https:\/\/clinicanasser.es\/ar\/unidad-del-dolor-2\/\"]}]},{\"@type\":\"BreadcrumbList\",\"@id\":\"https:\/\/clinicanasser.es\/ar\/unidad-del-dolor-2\/#breadcrumb\",\"itemListElement\":[{\"@type\":\"ListItem\",\"position\":1,\"item\":{\"@type\":\"WebPage\",\"@id\":\"https:\/\/clinicanasser.es\/\",\"url\":\"https:\/\/clinicanasser.es\/\",\"name\":\"Inicio\"}},{\"@type\":\"ListItem\",\"position\":2,\"item\":{\"@id\":\"https:\/\/clinicanasser.es\/ar\/unidad-del-dolor-2\/#webpage\"}}]}]}<\/script>\n<!-- \/ Yoast SEO Premium plugin. -->","_links":{"self":[{"href":"https:\/\/clinicanasser.es\/ar\/wp-json\/wp\/v2\/pages\/4925"}],"collection":[{"href":"https:\/\/clinicanasser.es\/ar\/wp-json\/wp\/v2\/pages"}],"about":[{"href":"https:\/\/clinicanasser.es\/ar\/wp-json\/wp\/v2\/types\/page"}],"author":[{"embeddable":true,"href":"https:\/\/clinicanasser.es\/ar\/wp-json\/wp\/v2\/users\/1"}],"replies":[{"embeddable":true,"href":"https:\/\/clinicanasser.es\/ar\/wp-json\/wp\/v2\/comments?post=4925"}],"version-history":[{"count":75,"href":"https:\/\/clinicanasser.es\/ar\/wp-json\/wp\/v2\/pages\/4925\/revisions"}],"predecessor-version":[{"id":9660,"href":"https:\/\/clinicanasser.es\/ar\/wp-json\/wp\/v2\/pages\/4925\/revisions\/9660"}],"wp:attachment":[{"href":"https:\/\/clinicanasser.es\/ar\/wp-json\/wp\/v2\/media?parent=4925"}],"curies":[{"name":"wp","href":"https:\/\/api.w.org\/{rel}","templated":true}]}}