{"id":4496,"date":"2018-08-27T08:09:27","date_gmt":"2018-08-27T08:09:27","guid":{"rendered":"https:\/\/clinicanasser.es\/?page_id=4496"},"modified":"2021-10-04T11:55:35","modified_gmt":"2021-10-04T09:55:35","slug":"deporte","status":"publish","type":"page","link":"https:\/\/clinicanasser.es\/ar\/deporte\/","title":{"rendered":"Rehabilitaci\u00f3n Deportiva"},"content":{"rendered":"<p>[vc_row][vc_column][vc_toggle title=&#8221;Rehabilitaci\u00f3n f\u00edsico-deportiva&#8221; style=&#8221;arrow&#8221;]Este \u00e1rea persigue la\u00a0<strong>recuperaci\u00f3n y la rehabilitaci\u00f3n\u00a0principalmente las lesiones de todo tipo de pacientes<\/strong>\u00a0independientemente de la edad que tengan y principalmente nuestra especialidad son los deportistas, ya sean profesionales, amantes del deporte o aficionados. A trav\u00e9s de las nuevas tecnolog\u00edas avanzadas en los \u00faltimos a\u00f1os, los deportistas pueden recuperarse de lesiones deportivas mucho m\u00e1s r\u00e1pido que hace tan solo unos a\u00f1os y los pacientes que no son deportistas progresan de una forma espectacular aumentando satisfactoriamente los umbrales de resistencia al dolor y mejora de su condici\u00f3n f\u00edsica.<\/p>\n<p><a href=\"https:\/\/clinicanasser.es\/rehabilitacion-fisico-deportiva\/\" target=\"_blank\" rel=\"noopener\">VER M\u00c1S<\/a>[\/vc_toggle][vc_empty_space height=&#8221;16px&#8221;][vc_single_image image=&#8221;9739&#8243; img_size=&#8221;full&#8221; alignment=&#8221;center&#8221; onclick=&#8221;custom_link&#8221; img_link_target=&#8221;_blank&#8221; link=&#8221;https:\/\/clinicanasser.es\/rehabilitacion-fisico-deportiva\/&#8221;][vc_empty_space height=&#8221;64px&#8221;][\/vc_column][\/vc_row][vc_row][vc_column][vc_toggle title=&#8221; Preparaci\u00f3n f\u00edsica de alto rendimiento&#8221; style=&#8221;arrow&#8221;]Gracias a los muchos a\u00f1os de experiencia y de formaci\u00f3n, en<strong>\u00a0Cl\u00ednica Nasser<\/strong>\u00a0ayudamos a los deportistas profesionales a aumentar el rendimiento deportivo con tratamientos especializados. En esta \u00e1rea deportiva, ense\u00f1amos y educamos a los\u00a0<strong>deportistas de alto rendimiento<\/strong>\u00a0a realizar determinados<strong>\u00a0ejercicios f\u00edsicos de manera controlada<\/strong>\u00a0e\u00a0<strong>individualizada<\/strong>\u00a0para poder rendir m\u00e1s en el deporte que practican, siempre desde el cuidado de la salud y supervisado por nuestro equipo de Cl\u00ednica Nasser.<\/p>\n<p><a href=\"https:\/\/clinicanasser.es\/preparacion-fisica-de-alto-rendimiento\/\" target=\"_blank\" rel=\"noopener\">VER M\u00c1S<\/a>[\/vc_toggle][vc_empty_space height=&#8221;16px&#8221;][vc_single_image image=&#8221;9741&#8243; img_size=&#8221;full&#8221; alignment=&#8221;center&#8221; onclick=&#8221;custom_link&#8221; img_link_target=&#8221;_blank&#8221; link=&#8221;https:\/\/clinicanasser.es\/preparacion-fisica-de-alto-rendimiento\/&#8221;][vc_empty_space height=&#8221;64px&#8221;][\/vc_column][\/vc_row][vc_row][vc_column][vc_toggle title=&#8221;Entrenamiento personal&#8221; style=&#8221;arrow&#8221;]\u00bfHas pensado alguna vez tener un entrenamiento solo dedicado para ti? \u00bfTe cansas de acudir a los gimnasios y que los entrenadores o monitores no te hagan caso? \u00bfTe gustar\u00eda tener un<strong>\u00a0entrenamiento solo para ti<\/strong>\u00a0y adem\u00e1s bajo pautas y\u00a0<strong>directrices de profesionales de la salud<\/strong>?<\/p>\n<p><a href=\"https:\/\/clinicanasser.es\/entrenamiento-personal\/\" target=\"_blank\" rel=\"noopener\">VER M\u00c1S<\/a>[\/vc_toggle][vc_empty_space height=&#8221;16px&#8221;][vc_single_image image=&#8221;9743&#8243; img_size=&#8221;full&#8221; alignment=&#8221;center&#8221; onclick=&#8221;custom_link&#8221; img_link_target=&#8221;_blank&#8221; link=&#8221;https:\/\/clinicanasser.es\/entrenamiento-personal\/&#8221;][vc_empty_space height=&#8221;64px&#8221;][\/vc_column][\/vc_row][vc_row][vc_column][vc_toggle title=&#8221;Body Design&#8221; style=&#8221;arrow&#8221;]El Body Design es uno de los<strong>\u00a0entrenamientos m\u00e1s de moda en estos \u00faltimos tiempos<\/strong>. Lo m\u00e1s importante es que es un m\u00e9todo de\u00a0<strong>tratamiento y entrenamiento complementario<\/strong>, no la \u00fanica f\u00f3rmula de trabajo, ya que de esa forma no tiene ning\u00fan rigor cient\u00edfico.<\/p>\n<p><a href=\"https:\/\/clinicanasser.es\/body-design\/\" target=\"_blank\" rel=\"noopener\">VER M\u00c1S<\/a>[\/vc_toggle][vc_empty_space height=&#8221;16px&#8221;][vc_single_image image=&#8221;9745&#8243; img_size=&#8221;full&#8221; alignment=&#8221;center&#8221; onclick=&#8221;custom_link&#8221; img_link_target=&#8221;_blank&#8221; link=&#8221;https:\/\/clinicanasser.es\/body-design\/&#8221;][vc_empty_space height=&#8221;64px&#8221;][\/vc_column][\/vc_row]<\/p>\n","protected":false},"excerpt":{"rendered":"<p>[vc_row][vc_column][vc_toggle title=&#8221;Rehabilitaci\u00f3n f\u00edsico-deportiva&#8221; style=&#8221;arrow&#8221;]Este \u00e1rea persigue la\u00a0recuperaci\u00f3n y la rehabilitaci\u00f3n\u00a0principalmente las lesiones de todo tipo de pacientes\u00a0independientemente de la edad que tengan y principalmente nuestra especialidad son los deportistas, ya sean profesionales, amantes del deporte o aficionados. A trav\u00e9s de las nuevas tecnolog\u00edas avanzadas en los \u00faltimos a\u00f1os, los deportistas<\/p>\n","protected":false},"author":1,"featured_media":0,"parent":0,"menu_order":0,"comment_status":"closed","ping_status":"closed","template":"","meta":[],"translation":{"provider":"WPGlobus","version":"2.7.3","language":"ar","enabled_languages":["es","en","ar","it"],"languages":{"es":{"title":true,"content":true,"excerpt":false},"en":{"title":true,"content":true,"excerpt":false},"ar":{"title":false,"content":false,"excerpt":false},"it":{"title":true,"content":true,"excerpt":false}}},"yoast_head":"<!-- This site is optimized with the Yoast SEO Premium plugin v16.2 - https:\/\/yoast.com\/wordpress\/plugins\/seo\/ -->\n<title>Servicios incluidos en la Rehabilitaci\u00f3n Deportiva | Cl\u00ednica Nasser<\/title>\n<meta name=\"robots\" content=\"index, follow, max-snippet:-1, max-image-preview:large, max-video-preview:-1\" \/>\n<link rel=\"canonical\" href=\"https:\/\/clinicanasser.es\/en\/deporte\/\" \/>\n<meta property=\"og:locale\" content=\"ar_AR\" \/>\n<meta property=\"og:type\" content=\"article\" \/>\n<meta property=\"og:title\" content=\"Servizi compresi nella Riabilitazione Sportiva | Clinica Nasser\" \/>\n<meta property=\"og:url\" content=\"https:\/\/clinicanasser.es\/en\/deporte\/\" \/>\n<meta property=\"og:site_name\" content=\"Clinica nasser. Tratamiento del dolor y rehabilitaci\u00f3n Zaragoza\" \/>\n<meta property=\"article:publisher\" content=\"https:\/\/www.facebook.com\/clinicanasserspain\/\" \/>\n<meta property=\"article:modified_time\" content=\"2021-10-04T09:55:35+00:00\" \/>\n<meta name=\"twitter:card\" content=\"summary_large_image\" \/>\n<meta name=\"twitter:label1\" content=\"Est. reading time\">\n\t<meta name=\"twitter:data1\" content=\"2 minutes\">\n<script type=\"application\/ld+json\" class=\"yoast-schema-graph\">{\"@context\":\"https:\/\/schema.org\",\"@graph\":[{\"@type\":\"Organization\",\"@id\":\"https:\/\/clinicanasser.es\/#organization\",\"name\":\"Cl\\u00ednica Nasser\",\"url\":\"https:\/\/clinicanasser.es\/\",\"sameAs\":[\"https:\/\/www.facebook.com\/clinicanasserspain\/\",\"https:\/\/www.instagram.com\/clinica_nasser\/\",\"https:\/\/www.youtube.com\/channel\/UCjOFF9Kh4GHV2vhZkZx4yog\"],\"logo\":{\"@type\":\"ImageObject\",\"@id\":\"https:\/\/clinicanasser.es\/#logo\",\"inLanguage\":\"ar\",\"url\":\"https:\/\/clinicanasser.es\/wp-content\/uploads\/2019\/01\/Favicon-Clinica-Nasser.png\",\"contentUrl\":\"https:\/\/clinicanasser.es\/wp-content\/uploads\/2019\/01\/Favicon-Clinica-Nasser.png\",\"width\":512,\"height\":512,\"caption\":\"Cl\\u00ednica Nasser\"},\"image\":{\"@id\":\"https:\/\/clinicanasser.es\/#logo\"}},{\"@type\":\"WebSite\",\"@id\":\"https:\/\/clinicanasser.es\/#website\",\"url\":\"https:\/\/clinicanasser.es\/\",\"name\":\"Clinica nasser. Tratamiento del dolor y rehabilitaci\\u00f3n Zaragoza\",\"description\":\"Cl\\u00ednica especializada en tratamiento del dolor, rehabilitaci\\u00f3n fisico - deportiva y preparaciones f\\u00edsicas. Cl\\u00ednica en Zaragoza\",\"publisher\":{\"@id\":\"https:\/\/clinicanasser.es\/#organization\"},\"potentialAction\":[{\"@type\":\"SearchAction\",\"target\":\"https:\/\/clinicanasser.es\/?s={search_term_string}\",\"query-input\":\"required name=search_term_string\"}],\"inLanguage\":\"ar\"},{\"@type\":\"WebPage\",\"@id\":\"https:\/\/clinicanasser.es\/en\/deporte\/#webpage\",\"url\":\"https:\/\/clinicanasser.es\/en\/deporte\/\",\"name\":\"Servizi compresi nella Riabilitazione Sportiva | Clinica Nasser\",\"isPartOf\":{\"@id\":\"https:\/\/clinicanasser.es\/#website\"},\"datePublished\":\"2018-08-27T08:09:27+00:00\",\"dateModified\":\"2021-10-04T09:55:35+00:00\",\"description\":\"Cl\\u00ednica Nasser es una cl\\u00ednica m\\u00e9dica multidisciplinar compuesta por m\\u00e9dicos especialistas en tratamiento del dolor, medicina biol\\u00f3gica y fisioterapeutas preparadores f\\u00edsicos especializados en rehabilitaci\\u00f3n de lesiones, enfermer\\u00eda para la realizaci\\u00f3n de test COVID.\",\"breadcrumb\":{\"@id\":\"https:\/\/clinicanasser.es\/en\/deporte\/#breadcrumb\"},\"inLanguage\":\"ar\",\"potentialAction\":[{\"@type\":\"ReadAction\",\"target\":[\"https:\/\/clinicanasser.es\/en\/deporte\/\"]}]},{\"@type\":\"BreadcrumbList\",\"@id\":\"https:\/\/clinicanasser.es\/en\/deporte\/#breadcrumb\",\"itemListElement\":[{\"@type\":\"ListItem\",\"position\":1,\"item\":{\"@type\":\"WebPage\",\"@id\":\"https:\/\/clinicanasser.es\/\",\"url\":\"https:\/\/clinicanasser.es\/\",\"name\":\"Inicio\"}},{\"@type\":\"ListItem\",\"position\":2,\"item\":{\"@id\":\"https:\/\/clinicanasser.es\/en\/deporte\/#webpage\"}}]}]}<\/script>\n<!-- \/ Yoast SEO Premium plugin. -->","_links":{"self":[{"href":"https:\/\/clinicanasser.es\/ar\/wp-json\/wp\/v2\/pages\/4496"}],"collection":[{"href":"https:\/\/clinicanasser.es\/ar\/wp-json\/wp\/v2\/pages"}],"about":[{"href":"https:\/\/clinicanasser.es\/ar\/wp-json\/wp\/v2\/types\/page"}],"author":[{"embeddable":true,"href":"https:\/\/clinicanasser.es\/ar\/wp-json\/wp\/v2\/users\/1"}],"replies":[{"embeddable":true,"href":"https:\/\/clinicanasser.es\/ar\/wp-json\/wp\/v2\/comments?post=4496"}],"version-history":[{"count":26,"href":"https:\/\/clinicanasser.es\/ar\/wp-json\/wp\/v2\/pages\/4496\/revisions"}],"predecessor-version":[{"id":9770,"href":"https:\/\/clinicanasser.es\/ar\/wp-json\/wp\/v2\/pages\/4496\/revisions\/9770"}],"wp:attachment":[{"href":"https:\/\/clinicanasser.es\/ar\/wp-json\/wp\/v2\/media?parent=4496"}],"curies":[{"name":"wp","href":"https:\/\/api.w.org\/{rel}","templated":true}]}}