{"id":4480,"date":"2018-08-27T07:57:41","date_gmt":"2018-08-27T07:57:41","guid":{"rendered":"https:\/\/clinicanasser.es\/?page_id=4480"},"modified":"2021-10-04T11:50:31","modified_gmt":"2021-10-04T09:50:31","slug":"area-medica","status":"publish","type":"page","link":"https:\/\/clinicanasser.es\/ar\/area-medica\/","title":{"rendered":"\u00c1rea M\u00e9dica"},"content":{"rendered":"<p>[vc_row][vc_column][vc_toggle title=&#8221;Tratamiento del dolor&#8221; style=&#8221;arrow&#8221;]En\u00a0<strong>Cl\u00ednica Nasser<\/strong>\u00a0ofrecemos una\u00a0<strong>atenci\u00f3n personalizada del paciente<\/strong>, realizamos un estudio biomec\u00e1nico y llevamos a cabo un diagnostico de las\u00a0<strong>diferentes causas de la lesi\u00f3n<\/strong>, relacionamos las causas de la patolog\u00eda o de la enfermedad con factores f\u00edsicos o psicol\u00f3gicos.<\/p>\n<p><strong>Utilizamos t\u00e9cnicas no agresivas para eliminar o paliar el dolor \u00f3seo, articular, muscular, neurol\u00f3gico (ci\u00e1ticas, hernias discales), lesiones deportivas<\/strong>, etc\u2026 tanto s\u00edntoma o como dolencia.<\/p>\n<p><a href=\"https:\/\/clinicanasser.es\/tratamiento-del-dolor\/\" target=\"_blank\" rel=\"noopener\">VER M\u00c1S<\/a>[\/vc_toggle][vc_empty_space height=&#8221;16px&#8221;][vc_single_image image=&#8221;9705&#8243; img_size=&#8221;full&#8221; alignment=&#8221;center&#8221; onclick=&#8221;custom_link&#8221; img_link_target=&#8221;_blank&#8221; link=&#8221;https:\/\/clinicanasser.es\/tratamiento-del-dolor\/&#8221;][vc_empty_space height=&#8221;64px&#8221;][\/vc_column][\/vc_row][vc_row][vc_column][vc_toggle title=&#8221;Envejecimiento activo&#8221; style=&#8221;arrow&#8221;]En<strong>\u00a0Cl\u00ednica Nasser\u00a0<\/strong>queremos que nuestros mayores se sientan bien, vivos, j\u00f3venes y \u00e1giles. Por eso en el equipo de profesionales cualificados de Cl\u00ednica Nasser hemos dise\u00f1ado un programa de <strong>envejecimiento activo\u00a0<\/strong>para nuestros mayores. Un programa en el que las personas mayores a partir de los 60, se sientan j\u00f3venes,\u00a0<strong>se sientan vivas y en\u00e9rgicas con el objetivo de que salgan por la puerta con una sonrisa y con ganas de correr.<\/strong><\/p>\n<p><a href=\"https:\/\/clinicanasser.es\/rejuvenecimiento-activo\/\" target=\"_blank\" rel=\"noopener\">VER M\u00c1S<\/a>[\/vc_toggle][vc_empty_space height=&#8221;16px&#8221;][vc_single_image image=&#8221;9709&#8243; img_size=&#8221;full&#8221; alignment=&#8221;center&#8221; onclick=&#8221;custom_link&#8221; img_link_target=&#8221;_blank&#8221; link=&#8221;https:\/\/clinicanasser.es\/rejuvenecimiento-activo\/&#8221;][vc_empty_space height=&#8221;64px&#8221;][\/vc_column][\/vc_row][vc_row][vc_column][vc_toggle title=&#8221;Fisioterapia&#8221; style=&#8221;arrow&#8221;]Ofrecemos en Clinica Nasser a nuestros pacientes un tratamiento de fisioterapia personalizado en funci\u00f3n de las necesidades de cada uno, cuyo objetivo es\u00a0<strong>realizar un tratamiento lo m\u00e1s eficaz posible para eliminar el dolor y recuperar la zona que queremos tratar<\/strong>.<\/p>\n<p><a href=\"https:\/\/clinicanasser.es\/fisioterapia\/\" target=\"_blank\" rel=\"noopener\">VER M\u00c1S<\/a>[\/vc_toggle][vc_empty_space height=&#8221;16px&#8221;][vc_single_image image=&#8221;9710&#8243; img_size=&#8221;full&#8221; alignment=&#8221;center&#8221; onclick=&#8221;custom_link&#8221; img_link_target=&#8221;_blank&#8221; link=&#8221;https:\/\/clinicanasser.es\/fisioterapia\/&#8221;][vc_empty_space height=&#8221;64px&#8221;][\/vc_column][\/vc_row][vc_row][vc_column][vc_toggle title=&#8221;Osteopat\u00eda&#8221; style=&#8221;arrow&#8221;]La\u00a0<strong>osteopat\u00eda<\/strong>\u00a0es una disciplina terap\u00e9utica manual, que se focaliza en la\u00a0<strong>estructura interna del cuerpo<\/strong>\u00a0y que se emplean en el\u00a0<strong>tratamientos de tejidos blandos y correcciones articulares<\/strong>.<\/p>\n<p>En Cl\u00ednica Nasser disponemos de un espacio para tratar las diferentes dolencias con las que puede venir cualquier paciente.<strong>\u00a0Nuestro principal objetivo es eliminar el dolor con tratamientos cuidadosos para que el paciente no vuelva a sufrir.<\/strong><\/p>\n<p><a href=\"https:\/\/clinicanasser.es\/osteopatia\/\" target=\"_blank\" rel=\"noopener\">VER M\u00c1S<\/a>[\/vc_toggle][vc_empty_space height=&#8221;16px&#8221;][vc_single_image image=&#8221;9711&#8243; img_size=&#8221;full&#8221; alignment=&#8221;center&#8221; onclick=&#8221;custom_link&#8221; img_link_target=&#8221;_blank&#8221; link=&#8221;https:\/\/clinicanasser.es\/osteopatia\/&#8221;][vc_empty_space height=&#8221;64px&#8221;][\/vc_column][\/vc_row][vc_row][vc_column][vc_toggle title=&#8221;Reconocimientos M\u00e9dicos&#8221; style=&#8221;arrow&#8221;]El principal objetivo de esta \u00e1rea deportiva en<strong>\u00a0Cl\u00ednica Nasser<\/strong>\u00a0es la protecci\u00f3n y asegurar la salud y la obtenci\u00f3n del\u00a0<strong>m\u00e1ximo rendimiento de los deportistas<\/strong>\u00a0y pacientes en general. Por ello realizamos diferentes\u00a0<strong>controles de forma peri\u00f3dica<\/strong>\u00a0para realizar reconocimientos\u00a0<strong>m\u00e9dico-deportivos<\/strong>\u00a0a los pacientes que desean potenciar y fomentar su rendimiento f\u00edsico.<\/p>\n<p><a href=\"https:\/\/clinicanasser.es\/reconocimientos-medicos\/\" target=\"_blank\" rel=\"noopener\">VER M\u00c1S<\/a>[\/vc_toggle][vc_empty_space height=&#8221;16px&#8221;][vc_single_image image=&#8221;9712&#8243; img_size=&#8221;full&#8221; alignment=&#8221;center&#8221; onclick=&#8221;custom_link&#8221; img_link_target=&#8221;_blank&#8221; link=&#8221;https:\/\/clinicanasser.es\/reconocimientos-medicos\/&#8221;][vc_empty_space height=&#8221;64px&#8221;][\/vc_column][\/vc_row][vc_row][vc_column][vc_toggle title=&#8221;Salud en la empresa&#8221; style=&#8221;arrow&#8221;]Ofrecemos a las empresas un servicio de salud integral para conseguir un ambiente de trabajo basado en el bienestar. Realizamos tratamientos personalizados y nos adaptamos al paciente, actuando sobre el foco de inter\u00e9s:<\/p>\n<p><a href=\"https:\/\/clinicanasser.es\/salud-en-la-empresa\/\" target=\"_blank\" rel=\"noopener\">VER M\u00c1S<\/a>[\/vc_toggle][vc_empty_space height=&#8221;16px&#8221;][vc_single_image image=&#8221;9726&#8243; img_size=&#8221;full&#8221; alignment=&#8221;center&#8221; onclick=&#8221;custom_link&#8221; img_link_target=&#8221;_blank&#8221; link=&#8221;https:\/\/clinicanasser.es\/salud-en-la-empresa\/&#8221;][vc_empty_space height=&#8221;64px&#8221;][\/vc_column][\/vc_row]<\/p>\n","protected":false},"excerpt":{"rendered":"<p>[vc_row][vc_column][vc_toggle title=&#8221;Tratamiento del dolor&#8221; style=&#8221;arrow&#8221;]En\u00a0Cl\u00ednica Nasser\u00a0ofrecemos una\u00a0atenci\u00f3n personalizada del paciente, realizamos un estudio biomec\u00e1nico y llevamos a cabo un diagnostico de las\u00a0diferentes causas de la lesi\u00f3n, relacionamos las causas de la patolog\u00eda o de la enfermedad con factores f\u00edsicos o psicol\u00f3gicos. Utilizamos t\u00e9cnicas no agresivas para eliminar o paliar el<\/p>\n","protected":false},"author":1,"featured_media":0,"parent":0,"menu_order":0,"comment_status":"closed","ping_status":"closed","template":"","meta":[],"translation":{"provider":"WPGlobus","version":"2.7.3","language":"ar","enabled_languages":["es","en","ar","it"],"languages":{"es":{"title":true,"content":true,"excerpt":false},"en":{"title":true,"content":true,"excerpt":false},"ar":{"title":false,"content":false,"excerpt":false},"it":{"title":true,"content":true,"excerpt":false}}},"yoast_head":"<!-- This site is optimized with the Yoast SEO Premium plugin v16.2 - https:\/\/yoast.com\/wordpress\/plugins\/seo\/ -->\n<title>Servizi compresi nell&#039;Area Medica della Clinica Nasser<\/title>\n<meta name=\"robots\" content=\"index, follow, max-snippet:-1, max-image-preview:large, max-video-preview:-1\" \/>\n<link rel=\"canonical\" href=\"https:\/\/clinicanasser.es\/it\/area-medica\/\" \/>\n<meta property=\"og:locale\" content=\"ar_AR\" \/>\n<meta property=\"og:type\" content=\"article\" \/>\n<meta property=\"og:title\" content=\"Servizi compresi nell&#039;Area Medica della Clinica Nasser\" \/>\n<meta property=\"og:url\" content=\"https:\/\/clinicanasser.es\/it\/area-medica\/\" \/>\n<meta property=\"og:site_name\" content=\"Clinica nasser. Tratamiento del dolor y rehabilitaci\u00f3n Zaragoza\" \/>\n<meta property=\"article:publisher\" content=\"https:\/\/www.facebook.com\/clinicanasserspain\/\" \/>\n<meta property=\"article:modified_time\" content=\"2021-10-04T09:50:31+00:00\" \/>\n<meta name=\"twitter:card\" content=\"summary_large_image\" \/>\n<meta name=\"twitter:label1\" content=\"Est. reading time\">\n\t<meta name=\"twitter:data1\" content=\"2 minutes\">\n<script type=\"application\/ld+json\" class=\"yoast-schema-graph\">{\"@context\":\"https:\/\/schema.org\",\"@graph\":[{\"@type\":\"Organization\",\"@id\":\"https:\/\/clinicanasser.es\/#organization\",\"name\":\"Cl\\u00ednica Nasser\",\"url\":\"https:\/\/clinicanasser.es\/\",\"sameAs\":[\"https:\/\/www.facebook.com\/clinicanasserspain\/\",\"https:\/\/www.instagram.com\/clinica_nasser\/\",\"https:\/\/www.youtube.com\/channel\/UCjOFF9Kh4GHV2vhZkZx4yog\"],\"logo\":{\"@type\":\"ImageObject\",\"@id\":\"https:\/\/clinicanasser.es\/#logo\",\"inLanguage\":\"ar\",\"url\":\"https:\/\/clinicanasser.es\/wp-content\/uploads\/2019\/01\/Favicon-Clinica-Nasser.png\",\"contentUrl\":\"https:\/\/clinicanasser.es\/wp-content\/uploads\/2019\/01\/Favicon-Clinica-Nasser.png\",\"width\":512,\"height\":512,\"caption\":\"Cl\\u00ednica Nasser\"},\"image\":{\"@id\":\"https:\/\/clinicanasser.es\/#logo\"}},{\"@type\":\"WebSite\",\"@id\":\"https:\/\/clinicanasser.es\/#website\",\"url\":\"https:\/\/clinicanasser.es\/\",\"name\":\"Clinica nasser. Tratamiento del dolor y rehabilitaci\\u00f3n Zaragoza\",\"description\":\"Cl\\u00ednica especializada en tratamiento del dolor, rehabilitaci\\u00f3n fisico - deportiva y preparaciones f\\u00edsicas. Cl\\u00ednica en Zaragoza\",\"publisher\":{\"@id\":\"https:\/\/clinicanasser.es\/#organization\"},\"potentialAction\":[{\"@type\":\"SearchAction\",\"target\":\"https:\/\/clinicanasser.es\/?s={search_term_string}\",\"query-input\":\"required name=search_term_string\"}],\"inLanguage\":\"ar\"},{\"@type\":\"WebPage\",\"@id\":\"https:\/\/clinicanasser.es\/it\/area-medica\/#webpage\",\"url\":\"https:\/\/clinicanasser.es\/it\/area-medica\/\",\"name\":\"Servizi compresi nell'Area Medica della Clinica Nasser\",\"isPartOf\":{\"@id\":\"https:\/\/clinicanasser.es\/#website\"},\"datePublished\":\"2018-08-27T07:57:41+00:00\",\"dateModified\":\"2021-10-04T09:50:31+00:00\",\"description\":\"Estamos especializados en el dolor, la rehabilitaci\\u00f3n, la medicina deportiva, la preparaci\\u00f3n f\\u00edsica y la fisioterapia\",\"breadcrumb\":{\"@id\":\"https:\/\/clinicanasser.es\/it\/area-medica\/#breadcrumb\"},\"inLanguage\":\"ar\",\"potentialAction\":[{\"@type\":\"ReadAction\",\"target\":[\"https:\/\/clinicanasser.es\/it\/area-medica\/\"]}]},{\"@type\":\"BreadcrumbList\",\"@id\":\"https:\/\/clinicanasser.es\/it\/area-medica\/#breadcrumb\",\"itemListElement\":[{\"@type\":\"ListItem\",\"position\":1,\"item\":{\"@type\":\"WebPage\",\"@id\":\"https:\/\/clinicanasser.es\/\",\"url\":\"https:\/\/clinicanasser.es\/\",\"name\":\"Inicio\"}},{\"@type\":\"ListItem\",\"position\":2,\"item\":{\"@id\":\"https:\/\/clinicanasser.es\/it\/area-medica\/#webpage\"}}]}]}<\/script>\n<!-- \/ Yoast SEO Premium plugin. -->","_links":{"self":[{"href":"https:\/\/clinicanasser.es\/ar\/wp-json\/wp\/v2\/pages\/4480"}],"collection":[{"href":"https:\/\/clinicanasser.es\/ar\/wp-json\/wp\/v2\/pages"}],"about":[{"href":"https:\/\/clinicanasser.es\/ar\/wp-json\/wp\/v2\/types\/page"}],"author":[{"embeddable":true,"href":"https:\/\/clinicanasser.es\/ar\/wp-json\/wp\/v2\/users\/1"}],"replies":[{"embeddable":true,"href":"https:\/\/clinicanasser.es\/ar\/wp-json\/wp\/v2\/comments?post=4480"}],"version-history":[{"count":54,"href":"https:\/\/clinicanasser.es\/ar\/wp-json\/wp\/v2\/pages\/4480\/revisions"}],"predecessor-version":[{"id":9768,"href":"https:\/\/clinicanasser.es\/ar\/wp-json\/wp\/v2\/pages\/4480\/revisions\/9768"}],"wp:attachment":[{"href":"https:\/\/clinicanasser.es\/ar\/wp-json\/wp\/v2\/media?parent=4480"}],"curies":[{"name":"wp","href":"https:\/\/api.w.org\/{rel}","templated":true}]}}