{"id":10837,"date":"2022-11-18T14:14:31","date_gmt":"2022-11-18T12:14:31","guid":{"rendered":"https:\/\/clinicanasser.es\/envejecimiento-activo-copy\/"},"modified":"2022-11-21T16:33:37","modified_gmt":"2022-11-21T14:33:37","slug":"unidad-medica-para-la-rehabilitacion-en-pacientes-oncologicos","status":"publish","type":"page","link":"https:\/\/clinicanasser.es\/ar\/unidad-medica-para-la-rehabilitacion-en-pacientes-oncologicos\/","title":{"rendered":"Unidad m\u00e9dica para la rehabilitaci\u00f3n f\u00edsica en pacientes oncol\u00f3gicos"},"content":{"rendered":"<p>[vc_row css=&#8221;.vc_custom_1529657695151{padding-bottom: 20px !important;}&#8221;][vc_column][vc_single_image image=&#8221;10911&#8243; img_size=&#8221;full&#8221; alignment=&#8221;center&#8221;][\/vc_column][\/vc_row][vc_row css=&#8221;.vc_custom_1529663426485{padding-top: 32px !important;}&#8221;][vc_column][vc_custom_heading text=&#8221;UNIDAD M\u00c9DICA PARA LA REHABILITACI\u00d3N F\u00cdSICA &#8221; font_container=&#8221;tag:h2|text_align:center|line_height:1&#8243; use_theme_fonts=&#8221;yes&#8221; uppercase=&#8221;1&#8243; thin=&#8221;1&#8243;][vc_custom_heading text=&#8221;EN PACIENTES ONCOL\u00d3GICOS&#8221; font_container=&#8221;tag:h2|text_align:center|line_height:0.8&#8243; use_theme_fonts=&#8221;yes&#8221; uppercase=&#8221;1&#8243; thin=&#8221;&#8221;][vc_empty_space height=&#8221;12px&#8221;][vc_column_text]<strong>Cada vez son m\u00e1s las personas que sobreviven o viven con c\u00e1ncer. <\/strong><\/p>\n<p>Sin embargo, el c\u00e1ncer y su tratamiento provocan un impacto enorme que cambia totalmente la vida de quien lo padece. Afecta a su autonom\u00eda, movilidad, autoestima, capacidad de concentraci\u00f3n, alimentaci\u00f3n\u2026<\/p>\n<p>El reto de todo el equipo m\u00e9dico y sanitario de Cl\u00ednica Nasser es <strong>aportar soluciones m\u00e9dicas<\/strong> y de rehabilitaci\u00f3n que mejoren su calidad de vida. Dise\u00f1amos un abordaje multidisciplinar para paliar los efectos secundarios que van a generar los tratamientos.<\/p>\n<p>En Cl\u00ednica Nasser te ayudamos a hacer tu vida.\u00a0 Gracias a la unidad m\u00e9dica para la rehabilitaci\u00f3n en pacientes oncol\u00f3gicos. Durante <strong>m\u00e1s de 35 a\u00f1os<\/strong>, hemos trabajado el origen del dolor y hemos acompa\u00f1ado a nuestros pacientes a superarlo y a prevenir su nueva aparici\u00f3n.[\/vc_column_text][vc_empty_space][vc_separator border_width=&#8221;5&#8243; el_width=&#8221;50&#8243;][vc_empty_space][\/vc_column][\/vc_row][vc_row][vc_column width=&#8221;1\/2&#8243;][vc_column_text]En nuestra cl\u00ednica, tenemos un equipo multidisciplinar que integra todo el programa de rehabilitaci\u00f3n y se compone de:<\/p>\n<ul>\n<li><strong>Medicina oncol\u00f3gica<\/strong><\/li>\n<li><strong>Actividad f\u00edsica y ejercicio terap\u00e9utico<\/strong><\/li>\n<li><strong>Fisioterapia<\/strong><\/li>\n<li><strong>Nutrici\u00f3n<\/strong><\/li>\n<li><strong>Prevenci\u00f3n de la aparici\u00f3n de c\u00e1ncer<\/strong><\/li>\n<\/ul>\n<p>[\/vc_column_text][\/vc_column][vc_column width=&#8221;1\/2&#8243;][vc_single_image image=&#8221;10909&#8243; img_size=&#8221;full&#8221; alignment=&#8221;center&#8221;][\/vc_column][\/vc_row][vc_row][vc_column][vc_empty_space height=&#8221;45px&#8221;][\/vc_column][vc_column width=&#8221;1\/2&#8243;][vc_single_image image=&#8221;10793&#8243; img_size=&#8221;500&#215;450&#8243;][\/vc_column][vc_column width=&#8221;1\/2&#8243;][vc_column_text]El paciente oncol\u00f3gico recibe un <strong>programa integral<\/strong> dirigido por especialistas <strong>m\u00e9dicos y sanitarios<\/strong> con el fin de <strong>tratar los efectos secundarios del c\u00e1ncer<\/strong>, tanto si lo est\u00e1 padeciendo, como si ya lo ha superado, obteniendo el m\u00e1ximo bienestar dentro de sus circunstancias particulares. Cuando se tratan las secuelas del c\u00e1ncer, se reduce el impacto de la enfermedad en los pacientes y en sus familiares, mejorando la calidad de vida y aumentando la eficacia de los tratamientos oncol\u00f3gicos.<\/p>\n<p>Hay <strong>evidencias cient\u00edficas<\/strong> que respaldan que el ejercicio f\u00edsico tutelado por profesionales durante y despu\u00e9s del tratamiento del c\u00e1ncer disminuye la ansiedad, la depresi\u00f3n y mejora la calidad de vida relacionada con la salud y el funcionamiento f\u00edsico.<\/p>\n<p>Desde Cl\u00ednica Nasser, mejoramos o eliminamos las secuelas de todo tipo de c\u00e1ncer[\/vc_column_text][\/vc_column][\/vc_row][vc_row][vc_column][vc_empty_space height=&#8221;45 px&#8221;][\/vc_column][\/vc_row][vc_row][vc_column][vc_custom_heading text=&#8221;\u00bfQU\u00c9 PODEMOS HACER POR TI?&#8221; font_container=&#8221;tag:h2|text_align:left|line_height:0.8&#8243; use_theme_fonts=&#8221;yes&#8221; uppercase=&#8221;1&#8243; thin=&#8221;&#8221;][vc_column_text font_size=&#8221;20&#8243;]<strong>Llevamos a cabo un programa de rehabilitaci\u00f3n f\u00edsica en pacientes oncol\u00f3gicos de forma personalizada<\/strong>[\/vc_column_text][vc_empty_space height=&#8221;40px&#8221;][vc_tta_accordion][vc_tta_section title=&#8221;Desde el momento del diagn\u00f3stico hasta el inicio del tratamiento&#8221; tab_id=&#8221;1669020988219-7371cf07-dcd2&#8243;][vc_column_text]Se trata de un <strong>momento clave\u00a0 <\/strong>ya que el paciente acaba de recibir el mayor shock que un ser humano puede resistir. Depresi\u00f3n, angustia y negaci\u00f3n de su enfermedad. Factores que van a condicionar la tolerancia al tratamiento en gran medida ya que \u00e9sta va a depender del estado de salud mental y su repercusi\u00f3n en el estado f\u00edsica o por consiguiente, con el que lleguemos al inicio de este. Por tanto, es fundamental que aprovechemos esos d\u00edas\/semanas para mejorar todas nuestras capacidades.<\/p>\n<p>El objetivo fundamental es <strong>mejorar la calidad de vida<\/strong> psicosom\u00e1tica del paciente oncol\u00f3gico y que su estado f\u00edsico y emocional sea lo m\u00e1s cercano a antes de padecer la enfermedad, ya que el mayor efecto del ejercicio f\u00edsico sobre la salud es la reacci\u00f3n f\u00edsica ante esa actividad deportiva: el cuerpo siempre reacciona secretando cuatro tipos diferentes de hormonas que las llamamos \u201clas hormonas de la felicidad\u201d:[\/vc_column_text][vc_empty_space height=&#8221;25px&#8221;][vc_row_inner][vc_column_inner width=&#8221;1\/2&#8243;][vc_single_image image=&#8221;10860&#8243; img_size=&#8221;medium&#8221;][\/vc_column_inner][vc_column_inner width=&#8221;1\/2&#8243;][vc_column_text]<\/p>\n<ul>\n<li><strong>Serotonina<\/strong>: sustancia de la felicidad que segrega el 95 % nuestros instestinos.<\/li>\n<li><strong>Endorfina<\/strong>: la morfina que segrega nuestro cuerpo como respuesta al ejercicio.<\/li>\n<li><strong>Dopamina<\/strong>: como su nombre indica, es lo que nos hace estar \u201cdopados\u201d (en el buen sentido de la palabra)<\/li>\n<li><strong>Oxitocina<\/strong>: es la hormona de la contracci\u00f3n durante el parto y bien llamada \u201cla hormona del amor\u201d.<\/li>\n<\/ul>\n<p>[\/vc_column_text][vc_empty_space height=&#8221;15px&#8221;][vc_column_text]Esas cuatro sustancias inundan nuestro organismo por lo que, nuestra inmunidad va a aumentar de forma exponencial (a mayor inmunidad, m\u00e1s salud y m\u00e1s destrucci\u00f3n de las c\u00e9lulas cancer\u00edgenas).[\/vc_column_text][\/vc_column_inner][\/vc_row_inner][\/vc_tta_section][vc_tta_section title=&#8221;Durante el tratamiento del c\u00e1ncer&#8221; tab_id=&#8221;1669020988241-e2e5cc56-c1a9&#8243;][vc_column_text]Durante el tratamiento del c\u00e1ncer se generar\u00e1n <strong>efectos secundarios<\/strong> adversos que <strong>reducir\u00e1n la calidad de vida<\/strong>, la independencia y la funcionalidad de la persona.[\/vc_column_text][vc_empty_space height=&#8221;25px&#8221;][vc_row_inner][vc_column_inner width=&#8221;1\/2&#8243;][vc_column_text]El<strong> dolor articular<\/strong> general, la <strong>p\u00e9rdida de movilidad<\/strong> en zonas tratadas, (por cirug\u00eda o por radioterapia), las neuropat\u00edas, la p\u00e9rdida de <strong>coordinaci\u00f3n<\/strong> y <strong>equilibrio<\/strong> (que aumentan el riesgo de sufrir ca\u00eddas) son claros ejemplos de los \u00a0efectos secundarios cuya \u00fanica profilaxis y mejor tratamiento es el ejercicio f\u00edsico terap\u00e9utico.<\/p>\n<p>La toxicidad de la <strong>quimioterapia<\/strong> que afecta directamente al estado muscular del paciente, se convierte en un factor determinante y limitante en cuanto a su vida, por lo que <strong>el programa integral de acompa\u00f1amiento<\/strong> a los pacientes oncol\u00f3gicos en Cl\u00ednica Nasser, va a ser <strong>imprescindible en la prevenci\u00f3n y mejora de dicho estado f\u00edsico<\/strong>.[\/vc_column_text][\/vc_column_inner][vc_column_inner width=&#8221;1\/2&#8243;][vc_single_image image=&#8221;10872&#8243; img_size=&#8221;medium&#8221;][\/vc_column_inner][\/vc_row_inner][\/vc_tta_section][vc_tta_section title=&#8221;En pacientes que han superado el c\u00e1ncer&#8221; tab_id=&#8221;1669022366718-1211ed83-8208&#8243;][vc_column_text]Afortunadamente, los <strong>porcentajes de supervivencia<\/strong> en la mayor\u00eda de los tipos de c\u00e1ncer son cada vez m\u00e1s <strong>altos<\/strong> , llegando incluso al 90% en algunos tipos, como el de mama.<\/p>\n<p>Nos han transmitido desde nuestra ni\u00f1ez, que nuestro cuerpo es como un veh\u00edculo, cuanto menos se utilice, m\u00e1s nos va a durar. Sin embargo, en el cuerpo humano se produce el efecto inverso: cuanto m\u00e1s se utilice, nuestro sistema cardiovascular estar\u00e1 en mejor estado y funcionamiento operativo. A m\u00e1s actividad, m\u00e1s salud. Nuestro sistema nervioso central est\u00e1 formado por millones de neuronas interconectadas entre s\u00ed, gracias a las ramificaciones llamadas dendritas. Cuantas m\u00e1s dendritas existan, nuestro estado de equilibrio, propiocepci\u00f3n, estabilidad, y lucidez mental, van a ser proporcionales a esas conexiones, cuantas m\u00e1s conexiones mejor rendimiento.[\/vc_column_text][vc_empty_space height=&#8221;25px&#8221;][vc_row_inner][vc_column_inner width=&#8221;1\/2&#8243;][vc_single_image image=&#8221;10877&#8243; img_size=&#8221;medium&#8221;][\/vc_column_inner][vc_column_inner width=&#8221;1\/2&#8243;][vc_column_text]En Cl\u00ednica Nasser ofrecemos la optimizaci\u00f3n y potenciaci\u00f3n de dichas dendritas, a trav\u00e9s del programa integral dise\u00f1ado para pacientes oncol\u00f3gicos que hayan superado la enfermedad. De todo el mundo es sabido, que la inactividad f\u00edsica disminuye y atrofia el sistema neuromuscular, cuya potencia es lo que har\u00e1 que la cantidad de calcio circulante en nuestras arterias, venas y capilares est\u00e9n abiertos. A mayor potencia muscular, el sistema vascular se abrir\u00e1 y m\u00e1s cantidad de calcio se podr\u00e1 depositar en nuestros huesos.<\/p>\n<p>En resumen, el ejercicio f\u00edsico y el tipo de alimentaci\u00f3n es la medicina contra el c\u00e1ncer, y como cualquier medicamento, debe ser prescrito y administrado en las dosis correctas y por un profesional cualificado.[\/vc_column_text][\/vc_column_inner][\/vc_row_inner][\/vc_tta_section][vc_tta_section title=&#8221;Nutrici\u00f3n&#8221; tab_id=&#8221;1669022467807-c8f15e7b-59bb&#8221;][vc_column_text]Una\u00a0alimentaci\u00f3n sana\u00a0es clave en la prevenci\u00f3n del c\u00e1ncer. Como se indica desde el\u00a0<a href=\"https:\/\/cancer-code-europe.iarc.fr\/index.php\/es\/doce-formas\/alimentacion\" target=\"_blank\" rel=\"noopener\">C\u00f3digo Europeo Contra el C\u00e1ncer<\/a>, es posible reducir el riesgo de c\u00e1ncera trav\u00e9s de una alimentaci\u00f3n sana y el cuidado del peso corporal.<\/p>\n<p>Hay estudios que avalan que la dieta\u00a0 est\u00e1 directamente implicada en la iniciaci\u00f3n y desarrollo de diversos tipos de tumores, como el c\u00e1ncer de colon o de mama: un 40% de los tumores en hombres y un 60% de los tumores en mujeres tienen relaci\u00f3n con la alimentaci\u00f3n y m\u00e1s del 30% de las muertes por c\u00e1ncer se deben a esta misma causa.[\/vc_column_text][vc_empty_space height=&#8221;25px&#8221;][vc_row_inner][vc_column_inner width=&#8221;1\/2&#8243;][vc_single_image image=&#8221;10881&#8243; img_size=&#8221;medium&#8221;][\/vc_column_inner][vc_column_inner width=&#8221;1\/2&#8243;][vc_single_image image=&#8221;10888&#8243; img_size=&#8221;medium&#8221;][\/vc_column_inner][\/vc_row_inner][vc_empty_space height=&#8221;25px&#8221;][vc_column_text]Nuestra sangre es el mar donde se ba\u00f1an nuestros peces (nuestras c\u00e9lulas). Cuanto m\u00e1s limpia y oxigenada est\u00e9 nuestra sangre, m\u00e1s contentos, felices y sanos van a vivir nuestros peces. Compare lo anterior con aguas turbias, contaminadas, y \u00e1cidas. En estas \u00faltimas aguas, nuestros peces van a fallecer o van a mutar su estructura para poder sobrevivir. En otras palabras, se vueven cancerosas.<\/p>\n<p>En Cl\u00ednica Nasser, prestamos especial atenci\u00f3n en informar a nuestros pacientes de c\u00f3mo tener su sangre limpia como el aguas del mar limpia, cirstalina y bien oxigenada.<\/p>\n<p>La nutrici\u00f3n forma parte del programa integral de acompa\u00f1amiento de nuestros pacientes oncol\u00f3gicos.<\/p>\n<p><strong>Somos lo que comemos.<\/strong>[\/vc_column_text][\/vc_tta_section][\/vc_tta_accordion][\/vc_column][\/vc_row][vc_row][vc_column][vc_empty_space][vc_column_text]<\/p>\n<p style=\"text-align: center;\"><strong>Pide cita<\/strong> rellenando este formulario o a trav\u00e9s de nuestro tel\u00e9fono <strong>976 216 995 y haz que tu d\u00eda a d\u00eda sea sin dolor. <\/strong><\/p>\n<p>[\/vc_column_text][vc_empty_space]<div role=\"form\" class=\"wpcf7\" id=\"wpcf7-f1667-o1\" lang=\"en-US\" dir=\"ltr\">\n<div class=\"screen-reader-response\"><p role=\"status\" aria-live=\"polite\" aria-atomic=\"true\"><\/p> <ul><\/ul><\/div>\n<form action=\"\/ar\/wp-json\/wp\/v2\/pages\/10837#wpcf7-f1667-o1\" method=\"post\" class=\"wpcf7-form init\" novalidate=\"novalidate\" data-status=\"init\">\n<div style=\"display: none;\">\n<input type=\"hidden\" name=\"_wpcf7\" value=\"1667\" \/>\n<input type=\"hidden\" name=\"_wpcf7_version\" value=\"5.4.1\" \/>\n<input type=\"hidden\" name=\"_wpcf7_locale\" value=\"en_US\" \/>\n<input type=\"hidden\" name=\"_wpcf7_unit_tag\" value=\"wpcf7-f1667-o1\" \/>\n<input type=\"hidden\" name=\"_wpcf7_container_post\" value=\"0\" \/>\n<input type=\"hidden\" name=\"_wpcf7_posted_data_hash\" value=\"\" \/>\n<input type=\"hidden\" name=\"_wpcf7_recaptcha_response\" value=\"\" \/>\n<\/div>\n<div class=\"contact-form-style3\">\n<div class=\"row\">\n<div class=\"col-sm-6\">\n<p><span class=\"wpcf7-form-control-wrap nombre\"><input type=\"text\" name=\"nombre\" value=\"\" size=\"40\" class=\"wpcf7-form-control wpcf7-text wpcf7-validates-as-required\" aria-required=\"true\" aria-invalid=\"false\" placeholder=\"Nombre y apellidos\" \/><\/span> <\/p>\n<p><span class=\"wpcf7-form-control-wrap email\"><input type=\"email\" name=\"email\" value=\"\" size=\"40\" class=\"wpcf7-form-control wpcf7-text wpcf7-email wpcf7-validates-as-required wpcf7-validates-as-email\" aria-required=\"true\" aria-invalid=\"false\" placeholder=\"email\" \/><\/span> <\/p>\n<p><span class=\"wpcf7-form-control-wrap patologia\"><input type=\"text\" name=\"patologia\" value=\"\" size=\"40\" class=\"wpcf7-form-control wpcf7-text wpcf7-validates-as-required\" aria-required=\"true\" aria-invalid=\"false\" placeholder=\"Indique su patolog\u00eda\" \/><\/span> <\/p>\n<\/div>\n<div class=\"col-sm-6\">\n<p><span class=\"wpcf7-form-control-wrap mensaje\"><textarea name=\"mensaje\" cols=\"40\" rows=\"10\" class=\"wpcf7-form-control wpcf7-textarea wpcf7-validates-as-required\" aria-required=\"true\" aria-invalid=\"false\" placeholder=\"Mensaje\"><\/textarea><\/span><\/p>\n<\/div>\n<\/div>\n<span class=\"wpcf7-form-control-wrap recaptcha\"><span data-sitekey=\"6LdPX20UAAAAAA6xDQWhxuxAJtAP9TnDi87WjrYk\" class=\"wpcf7-form-control g-recaptcha wpcf7-recaptcha\"><\/span>\r\n<noscript>\r\n\t<div class=\"grecaptcha-noscript\">\r\n\t\t<iframe src=\"https:\/\/www.google.com\/recaptcha\/api\/fallback?k=6LdPX20UAAAAAA6xDQWhxuxAJtAP9TnDi87WjrYk\" frameborder=\"0\" scrolling=\"no\" width=\"310\" height=\"430\">\r\n\t\t<\/iframe>\r\n\t\t<textarea name=\"g-recaptcha-response\" rows=\"3\" cols=\"40\" placeholder=\"reCaptcha Response Here\">\r\n\t\t<\/textarea>\r\n\t<\/div>\r\n<\/noscript>\r\n<\/span>\n<p class=\"text-center\"><input type=\"submit\" value=\"Solicitar cita\" class=\"wpcf7-form-control wpcf7-submit btn btn-white\" \/><\/p>\n<\/div>\n<div class=\"wpcf7-response-output\" aria-hidden=\"true\"><\/div><\/form><\/div>[vc_empty_space height=&#8221;60 px&#8221;][\/vc_column][\/vc_row][vc_column][\/vc_column]<\/p>\n","protected":false},"excerpt":{"rendered":"<p>[vc_row css=&#8221;.vc_custom_1529657695151{padding-bottom: 20px !important;}&#8221;][vc_column][vc_single_image image=&#8221;10911&#8243; img_size=&#8221;full&#8221; alignment=&#8221;center&#8221;][\/vc_column][\/vc_row][vc_row css=&#8221;.vc_custom_1529663426485{padding-top: 32px !important;}&#8221;][vc_column][vc_custom_heading text=&#8221;UNIDAD M\u00c9DICA PARA LA REHABILITACI\u00d3N F\u00cdSICA &#8221; font_container=&#8221;tag:h2|text_align:center|line_height:1&#8243; use_theme_fonts=&#8221;yes&#8221; uppercase=&#8221;1&#8243; thin=&#8221;1&#8243;][vc_custom_heading text=&#8221;EN PACIENTES ONCOL\u00d3GICOS&#8221; font_container=&#8221;tag:h2|text_align:center|line_height:0.8&#8243; use_theme_fonts=&#8221;yes&#8221; uppercase=&#8221;1&#8243; thin=&#8221;&#8221;][vc_empty_space height=&#8221;12px&#8221;][vc_column_text]Cada vez son m\u00e1s las personas que sobreviven o viven con c\u00e1ncer. Sin embargo, el c\u00e1ncer y su tratamiento provocan un impacto<\/p>\n","protected":false},"author":1,"featured_media":0,"parent":0,"menu_order":0,"comment_status":"closed","ping_status":"closed","template":"","meta":[],"translation":{"provider":"WPGlobus","version":"2.7.3","language":"ar","enabled_languages":["es","en","ar","it"],"languages":{"es":{"title":true,"content":true,"excerpt":false},"en":{"title":false,"content":false,"excerpt":false},"ar":{"title":false,"content":false,"excerpt":false},"it":{"title":false,"content":false,"excerpt":false}}},"yoast_head":"<!-- This site is optimized with the Yoast SEO Premium plugin v16.2 - https:\/\/yoast.com\/wordpress\/plugins\/seo\/ -->\n<title>Unidad m\u00e9dica para la rehabilitaci\u00f3n f\u00edsica en pacientes oncol\u00f3gicos<\/title>\n<meta name=\"robots\" content=\"index, follow, max-snippet:-1, max-image-preview:large, max-video-preview:-1\" \/>\n<link rel=\"canonical\" href=\"https:\/\/clinicanasser.es\/unidad-medica-para-la-rehabilitacion-en-pacientes-oncologicos\/\" \/>\n<meta property=\"og:locale\" content=\"ar_AR\" \/>\n<meta property=\"og:type\" content=\"article\" \/>\n<meta property=\"og:title\" content=\"Unidad m\u00e9dica para la rehabilitaci\u00f3n f\u00edsica en pacientes oncol\u00f3gicos\" \/>\n<meta property=\"og:url\" content=\"https:\/\/clinicanasser.es\/unidad-medica-para-la-rehabilitacion-en-pacientes-oncologicos\/\" \/>\n<meta property=\"og:site_name\" content=\"Clinica nasser. Tratamiento del dolor y rehabilitaci\u00f3n Zaragoza\" \/>\n<meta property=\"article:publisher\" content=\"https:\/\/www.facebook.com\/clinicanasserspain\/\" \/>\n<meta property=\"article:modified_time\" content=\"2022-11-21T14:33:37+00:00\" \/>\n<meta name=\"twitter:card\" content=\"summary_large_image\" \/>\n<meta name=\"twitter:label1\" content=\"Est. reading time\">\n\t<meta name=\"twitter:data1\" content=\"6 minutes\">\n<script type=\"application\/ld+json\" class=\"yoast-schema-graph\">{\"@context\":\"https:\/\/schema.org\",\"@graph\":[{\"@type\":\"Organization\",\"@id\":\"https:\/\/clinicanasser.es\/#organization\",\"name\":\"Cl\\u00ednica Nasser\",\"url\":\"https:\/\/clinicanasser.es\/\",\"sameAs\":[\"https:\/\/www.facebook.com\/clinicanasserspain\/\",\"https:\/\/www.instagram.com\/clinica_nasser\/\",\"https:\/\/www.youtube.com\/channel\/UCjOFF9Kh4GHV2vhZkZx4yog\"],\"logo\":{\"@type\":\"ImageObject\",\"@id\":\"https:\/\/clinicanasser.es\/#logo\",\"inLanguage\":\"ar\",\"url\":\"https:\/\/clinicanasser.es\/wp-content\/uploads\/2019\/01\/Favicon-Clinica-Nasser.png\",\"contentUrl\":\"https:\/\/clinicanasser.es\/wp-content\/uploads\/2019\/01\/Favicon-Clinica-Nasser.png\",\"width\":512,\"height\":512,\"caption\":\"Cl\\u00ednica Nasser\"},\"image\":{\"@id\":\"https:\/\/clinicanasser.es\/#logo\"}},{\"@type\":\"WebSite\",\"@id\":\"https:\/\/clinicanasser.es\/#website\",\"url\":\"https:\/\/clinicanasser.es\/\",\"name\":\"Clinica nasser. Tratamiento del dolor y rehabilitaci\\u00f3n Zaragoza\",\"description\":\"Cl\\u00ednica especializada en tratamiento del dolor, rehabilitaci\\u00f3n fisico - deportiva y preparaciones f\\u00edsicas. Cl\\u00ednica en Zaragoza\",\"publisher\":{\"@id\":\"https:\/\/clinicanasser.es\/#organization\"},\"potentialAction\":[{\"@type\":\"SearchAction\",\"target\":\"https:\/\/clinicanasser.es\/?s={search_term_string}\",\"query-input\":\"required name=search_term_string\"}],\"inLanguage\":\"ar\"},{\"@type\":\"WebPage\",\"@id\":\"https:\/\/clinicanasser.es\/unidad-medica-para-la-rehabilitacion-en-pacientes-oncologicos\/#webpage\",\"url\":\"https:\/\/clinicanasser.es\/unidad-medica-para-la-rehabilitacion-en-pacientes-oncologicos\/\",\"name\":\"Unidad m\\u00e9dica para la rehabilitaci\\u00f3n f\\u00edsica en pacientes oncol\\u00f3gicos\",\"isPartOf\":{\"@id\":\"https:\/\/clinicanasser.es\/#website\"},\"datePublished\":\"2022-11-18T12:14:31+00:00\",\"dateModified\":\"2022-11-21T14:33:37+00:00\",\"description\":\"Un programa de rehabilitaci\\u00f3n f\\u00edsica en pacientes oncol\\u00f3gicos de forma personalizada. Trabajando la actividad f\\u00edsica en cada fase.\",\"breadcrumb\":{\"@id\":\"https:\/\/clinicanasser.es\/unidad-medica-para-la-rehabilitacion-en-pacientes-oncologicos\/#breadcrumb\"},\"inLanguage\":\"ar\",\"potentialAction\":[{\"@type\":\"ReadAction\",\"target\":[\"https:\/\/clinicanasser.es\/unidad-medica-para-la-rehabilitacion-en-pacientes-oncologicos\/\"]}]},{\"@type\":\"BreadcrumbList\",\"@id\":\"https:\/\/clinicanasser.es\/unidad-medica-para-la-rehabilitacion-en-pacientes-oncologicos\/#breadcrumb\",\"itemListElement\":[{\"@type\":\"ListItem\",\"position\":1,\"item\":{\"@type\":\"WebPage\",\"@id\":\"https:\/\/clinicanasser.es\/\",\"url\":\"https:\/\/clinicanasser.es\/\",\"name\":\"Inicio\"}},{\"@type\":\"ListItem\",\"position\":2,\"item\":{\"@id\":\"https:\/\/clinicanasser.es\/unidad-medica-para-la-rehabilitacion-en-pacientes-oncologicos\/#webpage\"}}]}]}<\/script>\n<!-- \/ Yoast SEO Premium plugin. -->","_links":{"self":[{"href":"https:\/\/clinicanasser.es\/ar\/wp-json\/wp\/v2\/pages\/10837"}],"collection":[{"href":"https:\/\/clinicanasser.es\/ar\/wp-json\/wp\/v2\/pages"}],"about":[{"href":"https:\/\/clinicanasser.es\/ar\/wp-json\/wp\/v2\/types\/page"}],"author":[{"embeddable":true,"href":"https:\/\/clinicanasser.es\/ar\/wp-json\/wp\/v2\/users\/1"}],"replies":[{"embeddable":true,"href":"https:\/\/clinicanasser.es\/ar\/wp-json\/wp\/v2\/comments?post=10837"}],"version-history":[{"count":63,"href":"https:\/\/clinicanasser.es\/ar\/wp-json\/wp\/v2\/pages\/10837\/revisions"}],"predecessor-version":[{"id":10913,"href":"https:\/\/clinicanasser.es\/ar\/wp-json\/wp\/v2\/pages\/10837\/revisions\/10913"}],"wp:attachment":[{"href":"https:\/\/clinicanasser.es\/ar\/wp-json\/wp\/v2\/media?parent=10837"}],"curies":[{"name":"wp","href":"https:\/\/api.w.org\/{rel}","templated":true}]}}